{"id":43659,"date":"2026-02-18T12:59:00","date_gmt":"2026-02-18T11:59:00","guid":{"rendered":"https:\/\/www.ig.cas.cz\/?page_id=43659"},"modified":"2026-02-18T13:12:55","modified_gmt":"2026-02-18T12:12:55","slug":"contact-staff-emily-rodriguez","status":"publish","type":"page","link":"https:\/\/www.ig.cas.cz\/en\/contact\/staff\/contact-staff-emily-rodriguez\/","title":{"rendered":"Emily Rodriguez"},"content":{"rendered":"<p>[et_pb_section fb_built=&#8221;1&#8243; _builder_version=&#8221;4.27.4&#8243; _module_preset=&#8221;default&#8221; hover_enabled=&#8221;0&#8243; global_colors_info=&#8221;{}&#8221; sticky_enabled=&#8221;0&#8243;][et_pb_row column_structure=&#8221;2_3,1_3&#8243; _builder_version=&#8221;4.27.4&#8243; _module_preset=&#8221;default&#8221; hover_enabled=&#8221;0&#8243; global_colors_info=&#8221;{}&#8221; sticky_enabled=&#8221;0&#8243;][et_pb_column type=&#8221;2_3&#8243; _builder_version=&#8221;4.27.4&#8243; _module_preset=&#8221;default&#8221; global_colors_info=&#8221;{}&#8221;][et_pb_text _builder_version=&#8221;4.27.4&#8243; _module_preset=&#8221;default&#8221; global_colors_info=&#8221;{}&#8221;]<\/p>\n<p>Emily is a&nbsp;postdoctoral researcher at the Institute of Geophysics, CAS. She joined the group in 2025 to work on the Horizon Europe project UNDERCOVER and is developing an ambient-noise seismic tomography model of the Kuusamo Schist Belt in northern Finland.<\/p>\n<p>She earned her PhD from the Department of Geosciences at the University of Arizona, USA in 2023, where she focused on seismic imaging of the South American subduction zone. Her projects included continental-scale teleseismic tomography models of the mantle beneath South America and regional scale models of the northern Andes from teleseismic tomography and the joint inversion of teleseismic, local earthquake, and ambient noise data. After her PhD, she completed a&nbsp;postdoc at Los Alamos National Lab, where she worked with the Los Alamos Seismic Network to model the velocity structure of the Valles Caldera, New Mexico.<\/p>\n<p><strong>Research Interests<\/strong><\/p>\n<ul>\n<li>Seismic imaging from ambient noise, local, and teleseismic tomography<\/li>\n<li>Subduction-zone dynamics and mantle structure<\/li>\n<li>Crustal seismicity and deformation<\/li>\n<\/ul>\n<p>[\/et_pb_text][et_pb_text _builder_version=&#8221;4.27.4&#8243; _module_preset=&#8221;default&#8221; global_colors_info=&#8221;{}&#8221;]<\/p>\n<p><strong>Selected Publications<\/strong><\/p>\n<p>Kiser, E.D., Ward, K., Koch, C., <strong>Rodr\u00edguez, E.E.<\/strong>, Kehoe, H., Dunham, A., and Blake, P., (<strong>2025<\/strong>), \u201cPersistent Deep Long-Period Seismicity Near the Lassen Volcanic Center\u201d, <em>Geophysical Research Letters, <\/em><a href=\"https:\/\/doi.org\/10.1029\/2025GL118945\">doi: 10.1029\/2025GL118945<\/a>.<\/p>\n<p><strong>Rodr\u00edguez<\/strong>, <strong>E.E., <\/strong>Beck, S.L., Meltzer, A., Segovia, M., Ru\u00edz, M.C., Hern\u00e1ndez, S., Roecker, S., Lynner, C.L., Koch, C.D., Hoskins, M.C., Charvis, P., Agurto-Detzel, H., Rietbrock, A., and Le\u00f3n-R\u00edos, S., (<strong>2025<\/strong>), \u201cCatching the Nazca Slab in the Act of Flattening: Seismic Imaging of the Ecuadorian Forearc and Arc from Joint Ambient Noise, Local, and Teleseismic Tomography\u201d,<em> Geophysical Journal International, <\/em><a href=\"https:\/\/doi.org\/10.1093\/gji\/ggaf120\">doi:<\/a> <a href=\"https:\/\/doi.org\/10.1093\/gji\/ggaf120\">10.1093\/gji\/ggaf120<\/a>.<\/p>\n<p>Maier, N., <strong>Rodr\u00edguez, E.E.<\/strong>, Grapenthin, R., Newman, A., Lindsey, E., Donahue, C., Roberts, P., Devine S., (<strong>2025<\/strong>), \u201cLimited surface deformation, seismicity, and seismic velocity changes observed in Valles Caldera over decadal timescales\u201d<em>, Journal of Volcanology and Geothermal Research, <\/em><a href=\"https:\/\/doi.org\/10.1016\/j.jvolgeores.2025.108283\">doi:<\/a> <a href=\"https:\/\/doi.org\/10.1016\/j.jvolgeores.2025.108283\">10.1016\/j.jvolgeores.2025.108283<\/a>.<\/p>\n<p><strong>Rodr\u00edguez, E.E.<\/strong>, Beck, S.L., Ru\u00edz, M., Meltzer, A., Portner, D.E., Hern\u00e1ndez, S., Segovia, M., Agurto-Detzel, H., and Charvis, P.&nbsp;(<strong>2024<\/strong>), \u201cSeismic imaging of the Northern Andean subduction zone from teleseismic tomography: a&nbsp;torn and fragmented Nazca slab\u201d, <em>Geophysical Journal International, <\/em><a href=\"https:\/\/doi.org\/10.1093\/gji\/ggad421\">doi: 10.1093\/gji\/ggad421<\/a>.<\/p>\n<p><strong>Rodr\u00edguez, E.E.<\/strong>, Portner, D.E., Beck, S.L., Rocha, M.P., Bianchi, M.B., Ruiz, M., Assump\u00e7\u00e3o, M., Condori, C., and Alvarado, P.&nbsp;(<strong>2021<\/strong>), \u201cMantle dynamics of the Andean Subduction Zone from continent-scale teleseismic S-wave tomography\u201d <em>Geophysical Journal International<\/em>, <a href=\"https:\/\/doi.org\/10.1093\/gji\/ggaa536\">doi: 10.1093\/gji\/ggaa536<\/a>.<\/p>\n<p>Portner, D.E., <strong>Rodr\u00edguez, E.E.<\/strong>, Beck, S., Zandt, G., Scire, A., Rocha, M.P., Bianchi, M.B., Ruiz, M., Fran\u00e7a, G.S., Condori, C., and Alvarado, P.&nbsp;(<strong>2020<\/strong>) \u201cDetailed structure of the subducted Nazca slab into the lower mantle derived from continent-scale teleseismic P-wave tomography\u201d, <em>Journal of Geophysical Research<\/em>, <a href=\"https:\/\/doi.org\/10.1029\/2019JB017884\">doi: 10.1029\/2019JB017884<\/a>.<\/p>\n<p><em>\u00a0<\/em><\/p>\n<p>Full list: <a href=\"https:\/\/scholar.google.com\/citations?user=3eNF3PYAAAAJ&amp;hl=en\">https:\/\/scholar.google.com\/citations?user=3eNF3PYAAAAJ&amp;hl=en<\/a><\/p>\n<p>[\/et_pb_text][\/et_pb_column][et_pb_column type=&#8221;1_3&#8243; _builder_version=&#8221;4.27.4&#8243; _module_preset=&#8221;default&#8221; global_colors_info=&#8221;{}&#8221;][et_pb_image src=&#8221;https:\/\/www.ig.cas.cz\/wp-content\/uploads\/2026\/01\/emilyrodriguez.jpeg&#8221; title_text=&#8221;emilyrodriguez&#8221; align=&#8221;center&#8221; align_tablet=&#8221;center&#8221; align_phone=&#8221;center&#8221; align_last_edited=&#8221;on|desktop&#8221; _builder_version=&#8221;4.27.4&#8243; _module_preset=&#8221;default&#8221; max_width=&#8221;75%&#8221; global_colors_info=&#8221;{}&#8221;][\/et_pb_image][et_pb_text _builder_version=&#8221;4.27.4&#8243; _module_preset=&#8221;default&#8221; global_colors_info=&#8221;{}&#8221;]<\/p>\n<h3 style=\"text-align: center;\"><strong>Emily Rodriguez<\/strong><\/h3>\n<p style=\"text-align: center;\">Postdoctoral researcher<br \/><a href=\"https:\/\/www.ig.cas.cz\/en\/research\/teams\/active-plate-tectonic-processes\/\">Active Plate Tectonic Processes<\/a><br \/><a href=\"mailto:rodriguez@ig.cas.cz\">rodriguez@ig.cas.cz<\/a><br \/>door 104<\/p>\n<p>[\/et_pb_text][\/et_pb_column][\/et_pb_row][\/et_pb_section]<\/p>\n","protected":false},"excerpt":{"rendered":"<p>Emily is a&nbsp;postdoctoral researcher at the Institute of Geophysics, CAS. She joined the group in 2025 to work on the Horizon Europe project UNDERCOVER and is developing an ambient-noise seismic tomography model of the Kuusamo Schist Belt in northern Finland. She earned her PhD from the Department of Geosciences at the University of Arizona, [&hellip;]<\/p>\n","protected":false},"author":32,"featured_media":0,"parent":416,"menu_order":0,"comment_status":"closed","ping_status":"closed","template":"","meta":{"_et_pb_use_builder":"on","_et_pb_old_content":"","_et_gb_content_width":"","footnotes":""},"categories":[],"tags":[],"class_list":["post-43659","page","type-page","status-publish","hentry"],"yoast_head":"<!-- This site is optimized with the Yoast SEO plugin v25.9 - https:\/\/yoast.com\/wordpress\/plugins\/seo\/ -->\n<title>Emily Rodriguez - Geofyzik\u00e1ln\u00ed \u00fastav Akademie v\u011bd \u010cR, v.v.i.<\/title>\n<meta name=\"robots\" content=\"index, follow, max-snippet:-1, max-image-preview:large, max-video-preview:-1\" \/>\n<link rel=\"canonical\" href=\"https:\/\/www.ig.cas.cz\/en\/contact\/staff\/contact-staff-emily-rodriguez\/\" \/>\n<meta property=\"og:locale\" content=\"en_US\" \/>\n<meta property=\"og:type\" content=\"article\" \/>\n<meta property=\"og:title\" content=\"Emily Rodriguez - Geofyzik\u00e1ln\u00ed \u00fastav Akademie v\u011bd \u010cR, v.v.i.\" \/>\n<meta property=\"og:description\" content=\"Emily is a postdoctoral researcher at the Institute of Geophysics, CAS. She joined the group in 2025 to work on the Horizon Europe project UNDERCOVER and is developing an ambient-noise seismic tomography model of the Kuusamo Schist Belt in northern Finland. She earned her PhD from the Department of Geosciences at the University of Arizona, [&hellip;]\" \/>\n<meta property=\"og:url\" content=\"https:\/\/www.ig.cas.cz\/en\/contact\/staff\/contact-staff-emily-rodriguez\/\" \/>\n<meta property=\"og:site_name\" content=\"Dom\u016f\" \/>\n<meta property=\"article:publisher\" content=\"https:\/\/www.facebook.com\/GFUAVCR\/\" \/>\n<meta property=\"article:modified_time\" content=\"2026-02-18T12:12:55+00:00\" \/>\n<meta name=\"twitter:card\" content=\"summary_large_image\" \/>\n<meta name=\"twitter:label1\" content=\"Est. reading time\" \/>\n\t<meta name=\"twitter:data1\" content=\"3 minutes\" \/>\n<script type=\"application\/ld+json\" class=\"yoast-schema-graph\">{\"@context\":\"https:\/\/schema.org\",\"@graph\":[{\"@type\":\"WebPage\",\"@id\":\"https:\/\/www.ig.cas.cz\/en\/contact\/staff\/contact-staff-emily-rodriguez\/\",\"url\":\"https:\/\/www.ig.cas.cz\/en\/contact\/staff\/contact-staff-emily-rodriguez\/\",\"name\":\"Emily Rodriguez - Geofyzik\u00e1ln\u00ed \u00fastav Akademie v\u011bd \u010cR, v.v.i.\",\"isPartOf\":{\"@id\":\"https:\/\/www.ig.cas.cz\/#website\"},\"datePublished\":\"2026-02-18T11:59:00+00:00\",\"dateModified\":\"2026-02-18T12:12:55+00:00\",\"breadcrumb\":{\"@id\":\"https:\/\/www.ig.cas.cz\/en\/contact\/staff\/contact-staff-emily-rodriguez\/#breadcrumb\"},\"inLanguage\":\"en-US\",\"potentialAction\":[{\"@type\":\"ReadAction\",\"target\":[\"https:\/\/www.ig.cas.cz\/en\/contact\/staff\/contact-staff-emily-rodriguez\/\"]}]},{\"@type\":\"BreadcrumbList\",\"@id\":\"https:\/\/www.ig.cas.cz\/en\/contact\/staff\/contact-staff-emily-rodriguez\/#breadcrumb\",\"itemListElement\":[{\"@type\":\"ListItem\",\"position\":1,\"name\":\"Dom\u016f\",\"item\":\"https:\/\/www.ig.cas.cz\/en\/\"},{\"@type\":\"ListItem\",\"position\":2,\"name\":\"Contacts\",\"item\":\"https:\/\/www.ig.cas.cz\/en\/contact\/\"},{\"@type\":\"ListItem\",\"position\":3,\"name\":\"Staff\",\"item\":\"https:\/\/www.ig.cas.cz\/en\/contact\/staff\/\"},{\"@type\":\"ListItem\",\"position\":4,\"name\":\"Emily Rodriguez\"}]},{\"@type\":\"WebSite\",\"@id\":\"https:\/\/www.ig.cas.cz\/#website\",\"url\":\"https:\/\/www.ig.cas.cz\/\",\"name\":\"Dom\u016f\",\"description\":\"Geofyzik\u00e1ln\u00ed \u00fastav Akademie v\u011bd \u010cR, v.v.i.\",\"potentialAction\":[{\"@type\":\"SearchAction\",\"target\":{\"@type\":\"EntryPoint\",\"urlTemplate\":\"https:\/\/www.ig.cas.cz\/?s={search_term_string}\"},\"query-input\":{\"@type\":\"PropertyValueSpecification\",\"valueRequired\":true,\"valueName\":\"search_term_string\"}}],\"inLanguage\":\"en-US\"}]}<\/script>\n<!-- \/ Yoast SEO plugin. -->","yoast_head_json":{"title":"Emily Rodriguez - Geofyzik\u00e1ln\u00ed \u00fastav Akademie v\u011bd \u010cR, v.v.i.","robots":{"index":"index","follow":"follow","max-snippet":"max-snippet:-1","max-image-preview":"max-image-preview:large","max-video-preview":"max-video-preview:-1"},"canonical":"https:\/\/www.ig.cas.cz\/en\/contact\/staff\/contact-staff-emily-rodriguez\/","og_locale":"en_US","og_type":"article","og_title":"Emily Rodriguez - Geofyzik\u00e1ln\u00ed \u00fastav Akademie v\u011bd \u010cR, v.v.i.","og_description":"Emily is a postdoctoral researcher at the Institute of Geophysics, CAS. She joined the group in 2025 to work on the Horizon Europe project UNDERCOVER and is developing an ambient-noise seismic tomography model of the Kuusamo Schist Belt in northern Finland. She earned her PhD from the Department of Geosciences at the University of Arizona, [&hellip;]","og_url":"https:\/\/www.ig.cas.cz\/en\/contact\/staff\/contact-staff-emily-rodriguez\/","og_site_name":"Dom\u016f","article_publisher":"https:\/\/www.facebook.com\/GFUAVCR\/","article_modified_time":"2026-02-18T12:12:55+00:00","twitter_card":"summary_large_image","twitter_misc":{"Est. reading time":"3 minutes"},"schema":{"@context":"https:\/\/schema.org","@graph":[{"@type":"WebPage","@id":"https:\/\/www.ig.cas.cz\/en\/contact\/staff\/contact-staff-emily-rodriguez\/","url":"https:\/\/www.ig.cas.cz\/en\/contact\/staff\/contact-staff-emily-rodriguez\/","name":"Emily Rodriguez - Geofyzik\u00e1ln\u00ed \u00fastav Akademie v\u011bd \u010cR, v.v.i.","isPartOf":{"@id":"https:\/\/www.ig.cas.cz\/#website"},"datePublished":"2026-02-18T11:59:00+00:00","dateModified":"2026-02-18T12:12:55+00:00","breadcrumb":{"@id":"https:\/\/www.ig.cas.cz\/en\/contact\/staff\/contact-staff-emily-rodriguez\/#breadcrumb"},"inLanguage":"en-US","potentialAction":[{"@type":"ReadAction","target":["https:\/\/www.ig.cas.cz\/en\/contact\/staff\/contact-staff-emily-rodriguez\/"]}]},{"@type":"BreadcrumbList","@id":"https:\/\/www.ig.cas.cz\/en\/contact\/staff\/contact-staff-emily-rodriguez\/#breadcrumb","itemListElement":[{"@type":"ListItem","position":1,"name":"Dom\u016f","item":"https:\/\/www.ig.cas.cz\/en\/"},{"@type":"ListItem","position":2,"name":"Contacts","item":"https:\/\/www.ig.cas.cz\/en\/contact\/"},{"@type":"ListItem","position":3,"name":"Staff","item":"https:\/\/www.ig.cas.cz\/en\/contact\/staff\/"},{"@type":"ListItem","position":4,"name":"Emily Rodriguez"}]},{"@type":"WebSite","@id":"https:\/\/www.ig.cas.cz\/#website","url":"https:\/\/www.ig.cas.cz\/","name":"Dom\u016f","description":"Geofyzik\u00e1ln\u00ed \u00fastav Akademie v\u011bd \u010cR, v.v.i.","potentialAction":[{"@type":"SearchAction","target":{"@type":"EntryPoint","urlTemplate":"https:\/\/www.ig.cas.cz\/?s={search_term_string}"},"query-input":{"@type":"PropertyValueSpecification","valueRequired":true,"valueName":"search_term_string"}}],"inLanguage":"en-US"}]}},"_links":{"self":[{"href":"https:\/\/www.ig.cas.cz\/en\/wp-json\/wp\/v2\/pages\/43659","targetHints":{"allow":["GET"]}}],"collection":[{"href":"https:\/\/www.ig.cas.cz\/en\/wp-json\/wp\/v2\/pages"}],"about":[{"href":"https:\/\/www.ig.cas.cz\/en\/wp-json\/wp\/v2\/types\/page"}],"author":[{"embeddable":true,"href":"https:\/\/www.ig.cas.cz\/en\/wp-json\/wp\/v2\/users\/32"}],"replies":[{"embeddable":true,"href":"https:\/\/www.ig.cas.cz\/en\/wp-json\/wp\/v2\/comments?post=43659"}],"version-history":[{"count":4,"href":"https:\/\/www.ig.cas.cz\/en\/wp-json\/wp\/v2\/pages\/43659\/revisions"}],"predecessor-version":[{"id":43678,"href":"https:\/\/www.ig.cas.cz\/en\/wp-json\/wp\/v2\/pages\/43659\/revisions\/43678"}],"up":[{"embeddable":true,"href":"https:\/\/www.ig.cas.cz\/en\/wp-json\/wp\/v2\/pages\/416"}],"wp:attachment":[{"href":"https:\/\/www.ig.cas.cz\/en\/wp-json\/wp\/v2\/media?parent=43659"}],"wp:term":[{"taxonomy":"category","embeddable":true,"href":"https:\/\/www.ig.cas.cz\/en\/wp-json\/wp\/v2\/categories?post=43659"},{"taxonomy":"post_tag","embeddable":true,"href":"https:\/\/www.ig.cas.cz\/en\/wp-json\/wp\/v2\/tags?post=43659"}],"curies":[{"name":"wp","href":"https:\/\/api.w.org\/{rel}","templated":true}]}}