{"id":43715,"date":"2026-02-20T14:31:50","date_gmt":"2026-02-20T13:31:50","guid":{"rendered":"https:\/\/www.ig.cas.cz\/?page_id=43715"},"modified":"2026-02-24T11:33:27","modified_gmt":"2026-02-24T10:33:27","slug":"jan-michalek","status":"publish","type":"page","link":"https:\/\/www.ig.cas.cz\/en\/contact\/staff\/jan-michalek\/","title":{"rendered":"Jan Mich\u00e1lek"},"content":{"rendered":"<p>[et_pb_section fb_built=&#8221;1&#8243; _builder_version=&#8221;4.27.4&#8243; _module_preset=&#8221;default&#8221; global_colors_info=&#8221;{}&#8221;][et_pb_row column_structure=&#8221;2_3,1_3&#8243; _builder_version=&#8221;4.27.4&#8243; _module_preset=&#8221;default&#8221; global_colors_info=&#8221;{}&#8221;][et_pb_column type=&#8221;2_3&#8243; _builder_version=&#8221;4.27.4&#8243; _module_preset=&#8221;default&#8221; global_colors_info=&#8221;{}&#8221;][et_pb_text _builder_version=&#8221;4.27.4&#8243; _module_preset=&#8221;default&#8221; global_colors_info=&#8221;{}&#8221;]<\/p>\n<p><strong>Jan Mich\u00e1lek<\/strong> (1982) began contributing to seismic research in 2006 at IG CAS, initially as member of the <a href=\"https:\/\/www.ig.cas.cz\/en\/observatories\/local-seismic-network-webnet\/\">WEBNET<\/a> group studying seismic activity in West Bohemia (CZ). Early work focused on analyzing inter-swarm patterns, utilizing cross-correlation techniques to identify groups of similar events (Fischer and Mich\u00e1lek, 2008). He contributed to advancing seismological techniques for estimation earthquake source parameters. This involved applying novel approaches for estimating source parameters \u2013 notably utilizing the SEISMON software (Mertl and Hausmann, 2009) \u2013 allowing for detailed analysis of earthquakes from events like the 2000 and 2008 swarms, published in Mich\u00e1lek and Fischer (2013). He also participated in collaborative projects, including a&nbsp;significant effort with Iceland deploying the <a href=\"https:\/\/www.ig.cas.cz\/en\/observatories\/local-seismic-network-reykjanet\/\">REYKJANET<\/a> network in 2013.<\/p>\n<p>From 2014 to 2025, Jan Mich\u00e1lek transitioned his research focus to Norway, joining the seismological team at the Department of Earth Science, University of Bergen. Initially as a&nbsp;postdoctoral fellow within the NEONOR2 project, he contributed to the geodynamical modeling of the Nordland region, primarily through detailed analysis of earthquakes \u2013 specifically relative locations using hypoDD and focal mechanism determination. Beyond data analysis, Jan Mich\u00e1lek also played a&nbsp;vital role in maintaining the NEONOR2 seismic network. Subsequently, as a&nbsp;Senior Engineer, he was instrumental in building out the infrastructure and integrating geoscientific data into the broader <a href=\"https:\/\/www.epos-eu.org\/\">European Plate Observing System (EPOS)<\/a> framework, contributing to the development of a&nbsp;dedicated <a href=\"https:\/\/www.ics-c.epos-eu.org\/\">portal for multidisciplinary geoscientific data access<\/a>.<\/p>\n<p>Throughout his career, Jan Mich\u00e1lek has been involved in supporting broader research infrastructure initiatives. This includes contributions to EPOS-related projects like EPOS-Norway, EPOS-IP, EPOS-SP, EPOS ON, ENVRI-FAIR, GeoINQUIRE, and Skills4EOSC where the focus was on integrating geoscientific data into long-term sustainable infrastructure and promoting best practices for data management.<\/p>\n<p><strong>Research interests and work topics:<\/strong><\/p>\n<ul>\n<li>Source parameters of earthquakes<\/li>\n<li>Integration of data to large infrastructures allowing multidisciplinary research<\/li>\n<li>Data management and Open Science<\/li>\n<\/ul>\n<p>[\/et_pb_text][et_pb_text _builder_version=&#8221;4.27.4&#8243; _module_preset=&#8221;default&#8221; global_colors_info=&#8221;{}&#8221;]<\/p>\n<p>&nbsp;<\/p>\n<h1>Participation in projects<\/h1>\n<table>\n<tbody>\n<tr>\n<td width=\"99\">\n<p>2024 &#8211; 2027<\/p>\n<\/td>\n<td width=\"458\">\n<p>EC-Horizon Europe, No. 101131592. EPOS Optimization and EvolutioN (EPOS ON) <em>(WP co-lead; institutional lead at UoB)<\/em><\/p>\n<\/td>\n<\/tr>\n<tr>\n<td width=\"99\">\n<p>2022 \u2013 2026<\/p>\n<\/td>\n<td width=\"458\">\n<p>EC-Horizon Europe No. 101058518. Geosphere INfrastructures for QUestions into Integrated Research (Geo-INQUIRE) <em>(WP co-lead; institutional co-lead at UoB)<\/em><\/p>\n<\/td>\n<\/tr>\n<tr>\n<td width=\"99\">\n<p>2022 \u2013 2025<\/p>\n<\/td>\n<td width=\"458\">\n<p>EC-H2020 No. 101058527. Skills for the European Open Science Commons: Creating a&nbsp;Training Ecosystem for Open and FAIR Science (Skills4EOSC) <em>(institutional co-lead at UoB)<\/em><\/p>\n<\/td>\n<\/tr>\n<tr>\n<td width=\"99\">\n<p>2020 \u2013 2025<\/p>\n<\/td>\n<td width=\"458\">\n<p>EPOS-ERIC CA with UoB. ICS-TCS Interaction coordination <em>(coordinator at UoB)<\/em><\/p>\n<\/td>\n<\/tr>\n<tr>\n<td width=\"99\">\n<p>2020 \u2013 2023<\/p>\n<\/td>\n<td width=\"458\">\n<p>EC-H2020 No. 871121. EPOS Sustainability Phase (EPOS SP) <em>(WP co-leader; institutional co-lead at UoB)<\/em><\/p>\n<\/td>\n<\/tr>\n<tr>\n<td width=\"99\">\n<p>2019 \u2013 2023<\/p>\n<\/td>\n<td width=\"458\">\n<p>EC-H2020 No. 824068. ENVironmental Research Infrastructures building Fair services Accessible for society, Innovation and Research (ENVRI FAIR) <em>(institutional co-lead at UoB)<\/em><\/p>\n<\/td>\n<\/tr>\n<tr>\n<td width=\"99\">\n<p>2015 \u2013 2019<\/p>\n<\/td>\n<td width=\"458\">\n<p>EC-H2020 No. 676564. EPOS Implementation Phase (EPOS IP) <em>(team member)<\/em><\/p>\n<\/td>\n<\/tr>\n<tr>\n<td width=\"99\">\n<p>2016 \u2013 2021 (2025)<\/p>\n<\/td>\n<td width=\"458\">\n<p>RCN 245763. EPOS-Norway \u2013 Integration of Norwegian Geoscientific Data into EPOS <em>(team member; data and metadata management)<\/em><\/p>\n<\/td>\n<\/tr>\n<tr>\n<td width=\"99\">\n<p>2013 &#8211; 2016<\/p>\n<\/td>\n<td width=\"458\">\n<p>RCN 226160. Neotectonics in Nordland \u2013 Implications for Petroleum Exploration (NEONOR2) <em>(team member since 2014; data processing, network maintenance)<\/em><\/p>\n<\/td>\n<\/tr>\n<tr>\n<td width=\"99\">\n<p>2012 \u2013 2016<\/p>\n<\/td>\n<td width=\"458\">\n<p>GA\u010cR P210\/12\/2336. Earthquake swarms and their triggering mechanisms in diverse tectonic environments (Bohemian Massif, Mid-Atlantic Ridge, Western Alps) <em>(team member until 2014)<\/em><\/p>\n<\/td>\n<\/tr>\n<tr>\n<td width=\"99\">\n<p>2010 \u2013 2012<\/p>\n<\/td>\n<td width=\"458\">\n<p>GAUK 171310. Source parameters of microearthquakes in West Bohemia and South Iceland <em>(principal investigator)<\/em><\/p>\n<\/td>\n<\/tr>\n<tr>\n<td width=\"99\">\n<p>2007 \u2013 2008<\/p>\n<\/td>\n<td width=\"458\">\n<p>GAUK 105707. The type analysis of seismograms of earthquakes in West Bohemia <em>(principal investigator)<\/em><\/p>\n<\/td>\n<\/tr>\n<\/tbody>\n<\/table>\n<p>&nbsp;<\/p>\n<h1>Selected publications<\/h1>\n<ul>\n<li>Bailo, D., Paciello, R., Michalek, J., Mercurio, D., Sangianantoni, A., Contell, K.S., Lange, O., Maracchia, G., Atakan, K., Jeffery, K.G. and Freda, C. (2024). Data Management in Distributed, Federated Research Infrastructures: The Case of EPOS. Data Science Journal, 23(1), p.&nbsp;5. <a href=\"https:\/\/doi.org\/10.5334\/dsj-2024-005\">https:\/\/doi.org\/10.5334\/dsj-2024-005<\/a><\/li>\n<li>Bailo, D., Paciello, R., Michalek, J., Cocco, M., Freda, C., Jeffery, K., and Atakan, K. (2023). The EPOS multi-disciplinary Data Portal for integrated access to solid Earth science datasets. Scientific Data 10.<\/li>\n<li>Cocco, M., Freda, C., Atakan, K. ., Bailo, D., Saleh-Contell, K., Lange, O., &amp; Michalek, J. (2022). The EPOS Research Infrastructure: a&nbsp;federated approach to integrate solid Earth science data and services. Annals of Geophysics, 65(2), DM208. <a href=\"https:\/\/doi.org\/10.4401\/ag-8756\">https:\/\/doi.org\/10.4401\/ag-8756<\/a><\/li>\n<li>Atakan, K., Cocco, M., Orlecka-Sikora, B., Pijnenburg, R., Michalek, J., R\u00f8nnevik, C., Olszewska, D., G\u00f3rka-Kostrubiec, B., &amp; Drury, M. R. (2022). National EPOS initiatives and participation to the EPOS integration plan. Annals of Geophysics, 65(2), DM211. <a href=\"https:\/\/doi.org\/10.4401\/ag-8758\">https:\/\/doi.org\/10.4401\/ag-8758<\/a><\/li>\n<li>Shiddiqi, H.A., Ottem\u00f6ller, L., Rondenay, S., Halpaap, F., Gradmann, S., Mich\u00e1lek, J. (2022). Crustal structure and intraplate seismicity in Nordland, Northern Norway: insight from seismic tomography. Geophysical Journal International, Volume 230, Issue 2, August 2022, Pages 813\u2013830, <a href=\"https:\/\/doi.org\/10.1093\/gji\/ggac086\">https:\/\/doi.org\/10.1093\/gji\/ggac086<\/a><\/li>\n<li>Bailo, D., Jeffery, K. G., Atakan, K., Trani, L., Paciello, R., Vinciarelli, V., Michalek, J., and Spinuso, A. (2022). Data integration and FAIR data management in Solid Earth Science. ANNALS OF GEOPHYSICS 65.<\/li>\n<li>Ottem\u00f6ller, L., Michalek, J., Christensen, J.M., Baadshaug, U., Halpaap, F., Natvik, \u00d8., Kv\u00e6rna, T., Oye, V. (2021). UiB\u2010NORSAR EIDA Node: Integration of Seismological Data in Norway. Seismological Research Letters, 92 (3): 1491\u20131500. <a href=\"https:\/\/doi.org\/10.1785\/0220200369\">https:\/\/doi.org\/10.1785\/0220200369<\/a><\/li>\n<li>Michalek, J., Ottem\u00f6ller, L., Janutyte, I., and Lindholm, C. (2016). Usage of SH\/P amplitude ratios for focal mechanism determination-case study from the Nordland region, Norway.<\/li>\n<li>Mich\u00e1lek, J., and Fischer, T. (2013). Source parameters of the swarm earthquakes in West Bohemia\/Vogtland. Geophysical Journal International 195, 1196\u20131210.<\/li>\n<li>Fischer, T., Hor\u00e1lek, J., Mich\u00e1lek, J., and Bou\u0161kov\u00e1, A. (2010). The 2008 West Bohemia earthquake swarm in the light of the WEBNET network. Journal of Seismology 14, 665\u2013682.<\/li>\n<li>Fischer, T., and Mich\u00e1lek, J. (2008). Post 2000-swarm microearthquake activity in the principal focal zone of West Bohemia\/Vogtland: Spacetime distribution and waveform similarity analysis. Studia Geophysica et Geodaetica 52, 493\u2013512.<\/li>\n<\/ul>\n<p>For more see: <a href=\"https:\/\/orcid.org\/0000-0002-8057-7541\">https:\/\/orcid.org\/0000-0002-8057-7541<\/a> <br \/>Scientometry: <a href=\"https:\/\/www.webofscience.com\/wos\/author\/record\/H-6398-2014\">https:\/\/www.webofscience.com\/wos\/author\/record\/H-6398-2014<\/a><\/p>\n<p>[\/et_pb_text][\/et_pb_column][et_pb_column type=&#8221;1_3&#8243; _builder_version=&#8221;4.27.4&#8243; _module_preset=&#8221;default&#8221; global_colors_info=&#8221;{}&#8221;][et_pb_image src=&#8221;https:\/\/www.ig.cas.cz\/wp-content\/uploads\/2026\/02\/michalek-jan.png&#8221; title_text=&#8221;michalek-jan&#8221; _builder_version=&#8221;4.27.4&#8243; _module_preset=&#8221;default&#8221; global_colors_info=&#8221;{}&#8221;][\/et_pb_image][et_pb_text _builder_version=&#8221;4.27.4&#8243; _module_preset=&#8221;default&#8221; hover_enabled=&#8221;0&#8243; global_colors_info=&#8221;{}&#8221; sticky_enabled=&#8221;0&#8243;]<\/p>\n<h3 style=\"text-align: center;\"><strong>Mgr. Jan Mich\u00e1lek, Ph.D.<\/strong><\/h3>\n<p style=\"text-align: center;\">specialist<br \/><a href=\"https:\/\/www.ig.cas.cz\/en\/research\/teams\/earth-observatories\/\">Earth Observatories<\/a><br \/><a href=\"mailto:jan.michalek@ig.cas.cz\">jan.michalek@<\/a><a href=\"mailto:jk@ig.cas.cz\">ig.cas.cz<\/a><br \/>door 007<\/p>\n<p>[\/et_pb_text][\/et_pb_column][\/et_pb_row][\/et_pb_section]<\/p>\n","protected":false},"excerpt":{"rendered":"<p>Jan Mich\u00e1lek (1982) began contributing to seismic research in 2006 at IG CAS, initially as member of the WEBNET group studying seismic activity in West Bohemia (CZ). Early work focused on analyzing inter-swarm patterns, utilizing cross-correlation techniques to identify groups of similar events (Fischer and Mich\u00e1lek, 2008). He contributed to advancing seismological techniques for estimation [&hellip;]<\/p>\n","protected":false},"author":32,"featured_media":0,"parent":416,"menu_order":0,"comment_status":"closed","ping_status":"closed","template":"","meta":{"_et_pb_use_builder":"on","_et_pb_old_content":"","_et_gb_content_width":"","footnotes":""},"categories":[],"tags":[],"class_list":["post-43715","page","type-page","status-publish","hentry"],"yoast_head":"<!-- This site is optimized with the Yoast SEO plugin v25.9 - https:\/\/yoast.com\/wordpress\/plugins\/seo\/ -->\n<title>Jan Mich\u00e1lek - Geofyzik\u00e1ln\u00ed \u00fastav Akademie v\u011bd \u010cR, v.v.i.<\/title>\n<meta name=\"robots\" content=\"index, follow, max-snippet:-1, max-image-preview:large, max-video-preview:-1\" \/>\n<link rel=\"canonical\" href=\"https:\/\/www.ig.cas.cz\/en\/contact\/staff\/jan-michalek\/\" \/>\n<meta property=\"og:locale\" content=\"en_US\" \/>\n<meta property=\"og:type\" content=\"article\" \/>\n<meta property=\"og:title\" content=\"Jan Mich\u00e1lek - Geofyzik\u00e1ln\u00ed \u00fastav Akademie v\u011bd \u010cR, v.v.i.\" \/>\n<meta property=\"og:description\" content=\"Jan Mich\u00e1lek (1982) began contributing to seismic research in 2006 at IG CAS, initially as member of the WEBNET group studying seismic activity in West Bohemia (CZ). Early work focused on analyzing inter-swarm patterns, utilizing cross-correlation techniques to identify groups of similar events (Fischer and Mich\u00e1lek, 2008). He contributed to advancing seismological techniques for estimation [&hellip;]\" \/>\n<meta property=\"og:url\" content=\"https:\/\/www.ig.cas.cz\/en\/contact\/staff\/jan-michalek\/\" \/>\n<meta property=\"og:site_name\" content=\"Dom\u016f\" \/>\n<meta property=\"article:publisher\" content=\"https:\/\/www.facebook.com\/GFUAVCR\/\" \/>\n<meta property=\"article:modified_time\" content=\"2026-02-24T10:33:27+00:00\" \/>\n<meta name=\"twitter:card\" content=\"summary_large_image\" \/>\n<meta name=\"twitter:label1\" content=\"Est. reading time\" \/>\n\t<meta name=\"twitter:data1\" content=\"6 minutes\" \/>\n<script type=\"application\/ld+json\" class=\"yoast-schema-graph\">{\"@context\":\"https:\/\/schema.org\",\"@graph\":[{\"@type\":\"WebPage\",\"@id\":\"https:\/\/www.ig.cas.cz\/en\/contact\/staff\/jan-michalek\/\",\"url\":\"https:\/\/www.ig.cas.cz\/en\/contact\/staff\/jan-michalek\/\",\"name\":\"Jan Mich\u00e1lek - Geofyzik\u00e1ln\u00ed \u00fastav Akademie v\u011bd \u010cR, v.v.i.\",\"isPartOf\":{\"@id\":\"https:\/\/www.ig.cas.cz\/#website\"},\"datePublished\":\"2026-02-20T13:31:50+00:00\",\"dateModified\":\"2026-02-24T10:33:27+00:00\",\"breadcrumb\":{\"@id\":\"https:\/\/www.ig.cas.cz\/en\/contact\/staff\/jan-michalek\/#breadcrumb\"},\"inLanguage\":\"en-US\",\"potentialAction\":[{\"@type\":\"ReadAction\",\"target\":[\"https:\/\/www.ig.cas.cz\/en\/contact\/staff\/jan-michalek\/\"]}]},{\"@type\":\"BreadcrumbList\",\"@id\":\"https:\/\/www.ig.cas.cz\/en\/contact\/staff\/jan-michalek\/#breadcrumb\",\"itemListElement\":[{\"@type\":\"ListItem\",\"position\":1,\"name\":\"Dom\u016f\",\"item\":\"https:\/\/www.ig.cas.cz\/en\/\"},{\"@type\":\"ListItem\",\"position\":2,\"name\":\"Contacts\",\"item\":\"https:\/\/www.ig.cas.cz\/en\/contact\/\"},{\"@type\":\"ListItem\",\"position\":3,\"name\":\"Staff\",\"item\":\"https:\/\/www.ig.cas.cz\/en\/contact\/staff\/\"},{\"@type\":\"ListItem\",\"position\":4,\"name\":\"Jan Mich\u00e1lek\"}]},{\"@type\":\"WebSite\",\"@id\":\"https:\/\/www.ig.cas.cz\/#website\",\"url\":\"https:\/\/www.ig.cas.cz\/\",\"name\":\"Dom\u016f\",\"description\":\"Geofyzik\u00e1ln\u00ed \u00fastav Akademie v\u011bd \u010cR, v.v.i.\",\"potentialAction\":[{\"@type\":\"SearchAction\",\"target\":{\"@type\":\"EntryPoint\",\"urlTemplate\":\"https:\/\/www.ig.cas.cz\/?s={search_term_string}\"},\"query-input\":{\"@type\":\"PropertyValueSpecification\",\"valueRequired\":true,\"valueName\":\"search_term_string\"}}],\"inLanguage\":\"en-US\"}]}<\/script>\n<!-- \/ Yoast SEO plugin. -->","yoast_head_json":{"title":"Jan Mich\u00e1lek - Geofyzik\u00e1ln\u00ed \u00fastav Akademie v\u011bd \u010cR, v.v.i.","robots":{"index":"index","follow":"follow","max-snippet":"max-snippet:-1","max-image-preview":"max-image-preview:large","max-video-preview":"max-video-preview:-1"},"canonical":"https:\/\/www.ig.cas.cz\/en\/contact\/staff\/jan-michalek\/","og_locale":"en_US","og_type":"article","og_title":"Jan Mich\u00e1lek - Geofyzik\u00e1ln\u00ed \u00fastav Akademie v\u011bd \u010cR, v.v.i.","og_description":"Jan Mich\u00e1lek (1982) began contributing to seismic research in 2006 at IG CAS, initially as member of the WEBNET group studying seismic activity in West Bohemia (CZ). Early work focused on analyzing inter-swarm patterns, utilizing cross-correlation techniques to identify groups of similar events (Fischer and Mich\u00e1lek, 2008). He contributed to advancing seismological techniques for estimation [&hellip;]","og_url":"https:\/\/www.ig.cas.cz\/en\/contact\/staff\/jan-michalek\/","og_site_name":"Dom\u016f","article_publisher":"https:\/\/www.facebook.com\/GFUAVCR\/","article_modified_time":"2026-02-24T10:33:27+00:00","twitter_card":"summary_large_image","twitter_misc":{"Est. reading time":"6 minutes"},"schema":{"@context":"https:\/\/schema.org","@graph":[{"@type":"WebPage","@id":"https:\/\/www.ig.cas.cz\/en\/contact\/staff\/jan-michalek\/","url":"https:\/\/www.ig.cas.cz\/en\/contact\/staff\/jan-michalek\/","name":"Jan Mich\u00e1lek - Geofyzik\u00e1ln\u00ed \u00fastav Akademie v\u011bd \u010cR, v.v.i.","isPartOf":{"@id":"https:\/\/www.ig.cas.cz\/#website"},"datePublished":"2026-02-20T13:31:50+00:00","dateModified":"2026-02-24T10:33:27+00:00","breadcrumb":{"@id":"https:\/\/www.ig.cas.cz\/en\/contact\/staff\/jan-michalek\/#breadcrumb"},"inLanguage":"en-US","potentialAction":[{"@type":"ReadAction","target":["https:\/\/www.ig.cas.cz\/en\/contact\/staff\/jan-michalek\/"]}]},{"@type":"BreadcrumbList","@id":"https:\/\/www.ig.cas.cz\/en\/contact\/staff\/jan-michalek\/#breadcrumb","itemListElement":[{"@type":"ListItem","position":1,"name":"Dom\u016f","item":"https:\/\/www.ig.cas.cz\/en\/"},{"@type":"ListItem","position":2,"name":"Contacts","item":"https:\/\/www.ig.cas.cz\/en\/contact\/"},{"@type":"ListItem","position":3,"name":"Staff","item":"https:\/\/www.ig.cas.cz\/en\/contact\/staff\/"},{"@type":"ListItem","position":4,"name":"Jan Mich\u00e1lek"}]},{"@type":"WebSite","@id":"https:\/\/www.ig.cas.cz\/#website","url":"https:\/\/www.ig.cas.cz\/","name":"Dom\u016f","description":"Geofyzik\u00e1ln\u00ed \u00fastav Akademie v\u011bd \u010cR, v.v.i.","potentialAction":[{"@type":"SearchAction","target":{"@type":"EntryPoint","urlTemplate":"https:\/\/www.ig.cas.cz\/?s={search_term_string}"},"query-input":{"@type":"PropertyValueSpecification","valueRequired":true,"valueName":"search_term_string"}}],"inLanguage":"en-US"}]}},"_links":{"self":[{"href":"https:\/\/www.ig.cas.cz\/en\/wp-json\/wp\/v2\/pages\/43715","targetHints":{"allow":["GET"]}}],"collection":[{"href":"https:\/\/www.ig.cas.cz\/en\/wp-json\/wp\/v2\/pages"}],"about":[{"href":"https:\/\/www.ig.cas.cz\/en\/wp-json\/wp\/v2\/types\/page"}],"author":[{"embeddable":true,"href":"https:\/\/www.ig.cas.cz\/en\/wp-json\/wp\/v2\/users\/32"}],"replies":[{"embeddable":true,"href":"https:\/\/www.ig.cas.cz\/en\/wp-json\/wp\/v2\/comments?post=43715"}],"version-history":[{"count":4,"href":"https:\/\/www.ig.cas.cz\/en\/wp-json\/wp\/v2\/pages\/43715\/revisions"}],"predecessor-version":[{"id":43747,"href":"https:\/\/www.ig.cas.cz\/en\/wp-json\/wp\/v2\/pages\/43715\/revisions\/43747"}],"up":[{"embeddable":true,"href":"https:\/\/www.ig.cas.cz\/en\/wp-json\/wp\/v2\/pages\/416"}],"wp:attachment":[{"href":"https:\/\/www.ig.cas.cz\/en\/wp-json\/wp\/v2\/media?parent=43715"}],"wp:term":[{"taxonomy":"category","embeddable":true,"href":"https:\/\/www.ig.cas.cz\/en\/wp-json\/wp\/v2\/categories?post=43715"},{"taxonomy":"post_tag","embeddable":true,"href":"https:\/\/www.ig.cas.cz\/en\/wp-json\/wp\/v2\/tags?post=43715"}],"curies":[{"name":"wp","href":"https:\/\/api.w.org\/{rel}","templated":true}]}}