{"id":43923,"date":"2026-03-31T16:48:04","date_gmt":"2026-03-31T14:48:04","guid":{"rendered":"https:\/\/www.ig.cas.cz\/?page_id=43923"},"modified":"2026-04-07T09:59:50","modified_gmt":"2026-04-07T07:59:50","slug":"kontakty-seznam-pracovniku-guido-gianni","status":"publish","type":"page","link":"https:\/\/www.ig.cas.cz\/en\/contact\/staff\/kontakty-seznam-pracovniku-guido-gianni\/","title":{"rendered":"Guido Gianni"},"content":{"rendered":"<p>[et_pb_section fb_built=&#8221;1&#8243; _builder_version=&#8221;4.27.4&#8243; _module_preset=&#8221;default&#8221; global_colors_info=&#8221;{}&#8221;][et_pb_row column_structure=&#8221;2_3,1_3&#8243; _builder_version=&#8221;4.27.4&#8243; _module_preset=&#8221;default&#8221; global_colors_info=&#8221;{}&#8221;][et_pb_column type=&#8221;2_3&#8243; _builder_version=&#8221;4.27.4&#8243; _module_preset=&#8221;default&#8221; global_colors_info=&#8221;{}&#8221;][et_pb_text _builder_version=&#8221;4.27.4&#8243; _module_preset=&#8221;default&#8221; hover_enabled=&#8221;0&#8243; global_colors_info=&#8221;{}&#8221; sticky_enabled=&#8221;0&#8243;]<\/p>\n<p>Guido currently <span data-start=\"793\" data-end=\"802\">holds<\/span> a&nbsp;senior research position at the Institute of Geophysics, Czech Academy of Sciences. His research focuses on geodynamic processes in convergent and intraplate settings, integrating tectonic, magmatic, sedimentary, and mantle records. He employs an integrative approach that combines geological analysis with geophysical data and plate kinematic reconstructions and, more recently, has incorporated analog and numerical modeling. Since completing his Ph.D. at the Universidad de Buenos Aires (UBA) in 2016, he has authored 58 peer-reviewed articles and several book chapters. His work is characterized by close interdisciplinary collaboration with physicists, geophysicists (including specialists in potential-field methods), and seismologists, fostering integrated approaches to understanding Earth\u2019s dynamic systems.<\/p>\n<p><span style=\"font-variant-ligatures: normal; font-variant-caps: normal; -webkit-text-stroke-width: 0px; text-decoration-thickness: initial; text-decoration-style: initial; text-decoration-color: initial; float: none; word-spacing: 0px;\"><span style=\"font-family: 'Arial',sans-serif; color: #666666; background: white;\">Current research avenues:<\/span><\/span><\/p>\n<p><span style=\"font-variant-ligatures: normal; font-variant-caps: normal; -webkit-text-stroke-width: 0px; text-decoration-thickness: initial; text-decoration-style: initial; text-decoration-color: initial; float: none; word-spacing: 0px;\"><span style=\"font-family: 'Arial',sans-serif; color: #666666; background: white;\">&#8211; Tectonics and geodynamics of non-collisional mountain belts<\/span><\/span><\/p>\n<p><span style=\"font-variant-ligatures: normal; font-variant-caps: normal; -webkit-text-stroke-width: 0px; text-decoration-thickness: initial; text-decoration-style: initial; text-decoration-color: initial; float: none; word-spacing: 0px;\"><span style=\"font-family: 'Arial',sans-serif; color: #666666; background: white;\">\u00a0&#8211; Links between tectonic-magmatic events and deep mantle\u00a0 records<\/span><\/span><\/p>\n<p><span style=\"font-variant-ligatures: normal; font-variant-caps: normal; -webkit-text-stroke-width: 0px; text-decoration-thickness: initial; text-decoration-style: initial; text-decoration-color: initial; float: none; word-spacing: 0px;\"><span style=\"font-family: 'Arial',sans-serif; color: #666666; background: white;\">\u00a0<\/span><\/span><\/p>\n<p>Researchgate profile: <a href=\"https:\/\/www.researchgate.net\/profile\/Guido-Gianni?ev=hdr_xprf\">https:\/\/www.researchgate.net\/profile\/Guido-Gianni?ev=hdr_xprf<\/a><\/p>\n<p>Google scholar profile: <a href=\"https:\/\/scholar.google.com\/citations?user=FGTey6cAAAAJ&amp;hl=es\">https:\/\/scholar.google.com\/citations?user=FGTey6cAAAAJ&amp;hl=es<\/a><\/p>\n<p>[\/et_pb_text][et_pb_text _builder_version=&#8221;4.27.4&#8243; _module_preset=&#8221;default&#8221; global_colors_info=&#8221;{}&#8221;]<\/p>\n<h3><strong>Publications\u00a0<\/strong><\/h3>\n<h4>Gianni et al. (2026), EPSL. Subduction collapse and the isolation of southwest Gondwana basins from the Panthalassa Ocean<\/h4>\n<p>DOI:\u00a0<a href=\"https:\/\/doi.org\/10.1016\/j.epsl.2026.119920\">10.1016\/j.epsl.2026.119920<\/a><\/p>\n<h4>Gianni et al. (2025), nature geosciences. Non-collisional orogeny in northeast Japan driven by nearby same-dip double subduction<\/h4>\n<p>DOI:\u00a0<a href=\"https:\/\/doi.org\/10.1038\/s41561-025-01704-5\">10.1038\/s41561-025-01704-5<\/a><\/p>\n<h4>Gianni et al. (2025), Science Advances. Slab underthrusting is the primary control on flat slab size<\/h4>\n<p>DOI:\u00a0<a href=\"https:\/\/doi.org\/10.1126\/sciadv.adv8872\">10.1126\/sciadv.adv8872<\/a><\/p>\n<h4>Gianni et al. (2023), Nature communications.\u00a0 Ghost-arc geochemical anomaly at a&nbsp;spreading ridge caused by supersized flat subduction<\/h4>\n<p>DOI:\u00a0<a href=\"https:\/\/doi.org\/10.1038\/s41467-023-37799-w\">10.1038\/s41467-023-37799-w<\/a><\/p>\n<h4>Gianni et al. (2022), Nature communications.\u00a0 Catastrophic slab loss in southwestern Pangea preserved in the mantle and igneous record<\/h4>\n<p>DOI:\u00a0<a href=\"https:\/\/doi.org\/10.1038\/s41467-022-28290-z\">10.1038\/s41467-022-28290-z<\/a><\/p>\n<p>[\/et_pb_text][\/et_pb_column][et_pb_column type=&#8221;1_3&#8243; _builder_version=&#8221;4.27.4&#8243; _module_preset=&#8221;default&#8221; global_colors_info=&#8221;{}&#8221;][et_pb_image src=&#8221;https:\/\/www.ig.cas.cz\/wp-content\/uploads\/2026\/03\/gianni-guido.jpeg&#8221; title_text=&#8221;Gianni Guido&#8221; _builder_version=&#8221;4.27.4&#8243; _module_preset=&#8221;default&#8221; global_colors_info=&#8221;{}&#8221;][\/et_pb_image][et_pb_text _builder_version=&#8221;4.27.4&#8243; _module_preset=&#8221;default&#8221; global_colors_info=&#8221;{}&#8221;]<\/p>\n<h3 style=\"text-align: center;\"><strong>Guido M. Gianni, Ph.D.<\/strong><\/h3>\n<p style=\"text-align: center;\">Researcher<br \/><a href=\"https:\/\/www.ig.cas.cz\/en\/research\/teams\/active-plate-tectonic-processes\/\">Active Plate Tectonic Processes<\/a><br \/><a href=\"mailto:gianni@ig.cas.cz\">gianni@<\/a><a href=\"mailto:jk@ig.cas.cz\">ig.cas.cz<\/a><br \/>door 108<\/p>\n<p>[\/et_pb_text][\/et_pb_column][\/et_pb_row][\/et_pb_section]<\/p>\n","protected":false},"excerpt":{"rendered":"<p>Guido currently holds a&nbsp;senior research position at the Institute of Geophysics, Czech Academy of Sciences. His research focuses on geodynamic processes in convergent and intraplate settings, integrating tectonic, magmatic, sedimentary, and mantle records. He employs an integrative approach that combines geological analysis with geophysical data and plate kinematic reconstructions and, more recently, has incorporated [&hellip;]<\/p>\n","protected":false},"author":32,"featured_media":0,"parent":416,"menu_order":0,"comment_status":"closed","ping_status":"closed","template":"","meta":{"_et_pb_use_builder":"on","_et_pb_old_content":"","_et_gb_content_width":"","footnotes":""},"categories":[],"tags":[],"class_list":["post-43923","page","type-page","status-publish","hentry"],"yoast_head":"<!-- This site is optimized with the Yoast SEO plugin v25.9 - https:\/\/yoast.com\/wordpress\/plugins\/seo\/ -->\n<title>Guido Gianni - Geofyzik\u00e1ln\u00ed \u00fastav Akademie v\u011bd \u010cR, v.v.i.<\/title>\n<meta name=\"robots\" content=\"index, follow, max-snippet:-1, max-image-preview:large, max-video-preview:-1\" \/>\n<link rel=\"canonical\" href=\"https:\/\/www.ig.cas.cz\/en\/contact\/staff\/kontakty-seznam-pracovniku-guido-gianni\/\" \/>\n<meta property=\"og:locale\" content=\"en_US\" \/>\n<meta property=\"og:type\" content=\"article\" \/>\n<meta property=\"og:title\" content=\"Guido Gianni - Geofyzik\u00e1ln\u00ed \u00fastav Akademie v\u011bd \u010cR, v.v.i.\" \/>\n<meta property=\"og:description\" content=\"Guido currently holds a senior research position at the Institute of Geophysics, Czech Academy of Sciences. His research focuses on geodynamic processes in convergent and intraplate settings, integrating tectonic, magmatic, sedimentary, and mantle records. He employs an integrative approach that combines geological analysis with geophysical data and plate kinematic reconstructions and, more recently, has incorporated [&hellip;]\" \/>\n<meta property=\"og:url\" content=\"https:\/\/www.ig.cas.cz\/en\/contact\/staff\/kontakty-seznam-pracovniku-guido-gianni\/\" \/>\n<meta property=\"og:site_name\" content=\"Dom\u016f\" \/>\n<meta property=\"article:publisher\" content=\"https:\/\/www.facebook.com\/GFUAVCR\/\" \/>\n<meta property=\"article:modified_time\" content=\"2026-04-07T07:59:50+00:00\" \/>\n<meta name=\"twitter:card\" content=\"summary_large_image\" \/>\n<meta name=\"twitter:label1\" content=\"Est. reading time\" \/>\n\t<meta name=\"twitter:data1\" content=\"2 minutes\" \/>\n<script type=\"application\/ld+json\" class=\"yoast-schema-graph\">{\"@context\":\"https:\/\/schema.org\",\"@graph\":[{\"@type\":\"WebPage\",\"@id\":\"https:\/\/www.ig.cas.cz\/en\/contact\/staff\/kontakty-seznam-pracovniku-guido-gianni\/\",\"url\":\"https:\/\/www.ig.cas.cz\/en\/contact\/staff\/kontakty-seznam-pracovniku-guido-gianni\/\",\"name\":\"Guido Gianni - Geofyzik\u00e1ln\u00ed \u00fastav Akademie v\u011bd \u010cR, v.v.i.\",\"isPartOf\":{\"@id\":\"https:\/\/www.ig.cas.cz\/#website\"},\"datePublished\":\"2026-03-31T14:48:04+00:00\",\"dateModified\":\"2026-04-07T07:59:50+00:00\",\"breadcrumb\":{\"@id\":\"https:\/\/www.ig.cas.cz\/en\/contact\/staff\/kontakty-seznam-pracovniku-guido-gianni\/#breadcrumb\"},\"inLanguage\":\"en-US\",\"potentialAction\":[{\"@type\":\"ReadAction\",\"target\":[\"https:\/\/www.ig.cas.cz\/en\/contact\/staff\/kontakty-seznam-pracovniku-guido-gianni\/\"]}]},{\"@type\":\"BreadcrumbList\",\"@id\":\"https:\/\/www.ig.cas.cz\/en\/contact\/staff\/kontakty-seznam-pracovniku-guido-gianni\/#breadcrumb\",\"itemListElement\":[{\"@type\":\"ListItem\",\"position\":1,\"name\":\"Dom\u016f\",\"item\":\"https:\/\/www.ig.cas.cz\/en\/\"},{\"@type\":\"ListItem\",\"position\":2,\"name\":\"Contacts\",\"item\":\"https:\/\/www.ig.cas.cz\/en\/contact\/\"},{\"@type\":\"ListItem\",\"position\":3,\"name\":\"Staff\",\"item\":\"https:\/\/www.ig.cas.cz\/en\/contact\/staff\/\"},{\"@type\":\"ListItem\",\"position\":4,\"name\":\"Guido Gianni\"}]},{\"@type\":\"WebSite\",\"@id\":\"https:\/\/www.ig.cas.cz\/#website\",\"url\":\"https:\/\/www.ig.cas.cz\/\",\"name\":\"Dom\u016f\",\"description\":\"Geofyzik\u00e1ln\u00ed \u00fastav Akademie v\u011bd \u010cR, v.v.i.\",\"potentialAction\":[{\"@type\":\"SearchAction\",\"target\":{\"@type\":\"EntryPoint\",\"urlTemplate\":\"https:\/\/www.ig.cas.cz\/?s={search_term_string}\"},\"query-input\":{\"@type\":\"PropertyValueSpecification\",\"valueRequired\":true,\"valueName\":\"search_term_string\"}}],\"inLanguage\":\"en-US\"}]}<\/script>\n<!-- \/ Yoast SEO plugin. -->","yoast_head_json":{"title":"Guido Gianni - Geofyzik\u00e1ln\u00ed \u00fastav Akademie v\u011bd \u010cR, v.v.i.","robots":{"index":"index","follow":"follow","max-snippet":"max-snippet:-1","max-image-preview":"max-image-preview:large","max-video-preview":"max-video-preview:-1"},"canonical":"https:\/\/www.ig.cas.cz\/en\/contact\/staff\/kontakty-seznam-pracovniku-guido-gianni\/","og_locale":"en_US","og_type":"article","og_title":"Guido Gianni - Geofyzik\u00e1ln\u00ed \u00fastav Akademie v\u011bd \u010cR, v.v.i.","og_description":"Guido currently holds a senior research position at the Institute of Geophysics, Czech Academy of Sciences. His research focuses on geodynamic processes in convergent and intraplate settings, integrating tectonic, magmatic, sedimentary, and mantle records. He employs an integrative approach that combines geological analysis with geophysical data and plate kinematic reconstructions and, more recently, has incorporated [&hellip;]","og_url":"https:\/\/www.ig.cas.cz\/en\/contact\/staff\/kontakty-seznam-pracovniku-guido-gianni\/","og_site_name":"Dom\u016f","article_publisher":"https:\/\/www.facebook.com\/GFUAVCR\/","article_modified_time":"2026-04-07T07:59:50+00:00","twitter_card":"summary_large_image","twitter_misc":{"Est. reading time":"2 minutes"},"schema":{"@context":"https:\/\/schema.org","@graph":[{"@type":"WebPage","@id":"https:\/\/www.ig.cas.cz\/en\/contact\/staff\/kontakty-seznam-pracovniku-guido-gianni\/","url":"https:\/\/www.ig.cas.cz\/en\/contact\/staff\/kontakty-seznam-pracovniku-guido-gianni\/","name":"Guido Gianni - Geofyzik\u00e1ln\u00ed \u00fastav Akademie v\u011bd \u010cR, v.v.i.","isPartOf":{"@id":"https:\/\/www.ig.cas.cz\/#website"},"datePublished":"2026-03-31T14:48:04+00:00","dateModified":"2026-04-07T07:59:50+00:00","breadcrumb":{"@id":"https:\/\/www.ig.cas.cz\/en\/contact\/staff\/kontakty-seznam-pracovniku-guido-gianni\/#breadcrumb"},"inLanguage":"en-US","potentialAction":[{"@type":"ReadAction","target":["https:\/\/www.ig.cas.cz\/en\/contact\/staff\/kontakty-seznam-pracovniku-guido-gianni\/"]}]},{"@type":"BreadcrumbList","@id":"https:\/\/www.ig.cas.cz\/en\/contact\/staff\/kontakty-seznam-pracovniku-guido-gianni\/#breadcrumb","itemListElement":[{"@type":"ListItem","position":1,"name":"Dom\u016f","item":"https:\/\/www.ig.cas.cz\/en\/"},{"@type":"ListItem","position":2,"name":"Contacts","item":"https:\/\/www.ig.cas.cz\/en\/contact\/"},{"@type":"ListItem","position":3,"name":"Staff","item":"https:\/\/www.ig.cas.cz\/en\/contact\/staff\/"},{"@type":"ListItem","position":4,"name":"Guido Gianni"}]},{"@type":"WebSite","@id":"https:\/\/www.ig.cas.cz\/#website","url":"https:\/\/www.ig.cas.cz\/","name":"Dom\u016f","description":"Geofyzik\u00e1ln\u00ed \u00fastav Akademie v\u011bd \u010cR, v.v.i.","potentialAction":[{"@type":"SearchAction","target":{"@type":"EntryPoint","urlTemplate":"https:\/\/www.ig.cas.cz\/?s={search_term_string}"},"query-input":{"@type":"PropertyValueSpecification","valueRequired":true,"valueName":"search_term_string"}}],"inLanguage":"en-US"}]}},"_links":{"self":[{"href":"https:\/\/www.ig.cas.cz\/en\/wp-json\/wp\/v2\/pages\/43923","targetHints":{"allow":["GET"]}}],"collection":[{"href":"https:\/\/www.ig.cas.cz\/en\/wp-json\/wp\/v2\/pages"}],"about":[{"href":"https:\/\/www.ig.cas.cz\/en\/wp-json\/wp\/v2\/types\/page"}],"author":[{"embeddable":true,"href":"https:\/\/www.ig.cas.cz\/en\/wp-json\/wp\/v2\/users\/32"}],"replies":[{"embeddable":true,"href":"https:\/\/www.ig.cas.cz\/en\/wp-json\/wp\/v2\/comments?post=43923"}],"version-history":[{"count":4,"href":"https:\/\/www.ig.cas.cz\/en\/wp-json\/wp\/v2\/pages\/43923\/revisions"}],"predecessor-version":[{"id":43940,"href":"https:\/\/www.ig.cas.cz\/en\/wp-json\/wp\/v2\/pages\/43923\/revisions\/43940"}],"up":[{"embeddable":true,"href":"https:\/\/www.ig.cas.cz\/en\/wp-json\/wp\/v2\/pages\/416"}],"wp:attachment":[{"href":"https:\/\/www.ig.cas.cz\/en\/wp-json\/wp\/v2\/media?parent=43923"}],"wp:term":[{"taxonomy":"category","embeddable":true,"href":"https:\/\/www.ig.cas.cz\/en\/wp-json\/wp\/v2\/categories?post=43923"},{"taxonomy":"post_tag","embeddable":true,"href":"https:\/\/www.ig.cas.cz\/en\/wp-json\/wp\/v2\/tags?post=43923"}],"curies":[{"name":"wp","href":"https:\/\/api.w.org\/{rel}","templated":true}]}}