{"id":4948,"date":"2018-02-01T14:42:40","date_gmt":"2018-02-01T13:42:40","guid":{"rendered":"http:\/\/igcas.antstudio.eu\/?page_id=4948"},"modified":"2024-06-27T11:13:57","modified_gmt":"2024-06-27T09:13:57","slug":"kasperske-hory-khc","status":"publish","type":"page","link":"https:\/\/www.ig.cas.cz\/en\/observatories\/czech-regional-seismic-network\/kasperske-hory-khc\/","title":{"rendered":"Ka\u0161persk\u00e9 Hory (KHC)"},"content":{"rendered":"<p>[et_pb_section fb_built=&#8221;1&#8243; admin_label=&#8221;section&#8221; _builder_version=&#8221;4.16&#8243; custom_padding=&#8221;19.95001220703125px|0px|0px|0px&#8221; global_colors_info=&#8221;{}&#8221;][et_pb_row column_structure=&#8221;3_4,1_4&#8243; admin_label=&#8221;row&#8221; _builder_version=&#8221;4.16&#8243; background_size=&#8221;initial&#8221; background_position=&#8221;top_left&#8221; background_repeat=&#8221;repeat&#8221; custom_padding=&#8221;0px|0px|8.19000244140625px|0px&#8221; global_colors_info=&#8221;{}&#8221;][et_pb_column type=&#8221;3_4&#8243; _builder_version=&#8221;4.16&#8243; custom_padding=&#8221;|||&#8221; global_colors_info=&#8221;{}&#8221; custom_padding__hover=&#8221;|||&#8221;][et_pb_text _builder_version=&#8221;4.16&#8243; background_size=&#8221;initial&#8221; background_position=&#8221;top_left&#8221; background_repeat=&#8221;repeat&#8221; global_colors_info=&#8221;{}&#8221;]<strong>Seismological statione Ka\u0161persk\u00e9 Hory (KHC)<\/strong> in the\u00a0\u0160umava Mts. was founded in\u00a01961 deep in the former golden mine Krist\u00fdna in the valley of the Golden creek. It is considered\u00a0as one of the most sensitive stations in the world.\u00a0Routine very-broadband recording was established\u00a0at KHC\u00a0by Axel Ple\u0161inger in 1973.\u00a0Station is equipped with\u00a0three-componet short- and braodband sensors. Digital data\u00a0are transferrd in real time\u00a0to the Institute of Geophysics. Station KHC is part of the Czech Regional Seismic Network.\u00a0Museum of seismometry was established at KHC. Visitor can attend it every first Saturday from May to September.<br \/>\n[\/et_pb_text][et_pb_code _builder_version=&#8221;4.16&#8243; global_colors_info=&#8221;{}&#8221;]<img decoding=\"async\" src=\"http:\/\/czechgeo.cz\/plotfiles\/KHC\/2018_01_20.png\" id=\"image\" name=\"image\" \/><!-- [et_pb_line_break_holder] --><button type=\"button\" onclick=\"plusClick()\">p\u0159edchoz\u00ed den<\/button><!-- [et_pb_line_break_holder] --><button type=\"button\" onclick=\"minusClick()\">n\u00e1sleduj\u00edc\u00ed den<\/button><!-- [et_pb_line_break_holder] --><script><!-- [et_pb_line_break_holder] -->var pre='http:\/\/czechgeo.ig.cas.cz\/plotfiles\/gfu\/KHC\/';<!-- [et_pb_line_break_holder] -->var datum = new Date();<!-- [et_pb_line_break_holder] -->var y = datum.getFullYear();<!-- [et_pb_line_break_holder] -->var m = (\"0\"+(datum.getMonth()+1)).slice(-2);<!-- [et_pb_line_break_holder] -->var d = (\"0\"+datum.getDate()).slice(-2);<!-- [et_pb_line_break_holder] -->var adresa = pre+y+\"_\"+m+\"_\"+d+\".png\";<!-- [et_pb_line_break_holder] -->document.getElementById('image').src = adresa;<!-- [et_pb_line_break_holder] -->var off = 0;<!-- [et_pb_line_break_holder] -->var datum2=new Date();<!-- [et_pb_line_break_holder] -->var msinday=86400000;<!-- [et_pb_line_break_holder] --><!-- [et_pb_line_break_holder] -->function plusClick() {<!-- [et_pb_line_break_holder] --> if (off<10){ <!-- [et_pb_line_break_holder] --> off += 1;<!-- [et_pb_line_break_holder] --> datum2.setTime(datum.getTime()-86400000*off);<!-- [et_pb_line_break_holder] --> adresa = pre+datum2.getFullYear()+\"_\"+(\"0\"+(datum2.getMonth()+1)).slice(-2)+\"_\"+(\"0\"+datum2.getDate()).slice(-2)+\".png\";<!-- [et_pb_line_break_holder] --> document.getElementById('image').src = adresa;<!-- [et_pb_line_break_holder] --> }<!-- [et_pb_line_break_holder] --> else{<!-- [et_pb_line_break_holder] --> }<!-- [et_pb_line_break_holder] --> };<!-- [et_pb_line_break_holder] -->function minusClick() {<!-- [et_pb_line_break_holder] --> if (off>0){ <!-- [et_pb_line_break_holder] --> off -= 1;<!-- [et_pb_line_break_holder] --> datum2.setTime(datum.getTime()-86400000*off);<!-- [et_pb_line_break_holder] --> adresa = pre+datum2.getFullYear()+\"_\"+(\"0\"+(datum2.getMonth()+1)).slice(-2)+\"_\"+(\"0\"+datum2.getDate()).slice(-2)+\".png\";<!-- [et_pb_line_break_holder] --> document.getElementById('image').src = adresa;<!-- [et_pb_line_break_holder] --> }<!-- [et_pb_line_break_holder] --> else{<!-- [et_pb_line_break_holder] --> }<!-- [et_pb_line_break_holder] --> };<!-- [et_pb_line_break_holder] --><\/script><!-- [et_pb_line_break_holder] --><!-- [et_pb_line_break_holder] -->[\/et_pb_code][\/et_pb_column][et_pb_column type=&#8221;1_4&#8243; _builder_version=&#8221;4.16&#8243; custom_padding=&#8221;|||&#8221; global_colors_info=&#8221;{}&#8221; custom_padding__hover=&#8221;|||&#8221;][et_pb_image src=&#8221;https:\/\/www.ig.cas.cz\/wp-content\/uploads\/2018\/01\/Kasperky_stola_2017.jpg&#8221; align_tablet=&#8221;center&#8221; align_phone=&#8221;&#8221; align_last_edited=&#8221;on|desktop&#8221; _builder_version=&#8221;4.16&#8243; always_center_on_mobile=&#8221;on&#8221; global_colors_info=&#8221;{}&#8221;]&nbsp;<br \/>\n[\/et_pb_image][et_pb_text _builder_version=&#8221;4.16&#8243; global_colors_info=&#8221;{}&#8221;]<\/p>\n<p><strong>Coordinates:<\/strong> 49.1309N 13.5782E<br \/><strong>Altitude:<\/strong> 700&nbsp;m<br \/><strong>Seismometers:<\/strong> broadband sensor Streckeisen STS-2.5, short-period Vegik<br \/><strong>Recording system:<\/strong> Quanterra Q330S<br \/><strong>Sampling frequency:<\/strong> 100 Hz<br \/><strong>Dynamic range:<\/strong> 140 dB<br \/><strong>Frequency range:<\/strong> 0.02-120 s<br \/><strong>Data format:<\/strong> miniSEED<br \/><strong>Metadata:<\/strong> <a href=\"https:\/\/www.ig.cas.cz\/wp-content\/uploads\/2024\/06\/dataless_CRSN_KHC.txt\">dataless SEED<\/a>, <a href=\"https:\/\/www.ig.cas.cz\/wp-content\/uploads\/2024\/06\/stationxml_CRSN_KHC.txt\">stationxml<\/a><br \/><strong>Available data:<\/strong> October 1988 &#8211; present<br \/><strong>Operator:<\/strong> Institute of Geophysics CAS<br \/><strong>Contact person:<\/strong> Jan Zedn\u00edk \u2013 jzd@ig.cas.cz<\/p>\n<p>[\/et_pb_text][\/et_pb_column][\/et_pb_row][\/et_pb_section]<\/p>\n","protected":false},"excerpt":{"rendered":"<p>Seismological statione Ka\u0161persk\u00e9 Hory (KHC) in the\u00a0\u0160umava Mts. was founded in\u00a01961 deep in the former golden mine Krist\u00fdna in the valley of the Golden creek. It is considered\u00a0as one of the most sensitive stations in the world.\u00a0Routine very-broadband recording was established\u00a0at KHC\u00a0by Axel Ple\u0161inger in 1973.\u00a0Station is equipped with\u00a0three-componet short- and braodband sensors. Digital data\u00a0are [&hellip;]<\/p>\n","protected":false},"author":10,"featured_media":4844,"parent":7585,"menu_order":0,"comment_status":"closed","ping_status":"closed","template":"","meta":{"_et_pb_use_builder":"on","_et_pb_old_content":"Seismologick\u00e1 stanice Ka\u0161persk\u00e9 Hory (KHC) na \u0160umav\u011b byla zalo\u017eena v r. 1961. Jedna z nejcitliv\u011bj\u0161\u00edch sv\u011btov\u00fdch stanic je um\u00edst\u011bna v b\u00fdval\u00e9 zlatonosn\u00e9 \u0161tole Krist\u00fdna z r. 1802 hluboko ve sk\u00e1le v \u00fadol\u00ed Zlat\u00e9ho potoka. Stanice tak\u00e9 sk\u00fdt\u00e1 v\u00fdborn\u00e9 podm\u00ednky pro registraci velmi dlouhoperiodick\u00fdch seismick\u00fdch sign\u00e1l\u016f, kter\u00e1 zde funguje jako jedna z prvn\u00edch na sv\u011bt\u011b ji\u017e od r.1973. Stanice KHC je vybavena t\u0159\u00edslo\u017ekov\u00fdmi kr\u00e1tkoperiodick\u00fdmi a \u0161irokop\u00e1smov\u00fdmi seismick\u00fdmi kan\u00e1ly. Digit\u00e1ln\u00ed data jsou p\u0159en\u00e1\u0161ena v re\u00e1ln\u00e9m \u010dase Internetem do Geofyzik\u00e1ln\u00edho \u00fastavu. Stanice je sou\u010d\u00e1st\u00ed \u010cesk\u00e9 region\u00e1ln\u00ed seismick\u00e9 s\u00edt\u011b.\r\n\r\nSou\u0159adnice: 49.1309N 13.5782E\r\nNadmo\u0159sk\u00e1 v\u00fd\u0161ka: 700 m\r\nSeismometr: \u0160irokop\u00e1smov\u00fd sensor STS-2, kr\u00e1tkoperiodick\u00e9 Vegik\r\nRegistra\u010dn\u00ed syst\u00e9m: Quanterra Q330S (EarthData + SeisComP 2003-2010)\r\nVzorkovac\u00ed frekvence: 20\/100\u00a0Hz\r\nDynamick\u00fd rozsah: 140 dB\r\nFrekven\u010dn\u00ed rozsah: 0.02-120 s\r\nDatov\u00fd form\u00e1t: miniSEED\r\nDostupn\u00e1 data: leden 1973 - dosud\r\nProvozovatel: Geofyzik\u00e1ln\u00ed \u00fastav AV \u010cR\r\nKontaktn\u00ed osoba: Jan Zedn\u00edk \u2013 jzd@ig.cas.cz","_et_gb_content_width":"","footnotes":""},"categories":[],"tags":[],"class_list":["post-4948","page","type-page","status-publish","has-post-thumbnail","hentry"],"yoast_head":"<!-- This site is optimized with the Yoast SEO plugin v25.9 - https:\/\/yoast.com\/wordpress\/plugins\/seo\/ -->\n<title>Ka\u0161persk\u00e9 Hory (KHC) - Geofyzik\u00e1ln\u00ed \u00fastav Akademie v\u011bd \u010cR, v.v.i.<\/title>\n<meta name=\"robots\" content=\"index, follow, max-snippet:-1, max-image-preview:large, max-video-preview:-1\" \/>\n<link rel=\"canonical\" href=\"https:\/\/www.ig.cas.cz\/en\/observatories\/czech-regional-seismic-network\/kasperske-hory-khc\/\" \/>\n<meta property=\"og:locale\" content=\"en_US\" \/>\n<meta property=\"og:type\" content=\"article\" \/>\n<meta property=\"og:title\" content=\"Ka\u0161persk\u00e9 Hory (KHC) - Geofyzik\u00e1ln\u00ed \u00fastav Akademie v\u011bd \u010cR, v.v.i.\" \/>\n<meta property=\"og:description\" content=\"Seismological statione Ka\u0161persk\u00e9 Hory (KHC) in the\u00a0\u0160umava Mts. was founded in\u00a01961 deep in the former golden mine Krist\u00fdna in the valley of the Golden creek. It is considered\u00a0as one of the most sensitive stations in the world.\u00a0Routine very-broadband recording was established\u00a0at KHC\u00a0by Axel Ple\u0161inger in 1973.\u00a0Station is equipped with\u00a0three-componet short- and braodband sensors. Digital data\u00a0are [&hellip;]\" \/>\n<meta property=\"og:url\" content=\"https:\/\/www.ig.cas.cz\/en\/observatories\/czech-regional-seismic-network\/kasperske-hory-khc\/\" \/>\n<meta property=\"og:site_name\" content=\"Dom\u016f\" \/>\n<meta property=\"article:publisher\" content=\"https:\/\/www.facebook.com\/GFUAVCR\/\" \/>\n<meta property=\"article:modified_time\" content=\"2024-06-27T09:13:57+00:00\" \/>\n<meta property=\"og:image\" content=\"https:\/\/www.ig.cas.cz\/wp-content\/uploads\/2018\/01\/Q330.jpg\" \/>\n\t<meta property=\"og:image:width\" content=\"1994\" \/>\n\t<meta property=\"og:image:height\" content=\"261\" \/>\n\t<meta property=\"og:image:type\" content=\"image\/jpeg\" \/>\n<meta name=\"twitter:card\" content=\"summary_large_image\" \/>\n<meta name=\"twitter:label1\" content=\"Est. reading time\" \/>\n\t<meta name=\"twitter:data1\" content=\"2 minutes\" \/>\n<script type=\"application\/ld+json\" class=\"yoast-schema-graph\">{\"@context\":\"https:\/\/schema.org\",\"@graph\":[{\"@type\":\"WebPage\",\"@id\":\"https:\/\/www.ig.cas.cz\/en\/observatories\/czech-regional-seismic-network\/kasperske-hory-khc\/\",\"url\":\"https:\/\/www.ig.cas.cz\/en\/observatories\/czech-regional-seismic-network\/kasperske-hory-khc\/\",\"name\":\"Ka\u0161persk\u00e9 Hory (KHC) - Geofyzik\u00e1ln\u00ed \u00fastav Akademie v\u011bd \u010cR, v.v.i.\",\"isPartOf\":{\"@id\":\"https:\/\/www.ig.cas.cz\/#website\"},\"primaryImageOfPage\":{\"@id\":\"https:\/\/www.ig.cas.cz\/en\/observatories\/czech-regional-seismic-network\/kasperske-hory-khc\/#primaryimage\"},\"image\":{\"@id\":\"https:\/\/www.ig.cas.cz\/en\/observatories\/czech-regional-seismic-network\/kasperske-hory-khc\/#primaryimage\"},\"thumbnailUrl\":\"https:\/\/www.ig.cas.cz\/wp-content\/uploads\/2018\/01\/Q330.jpg\",\"datePublished\":\"2018-02-01T13:42:40+00:00\",\"dateModified\":\"2024-06-27T09:13:57+00:00\",\"breadcrumb\":{\"@id\":\"https:\/\/www.ig.cas.cz\/en\/observatories\/czech-regional-seismic-network\/kasperske-hory-khc\/#breadcrumb\"},\"inLanguage\":\"en-US\",\"potentialAction\":[{\"@type\":\"ReadAction\",\"target\":[\"https:\/\/www.ig.cas.cz\/en\/observatories\/czech-regional-seismic-network\/kasperske-hory-khc\/\"]}]},{\"@type\":\"ImageObject\",\"inLanguage\":\"en-US\",\"@id\":\"https:\/\/www.ig.cas.cz\/en\/observatories\/czech-regional-seismic-network\/kasperske-hory-khc\/#primaryimage\",\"url\":\"https:\/\/www.ig.cas.cz\/wp-content\/uploads\/2018\/01\/Q330.jpg\",\"contentUrl\":\"https:\/\/www.ig.cas.cz\/wp-content\/uploads\/2018\/01\/Q330.jpg\",\"width\":1994,\"height\":261},{\"@type\":\"BreadcrumbList\",\"@id\":\"https:\/\/www.ig.cas.cz\/en\/observatories\/czech-regional-seismic-network\/kasperske-hory-khc\/#breadcrumb\",\"itemListElement\":[{\"@type\":\"ListItem\",\"position\":1,\"name\":\"Dom\u016f\",\"item\":\"https:\/\/www.ig.cas.cz\/en\/\"},{\"@type\":\"ListItem\",\"position\":2,\"name\":\"Observatories\",\"item\":\"https:\/\/www.ig.cas.cz\/en\/observatories\/\"},{\"@type\":\"ListItem\",\"position\":3,\"name\":\"Czech Regional Seismic Network\",\"item\":\"https:\/\/www.ig.cas.cz\/en\/observatories\/czech-regional-seismic-network\/\"},{\"@type\":\"ListItem\",\"position\":4,\"name\":\"Ka\u0161persk\u00e9 Hory (KHC)\"}]},{\"@type\":\"WebSite\",\"@id\":\"https:\/\/www.ig.cas.cz\/#website\",\"url\":\"https:\/\/www.ig.cas.cz\/\",\"name\":\"Dom\u016f\",\"description\":\"Geofyzik\u00e1ln\u00ed \u00fastav Akademie v\u011bd \u010cR, v.v.i.\",\"potentialAction\":[{\"@type\":\"SearchAction\",\"target\":{\"@type\":\"EntryPoint\",\"urlTemplate\":\"https:\/\/www.ig.cas.cz\/?s={search_term_string}\"},\"query-input\":{\"@type\":\"PropertyValueSpecification\",\"valueRequired\":true,\"valueName\":\"search_term_string\"}}],\"inLanguage\":\"en-US\"}]}<\/script>\n<!-- \/ Yoast SEO plugin. -->","yoast_head_json":{"title":"Ka\u0161persk\u00e9 Hory (KHC) - Geofyzik\u00e1ln\u00ed \u00fastav Akademie v\u011bd \u010cR, v.v.i.","robots":{"index":"index","follow":"follow","max-snippet":"max-snippet:-1","max-image-preview":"max-image-preview:large","max-video-preview":"max-video-preview:-1"},"canonical":"https:\/\/www.ig.cas.cz\/en\/observatories\/czech-regional-seismic-network\/kasperske-hory-khc\/","og_locale":"en_US","og_type":"article","og_title":"Ka\u0161persk\u00e9 Hory (KHC) - Geofyzik\u00e1ln\u00ed \u00fastav Akademie v\u011bd \u010cR, v.v.i.","og_description":"Seismological statione Ka\u0161persk\u00e9 Hory (KHC) in the\u00a0\u0160umava Mts. was founded in\u00a01961 deep in the former golden mine Krist\u00fdna in the valley of the Golden creek. It is considered\u00a0as one of the most sensitive stations in the world.\u00a0Routine very-broadband recording was established\u00a0at KHC\u00a0by Axel Ple\u0161inger in 1973.\u00a0Station is equipped with\u00a0three-componet short- and braodband sensors. Digital data\u00a0are [&hellip;]","og_url":"https:\/\/www.ig.cas.cz\/en\/observatories\/czech-regional-seismic-network\/kasperske-hory-khc\/","og_site_name":"Dom\u016f","article_publisher":"https:\/\/www.facebook.com\/GFUAVCR\/","article_modified_time":"2024-06-27T09:13:57+00:00","og_image":[{"width":1994,"height":261,"url":"https:\/\/www.ig.cas.cz\/wp-content\/uploads\/2018\/01\/Q330.jpg","type":"image\/jpeg"}],"twitter_card":"summary_large_image","twitter_misc":{"Est. reading time":"2 minutes"},"schema":{"@context":"https:\/\/schema.org","@graph":[{"@type":"WebPage","@id":"https:\/\/www.ig.cas.cz\/en\/observatories\/czech-regional-seismic-network\/kasperske-hory-khc\/","url":"https:\/\/www.ig.cas.cz\/en\/observatories\/czech-regional-seismic-network\/kasperske-hory-khc\/","name":"Ka\u0161persk\u00e9 Hory (KHC) - Geofyzik\u00e1ln\u00ed \u00fastav Akademie v\u011bd \u010cR, v.v.i.","isPartOf":{"@id":"https:\/\/www.ig.cas.cz\/#website"},"primaryImageOfPage":{"@id":"https:\/\/www.ig.cas.cz\/en\/observatories\/czech-regional-seismic-network\/kasperske-hory-khc\/#primaryimage"},"image":{"@id":"https:\/\/www.ig.cas.cz\/en\/observatories\/czech-regional-seismic-network\/kasperske-hory-khc\/#primaryimage"},"thumbnailUrl":"https:\/\/www.ig.cas.cz\/wp-content\/uploads\/2018\/01\/Q330.jpg","datePublished":"2018-02-01T13:42:40+00:00","dateModified":"2024-06-27T09:13:57+00:00","breadcrumb":{"@id":"https:\/\/www.ig.cas.cz\/en\/observatories\/czech-regional-seismic-network\/kasperske-hory-khc\/#breadcrumb"},"inLanguage":"en-US","potentialAction":[{"@type":"ReadAction","target":["https:\/\/www.ig.cas.cz\/en\/observatories\/czech-regional-seismic-network\/kasperske-hory-khc\/"]}]},{"@type":"ImageObject","inLanguage":"en-US","@id":"https:\/\/www.ig.cas.cz\/en\/observatories\/czech-regional-seismic-network\/kasperske-hory-khc\/#primaryimage","url":"https:\/\/www.ig.cas.cz\/wp-content\/uploads\/2018\/01\/Q330.jpg","contentUrl":"https:\/\/www.ig.cas.cz\/wp-content\/uploads\/2018\/01\/Q330.jpg","width":1994,"height":261},{"@type":"BreadcrumbList","@id":"https:\/\/www.ig.cas.cz\/en\/observatories\/czech-regional-seismic-network\/kasperske-hory-khc\/#breadcrumb","itemListElement":[{"@type":"ListItem","position":1,"name":"Dom\u016f","item":"https:\/\/www.ig.cas.cz\/en\/"},{"@type":"ListItem","position":2,"name":"Observatories","item":"https:\/\/www.ig.cas.cz\/en\/observatories\/"},{"@type":"ListItem","position":3,"name":"Czech Regional Seismic Network","item":"https:\/\/www.ig.cas.cz\/en\/observatories\/czech-regional-seismic-network\/"},{"@type":"ListItem","position":4,"name":"Ka\u0161persk\u00e9 Hory (KHC)"}]},{"@type":"WebSite","@id":"https:\/\/www.ig.cas.cz\/#website","url":"https:\/\/www.ig.cas.cz\/","name":"Dom\u016f","description":"Geofyzik\u00e1ln\u00ed \u00fastav Akademie v\u011bd \u010cR, v.v.i.","potentialAction":[{"@type":"SearchAction","target":{"@type":"EntryPoint","urlTemplate":"https:\/\/www.ig.cas.cz\/?s={search_term_string}"},"query-input":{"@type":"PropertyValueSpecification","valueRequired":true,"valueName":"search_term_string"}}],"inLanguage":"en-US"}]}},"_links":{"self":[{"href":"https:\/\/www.ig.cas.cz\/en\/wp-json\/wp\/v2\/pages\/4948","targetHints":{"allow":["GET"]}}],"collection":[{"href":"https:\/\/www.ig.cas.cz\/en\/wp-json\/wp\/v2\/pages"}],"about":[{"href":"https:\/\/www.ig.cas.cz\/en\/wp-json\/wp\/v2\/types\/page"}],"author":[{"embeddable":true,"href":"https:\/\/www.ig.cas.cz\/en\/wp-json\/wp\/v2\/users\/10"}],"replies":[{"embeddable":true,"href":"https:\/\/www.ig.cas.cz\/en\/wp-json\/wp\/v2\/comments?post=4948"}],"version-history":[{"count":3,"href":"https:\/\/www.ig.cas.cz\/en\/wp-json\/wp\/v2\/pages\/4948\/revisions"}],"predecessor-version":[{"id":39242,"href":"https:\/\/www.ig.cas.cz\/en\/wp-json\/wp\/v2\/pages\/4948\/revisions\/39242"}],"up":[{"embeddable":true,"href":"https:\/\/www.ig.cas.cz\/en\/wp-json\/wp\/v2\/pages\/7585"}],"wp:featuredmedia":[{"embeddable":true,"href":"https:\/\/www.ig.cas.cz\/en\/wp-json\/wp\/v2\/media\/4844"}],"wp:attachment":[{"href":"https:\/\/www.ig.cas.cz\/en\/wp-json\/wp\/v2\/media?parent=4948"}],"wp:term":[{"taxonomy":"category","embeddable":true,"href":"https:\/\/www.ig.cas.cz\/en\/wp-json\/wp\/v2\/categories?post=4948"},{"taxonomy":"post_tag","embeddable":true,"href":"https:\/\/www.ig.cas.cz\/en\/wp-json\/wp\/v2\/tags?post=4948"}],"curies":[{"name":"wp","href":"https:\/\/api.w.org\/{rel}","templated":true}]}}