{"id":4950,"date":"2018-02-01T14:43:39","date_gmt":"2018-02-01T13:43:39","guid":{"rendered":"http:\/\/igcas.antstudio.eu\/?page_id=4950"},"modified":"2024-06-27T11:09:58","modified_gmt":"2024-06-27T09:09:58","slug":"novy-kostel-nkc","status":"publish","type":"page","link":"https:\/\/www.ig.cas.cz\/en\/observatories\/czech-regional-seismic-network\/novy-kostel-nkc\/","title":{"rendered":"Nov\u00fd Kostel (NKC)"},"content":{"rendered":"<p>[et_pb_section fb_built=&#8221;1&#8243; admin_label=&#8221;section&#8221; _builder_version=&#8221;4.16&#8243; custom_padding=&#8221;19.19000244140625px|0px|13px|0px&#8221; global_colors_info=&#8221;{}&#8221;][et_pb_row column_structure=&#8221;3_4,1_4&#8243; admin_label=&#8221;row&#8221; _builder_version=&#8221;4.16&#8243; background_size=&#8221;initial&#8221; background_position=&#8221;top_left&#8221; background_repeat=&#8221;repeat&#8221; custom_padding=&#8221;3.760009765625px|0px|5.63995361328125px|0px&#8221; global_colors_info=&#8221;{}&#8221;][et_pb_column type=&#8221;3_4&#8243; _builder_version=&#8221;4.16&#8243; custom_padding=&#8221;|||&#8221; global_colors_info=&#8221;{}&#8221; custom_padding__hover=&#8221;|||&#8221;][et_pb_text _builder_version=&#8221;4.16&#8243; background_size=&#8221;initial&#8221; background_position=&#8221;top_left&#8221; background_repeat=&#8221;repeat&#8221; global_colors_info=&#8221;{}&#8221;]<strong>Seismological station Nov\u00fd Kostel (NKC)<\/strong> is operated in earthqauke swarm region in West Bohemia.\u00a0Since 1998\u00a0the station\u00a0is equipped with\u00a0broadband sensor\u00a0STS-2. The recording is complemented since 2003 by strong-motion accelerograph EpisSensor. Data are transferred in real time to the Institute of Geophysics. Station NKC is part of the local seismic network WEBNET.<\/p>\n<p>&nbsp;<br \/>\n[\/et_pb_text][et_pb_code _builder_version=&#8221;4.16&#8243; global_colors_info=&#8221;{}&#8221;]<img decoding=\"async\" src=\"http:\/\/czechgeo.cz\/plotfiles\/NKC\/2018_01_20.png\" id=\"image\" name=\"image\" \/><!-- [et_pb_line_break_holder] --><button type=\"button\" onclick=\"plusClick()\">p\u0159edchoz\u00ed den<\/button><!-- [et_pb_line_break_holder] --><button type=\"button\" onclick=\"minusClick()\">n\u00e1sleduj\u00edc\u00ed den<\/button><!-- [et_pb_line_break_holder] --><script><!-- [et_pb_line_break_holder] -->var pre='http:\/\/czechgeo.ig.cas.cz\/plotfiles\/gfu\/NKC\/';<!-- [et_pb_line_break_holder] -->var datum = new Date();<!-- [et_pb_line_break_holder] -->var y = datum.getFullYear();<!-- [et_pb_line_break_holder] -->var m = (\"0\"+(datum.getMonth()+1)).slice(-2);<!-- [et_pb_line_break_holder] -->var d = (\"0\"+datum.getDate()).slice(-2);<!-- [et_pb_line_break_holder] -->var adresa = pre+y+\"_\"+m+\"_\"+d+\".png\";<!-- [et_pb_line_break_holder] -->document.getElementById('image').src = adresa;<!-- [et_pb_line_break_holder] -->var off = 0;<!-- [et_pb_line_break_holder] -->var datum2=new Date();<!-- [et_pb_line_break_holder] -->var msinday=86400000;<!-- [et_pb_line_break_holder] --><!-- [et_pb_line_break_holder] -->function plusClick() {<!-- [et_pb_line_break_holder] --> if (off<10){ <!-- [et_pb_line_break_holder] --> off += 1;<!-- [et_pb_line_break_holder] --> datum2.setTime(datum.getTime()-86400000*off);<!-- [et_pb_line_break_holder] --> adresa = pre+datum2.getFullYear()+\"_\"+(\"0\"+(datum2.getMonth()+1)).slice(-2)+\"_\"+(\"0\"+datum2.getDate()).slice(-2)+\".png\";<!-- [et_pb_line_break_holder] --> document.getElementById('image').src = adresa;<!-- [et_pb_line_break_holder] --> }<!-- [et_pb_line_break_holder] --> else{<!-- [et_pb_line_break_holder] --> }<!-- [et_pb_line_break_holder] --> };<!-- [et_pb_line_break_holder] -->function minusClick() {<!-- [et_pb_line_break_holder] --> if (off>0){ <!-- [et_pb_line_break_holder] --> off -= 1;<!-- [et_pb_line_break_holder] --> datum2.setTime(datum.getTime()-86400000*off);<!-- [et_pb_line_break_holder] --> adresa = pre+datum2.getFullYear()+\"_\"+(\"0\"+(datum2.getMonth()+1)).slice(-2)+\"_\"+(\"0\"+datum2.getDate()).slice(-2)+\".png\";<!-- [et_pb_line_break_holder] --> document.getElementById('image').src = adresa;<!-- [et_pb_line_break_holder] --> }<!-- [et_pb_line_break_holder] --> else{<!-- [et_pb_line_break_holder] --> }<!-- [et_pb_line_break_holder] --> };<!-- [et_pb_line_break_holder] --><\/script><!-- [et_pb_line_break_holder] --><!-- [et_pb_line_break_holder] -->[\/et_pb_code][\/et_pb_column][et_pb_column type=&#8221;1_4&#8243; _builder_version=&#8221;4.16&#8243; custom_padding=&#8221;|||&#8221; global_colors_info=&#8221;{}&#8221; custom_padding__hover=&#8221;|||&#8221;][et_pb_image src=&#8221;https:\/\/www.ig.cas.cz\/wp-content\/uploads\/2018\/01\/nkc.jpg&#8221; align_tablet=&#8221;center&#8221; align_phone=&#8221;&#8221; align_last_edited=&#8221;on|desktop&#8221; _builder_version=&#8221;4.16&#8243; global_colors_info=&#8221;{}&#8221;]&nbsp;<br \/>\n[\/et_pb_image][et_pb_text _builder_version=&#8221;4.16&#8243; global_colors_info=&#8221;{}&#8221;]<\/p>\n<p><strong>Coordinates:<\/strong> 50.2331N 12.4479E<br \/><strong>Altitude:<\/strong> 564&nbsp;m<br \/><strong>Seismometers:<\/strong>\u00a0broaband sensor Streckeisen STS-2,\u00a0short-period SM-3,\u00a0accelerograph Kinemetrics EpiSensor<br \/><strong>Recording system:<\/strong> Q330S<br \/><strong>Sampling frequency:<\/strong> 100 Hz<br \/><strong>Dynamic range:<\/strong> 140 dB<br \/><strong>Frequency range:<\/strong> 0.02-120 s<br \/><strong>Data format:<\/strong> miniSEED<br \/><strong>Metadata:<\/strong> <a href=\"https:\/\/www.ig.cas.cz\/wp-content\/uploads\/2024\/06\/dataless_CRSN_NKC.txt\">dataless SEED<\/a>, <a href=\"https:\/\/www.ig.cas.cz\/wp-content\/uploads\/2024\/06\/stationxml_CRSN_NKC.txt\">stationxml<\/a><br \/><strong>Available data:<\/strong> b\u0159ezen 1998 &#8211; dosud<br \/><strong>Operator:<\/strong> Geofyzik\u00e1ln\u00ed \u00fastav AV \u010cR<br \/><strong>Contact person:<\/strong> Jan Zedn\u00edk &#8211; <a href=\"mailto:jzd@ig.cas.cz\">jzd@ig.cas.cz<\/a><\/p>\n<p>[\/et_pb_text][\/et_pb_column][\/et_pb_row][\/et_pb_section]<\/p>\n","protected":false},"excerpt":{"rendered":"<p>Seismological station Nov\u00fd Kostel (NKC) is operated in earthqauke swarm region in West Bohemia.\u00a0Since 1998\u00a0the station\u00a0is equipped with\u00a0broadband sensor\u00a0STS-2. The recording is complemented since 2003 by strong-motion accelerograph EpisSensor. Data are transferred in real time to the Institute of Geophysics. Station NKC is part of the local seismic network WEBNET. &nbsp; &nbsp; Coordinates: 50.2331N 12.4479EAltitude: [&hellip;]<\/p>\n","protected":false},"author":10,"featured_media":4844,"parent":7585,"menu_order":0,"comment_status":"closed","ping_status":"closed","template":"","meta":{"_et_pb_use_builder":"on","_et_pb_old_content":"Stanice Nov\u00fd Kostel je sou\u010d\u00e1st\u00ed lok\u00e1ln\u00ed seismick\u00e9 pozorovac\u00ed s\u00edt\u011b WEBNET, kterou Geofyzik\u00e1ln\u00ed \u00fastav provozuje spole\u010dn\u011b s \u00dastavem struktury a mechaniky hornin AV \u010cR v seismicky aktivn\u00ed oblasti Z\u00e1padn\u00edch \u010cech. Pro tuto oblast je charakteristick\u00fd \u010dast\u00fd v\u00fdskyt zem\u011bt\u0159esn\u00fdch roj\u016f. Od r. 1998 je na stanici v provozu i velmi \u0161irokop\u00e1smov\u00fd seismometrick\u00fd seismometr STS-2. V r. 2003 byl na stanici instalov\u00e1n sensor na m\u011b\u0159en\u00ed siln\u00fdch pohyb\u016f p\u016fdy Kinemetrics Episensor. Data jsou p\u0159en\u00e1\u0161ena Internetem v re\u00e1ln\u00e9m \u010dase do Geofyzik\u00e1ln\u00edho \u00fastavu. Stanice NKC je sou\u010d\u00e1st\u00ed \u010cesk\u00e9 region\u00e1ln\u00ed seismick\u00e9 s\u00edt\u011b.\r\n\r\nSou\u0159adnice: 50.2331N 12.4479E\r\nNadmo\u0159sk\u00e1 v\u00fd\u0161ka: 564 m\r\nSeismometry: \u0160irokop\u00e1smov\u00fd sensor STS-2, kr\u00e1tkoperiodick\u00e9 SM-3, sensor na m\u011b\u0159en\u00ed siln\u00fdch pohyb\u016f p\u016fdy Kinemetrics EpiSensor\r\nRegistra\u010dn\u00ed syst\u00e9m: Q330S\u00a0 (EarthData + SeisComP 2003-2010)\r\nVzorkovac\u00ed frekvence: 20\/100 Hz\r\nDynamick\u00fd rozsah: 140 dB\r\nFrekven\u010dn\u00ed rozsah: 0.02-120 s\r\nDatov\u00fd form\u00e1t: miniSEED\r\nDostupn\u00e1 data: b\u0159ezen 1998 - dosud\r\nProvozovatel: Geofyzik\u00e1ln\u00ed \u00fastav AV \u010cR\r\nKontaktn\u00ed osoba: Jan Zedn\u00edk - jzd [AT] ig.cas.cz","_et_gb_content_width":"","footnotes":""},"categories":[],"tags":[],"class_list":["post-4950","page","type-page","status-publish","has-post-thumbnail","hentry"],"yoast_head":"<!-- This site is optimized with the Yoast SEO plugin v25.9 - https:\/\/yoast.com\/wordpress\/plugins\/seo\/ -->\n<title>Nov\u00fd Kostel (NKC) - Geofyzik\u00e1ln\u00ed \u00fastav Akademie v\u011bd \u010cR, v.v.i.<\/title>\n<meta name=\"robots\" content=\"index, follow, max-snippet:-1, max-image-preview:large, max-video-preview:-1\" \/>\n<link rel=\"canonical\" href=\"https:\/\/www.ig.cas.cz\/en\/observatories\/czech-regional-seismic-network\/novy-kostel-nkc\/\" \/>\n<meta property=\"og:locale\" content=\"en_US\" \/>\n<meta property=\"og:type\" content=\"article\" \/>\n<meta property=\"og:title\" content=\"Nov\u00fd Kostel (NKC) - Geofyzik\u00e1ln\u00ed \u00fastav Akademie v\u011bd \u010cR, v.v.i.\" \/>\n<meta property=\"og:description\" content=\"Seismological station Nov\u00fd Kostel (NKC) is operated in earthqauke swarm region in West Bohemia.\u00a0Since 1998\u00a0the station\u00a0is equipped with\u00a0broadband sensor\u00a0STS-2. The recording is complemented since 2003 by strong-motion accelerograph EpisSensor. Data are transferred in real time to the Institute of Geophysics. Station NKC is part of the local seismic network WEBNET. &nbsp; &nbsp; Coordinates: 50.2331N 12.4479EAltitude: [&hellip;]\" \/>\n<meta property=\"og:url\" content=\"https:\/\/www.ig.cas.cz\/en\/observatories\/czech-regional-seismic-network\/novy-kostel-nkc\/\" \/>\n<meta property=\"og:site_name\" content=\"Dom\u016f\" \/>\n<meta property=\"article:publisher\" content=\"https:\/\/www.facebook.com\/GFUAVCR\/\" \/>\n<meta property=\"article:modified_time\" content=\"2024-06-27T09:09:58+00:00\" \/>\n<meta property=\"og:image\" content=\"https:\/\/www.ig.cas.cz\/wp-content\/uploads\/2018\/01\/Q330.jpg\" \/>\n\t<meta property=\"og:image:width\" content=\"1994\" \/>\n\t<meta property=\"og:image:height\" content=\"261\" \/>\n\t<meta property=\"og:image:type\" content=\"image\/jpeg\" \/>\n<meta name=\"twitter:card\" content=\"summary_large_image\" \/>\n<meta name=\"twitter:label1\" content=\"Est. reading time\" \/>\n\t<meta name=\"twitter:data1\" content=\"1 minute\" \/>\n<script type=\"application\/ld+json\" class=\"yoast-schema-graph\">{\"@context\":\"https:\/\/schema.org\",\"@graph\":[{\"@type\":\"WebPage\",\"@id\":\"https:\/\/www.ig.cas.cz\/en\/observatories\/czech-regional-seismic-network\/novy-kostel-nkc\/\",\"url\":\"https:\/\/www.ig.cas.cz\/en\/observatories\/czech-regional-seismic-network\/novy-kostel-nkc\/\",\"name\":\"Nov\u00fd Kostel (NKC) - Geofyzik\u00e1ln\u00ed \u00fastav Akademie v\u011bd \u010cR, v.v.i.\",\"isPartOf\":{\"@id\":\"https:\/\/www.ig.cas.cz\/#website\"},\"primaryImageOfPage\":{\"@id\":\"https:\/\/www.ig.cas.cz\/en\/observatories\/czech-regional-seismic-network\/novy-kostel-nkc\/#primaryimage\"},\"image\":{\"@id\":\"https:\/\/www.ig.cas.cz\/en\/observatories\/czech-regional-seismic-network\/novy-kostel-nkc\/#primaryimage\"},\"thumbnailUrl\":\"https:\/\/www.ig.cas.cz\/wp-content\/uploads\/2018\/01\/Q330.jpg\",\"datePublished\":\"2018-02-01T13:43:39+00:00\",\"dateModified\":\"2024-06-27T09:09:58+00:00\",\"breadcrumb\":{\"@id\":\"https:\/\/www.ig.cas.cz\/en\/observatories\/czech-regional-seismic-network\/novy-kostel-nkc\/#breadcrumb\"},\"inLanguage\":\"en-US\",\"potentialAction\":[{\"@type\":\"ReadAction\",\"target\":[\"https:\/\/www.ig.cas.cz\/en\/observatories\/czech-regional-seismic-network\/novy-kostel-nkc\/\"]}]},{\"@type\":\"ImageObject\",\"inLanguage\":\"en-US\",\"@id\":\"https:\/\/www.ig.cas.cz\/en\/observatories\/czech-regional-seismic-network\/novy-kostel-nkc\/#primaryimage\",\"url\":\"https:\/\/www.ig.cas.cz\/wp-content\/uploads\/2018\/01\/Q330.jpg\",\"contentUrl\":\"https:\/\/www.ig.cas.cz\/wp-content\/uploads\/2018\/01\/Q330.jpg\",\"width\":1994,\"height\":261},{\"@type\":\"BreadcrumbList\",\"@id\":\"https:\/\/www.ig.cas.cz\/en\/observatories\/czech-regional-seismic-network\/novy-kostel-nkc\/#breadcrumb\",\"itemListElement\":[{\"@type\":\"ListItem\",\"position\":1,\"name\":\"Dom\u016f\",\"item\":\"https:\/\/www.ig.cas.cz\/en\/\"},{\"@type\":\"ListItem\",\"position\":2,\"name\":\"Observatories\",\"item\":\"https:\/\/www.ig.cas.cz\/en\/observatories\/\"},{\"@type\":\"ListItem\",\"position\":3,\"name\":\"Czech Regional Seismic Network\",\"item\":\"https:\/\/www.ig.cas.cz\/en\/observatories\/czech-regional-seismic-network\/\"},{\"@type\":\"ListItem\",\"position\":4,\"name\":\"Nov\u00fd Kostel (NKC)\"}]},{\"@type\":\"WebSite\",\"@id\":\"https:\/\/www.ig.cas.cz\/#website\",\"url\":\"https:\/\/www.ig.cas.cz\/\",\"name\":\"Dom\u016f\",\"description\":\"Geofyzik\u00e1ln\u00ed \u00fastav Akademie v\u011bd \u010cR, v.v.i.\",\"potentialAction\":[{\"@type\":\"SearchAction\",\"target\":{\"@type\":\"EntryPoint\",\"urlTemplate\":\"https:\/\/www.ig.cas.cz\/?s={search_term_string}\"},\"query-input\":{\"@type\":\"PropertyValueSpecification\",\"valueRequired\":true,\"valueName\":\"search_term_string\"}}],\"inLanguage\":\"en-US\"}]}<\/script>\n<!-- \/ Yoast SEO plugin. -->","yoast_head_json":{"title":"Nov\u00fd Kostel (NKC) - Geofyzik\u00e1ln\u00ed \u00fastav Akademie v\u011bd \u010cR, v.v.i.","robots":{"index":"index","follow":"follow","max-snippet":"max-snippet:-1","max-image-preview":"max-image-preview:large","max-video-preview":"max-video-preview:-1"},"canonical":"https:\/\/www.ig.cas.cz\/en\/observatories\/czech-regional-seismic-network\/novy-kostel-nkc\/","og_locale":"en_US","og_type":"article","og_title":"Nov\u00fd Kostel (NKC) - Geofyzik\u00e1ln\u00ed \u00fastav Akademie v\u011bd \u010cR, v.v.i.","og_description":"Seismological station Nov\u00fd Kostel (NKC) is operated in earthqauke swarm region in West Bohemia.\u00a0Since 1998\u00a0the station\u00a0is equipped with\u00a0broadband sensor\u00a0STS-2. The recording is complemented since 2003 by strong-motion accelerograph EpisSensor. Data are transferred in real time to the Institute of Geophysics. Station NKC is part of the local seismic network WEBNET. &nbsp; &nbsp; Coordinates: 50.2331N 12.4479EAltitude: [&hellip;]","og_url":"https:\/\/www.ig.cas.cz\/en\/observatories\/czech-regional-seismic-network\/novy-kostel-nkc\/","og_site_name":"Dom\u016f","article_publisher":"https:\/\/www.facebook.com\/GFUAVCR\/","article_modified_time":"2024-06-27T09:09:58+00:00","og_image":[{"width":1994,"height":261,"url":"https:\/\/www.ig.cas.cz\/wp-content\/uploads\/2018\/01\/Q330.jpg","type":"image\/jpeg"}],"twitter_card":"summary_large_image","twitter_misc":{"Est. reading time":"1 minute"},"schema":{"@context":"https:\/\/schema.org","@graph":[{"@type":"WebPage","@id":"https:\/\/www.ig.cas.cz\/en\/observatories\/czech-regional-seismic-network\/novy-kostel-nkc\/","url":"https:\/\/www.ig.cas.cz\/en\/observatories\/czech-regional-seismic-network\/novy-kostel-nkc\/","name":"Nov\u00fd Kostel (NKC) - Geofyzik\u00e1ln\u00ed \u00fastav Akademie v\u011bd \u010cR, v.v.i.","isPartOf":{"@id":"https:\/\/www.ig.cas.cz\/#website"},"primaryImageOfPage":{"@id":"https:\/\/www.ig.cas.cz\/en\/observatories\/czech-regional-seismic-network\/novy-kostel-nkc\/#primaryimage"},"image":{"@id":"https:\/\/www.ig.cas.cz\/en\/observatories\/czech-regional-seismic-network\/novy-kostel-nkc\/#primaryimage"},"thumbnailUrl":"https:\/\/www.ig.cas.cz\/wp-content\/uploads\/2018\/01\/Q330.jpg","datePublished":"2018-02-01T13:43:39+00:00","dateModified":"2024-06-27T09:09:58+00:00","breadcrumb":{"@id":"https:\/\/www.ig.cas.cz\/en\/observatories\/czech-regional-seismic-network\/novy-kostel-nkc\/#breadcrumb"},"inLanguage":"en-US","potentialAction":[{"@type":"ReadAction","target":["https:\/\/www.ig.cas.cz\/en\/observatories\/czech-regional-seismic-network\/novy-kostel-nkc\/"]}]},{"@type":"ImageObject","inLanguage":"en-US","@id":"https:\/\/www.ig.cas.cz\/en\/observatories\/czech-regional-seismic-network\/novy-kostel-nkc\/#primaryimage","url":"https:\/\/www.ig.cas.cz\/wp-content\/uploads\/2018\/01\/Q330.jpg","contentUrl":"https:\/\/www.ig.cas.cz\/wp-content\/uploads\/2018\/01\/Q330.jpg","width":1994,"height":261},{"@type":"BreadcrumbList","@id":"https:\/\/www.ig.cas.cz\/en\/observatories\/czech-regional-seismic-network\/novy-kostel-nkc\/#breadcrumb","itemListElement":[{"@type":"ListItem","position":1,"name":"Dom\u016f","item":"https:\/\/www.ig.cas.cz\/en\/"},{"@type":"ListItem","position":2,"name":"Observatories","item":"https:\/\/www.ig.cas.cz\/en\/observatories\/"},{"@type":"ListItem","position":3,"name":"Czech Regional Seismic Network","item":"https:\/\/www.ig.cas.cz\/en\/observatories\/czech-regional-seismic-network\/"},{"@type":"ListItem","position":4,"name":"Nov\u00fd Kostel (NKC)"}]},{"@type":"WebSite","@id":"https:\/\/www.ig.cas.cz\/#website","url":"https:\/\/www.ig.cas.cz\/","name":"Dom\u016f","description":"Geofyzik\u00e1ln\u00ed \u00fastav Akademie v\u011bd \u010cR, v.v.i.","potentialAction":[{"@type":"SearchAction","target":{"@type":"EntryPoint","urlTemplate":"https:\/\/www.ig.cas.cz\/?s={search_term_string}"},"query-input":{"@type":"PropertyValueSpecification","valueRequired":true,"valueName":"search_term_string"}}],"inLanguage":"en-US"}]}},"_links":{"self":[{"href":"https:\/\/www.ig.cas.cz\/en\/wp-json\/wp\/v2\/pages\/4950","targetHints":{"allow":["GET"]}}],"collection":[{"href":"https:\/\/www.ig.cas.cz\/en\/wp-json\/wp\/v2\/pages"}],"about":[{"href":"https:\/\/www.ig.cas.cz\/en\/wp-json\/wp\/v2\/types\/page"}],"author":[{"embeddable":true,"href":"https:\/\/www.ig.cas.cz\/en\/wp-json\/wp\/v2\/users\/10"}],"replies":[{"embeddable":true,"href":"https:\/\/www.ig.cas.cz\/en\/wp-json\/wp\/v2\/comments?post=4950"}],"version-history":[{"count":2,"href":"https:\/\/www.ig.cas.cz\/en\/wp-json\/wp\/v2\/pages\/4950\/revisions"}],"predecessor-version":[{"id":39240,"href":"https:\/\/www.ig.cas.cz\/en\/wp-json\/wp\/v2\/pages\/4950\/revisions\/39240"}],"up":[{"embeddable":true,"href":"https:\/\/www.ig.cas.cz\/en\/wp-json\/wp\/v2\/pages\/7585"}],"wp:featuredmedia":[{"embeddable":true,"href":"https:\/\/www.ig.cas.cz\/en\/wp-json\/wp\/v2\/media\/4844"}],"wp:attachment":[{"href":"https:\/\/www.ig.cas.cz\/en\/wp-json\/wp\/v2\/media?parent=4950"}],"wp:term":[{"taxonomy":"category","embeddable":true,"href":"https:\/\/www.ig.cas.cz\/en\/wp-json\/wp\/v2\/categories?post=4950"},{"taxonomy":"post_tag","embeddable":true,"href":"https:\/\/www.ig.cas.cz\/en\/wp-json\/wp\/v2\/tags?post=4950"}],"curies":[{"name":"wp","href":"https:\/\/api.w.org\/{rel}","templated":true}]}}