{"id":4959,"date":"2018-02-01T14:48:42","date_gmt":"2018-02-01T13:48:42","guid":{"rendered":"http:\/\/igcas.antstudio.eu\/?page_id=4959"},"modified":"2024-06-27T11:59:45","modified_gmt":"2024-06-27T09:59:45","slug":"chvalec-chvc","status":"publish","type":"page","link":"https:\/\/www.ig.cas.cz\/en\/observatories\/czech-regional-seismic-network\/chvalec-chvc\/","title":{"rendered":"Chvale\u010d (CHVC)"},"content":{"rendered":"<p>[et_pb_section fb_built=&#8221;1&#8243; admin_label=&#8221;section&#8221; _builder_version=&#8221;4.16&#8243; custom_padding=&#8221;20px|0px|6px|0px&#8221; global_colors_info=&#8221;{}&#8221;][et_pb_row column_structure=&#8221;3_4,1_4&#8243; admin_label=&#8221;row&#8221; _builder_version=&#8221;4.16&#8243; background_size=&#8221;initial&#8221; background_position=&#8221;top_left&#8221; background_repeat=&#8221;repeat&#8221; custom_padding=&#8221;0px|0px|28.95px|0px&#8221; global_colors_info=&#8221;{}&#8221;][et_pb_column type=&#8221;3_4&#8243; _builder_version=&#8221;4.16&#8243; custom_padding=&#8221;|||&#8221; global_colors_info=&#8221;{}&#8221; custom_padding__hover=&#8221;|||&#8221;][et_pb_text _builder_version=&#8221;4.16&#8243; background_size=&#8221;initial&#8221; background_position=&#8221;top_left&#8221; background_repeat=&#8221;repeat&#8221; global_colors_info=&#8221;{}&#8221;]<strong>Seismological station\u00a0Chvale\u010d (CHVC)<\/strong> was established in\u00a02009 in Eastern Bohemia to monitor earthquake activity at the Hronov-Po\u0159\u00ed\u010d\u00ed fault.\u00a0Station is equipped with\u00a0a broadband seismometer and connected to Internet.\u00a0Digital data are\u00a0transferred in real time to the Institute of Geophysics. Station CHVC is part of the Czech Regional Seismic Network.<br \/>\n[\/et_pb_text][et_pb_code _builder_version=&#8221;4.16&#8243; global_colors_info=&#8221;{}&#8221;]<img decoding=\"async\" src=\"http:\/\/czechgeo.cz\/plotfiles\/CHVC\/2018_01_20.png\" id=\"image\" name=\"image\" \/><!-- [et_pb_line_break_holder] --><button type=\"button\" onclick=\"plusClick()\">p\u0159edchoz\u00ed den<\/button><!-- [et_pb_line_break_holder] --><button type=\"button\" onclick=\"minusClick()\">n\u00e1sleduj\u00edc\u00ed den<\/button><!-- [et_pb_line_break_holder] --><script><!-- [et_pb_line_break_holder] -->var pre='http:\/\/czechgeo.ig.cas.cz\/plotfiles\/gfu\/CHVC\/';<!-- [et_pb_line_break_holder] -->var datum = new Date();<!-- [et_pb_line_break_holder] -->var y = datum.getFullYear();<!-- [et_pb_line_break_holder] -->var m = (\"0\"+(datum.getMonth()+1)).slice(-2);<!-- [et_pb_line_break_holder] -->var d = (\"0\"+datum.getDate()).slice(-2);<!-- [et_pb_line_break_holder] -->var adresa = pre+y+\"_\"+m+\"_\"+d+\".png\";<!-- [et_pb_line_break_holder] -->document.getElementById('image').src = adresa;<!-- [et_pb_line_break_holder] -->var off = 0;<!-- [et_pb_line_break_holder] -->var datum2=new Date();<!-- [et_pb_line_break_holder] -->var msinday=86400000;<!-- [et_pb_line_break_holder] --><!-- [et_pb_line_break_holder] -->function plusClick() {<!-- [et_pb_line_break_holder] --> if (off<10){ <!-- [et_pb_line_break_holder] --> off += 1;<!-- [et_pb_line_break_holder] --> datum2.setTime(datum.getTime()-86400000*off);<!-- [et_pb_line_break_holder] --> adresa = pre+datum2.getFullYear()+\"_\"+(\"0\"+(datum2.getMonth()+1)).slice(-2)+\"_\"+(\"0\"+datum2.getDate()).slice(-2)+\".png\";<!-- [et_pb_line_break_holder] --> document.getElementById('image').src = adresa;<!-- [et_pb_line_break_holder] --> }<!-- [et_pb_line_break_holder] --> else{<!-- [et_pb_line_break_holder] --> }<!-- [et_pb_line_break_holder] --> };<!-- [et_pb_line_break_holder] -->function minusClick() {<!-- [et_pb_line_break_holder] --> if (off>0){ <!-- [et_pb_line_break_holder] --> off -= 1;<!-- [et_pb_line_break_holder] --> datum2.setTime(datum.getTime()-86400000*off);<!-- [et_pb_line_break_holder] --> adresa = pre+datum2.getFullYear()+\"_\"+(\"0\"+(datum2.getMonth()+1)).slice(-2)+\"_\"+(\"0\"+datum2.getDate()).slice(-2)+\".png\";<!-- [et_pb_line_break_holder] --> document.getElementById('image').src = adresa;<!-- [et_pb_line_break_holder] --> }<!-- [et_pb_line_break_holder] --> else{<!-- [et_pb_line_break_holder] --> }<!-- [et_pb_line_break_holder] --> };<!-- [et_pb_line_break_holder] --><\/script><!-- [et_pb_line_break_holder] --><!-- [et_pb_line_break_holder] -->[\/et_pb_code][\/et_pb_column][et_pb_column type=&#8221;1_4&#8243; _builder_version=&#8221;4.16&#8243; custom_padding=&#8221;|||&#8221; global_colors_info=&#8221;{}&#8221; custom_padding__hover=&#8221;|||&#8221;][et_pb_image src=&#8221;https:\/\/www.ig.cas.cz\/wp-content\/uploads\/2018\/01\/CHVC_pilir.jpg&#8221; align_tablet=&#8221;center&#8221; align_phone=&#8221;&#8221; align_last_edited=&#8221;on|desktop&#8221; _builder_version=&#8221;4.16&#8243; global_colors_info=&#8221;{}&#8221;]&nbsp;<br \/>\n[\/et_pb_image][et_pb_text _builder_version=&#8221;4.16&#8243; global_colors_info=&#8221;{}&#8221;]<\/p>\n<p><strong>Coordinates:<\/strong> 50.5881N 16.0547E<br \/><strong>Altitute:<\/strong>\u00a0580&nbsp;m<br \/><strong>Seismometre:<\/strong>\u00a0broadband sensor Streckeisen\u00a0STS-2<br \/><strong>Recording system:<\/strong> Seislogger-310<br \/><strong>Sampling frequency:<\/strong> 250 Hz<br \/><strong>Dynamic range:<\/strong> 140 dB<br \/><strong>Frequency range:<\/strong> 0.02-120 s<br \/><strong>Data\u00a0format:<\/strong> miniSEED, GSE2.1<br \/><strong>Matedata:<\/strong> <a href=\"https:\/\/www.ig.cas.cz\/wp-content\/uploads\/2024\/06\/dataless_CRSN_CHVC.txt\">dataless SEED<\/a>, <a href=\"https:\/\/www.ig.cas.cz\/wp-content\/uploads\/2024\/06\/stationxml_CRSN_CHVC.txt\">stationxml<\/a><br \/><strong>Available data:<\/strong>\u00a0May 2009 &#8211; present<br \/><strong>Operator:<\/strong>\u00a0Institute of Rock Structure and Mechanics CAS<br \/><strong>Contact person:<\/strong> Ji\u0159\u00ed M\u00e1lek &#8211; <a href=\"mailto:malek@irsm.cas.cz\">malek@irsm.cas.cz<\/a><\/p>\n<p>[\/et_pb_text][\/et_pb_column][\/et_pb_row][\/et_pb_section]<\/p>\n","protected":false},"excerpt":{"rendered":"<p>Seismological station\u00a0Chvale\u010d (CHVC) was established in\u00a02009 in Eastern Bohemia to monitor earthquake activity at the Hronov-Po\u0159\u00ed\u010d\u00ed fault.\u00a0Station is equipped with\u00a0a broadband seismometer and connected to Internet.\u00a0Digital data are\u00a0transferred in real time to the Institute of Geophysics. Station CHVC is part of the Czech Regional Seismic Network. &nbsp; Coordinates: 50.5881N 16.0547EAltitute:\u00a0580 mSeismometre:\u00a0broadband sensor Streckeisen\u00a0STS-2Recording system: Seislogger-310Sampling [&hellip;]<\/p>\n","protected":false},"author":10,"featured_media":4844,"parent":7585,"menu_order":0,"comment_status":"closed","ping_status":"closed","template":"","meta":{"_et_pb_use_builder":"on","_et_pb_old_content":"Seismologick\u00e1 stanice Pr\u016fhonice (PRU) byla zalo\u017eena v r. 1957. Nach\u00e1z\u00ed se v zadn\u00ed, klidn\u011bj\u0161\u00ed \u010d\u00e1sti pr\u016fhonick\u00e9ho parku v m\u011blk\u00e9m, um\u011ble vybudovan\u00e9m sklep\u011b. Seismometry jsou instalov\u00e1ny na masivn\u00edch betonov\u00fdch pil\u00ed\u0159\u00edch. Stanice je vybavena t\u0159\u00edslo\u017ekov\u00fdmi kr\u00e1tkoperiodick\u00fdmi p\u0159\u00edstroji, vhodn\u00fdmi hlavn\u011b pro registraci bl\u00edzk\u00fdch seismick\u00fdch jev\u016f a pr\u016fmyslov\u00fdch odpal\u016f, a \u0161irokop\u00e1smov\u00fdm seismometrem pro registraci vzd\u00e1len\u011bj\u0161\u00edch zem\u011bt\u0159esen\u00ed. Digit\u00e1ln\u00ed data jsou p\u0159en\u00e1\u0161ena v re\u00e1ln\u00e9m \u010dase optick\u00fdm kabelem a p\u0159es internet do Geofyzik\u00e1ln\u00edho \u00fastavu. Stanice je sou\u010d\u00e1st\u00ed \u010cesk\u00e9 region\u00e1ln\u00ed seismick\u00e9 s\u00edt\u011b.","_et_gb_content_width":"","footnotes":""},"categories":[],"tags":[],"class_list":["post-4959","page","type-page","status-publish","has-post-thumbnail","hentry"],"yoast_head":"<!-- This site is optimized with the Yoast SEO plugin v25.9 - https:\/\/yoast.com\/wordpress\/plugins\/seo\/ -->\n<title>Chvale\u010d (CHVC) - Geofyzik\u00e1ln\u00ed \u00fastav Akademie v\u011bd \u010cR, v.v.i.<\/title>\n<meta name=\"robots\" content=\"index, follow, max-snippet:-1, max-image-preview:large, max-video-preview:-1\" \/>\n<link rel=\"canonical\" href=\"https:\/\/www.ig.cas.cz\/en\/observatories\/czech-regional-seismic-network\/chvalec-chvc\/\" \/>\n<meta property=\"og:locale\" content=\"en_US\" \/>\n<meta property=\"og:type\" content=\"article\" \/>\n<meta property=\"og:title\" content=\"Chvale\u010d (CHVC) - Geofyzik\u00e1ln\u00ed \u00fastav Akademie v\u011bd \u010cR, v.v.i.\" \/>\n<meta property=\"og:description\" content=\"Seismological station\u00a0Chvale\u010d (CHVC) was established in\u00a02009 in Eastern Bohemia to monitor earthquake activity at the Hronov-Po\u0159\u00ed\u010d\u00ed fault.\u00a0Station is equipped with\u00a0a broadband seismometer and connected to Internet.\u00a0Digital data are\u00a0transferred in real time to the Institute of Geophysics. Station CHVC is part of the Czech Regional Seismic Network. &nbsp; Coordinates: 50.5881N 16.0547EAltitute:\u00a0580 mSeismometre:\u00a0broadband sensor Streckeisen\u00a0STS-2Recording system: Seislogger-310Sampling [&hellip;]\" \/>\n<meta property=\"og:url\" content=\"https:\/\/www.ig.cas.cz\/en\/observatories\/czech-regional-seismic-network\/chvalec-chvc\/\" \/>\n<meta property=\"og:site_name\" content=\"Dom\u016f\" \/>\n<meta property=\"article:publisher\" content=\"https:\/\/www.facebook.com\/GFUAVCR\/\" \/>\n<meta property=\"article:modified_time\" content=\"2024-06-27T09:59:45+00:00\" \/>\n<meta property=\"og:image\" content=\"https:\/\/www.ig.cas.cz\/wp-content\/uploads\/2018\/01\/Q330.jpg\" \/>\n\t<meta property=\"og:image:width\" content=\"1994\" \/>\n\t<meta property=\"og:image:height\" content=\"261\" \/>\n\t<meta property=\"og:image:type\" content=\"image\/jpeg\" \/>\n<meta name=\"twitter:card\" content=\"summary_large_image\" \/>\n<meta name=\"twitter:label1\" content=\"Est. reading time\" \/>\n\t<meta name=\"twitter:data1\" content=\"1 minute\" \/>\n<script type=\"application\/ld+json\" class=\"yoast-schema-graph\">{\"@context\":\"https:\/\/schema.org\",\"@graph\":[{\"@type\":\"WebPage\",\"@id\":\"https:\/\/www.ig.cas.cz\/en\/observatories\/czech-regional-seismic-network\/chvalec-chvc\/\",\"url\":\"https:\/\/www.ig.cas.cz\/en\/observatories\/czech-regional-seismic-network\/chvalec-chvc\/\",\"name\":\"Chvale\u010d (CHVC) - Geofyzik\u00e1ln\u00ed \u00fastav Akademie v\u011bd \u010cR, v.v.i.\",\"isPartOf\":{\"@id\":\"https:\/\/www.ig.cas.cz\/#website\"},\"primaryImageOfPage\":{\"@id\":\"https:\/\/www.ig.cas.cz\/en\/observatories\/czech-regional-seismic-network\/chvalec-chvc\/#primaryimage\"},\"image\":{\"@id\":\"https:\/\/www.ig.cas.cz\/en\/observatories\/czech-regional-seismic-network\/chvalec-chvc\/#primaryimage\"},\"thumbnailUrl\":\"https:\/\/www.ig.cas.cz\/wp-content\/uploads\/2018\/01\/Q330.jpg\",\"datePublished\":\"2018-02-01T13:48:42+00:00\",\"dateModified\":\"2024-06-27T09:59:45+00:00\",\"breadcrumb\":{\"@id\":\"https:\/\/www.ig.cas.cz\/en\/observatories\/czech-regional-seismic-network\/chvalec-chvc\/#breadcrumb\"},\"inLanguage\":\"en-US\",\"potentialAction\":[{\"@type\":\"ReadAction\",\"target\":[\"https:\/\/www.ig.cas.cz\/en\/observatories\/czech-regional-seismic-network\/chvalec-chvc\/\"]}]},{\"@type\":\"ImageObject\",\"inLanguage\":\"en-US\",\"@id\":\"https:\/\/www.ig.cas.cz\/en\/observatories\/czech-regional-seismic-network\/chvalec-chvc\/#primaryimage\",\"url\":\"https:\/\/www.ig.cas.cz\/wp-content\/uploads\/2018\/01\/Q330.jpg\",\"contentUrl\":\"https:\/\/www.ig.cas.cz\/wp-content\/uploads\/2018\/01\/Q330.jpg\",\"width\":1994,\"height\":261},{\"@type\":\"BreadcrumbList\",\"@id\":\"https:\/\/www.ig.cas.cz\/en\/observatories\/czech-regional-seismic-network\/chvalec-chvc\/#breadcrumb\",\"itemListElement\":[{\"@type\":\"ListItem\",\"position\":1,\"name\":\"Dom\u016f\",\"item\":\"https:\/\/www.ig.cas.cz\/en\/\"},{\"@type\":\"ListItem\",\"position\":2,\"name\":\"Observatories\",\"item\":\"https:\/\/www.ig.cas.cz\/en\/observatories\/\"},{\"@type\":\"ListItem\",\"position\":3,\"name\":\"Czech Regional Seismic Network\",\"item\":\"https:\/\/www.ig.cas.cz\/en\/observatories\/czech-regional-seismic-network\/\"},{\"@type\":\"ListItem\",\"position\":4,\"name\":\"Chvale\u010d (CHVC)\"}]},{\"@type\":\"WebSite\",\"@id\":\"https:\/\/www.ig.cas.cz\/#website\",\"url\":\"https:\/\/www.ig.cas.cz\/\",\"name\":\"Dom\u016f\",\"description\":\"Geofyzik\u00e1ln\u00ed \u00fastav Akademie v\u011bd \u010cR, v.v.i.\",\"potentialAction\":[{\"@type\":\"SearchAction\",\"target\":{\"@type\":\"EntryPoint\",\"urlTemplate\":\"https:\/\/www.ig.cas.cz\/?s={search_term_string}\"},\"query-input\":{\"@type\":\"PropertyValueSpecification\",\"valueRequired\":true,\"valueName\":\"search_term_string\"}}],\"inLanguage\":\"en-US\"}]}<\/script>\n<!-- \/ Yoast SEO plugin. -->","yoast_head_json":{"title":"Chvale\u010d (CHVC) - Geofyzik\u00e1ln\u00ed \u00fastav Akademie v\u011bd \u010cR, v.v.i.","robots":{"index":"index","follow":"follow","max-snippet":"max-snippet:-1","max-image-preview":"max-image-preview:large","max-video-preview":"max-video-preview:-1"},"canonical":"https:\/\/www.ig.cas.cz\/en\/observatories\/czech-regional-seismic-network\/chvalec-chvc\/","og_locale":"en_US","og_type":"article","og_title":"Chvale\u010d (CHVC) - Geofyzik\u00e1ln\u00ed \u00fastav Akademie v\u011bd \u010cR, v.v.i.","og_description":"Seismological station\u00a0Chvale\u010d (CHVC) was established in\u00a02009 in Eastern Bohemia to monitor earthquake activity at the Hronov-Po\u0159\u00ed\u010d\u00ed fault.\u00a0Station is equipped with\u00a0a broadband seismometer and connected to Internet.\u00a0Digital data are\u00a0transferred in real time to the Institute of Geophysics. Station CHVC is part of the Czech Regional Seismic Network. &nbsp; Coordinates: 50.5881N 16.0547EAltitute:\u00a0580 mSeismometre:\u00a0broadband sensor Streckeisen\u00a0STS-2Recording system: Seislogger-310Sampling [&hellip;]","og_url":"https:\/\/www.ig.cas.cz\/en\/observatories\/czech-regional-seismic-network\/chvalec-chvc\/","og_site_name":"Dom\u016f","article_publisher":"https:\/\/www.facebook.com\/GFUAVCR\/","article_modified_time":"2024-06-27T09:59:45+00:00","og_image":[{"width":1994,"height":261,"url":"https:\/\/www.ig.cas.cz\/wp-content\/uploads\/2018\/01\/Q330.jpg","type":"image\/jpeg"}],"twitter_card":"summary_large_image","twitter_misc":{"Est. reading time":"1 minute"},"schema":{"@context":"https:\/\/schema.org","@graph":[{"@type":"WebPage","@id":"https:\/\/www.ig.cas.cz\/en\/observatories\/czech-regional-seismic-network\/chvalec-chvc\/","url":"https:\/\/www.ig.cas.cz\/en\/observatories\/czech-regional-seismic-network\/chvalec-chvc\/","name":"Chvale\u010d (CHVC) - Geofyzik\u00e1ln\u00ed \u00fastav Akademie v\u011bd \u010cR, v.v.i.","isPartOf":{"@id":"https:\/\/www.ig.cas.cz\/#website"},"primaryImageOfPage":{"@id":"https:\/\/www.ig.cas.cz\/en\/observatories\/czech-regional-seismic-network\/chvalec-chvc\/#primaryimage"},"image":{"@id":"https:\/\/www.ig.cas.cz\/en\/observatories\/czech-regional-seismic-network\/chvalec-chvc\/#primaryimage"},"thumbnailUrl":"https:\/\/www.ig.cas.cz\/wp-content\/uploads\/2018\/01\/Q330.jpg","datePublished":"2018-02-01T13:48:42+00:00","dateModified":"2024-06-27T09:59:45+00:00","breadcrumb":{"@id":"https:\/\/www.ig.cas.cz\/en\/observatories\/czech-regional-seismic-network\/chvalec-chvc\/#breadcrumb"},"inLanguage":"en-US","potentialAction":[{"@type":"ReadAction","target":["https:\/\/www.ig.cas.cz\/en\/observatories\/czech-regional-seismic-network\/chvalec-chvc\/"]}]},{"@type":"ImageObject","inLanguage":"en-US","@id":"https:\/\/www.ig.cas.cz\/en\/observatories\/czech-regional-seismic-network\/chvalec-chvc\/#primaryimage","url":"https:\/\/www.ig.cas.cz\/wp-content\/uploads\/2018\/01\/Q330.jpg","contentUrl":"https:\/\/www.ig.cas.cz\/wp-content\/uploads\/2018\/01\/Q330.jpg","width":1994,"height":261},{"@type":"BreadcrumbList","@id":"https:\/\/www.ig.cas.cz\/en\/observatories\/czech-regional-seismic-network\/chvalec-chvc\/#breadcrumb","itemListElement":[{"@type":"ListItem","position":1,"name":"Dom\u016f","item":"https:\/\/www.ig.cas.cz\/en\/"},{"@type":"ListItem","position":2,"name":"Observatories","item":"https:\/\/www.ig.cas.cz\/en\/observatories\/"},{"@type":"ListItem","position":3,"name":"Czech Regional Seismic Network","item":"https:\/\/www.ig.cas.cz\/en\/observatories\/czech-regional-seismic-network\/"},{"@type":"ListItem","position":4,"name":"Chvale\u010d (CHVC)"}]},{"@type":"WebSite","@id":"https:\/\/www.ig.cas.cz\/#website","url":"https:\/\/www.ig.cas.cz\/","name":"Dom\u016f","description":"Geofyzik\u00e1ln\u00ed \u00fastav Akademie v\u011bd \u010cR, v.v.i.","potentialAction":[{"@type":"SearchAction","target":{"@type":"EntryPoint","urlTemplate":"https:\/\/www.ig.cas.cz\/?s={search_term_string}"},"query-input":{"@type":"PropertyValueSpecification","valueRequired":true,"valueName":"search_term_string"}}],"inLanguage":"en-US"}]}},"_links":{"self":[{"href":"https:\/\/www.ig.cas.cz\/en\/wp-json\/wp\/v2\/pages\/4959","targetHints":{"allow":["GET"]}}],"collection":[{"href":"https:\/\/www.ig.cas.cz\/en\/wp-json\/wp\/v2\/pages"}],"about":[{"href":"https:\/\/www.ig.cas.cz\/en\/wp-json\/wp\/v2\/types\/page"}],"author":[{"embeddable":true,"href":"https:\/\/www.ig.cas.cz\/en\/wp-json\/wp\/v2\/users\/10"}],"replies":[{"embeddable":true,"href":"https:\/\/www.ig.cas.cz\/en\/wp-json\/wp\/v2\/comments?post=4959"}],"version-history":[{"count":1,"href":"https:\/\/www.ig.cas.cz\/en\/wp-json\/wp\/v2\/pages\/4959\/revisions"}],"predecessor-version":[{"id":39265,"href":"https:\/\/www.ig.cas.cz\/en\/wp-json\/wp\/v2\/pages\/4959\/revisions\/39265"}],"up":[{"embeddable":true,"href":"https:\/\/www.ig.cas.cz\/en\/wp-json\/wp\/v2\/pages\/7585"}],"wp:featuredmedia":[{"embeddable":true,"href":"https:\/\/www.ig.cas.cz\/en\/wp-json\/wp\/v2\/media\/4844"}],"wp:attachment":[{"href":"https:\/\/www.ig.cas.cz\/en\/wp-json\/wp\/v2\/media?parent=4959"}],"wp:term":[{"taxonomy":"category","embeddable":true,"href":"https:\/\/www.ig.cas.cz\/en\/wp-json\/wp\/v2\/categories?post=4959"},{"taxonomy":"post_tag","embeddable":true,"href":"https:\/\/www.ig.cas.cz\/en\/wp-json\/wp\/v2\/tags?post=4959"}],"curies":[{"name":"wp","href":"https:\/\/api.w.org\/{rel}","templated":true}]}}