{"id":5068,"date":"2018-02-01T15:42:14","date_gmt":"2018-02-01T14:42:14","guid":{"rendered":"http:\/\/igcas.antstudio.eu\/?page_id=5068"},"modified":"2021-02-04T20:56:38","modified_gmt":"2021-02-04T19:56:38","slug":"lazy-lac","status":"publish","type":"page","link":"https:\/\/www.ig.cas.cz\/en\/observatories\/local-seismic-network-webnet\/lazy-lac\/","title":{"rendered":"Lazy (LAC)"},"content":{"rendered":"<p>[et_pb_section fb_built=&#8221;1&#8243; admin_label=&#8221;section&#8221; _builder_version=&#8221;3.22&#8243; custom_padding=&#8221;21px|0px|0px|0px&#8221;][et_pb_row column_structure=&#8221;3_4,1_4&#8243; admin_label=&#8221;row&#8221; _builder_version=&#8221;3.25&#8243; background_size=&#8221;initial&#8221; background_position=&#8221;top_left&#8221; background_repeat=&#8221;repeat&#8221; custom_padding=&#8221;0px|0px|28.95px|0px&#8221;][et_pb_column type=&#8221;3_4&#8243; _builder_version=&#8221;3.25&#8243; custom_padding=&#8221;|||&#8221; custom_padding__hover=&#8221;|||&#8221;][et_pb_text _builder_version=&#8221;4.6.0&#8243; background_size=&#8221;initial&#8221; background_position=&#8221;top_left&#8221; background_repeat=&#8221;repeat&#8221;]<\/p>\n<p style=\"text-align: justify;\"><strong>Station Lazy (LAC)\u00a0<\/strong>is one of the oldest stations in WEBNET and also the station with the highest altitude. This station is of essential importance, because there are weak seismic swarms near Lazy. Station LAC also provides data for the Czech Regional Seismological Network.<\/p>\n<p>[\/et_pb_text][et_pb_code _builder_version=&#8221;4.6.0&#8243; hover_enabled=&#8221;0&#8243; sticky_enabled=&#8221;0&#8243;]<\/p>\n<style><!-- [et_pb_line_break_holder] -->.buttonJ {<!-- [et_pb_line_break_holder] --> background-color: #3885bb; <!-- [et_pb_line_break_holder] --> border: none;<!-- [et_pb_line_break_holder] --> color: white;<!-- [et_pb_line_break_holder] --> padding: 15px 32px;<!-- [et_pb_line_break_holder] --> text-align: center;<!-- [et_pb_line_break_holder] --> text-decoration: none;<!-- [et_pb_line_break_holder] --> display: inline-block;<!-- [et_pb_line_break_holder] --> font-size: 14px;<!-- [et_pb_line_break_holder] --> font-weight: 700;<!-- [et_pb_line_break_holder] --> margin: 4px 2px;<!-- [et_pb_line_break_holder] --> cursor: pointer;<!-- [et_pb_line_break_holder] -->}<!-- [et_pb_line_break_holder] -->.wrapper {<!-- [et_pb_line_break_holder] --> text-align: center;<!-- [et_pb_line_break_holder] -->}<!-- [et_pb_line_break_holder] --><\/style>\n<p><!-- [et_pb_line_break_holder] --><!-- [et_pb_line_break_holder] --><pee id=\"note1\">Note<\/pee><!-- [et_pb_line_break_holder] --><img decoding=\"async\" src=\"http:\/\/czechgeo.cz\/plotfiles\/MAC\/2018_01_20.png\" id=\"image\" name=\"image\" align=\"middle\" onerror=\"this.src='https:\/\/www.ig.cas.cz\/wp-content\/uploads\/2018\/05\/errorseismogram.png';\"\/><!-- [et_pb_line_break_holder] --><\/p>\n<div class=\"wrapper\"><!-- [et_pb_line_break_holder] --><button type=\"button\" class=\"buttonJ\" onclick=\"plusClick()\">PREVIOUS DAY<\/button><!-- [et_pb_line_break_holder] --><button type=\"button\" class=\"buttonJ\" onclick=\"minusClick()\">NEXT DAY<\/button><!-- [et_pb_line_break_holder] --><\/div>\n<p><!-- [et_pb_line_break_holder] --><pee><\/pee><!-- [et_pb_line_break_holder] --><pee id=\"note2\">The image is refreshed each 10 minutes. Time is in UTC and amplitude of vertical component of the velocity is in nm\/s. <\/pee><!-- [et_pb_line_break_holder] --><!-- [et_pb_line_break_holder] --><script><!-- [et_pb_line_break_holder] -->var pre='http:\/\/czechgeo.ig.cas.cz\/plotfiles\/wb\/LAC\/';<!-- [et_pb_line_break_holder] -->var datum = new Date();<!-- [et_pb_line_break_holder] -->var y = datum.getFullYear();<!-- [et_pb_line_break_holder] -->var m = (\"0\"+(datum.getMonth()+1)).slice(-2);<!-- [et_pb_line_break_holder] -->var d = (\"0\"+datum.getDate()).slice(-2);<!-- [et_pb_line_break_holder] -->var adresa = pre+y+\"_\"+m+\"_\"+d+\".png\";<!-- [et_pb_line_break_holder] -->document.getElementById('image').src = adresa;<!-- [et_pb_line_break_holder] -->var off = 0;<!-- [et_pb_line_break_holder] -->var datum2=new Date();<!-- [et_pb_line_break_holder] -->var msinday=86400000;<!-- [et_pb_line_break_holder] --><!-- [et_pb_line_break_holder] -->str1= \"Daily seismogram of \"<!-- [et_pb_line_break_holder] -->document.getElementById(\"note1\").innerHTML=str1.concat(datum2.getDate(),\".\",(datum2.getMonth()+1),\".\",datum2.getFullYear());<!-- [et_pb_line_break_holder] --><!-- [et_pb_line_break_holder] -->function plusClick() {<!-- [et_pb_line_break_holder] --> if (off<10){ <!-- [et_pb_line_break_holder] --> off += 1;<!-- [et_pb_line_break_holder] --> datum2.setTime(datum.getTime()-86400000*off);<!-- [et_pb_line_break_holder] --> adresa = pre+datum2.getFullYear()+\"_\"+(\"0\"+(datum2.getMonth()+1)).slice(-2)+\"_\"+(\"0\"+datum2.getDate()).slice(-2)+\".png\";<!-- [et_pb_line_break_holder] --> document.getElementById('image').src = adresa;<!-- [et_pb_line_break_holder] -->document.getElementById(\"note1\").innerHTML=str1.concat(datum2.getDate(),\".\",(datum2.getMonth()+1),\".\",datum2.getFullYear());<!-- [et_pb_line_break_holder] --><!-- [et_pb_line_break_holder] --> }<!-- [et_pb_line_break_holder] --> else{<!-- [et_pb_line_break_holder] --> }<!-- [et_pb_line_break_holder] --> };<!-- [et_pb_line_break_holder] -->function minusClick() {<!-- [et_pb_line_break_holder] --> if (off>0){ <!-- [et_pb_line_break_holder] --> off -= 1;<!-- [et_pb_line_break_holder] --> datum2.setTime(datum.getTime()-86400000*off);<!-- [et_pb_line_break_holder] --> adresa = pre+datum2.getFullYear()+\"_\"+(\"0\"+(datum2.getMonth()+1)).slice(-2)+\"_\"+(\"0\"+datum2.getDate()).slice(-2)+\".png\";<!-- [et_pb_line_break_holder] --> document.getElementById('image').src = adresa;<!-- [et_pb_line_break_holder] -->document.getElementById(\"note1\").innerHTML=str1.concat(datum2.getDate(),\".\",(datum2.getMonth()+1),\".\",datum2.getFullYear());<!-- [et_pb_line_break_holder] --><!-- [et_pb_line_break_holder] --> }<!-- [et_pb_line_break_holder] --> else{<!-- [et_pb_line_break_holder] --> }<!-- [et_pb_line_break_holder] --> };<!-- [et_pb_line_break_holder] --><\/script><!-- [et_pb_line_break_holder] -->[\/et_pb_code][\/et_pb_column][et_pb_column type=&#8221;1_4&#8243; _builder_version=&#8221;3.25&#8243; custom_padding=&#8221;|||&#8221; custom_padding__hover=&#8221;|||&#8221;][et_pb_image src=&#8221;https:\/\/www.ig.cas.cz\/wp-content\/uploads\/2018\/01\/LAC2.jpg&#8221; align_tablet=&#8221;center&#8221; align_phone=&#8221;&#8221; align_last_edited=&#8221;on|desktop&#8221; _builder_version=&#8221;3.23&#8243;]&nbsp;<br \/>\n[\/et_pb_image][et_pb_text _builder_version=&#8221;4.6.0&#8243; _module_preset=&#8221;default&#8221;]<\/p>\n<p><strong>Coordinates:<\/strong> 50.0508N 12.6250E<br \/><strong>Altitude:<\/strong>\u00a0838&nbsp;m<br \/><strong>Seismometer:<\/strong>\u00a0broadband sensor Guralp CMG-3ESPC<br \/><strong>Data acquisition system:<\/strong> Nanometrics Centaur<br \/><strong>Sampling frequency:<\/strong> 250 Hz<br \/><strong>Data collection:<\/strong>\u00a0online<br \/><strong>Available data:<\/strong>\u00a01994 &#8211; present<\/p>\n<p>[\/et_pb_text][\/et_pb_column][\/et_pb_row][\/et_pb_section]<\/p>\n","protected":false},"excerpt":{"rendered":"<p>Station Lazy (LAC)\u00a0is one of the oldest stations in WEBNET and also the station with the highest altitude. This station is of essential importance, because there are weak seismic swarms near Lazy. Station LAC also provides data for the Czech Regional Seismological Network.&nbsp; Coordinates: 50.0508N 12.6250EAltitude:\u00a0838 mSeismometer:\u00a0broadband sensor Guralp CMG-3ESPCData acquisition system: Nanometrics CentaurSampling frequency: [&hellip;]<\/p>\n","protected":false},"author":10,"featured_media":4969,"parent":5084,"menu_order":0,"comment_status":"closed","ping_status":"closed","template":"","meta":{"_et_pb_use_builder":"on","_et_pb_old_content":"Seismologick\u00e1 stanice Ka\u0161persk\u00e9 Hory (KHC) na \u0160umav\u011b byla zalo\u017eena v r. 1961. Jedna z nejcitliv\u011bj\u0161\u00edch sv\u011btov\u00fdch stanic je um\u00edst\u011bna v b\u00fdval\u00e9 zlatonosn\u00e9 \u0161tole Krist\u00fdna z r. 1802 hluboko ve sk\u00e1le v \u00fadol\u00ed Zlat\u00e9ho potoka. Stanice tak\u00e9 sk\u00fdt\u00e1 v\u00fdborn\u00e9 podm\u00ednky pro registraci velmi dlouhoperiodick\u00fdch seismick\u00fdch sign\u00e1l\u016f, kter\u00e1 zde funguje jako jedna z prvn\u00edch na sv\u011bt\u011b ji\u017e od r.1973. Stanice KHC je vybavena t\u0159\u00edslo\u017ekov\u00fdmi kr\u00e1tkoperiodick\u00fdmi a \u0161irokop\u00e1smov\u00fdmi seismick\u00fdmi kan\u00e1ly. Digit\u00e1ln\u00ed data jsou p\u0159en\u00e1\u0161ena v re\u00e1ln\u00e9m \u010dase Internetem do Geofyzik\u00e1ln\u00edho \u00fastavu. Stanice je sou\u010d\u00e1st\u00ed \u010cesk\u00e9 region\u00e1ln\u00ed seismick\u00e9 s\u00edt\u011b.\r\n\r\nSou\u0159adnice: 49.1309N 13.5782E\r\nNadmo\u0159sk\u00e1 v\u00fd\u0161ka: 700 m\r\nSeismometr: \u0160irokop\u00e1smov\u00fd sensor STS-2, kr\u00e1tkoperiodick\u00e9 Vegik\r\nRegistra\u010dn\u00ed syst\u00e9m: Quanterra Q330S (EarthData + SeisComP 2003-2010)\r\nVzorkovac\u00ed frekvence: 20\/100\u00a0Hz\r\nDynamick\u00fd rozsah: 140 dB\r\nFrekven\u010dn\u00ed rozsah: 0.02-120 s\r\nDatov\u00fd form\u00e1t: miniSEED\r\nDostupn\u00e1 data: leden 1973 - dosud\r\nProvozovatel: Geofyzik\u00e1ln\u00ed \u00fastav AV \u010cR\r\nKontaktn\u00ed osoba: Jan Zedn\u00edk \u2013 jzd@ig.cas.cz","_et_gb_content_width":"","footnotes":""},"categories":[],"tags":[],"class_list":["post-5068","page","type-page","status-publish","has-post-thumbnail","hentry"],"yoast_head":"<!-- This site is optimized with the Yoast SEO plugin v25.9 - https:\/\/yoast.com\/wordpress\/plugins\/seo\/ -->\n<title>Lazy (LAC) - Geofyzik\u00e1ln\u00ed \u00fastav Akademie v\u011bd \u010cR, v.v.i.<\/title>\n<meta name=\"robots\" content=\"index, follow, max-snippet:-1, max-image-preview:large, max-video-preview:-1\" \/>\n<link rel=\"canonical\" href=\"https:\/\/www.ig.cas.cz\/en\/observatories\/local-seismic-network-webnet\/lazy-lac\/\" \/>\n<meta property=\"og:locale\" content=\"en_US\" \/>\n<meta property=\"og:type\" content=\"article\" \/>\n<meta property=\"og:title\" content=\"Lazy (LAC) - Geofyzik\u00e1ln\u00ed \u00fastav Akademie v\u011bd \u010cR, v.v.i.\" \/>\n<meta property=\"og:description\" content=\"Station Lazy (LAC)\u00a0is one of the oldest stations in WEBNET and also the station with the highest altitude. This station is of essential importance, because there are weak seismic swarms near Lazy. Station LAC also provides data for the Czech Regional Seismological Network.&nbsp; Coordinates: 50.0508N 12.6250EAltitude:\u00a0838 mSeismometer:\u00a0broadband sensor Guralp CMG-3ESPCData acquisition system: Nanometrics CentaurSampling frequency: [&hellip;]\" \/>\n<meta property=\"og:url\" content=\"https:\/\/www.ig.cas.cz\/en\/observatories\/local-seismic-network-webnet\/lazy-lac\/\" \/>\n<meta property=\"og:site_name\" content=\"Dom\u016f\" \/>\n<meta property=\"article:publisher\" content=\"https:\/\/www.facebook.com\/GFUAVCR\/\" \/>\n<meta property=\"article:modified_time\" content=\"2021-02-04T19:56:38+00:00\" \/>\n<meta property=\"og:image\" content=\"https:\/\/www.ig.cas.cz\/wp-content\/uploads\/2018\/02\/zhcut.jpg\" \/>\n\t<meta property=\"og:image:width\" content=\"2496\" \/>\n\t<meta property=\"og:image:height\" content=\"260\" \/>\n\t<meta property=\"og:image:type\" content=\"image\/jpeg\" \/>\n<meta name=\"twitter:card\" content=\"summary_large_image\" \/>\n<meta name=\"twitter:label1\" content=\"Est. reading time\" \/>\n\t<meta name=\"twitter:data1\" content=\"1 minute\" \/>\n<script type=\"application\/ld+json\" class=\"yoast-schema-graph\">{\"@context\":\"https:\/\/schema.org\",\"@graph\":[{\"@type\":\"WebPage\",\"@id\":\"https:\/\/www.ig.cas.cz\/en\/observatories\/local-seismic-network-webnet\/lazy-lac\/\",\"url\":\"https:\/\/www.ig.cas.cz\/en\/observatories\/local-seismic-network-webnet\/lazy-lac\/\",\"name\":\"Lazy (LAC) - Geofyzik\u00e1ln\u00ed \u00fastav Akademie v\u011bd \u010cR, v.v.i.\",\"isPartOf\":{\"@id\":\"https:\/\/www.ig.cas.cz\/#website\"},\"primaryImageOfPage\":{\"@id\":\"https:\/\/www.ig.cas.cz\/en\/observatories\/local-seismic-network-webnet\/lazy-lac\/#primaryimage\"},\"image\":{\"@id\":\"https:\/\/www.ig.cas.cz\/en\/observatories\/local-seismic-network-webnet\/lazy-lac\/#primaryimage\"},\"thumbnailUrl\":\"https:\/\/www.ig.cas.cz\/wp-content\/uploads\/2018\/02\/zhcut.jpg\",\"datePublished\":\"2018-02-01T14:42:14+00:00\",\"dateModified\":\"2021-02-04T19:56:38+00:00\",\"breadcrumb\":{\"@id\":\"https:\/\/www.ig.cas.cz\/en\/observatories\/local-seismic-network-webnet\/lazy-lac\/#breadcrumb\"},\"inLanguage\":\"en-US\",\"potentialAction\":[{\"@type\":\"ReadAction\",\"target\":[\"https:\/\/www.ig.cas.cz\/en\/observatories\/local-seismic-network-webnet\/lazy-lac\/\"]}]},{\"@type\":\"ImageObject\",\"inLanguage\":\"en-US\",\"@id\":\"https:\/\/www.ig.cas.cz\/en\/observatories\/local-seismic-network-webnet\/lazy-lac\/#primaryimage\",\"url\":\"https:\/\/www.ig.cas.cz\/wp-content\/uploads\/2018\/02\/zhcut.jpg\",\"contentUrl\":\"https:\/\/www.ig.cas.cz\/wp-content\/uploads\/2018\/02\/zhcut.jpg\",\"width\":2496,\"height\":260,\"caption\":\"OLYMPUS DIGITAL CAMERA\"},{\"@type\":\"BreadcrumbList\",\"@id\":\"https:\/\/www.ig.cas.cz\/en\/observatories\/local-seismic-network-webnet\/lazy-lac\/#breadcrumb\",\"itemListElement\":[{\"@type\":\"ListItem\",\"position\":1,\"name\":\"Dom\u016f\",\"item\":\"https:\/\/www.ig.cas.cz\/en\/\"},{\"@type\":\"ListItem\",\"position\":2,\"name\":\"Observatories\",\"item\":\"https:\/\/www.ig.cas.cz\/en\/observatories\/\"},{\"@type\":\"ListItem\",\"position\":3,\"name\":\"Local seismic network WEBNET\",\"item\":\"https:\/\/www.ig.cas.cz\/en\/observatories\/local-seismic-network-webnet\/\"},{\"@type\":\"ListItem\",\"position\":4,\"name\":\"Lazy (LAC)\"}]},{\"@type\":\"WebSite\",\"@id\":\"https:\/\/www.ig.cas.cz\/#website\",\"url\":\"https:\/\/www.ig.cas.cz\/\",\"name\":\"Dom\u016f\",\"description\":\"Geofyzik\u00e1ln\u00ed \u00fastav Akademie v\u011bd \u010cR, v.v.i.\",\"potentialAction\":[{\"@type\":\"SearchAction\",\"target\":{\"@type\":\"EntryPoint\",\"urlTemplate\":\"https:\/\/www.ig.cas.cz\/?s={search_term_string}\"},\"query-input\":{\"@type\":\"PropertyValueSpecification\",\"valueRequired\":true,\"valueName\":\"search_term_string\"}}],\"inLanguage\":\"en-US\"}]}<\/script>\n<!-- \/ Yoast SEO plugin. -->","yoast_head_json":{"title":"Lazy (LAC) - Geofyzik\u00e1ln\u00ed \u00fastav Akademie v\u011bd \u010cR, v.v.i.","robots":{"index":"index","follow":"follow","max-snippet":"max-snippet:-1","max-image-preview":"max-image-preview:large","max-video-preview":"max-video-preview:-1"},"canonical":"https:\/\/www.ig.cas.cz\/en\/observatories\/local-seismic-network-webnet\/lazy-lac\/","og_locale":"en_US","og_type":"article","og_title":"Lazy (LAC) - Geofyzik\u00e1ln\u00ed \u00fastav Akademie v\u011bd \u010cR, v.v.i.","og_description":"Station Lazy (LAC)\u00a0is one of the oldest stations in WEBNET and also the station with the highest altitude. This station is of essential importance, because there are weak seismic swarms near Lazy. Station LAC also provides data for the Czech Regional Seismological Network.&nbsp; Coordinates: 50.0508N 12.6250EAltitude:\u00a0838 mSeismometer:\u00a0broadband sensor Guralp CMG-3ESPCData acquisition system: Nanometrics CentaurSampling frequency: [&hellip;]","og_url":"https:\/\/www.ig.cas.cz\/en\/observatories\/local-seismic-network-webnet\/lazy-lac\/","og_site_name":"Dom\u016f","article_publisher":"https:\/\/www.facebook.com\/GFUAVCR\/","article_modified_time":"2021-02-04T19:56:38+00:00","og_image":[{"width":2496,"height":260,"url":"https:\/\/www.ig.cas.cz\/wp-content\/uploads\/2018\/02\/zhcut.jpg","type":"image\/jpeg"}],"twitter_card":"summary_large_image","twitter_misc":{"Est. reading time":"1 minute"},"schema":{"@context":"https:\/\/schema.org","@graph":[{"@type":"WebPage","@id":"https:\/\/www.ig.cas.cz\/en\/observatories\/local-seismic-network-webnet\/lazy-lac\/","url":"https:\/\/www.ig.cas.cz\/en\/observatories\/local-seismic-network-webnet\/lazy-lac\/","name":"Lazy (LAC) - Geofyzik\u00e1ln\u00ed \u00fastav Akademie v\u011bd \u010cR, v.v.i.","isPartOf":{"@id":"https:\/\/www.ig.cas.cz\/#website"},"primaryImageOfPage":{"@id":"https:\/\/www.ig.cas.cz\/en\/observatories\/local-seismic-network-webnet\/lazy-lac\/#primaryimage"},"image":{"@id":"https:\/\/www.ig.cas.cz\/en\/observatories\/local-seismic-network-webnet\/lazy-lac\/#primaryimage"},"thumbnailUrl":"https:\/\/www.ig.cas.cz\/wp-content\/uploads\/2018\/02\/zhcut.jpg","datePublished":"2018-02-01T14:42:14+00:00","dateModified":"2021-02-04T19:56:38+00:00","breadcrumb":{"@id":"https:\/\/www.ig.cas.cz\/en\/observatories\/local-seismic-network-webnet\/lazy-lac\/#breadcrumb"},"inLanguage":"en-US","potentialAction":[{"@type":"ReadAction","target":["https:\/\/www.ig.cas.cz\/en\/observatories\/local-seismic-network-webnet\/lazy-lac\/"]}]},{"@type":"ImageObject","inLanguage":"en-US","@id":"https:\/\/www.ig.cas.cz\/en\/observatories\/local-seismic-network-webnet\/lazy-lac\/#primaryimage","url":"https:\/\/www.ig.cas.cz\/wp-content\/uploads\/2018\/02\/zhcut.jpg","contentUrl":"https:\/\/www.ig.cas.cz\/wp-content\/uploads\/2018\/02\/zhcut.jpg","width":2496,"height":260,"caption":"OLYMPUS DIGITAL CAMERA"},{"@type":"BreadcrumbList","@id":"https:\/\/www.ig.cas.cz\/en\/observatories\/local-seismic-network-webnet\/lazy-lac\/#breadcrumb","itemListElement":[{"@type":"ListItem","position":1,"name":"Dom\u016f","item":"https:\/\/www.ig.cas.cz\/en\/"},{"@type":"ListItem","position":2,"name":"Observatories","item":"https:\/\/www.ig.cas.cz\/en\/observatories\/"},{"@type":"ListItem","position":3,"name":"Local seismic network WEBNET","item":"https:\/\/www.ig.cas.cz\/en\/observatories\/local-seismic-network-webnet\/"},{"@type":"ListItem","position":4,"name":"Lazy (LAC)"}]},{"@type":"WebSite","@id":"https:\/\/www.ig.cas.cz\/#website","url":"https:\/\/www.ig.cas.cz\/","name":"Dom\u016f","description":"Geofyzik\u00e1ln\u00ed \u00fastav Akademie v\u011bd \u010cR, v.v.i.","potentialAction":[{"@type":"SearchAction","target":{"@type":"EntryPoint","urlTemplate":"https:\/\/www.ig.cas.cz\/?s={search_term_string}"},"query-input":{"@type":"PropertyValueSpecification","valueRequired":true,"valueName":"search_term_string"}}],"inLanguage":"en-US"}]}},"_links":{"self":[{"href":"https:\/\/www.ig.cas.cz\/en\/wp-json\/wp\/v2\/pages\/5068","targetHints":{"allow":["GET"]}}],"collection":[{"href":"https:\/\/www.ig.cas.cz\/en\/wp-json\/wp\/v2\/pages"}],"about":[{"href":"https:\/\/www.ig.cas.cz\/en\/wp-json\/wp\/v2\/types\/page"}],"author":[{"embeddable":true,"href":"https:\/\/www.ig.cas.cz\/en\/wp-json\/wp\/v2\/users\/10"}],"replies":[{"embeddable":true,"href":"https:\/\/www.ig.cas.cz\/en\/wp-json\/wp\/v2\/comments?post=5068"}],"version-history":[{"count":0,"href":"https:\/\/www.ig.cas.cz\/en\/wp-json\/wp\/v2\/pages\/5068\/revisions"}],"up":[{"embeddable":true,"href":"https:\/\/www.ig.cas.cz\/en\/wp-json\/wp\/v2\/pages\/5084"}],"wp:featuredmedia":[{"embeddable":true,"href":"https:\/\/www.ig.cas.cz\/en\/wp-json\/wp\/v2\/media\/4969"}],"wp:attachment":[{"href":"https:\/\/www.ig.cas.cz\/en\/wp-json\/wp\/v2\/media?parent=5068"}],"wp:term":[{"taxonomy":"category","embeddable":true,"href":"https:\/\/www.ig.cas.cz\/en\/wp-json\/wp\/v2\/categories?post=5068"},{"taxonomy":"post_tag","embeddable":true,"href":"https:\/\/www.ig.cas.cz\/en\/wp-json\/wp\/v2\/tags?post=5068"}],"curies":[{"name":"wp","href":"https:\/\/api.w.org\/{rel}","templated":true}]}}