{"id":5700,"date":"2018-02-07T15:39:24","date_gmt":"2018-02-07T14:39:24","guid":{"rendered":"http:\/\/igcas.antstudio.eu\/?page_id=5700"},"modified":"2024-01-16T10:10:14","modified_gmt":"2024-01-16T09:10:14","slug":"ales-spicak","status":"publish","type":"page","link":"https:\/\/www.ig.cas.cz\/en\/contact\/staff\/ales-spicak\/","title":{"rendered":"Ale\u0161 \u0160pi\u010d\u00e1k"},"content":{"rendered":"<p>[et_pb_section fb_built=&#8221;1&#8243; _builder_version=&#8221;4.16&#8243; custom_padding=&#8221;10px|0px|20px|0px&#8221; global_colors_info=&#8221;{}&#8221;][et_pb_row column_structure=&#8221;2_3,1_3&#8243; _builder_version=&#8221;4.16&#8243; background_size=&#8221;initial&#8221; background_position=&#8221;top_left&#8221; background_repeat=&#8221;repeat&#8221; custom_padding=&#8221;19px|0px|0px|0px&#8221; global_colors_info=&#8221;{}&#8221;][et_pb_column type=&#8221;2_3&#8243; _builder_version=&#8221;4.16&#8243; custom_padding=&#8221;|||&#8221; global_colors_info=&#8221;{}&#8221; custom_padding__hover=&#8221;|||&#8221;][et_pb_text _builder_version=&#8221;4.23.1&#8243; global_colors_info=&#8221;{}&#8221;]<\/p>\n<p><strong>Ale\u0161 \u0160pi\u010d\u00e1k<\/strong> is researcher at the Active Plate Tectonic Processes team.<\/p>\n<p>[\/et_pb_text][et_pb_text _builder_version=&#8221;4.16&#8243; global_colors_info=&#8221;{}&#8221;]<\/p>\n<h3><strong>Publications<\/strong><\/h3>\n<ul>\n<li><strong>\u0160pi\u010d\u00e1k, A.<\/strong>, and J. Van\u011bk (2017), Shallow earthquake swarms in southern Ryukyu area: manifestation of dynamics of fluid and\/or magma plumbing system revealed by teleseismic and regional datasets, <em>Int J Earth Sci<\/em>, 106, 959-965, doi: <a href=\"http:\/\/dx.doi.org\/10.1007\/s00531-016-1344-x\">10.1007\/s00531-016-1344-x<\/a>.<\/li>\n<li><strong>\u0160pi\u010d\u00e1k, A.<\/strong>, and J. Van\u011bk (2016), Earthquake swarms reveal submarine magma unrest induced by distant mega-earthquakes: Andaman Sea region, <em>Journal of Asian Earth Sciences<\/em>, 116, 155\u2013163.<\/li>\n<li><strong>\u0160pi\u010d\u00e1k, A.<\/strong>, and J. Van\u011bk (2014), Kamchatka subduction zone, May 2013: the Mw 8.3 deep earthquake, preceding shallow swarm and numerous deep aftershocks, <em>Studia geophysica et geodaetica<\/em>, 58, 76-83.<\/li>\n<li><strong>\u0160pi\u010d\u00e1k, A.<\/strong>, V. Kuna, and J. Van\u011bk (2013), Earthquake occurrence reveals magma ascent beneath volcanoes and seamounts in the Banda region, <em>Bulletin of Volcanology<\/em>, 75(12), Art. No. 777, doi: <a href=\"http:\/\/dx.doi.org\/10.1007\/s00445-013-0777-3\">10.1007\/s00445-013-0777-3<\/a>.<\/li>\n<li><strong>\u0160pi\u010d\u00e1k, A.<\/strong>, J. Van\u011bk, and V. Hanu\u0161 (2011), Recent plumbing system of the Krakatau volcano revealed by teleseismic earthquake distribution, <em>International Journal of Earth Sciences<\/em>, 100, 1375-1381, doi: <a href=\"http:\/\/dx.doi.org\/10.1007\/s00531-010-0543-0\">10.1007\/s00531-010-0543-0<\/a>.<\/li>\n<li><strong>\u0160pi\u010d\u00e1k, A.<\/strong>, J. Van\u011bk, and V. Hanu\u0161 (2009), Seismically active column and volcanic plumbing system beneath the island arc of the Izu-Bonin subduction zone, <em>Geophysical Journal International<\/em>, 179, 1301\u20131312 doi: <a href=\"http:\/\/dx.doi.org\/10.1111\/j.1365-246X.2009.04375.x\">10.1111\/j.1365-246X.2009.04375.x<\/a>.<\/li>\n<li><strong>\u0160pi\u010d\u00e1k, A.<\/strong>, V. Hanu\u0161, and J. Van\u011bk (2007), Earthquake occurrence along the Java trench in front of the onset of the Wadati-Benioff zone: Beginning of a&nbsp;new subduction cycle? <em>Tectonics<\/em>, 26, TC1005, doi: <a href=\"http:\/\/dx.doi.org\/10.1029\/2005TC001867\">10.1029\/2005TC001867<\/a>.<\/li>\n<li><strong>\u0160pi\u010d\u00e1k, A.<\/strong>, A. F\u00f6rster, and B. Horsfield, b., 2005. Drilling the Eger Rift (Workshop Report), <em>Scientific Drilling<\/em>, 1, 44-45.<\/li>\n<li><strong>\u0160pi\u010d\u00e1k, A.<\/strong>, V. Hanu\u0161, and J. Van\u011bk (2004), Seismicity pattern: an indicator of source region of volcanism at convergent plate margins, <em>Physics of the Earth and Planetary Interiors<\/em>, 141, 303-326.<\/li>\n<li>Hanu\u0161, V., J. Van\u011bk, and <strong>A. \u0160pi\u010d\u00e1k<\/strong> (2003), Deep lithospheric structure and hypogene metallogeny at convergent plate margins, <em>Global Tectonics and Metallogeny<\/em>, 8 (1-4), 141-149.<\/li>\n<li><strong>\u0160pi\u010d\u00e1k, A.<\/strong>, and J. Hor\u00e1lek (2001), Possible role of fluids in the process of earthquake swarm generation in the West Bohemia\/Vogtland seismoactive region, <em>Tectonophysics<\/em>, 336, 151-161.<\/li>\n<li><strong>\u0160pi\u010d\u00e1k, A.<\/strong>, J. Hor\u00e1lek, A. Bou\u0161kov\u00e1, \u010c. Tomek, and J. Van\u011bk (1999), Magma intrusions and earthquake swarm occurrence in the western part of the Bohemian Massif, <em>Studia geoph. et geod<\/em>., 43, 87-106.<\/li>\n<li><strong>\u0160pi\u010d\u00e1k, A.<\/strong> (1988), Laboratory investigation into off-fault seismic activity, <em>Bull. Seismol. Soc. Amer.<\/em>, 78, 1232-1242.<\/li>\n<\/ul>\n<p>[\/et_pb_text][\/et_pb_column][et_pb_column type=&#8221;1_3&#8243; _builder_version=&#8221;4.16&#8243; custom_padding=&#8221;|||&#8221; global_colors_info=&#8221;{}&#8221; custom_padding__hover=&#8221;|||&#8221;][et_pb_image src=&#8221;https:\/\/www.ig.cas.cz\/wp-content\/uploads\/2018\/02\/foto-als.jpg&#8221; align_tablet=&#8221;center&#8221; align_phone=&#8221;center&#8221; align_last_edited=&#8221;on|desktop&#8221; _builder_version=&#8221;4.16&#8243; global_colors_info=&#8221;{}&#8221;][\/et_pb_image][et_pb_text _builder_version=&#8221;4.23.1&#8243; hover_enabled=&#8221;0&#8243; global_colors_info=&#8221;{}&#8221; sticky_enabled=&#8221;0&#8243;]<\/p>\n<h3 style=\"text-align: center;\"><strong>RNDr. Ale\u0161 \u0160pi\u010d\u00e1k CSc.<\/strong><\/h3>\n<p style=\"text-align: center;\">director of the Institute<br \/><a href=\"https:\/\/www.ig.cas.cz\/en\/research\/teams\/active-plate-tectonic-processes\/\">Active Plate Tectonic Processes team<\/a><br \/><a href=\"mailto:als@ig.cas.cz\">als@ig.cas.cz<\/a><br \/>+420&nbsp;267&nbsp;103&nbsp;345<br \/><a style=\"vertical-align: top;\" href=\"https:\/\/orcid.org\/0000-0001-6244-7762\" target=\"orcid.widget\" rel=\"noopener noreferrer\"><img decoding=\"async\" style=\"width: 1em; margin-right: .5em;\" src=\"https:\/\/orcid.org\/sites\/default\/files\/images\/orcid_16x16.png\" alt=\"ORCID iD icon\" \/>ORCID<\/a><\/p>\n<p>[\/et_pb_text][et_pb_image src=&#8221;https:\/\/www.ig.cas.cz\/wp-content\/uploads\/2018\/02\/spicak_foto_merapi_summit.jpg&#8221; align=&#8221;center&#8221; align_tablet=&#8221;center&#8221; align_phone=&#8221;center&#8221; align_last_edited=&#8221;on|desktop&#8221; _builder_version=&#8221;4.16&#8243; global_colors_info=&#8221;{}&#8221;][\/et_pb_image][\/et_pb_column][\/et_pb_row][\/et_pb_section]<\/p>\n","protected":false},"excerpt":{"rendered":"<p>Ale\u0161 \u0160pi\u010d\u00e1k is researcher at the Active Plate Tectonic Processes team.Publications \u0160pi\u010d\u00e1k, A., and J. Van\u011bk (2017), Shallow earthquake swarms in southern Ryukyu area: manifestation of dynamics of fluid and\/or magma plumbing system revealed by teleseismic and regional datasets, Int J Earth Sci, 106, 959-965, doi: 10.1007\/s00531-016-1344-x. \u0160pi\u010d\u00e1k, A., and J. Van\u011bk (2016), Earthquake swarms [&hellip;]<\/p>\n","protected":false},"author":5,"featured_media":12002,"parent":416,"menu_order":0,"comment_status":"closed","ping_status":"closed","template":"","meta":{"_et_pb_use_builder":"on","_et_pb_old_content":"","_et_gb_content_width":"","footnotes":""},"categories":[],"tags":[127],"class_list":["post-5700","page","type-page","status-publish","has-post-thumbnail","hentry","tag-people-en"],"yoast_head":"<!-- This site is optimized with the Yoast SEO plugin v25.9 - https:\/\/yoast.com\/wordpress\/plugins\/seo\/ -->\n<title>Ale\u0161 \u0160pi\u010d\u00e1k - Geofyzik\u00e1ln\u00ed \u00fastav Akademie v\u011bd \u010cR, v.v.i.<\/title>\n<meta name=\"robots\" content=\"index, follow, max-snippet:-1, max-image-preview:large, max-video-preview:-1\" \/>\n<link rel=\"canonical\" href=\"https:\/\/www.ig.cas.cz\/en\/contact\/staff\/ales-spicak\/\" \/>\n<meta property=\"og:locale\" content=\"en_US\" \/>\n<meta property=\"og:type\" content=\"article\" \/>\n<meta property=\"og:title\" content=\"Ale\u0161 \u0160pi\u010d\u00e1k - Geofyzik\u00e1ln\u00ed \u00fastav Akademie v\u011bd \u010cR, v.v.i.\" \/>\n<meta property=\"og:description\" content=\"Ale\u0161 \u0160pi\u010d\u00e1k is researcher at the Active Plate Tectonic Processes team.Publications \u0160pi\u010d\u00e1k, A., and J. Van\u011bk (2017), Shallow earthquake swarms in southern Ryukyu area: manifestation of dynamics of fluid and\/or magma plumbing system revealed by teleseismic and regional datasets, Int J Earth Sci, 106, 959-965, doi: 10.1007\/s00531-016-1344-x. \u0160pi\u010d\u00e1k, A., and J. Van\u011bk (2016), Earthquake swarms [&hellip;]\" \/>\n<meta property=\"og:url\" content=\"https:\/\/www.ig.cas.cz\/en\/contact\/staff\/ales-spicak\/\" \/>\n<meta property=\"og:site_name\" content=\"Dom\u016f\" \/>\n<meta property=\"article:publisher\" content=\"https:\/\/www.facebook.com\/GFUAVCR\/\" \/>\n<meta property=\"article:modified_time\" content=\"2024-01-16T09:10:14+00:00\" \/>\n<meta property=\"og:image\" content=\"https:\/\/www.ig.cas.cz\/wp-content\/uploads\/2018\/01\/mapa_geologicka.jpg\" \/>\n\t<meta property=\"og:image:width\" content=\"2500\" \/>\n\t<meta property=\"og:image:height\" content=\"260\" \/>\n\t<meta property=\"og:image:type\" content=\"image\/jpeg\" \/>\n<meta name=\"twitter:card\" content=\"summary_large_image\" \/>\n<meta name=\"twitter:label1\" content=\"Est. reading time\" \/>\n\t<meta name=\"twitter:data1\" content=\"3 minutes\" \/>\n<script type=\"application\/ld+json\" class=\"yoast-schema-graph\">{\"@context\":\"https:\/\/schema.org\",\"@graph\":[{\"@type\":\"WebPage\",\"@id\":\"https:\/\/www.ig.cas.cz\/en\/contact\/staff\/ales-spicak\/\",\"url\":\"https:\/\/www.ig.cas.cz\/en\/contact\/staff\/ales-spicak\/\",\"name\":\"Ale\u0161 \u0160pi\u010d\u00e1k - Geofyzik\u00e1ln\u00ed \u00fastav Akademie v\u011bd \u010cR, v.v.i.\",\"isPartOf\":{\"@id\":\"https:\/\/www.ig.cas.cz\/#website\"},\"primaryImageOfPage\":{\"@id\":\"https:\/\/www.ig.cas.cz\/en\/contact\/staff\/ales-spicak\/#primaryimage\"},\"image\":{\"@id\":\"https:\/\/www.ig.cas.cz\/en\/contact\/staff\/ales-spicak\/#primaryimage\"},\"thumbnailUrl\":\"https:\/\/www.ig.cas.cz\/wp-content\/uploads\/2018\/01\/mapa_geologicka.jpg\",\"datePublished\":\"2018-02-07T14:39:24+00:00\",\"dateModified\":\"2024-01-16T09:10:14+00:00\",\"breadcrumb\":{\"@id\":\"https:\/\/www.ig.cas.cz\/en\/contact\/staff\/ales-spicak\/#breadcrumb\"},\"inLanguage\":\"en-US\",\"potentialAction\":[{\"@type\":\"ReadAction\",\"target\":[\"https:\/\/www.ig.cas.cz\/en\/contact\/staff\/ales-spicak\/\"]}]},{\"@type\":\"ImageObject\",\"inLanguage\":\"en-US\",\"@id\":\"https:\/\/www.ig.cas.cz\/en\/contact\/staff\/ales-spicak\/#primaryimage\",\"url\":\"https:\/\/www.ig.cas.cz\/wp-content\/uploads\/2018\/01\/mapa_geologicka.jpg\",\"contentUrl\":\"https:\/\/www.ig.cas.cz\/wp-content\/uploads\/2018\/01\/mapa_geologicka.jpg\",\"width\":2500,\"height\":260},{\"@type\":\"BreadcrumbList\",\"@id\":\"https:\/\/www.ig.cas.cz\/en\/contact\/staff\/ales-spicak\/#breadcrumb\",\"itemListElement\":[{\"@type\":\"ListItem\",\"position\":1,\"name\":\"Dom\u016f\",\"item\":\"https:\/\/www.ig.cas.cz\/en\/\"},{\"@type\":\"ListItem\",\"position\":2,\"name\":\"Contacts\",\"item\":\"https:\/\/www.ig.cas.cz\/en\/contact\/\"},{\"@type\":\"ListItem\",\"position\":3,\"name\":\"Staff\",\"item\":\"https:\/\/www.ig.cas.cz\/en\/contact\/staff\/\"},{\"@type\":\"ListItem\",\"position\":4,\"name\":\"Ale\u0161 \u0160pi\u010d\u00e1k\"}]},{\"@type\":\"WebSite\",\"@id\":\"https:\/\/www.ig.cas.cz\/#website\",\"url\":\"https:\/\/www.ig.cas.cz\/\",\"name\":\"Dom\u016f\",\"description\":\"Geofyzik\u00e1ln\u00ed \u00fastav Akademie v\u011bd \u010cR, v.v.i.\",\"potentialAction\":[{\"@type\":\"SearchAction\",\"target\":{\"@type\":\"EntryPoint\",\"urlTemplate\":\"https:\/\/www.ig.cas.cz\/?s={search_term_string}\"},\"query-input\":{\"@type\":\"PropertyValueSpecification\",\"valueRequired\":true,\"valueName\":\"search_term_string\"}}],\"inLanguage\":\"en-US\"}]}<\/script>\n<!-- \/ Yoast SEO plugin. -->","yoast_head_json":{"title":"Ale\u0161 \u0160pi\u010d\u00e1k - Geofyzik\u00e1ln\u00ed \u00fastav Akademie v\u011bd \u010cR, v.v.i.","robots":{"index":"index","follow":"follow","max-snippet":"max-snippet:-1","max-image-preview":"max-image-preview:large","max-video-preview":"max-video-preview:-1"},"canonical":"https:\/\/www.ig.cas.cz\/en\/contact\/staff\/ales-spicak\/","og_locale":"en_US","og_type":"article","og_title":"Ale\u0161 \u0160pi\u010d\u00e1k - Geofyzik\u00e1ln\u00ed \u00fastav Akademie v\u011bd \u010cR, v.v.i.","og_description":"Ale\u0161 \u0160pi\u010d\u00e1k is researcher at the Active Plate Tectonic Processes team.Publications \u0160pi\u010d\u00e1k, A., and J. Van\u011bk (2017), Shallow earthquake swarms in southern Ryukyu area: manifestation of dynamics of fluid and\/or magma plumbing system revealed by teleseismic and regional datasets, Int J Earth Sci, 106, 959-965, doi: 10.1007\/s00531-016-1344-x. \u0160pi\u010d\u00e1k, A., and J. Van\u011bk (2016), Earthquake swarms [&hellip;]","og_url":"https:\/\/www.ig.cas.cz\/en\/contact\/staff\/ales-spicak\/","og_site_name":"Dom\u016f","article_publisher":"https:\/\/www.facebook.com\/GFUAVCR\/","article_modified_time":"2024-01-16T09:10:14+00:00","og_image":[{"width":2500,"height":260,"url":"https:\/\/www.ig.cas.cz\/wp-content\/uploads\/2018\/01\/mapa_geologicka.jpg","type":"image\/jpeg"}],"twitter_card":"summary_large_image","twitter_misc":{"Est. reading time":"3 minutes"},"schema":{"@context":"https:\/\/schema.org","@graph":[{"@type":"WebPage","@id":"https:\/\/www.ig.cas.cz\/en\/contact\/staff\/ales-spicak\/","url":"https:\/\/www.ig.cas.cz\/en\/contact\/staff\/ales-spicak\/","name":"Ale\u0161 \u0160pi\u010d\u00e1k - Geofyzik\u00e1ln\u00ed \u00fastav Akademie v\u011bd \u010cR, v.v.i.","isPartOf":{"@id":"https:\/\/www.ig.cas.cz\/#website"},"primaryImageOfPage":{"@id":"https:\/\/www.ig.cas.cz\/en\/contact\/staff\/ales-spicak\/#primaryimage"},"image":{"@id":"https:\/\/www.ig.cas.cz\/en\/contact\/staff\/ales-spicak\/#primaryimage"},"thumbnailUrl":"https:\/\/www.ig.cas.cz\/wp-content\/uploads\/2018\/01\/mapa_geologicka.jpg","datePublished":"2018-02-07T14:39:24+00:00","dateModified":"2024-01-16T09:10:14+00:00","breadcrumb":{"@id":"https:\/\/www.ig.cas.cz\/en\/contact\/staff\/ales-spicak\/#breadcrumb"},"inLanguage":"en-US","potentialAction":[{"@type":"ReadAction","target":["https:\/\/www.ig.cas.cz\/en\/contact\/staff\/ales-spicak\/"]}]},{"@type":"ImageObject","inLanguage":"en-US","@id":"https:\/\/www.ig.cas.cz\/en\/contact\/staff\/ales-spicak\/#primaryimage","url":"https:\/\/www.ig.cas.cz\/wp-content\/uploads\/2018\/01\/mapa_geologicka.jpg","contentUrl":"https:\/\/www.ig.cas.cz\/wp-content\/uploads\/2018\/01\/mapa_geologicka.jpg","width":2500,"height":260},{"@type":"BreadcrumbList","@id":"https:\/\/www.ig.cas.cz\/en\/contact\/staff\/ales-spicak\/#breadcrumb","itemListElement":[{"@type":"ListItem","position":1,"name":"Dom\u016f","item":"https:\/\/www.ig.cas.cz\/en\/"},{"@type":"ListItem","position":2,"name":"Contacts","item":"https:\/\/www.ig.cas.cz\/en\/contact\/"},{"@type":"ListItem","position":3,"name":"Staff","item":"https:\/\/www.ig.cas.cz\/en\/contact\/staff\/"},{"@type":"ListItem","position":4,"name":"Ale\u0161 \u0160pi\u010d\u00e1k"}]},{"@type":"WebSite","@id":"https:\/\/www.ig.cas.cz\/#website","url":"https:\/\/www.ig.cas.cz\/","name":"Dom\u016f","description":"Geofyzik\u00e1ln\u00ed \u00fastav Akademie v\u011bd \u010cR, v.v.i.","potentialAction":[{"@type":"SearchAction","target":{"@type":"EntryPoint","urlTemplate":"https:\/\/www.ig.cas.cz\/?s={search_term_string}"},"query-input":{"@type":"PropertyValueSpecification","valueRequired":true,"valueName":"search_term_string"}}],"inLanguage":"en-US"}]}},"_links":{"self":[{"href":"https:\/\/www.ig.cas.cz\/en\/wp-json\/wp\/v2\/pages\/5700","targetHints":{"allow":["GET"]}}],"collection":[{"href":"https:\/\/www.ig.cas.cz\/en\/wp-json\/wp\/v2\/pages"}],"about":[{"href":"https:\/\/www.ig.cas.cz\/en\/wp-json\/wp\/v2\/types\/page"}],"author":[{"embeddable":true,"href":"https:\/\/www.ig.cas.cz\/en\/wp-json\/wp\/v2\/users\/5"}],"replies":[{"embeddable":true,"href":"https:\/\/www.ig.cas.cz\/en\/wp-json\/wp\/v2\/comments?post=5700"}],"version-history":[{"count":0,"href":"https:\/\/www.ig.cas.cz\/en\/wp-json\/wp\/v2\/pages\/5700\/revisions"}],"up":[{"embeddable":true,"href":"https:\/\/www.ig.cas.cz\/en\/wp-json\/wp\/v2\/pages\/416"}],"wp:featuredmedia":[{"embeddable":true,"href":"https:\/\/www.ig.cas.cz\/en\/wp-json\/wp\/v2\/media\/12002"}],"wp:attachment":[{"href":"https:\/\/www.ig.cas.cz\/en\/wp-json\/wp\/v2\/media?parent=5700"}],"wp:term":[{"taxonomy":"category","embeddable":true,"href":"https:\/\/www.ig.cas.cz\/en\/wp-json\/wp\/v2\/categories?post=5700"},{"taxonomy":"post_tag","embeddable":true,"href":"https:\/\/www.ig.cas.cz\/en\/wp-json\/wp\/v2\/tags?post=5700"}],"curies":[{"name":"wp","href":"https:\/\/api.w.org\/{rel}","templated":true}]}}