{"id":5773,"date":"2018-02-13T11:51:12","date_gmt":"2018-02-13T10:51:12","guid":{"rendered":"http:\/\/igcas.antstudio.eu\/?page_id=5773"},"modified":"2026-01-13T12:36:23","modified_gmt":"2026-01-13T11:36:23","slug":"vladimir-kusbach","status":"publish","type":"page","link":"https:\/\/www.ig.cas.cz\/en\/contact\/staff\/vladimir-kusbach\/","title":{"rendered":"Vladim\u00edr Kusbach"},"content":{"rendered":"<p>[et_pb_section fb_built=&#8221;1&#8243; _builder_version=&#8221;4.16&#8243; custom_padding=&#8221;0px|0px|0px|0px&#8221; global_colors_info=&#8221;{}&#8221;][et_pb_row column_structure=&#8221;2_3,1_3&#8243; _builder_version=&#8221;4.16&#8243; background_size=&#8221;initial&#8221; background_position=&#8221;top_left&#8221; background_repeat=&#8221;repeat&#8221; custom_padding=&#8221;15px|0px|0px|0px&#8221; global_colors_info=&#8221;{}&#8221;][et_pb_column type=&#8221;2_3&#8243; _builder_version=&#8221;4.16&#8243; custom_padding=&#8221;|||&#8221; global_colors_info=&#8221;{}&#8221; custom_padding__hover=&#8221;|||&#8221;][et_pb_text _builder_version=&#8221;4.27.4&#8243; custom_padding=&#8221;0px|||||&#8221; global_colors_info=&#8221;{}&#8221;]<\/p>\n<p style=\"text-align: justify;\">Mgr.<strong>\u00a0Vladim\u00edr Kol\u00e1\u0159 Kusbach<\/strong>, Ph.D. works as researcher from 2011.<br \/>I am interested in processes of rock deformation from micro- up to lithospheric scale. My work is combination of field structural geology with metamorphic and magmatic petrology in order to describe and understand tectonic processes in space and time.<br \/>I am mainly focused on microstructural studies, which are an important tool for deciphering rock rheology and melt segregation processes. More specifically, main research topics are: (a) structural studies in orogenic belts, (b) crust and mantle interactions and large-scale tectonic processes, (c) microstructures, textures, deformation mechanisms and rheology of deformed rocks.<br \/>Research field: Deformation and rheological behaviour of lower continental crust rock complexes, rock deformation in general.<\/p>\n<p style=\"text-align: justify;\">Main tools: Structural geology, microstructural analysis, petrological modelling, geochemistry, geochronology.<\/p>\n<p>Current projects:<\/p>\n<p><a href=\"https:\/\/www.ig.cas.cz\/en\/research\/projects\/crush\/\">CatastRophical dUctile to brittle Shifts in crystal-ricH magmas (CRUSH), (<span>M\u0160MT LUAUS26220)<span style=\"color: #000000;\">\u00a0 \/ 2026-2029<\/span><\/span><\/a><\/p>\n<p><a href=\"https:\/\/www.ig.cas.cz\/en\/research\/projects\/new-perspectives-in-magnetic-fabric-interpretation-through-3d-microstructural\/\">Perspectives in magnetic fabric interpretation through 3D analysis (GACR 22-12828S) <span style=\"color: #000000;\">\/ 2022-2024<\/span><\/a><\/p>\n<p><a href=\"..\/..\/..\/project-ams-vs-shear-zone\"><span style=\"color: #000000;\"><\/span><\/a><\/p>\n<p>[\/et_pb_text][\/et_pb_column][et_pb_column type=&#8221;1_3&#8243; _builder_version=&#8221;4.16&#8243; custom_padding=&#8221;|||&#8221; global_colors_info=&#8221;{}&#8221; custom_padding__hover=&#8221;|||&#8221;][et_pb_image src=&#8221;https:\/\/www.ig.cas.cz\/wp-content\/uploads\/2018\/01\/12140939_10208024923319204_661732749176256961_o.jpg&#8221; align=&#8221;center&#8221; align_tablet=&#8221;center&#8221; align_phone=&#8221;&#8221; align_last_edited=&#8221;on|desktop&#8221; _builder_version=&#8221;4.16&#8243; max_width=&#8221;88%&#8221; global_colors_info=&#8221;{}&#8221;][\/et_pb_image][et_pb_text _builder_version=&#8221;4.27.4&#8243; global_colors_info=&#8221;{}&#8221;]<\/p>\n<h3 style=\"text-align: center;\"><strong>Mgr. Vladim\u00edr Kol\u00e1\u0159 Kusbach,\u00a0Ph.D.<\/strong><\/h3>\n<p style=\"text-align: center;\">researcher<br \/><a href=\"https:\/\/www.ig.cas.cz\/en\/research\/teams\/tectonic-modelling\/\">Tectonic Modelling<\/a><br \/><a href=\"mailto:kusbach@ig.cas.cz\">kusbach@ig.cas.cz<\/a><br \/>+420\u00a0267\u00a0103\u00a0043<br \/><a href=\"http:\/\/www.researcherid.com\/rid\/D-4892-2012\">ResearcherID<\/a><br \/><a href=\"https:\/\/orcid.org\/0000-0003-2435-2185\" target=\"orcid.widget\" rel=\"noopener noreferrer\"><img decoding=\"async\" src=\"https:\/\/orcid.org\/sites\/default\/files\/images\/orcid_16x16.png\" alt=\"ORCID iD icon\" \/>\u00a0ORCID<\/a><\/p>\n<p>[\/et_pb_text][\/et_pb_column][\/et_pb_row][et_pb_row column_structure=&#8221;1_2,1_2&#8243; _builder_version=&#8221;4.16&#8243; custom_padding=&#8221;10px|0px|28.95px|0px&#8221; global_colors_info=&#8221;{}&#8221;][et_pb_column type=&#8221;1_2&#8243; _builder_version=&#8221;4.16&#8243; custom_padding=&#8221;|||&#8221; global_colors_info=&#8221;{}&#8221; custom_padding__hover=&#8221;|||&#8221;][et_pb_text _builder_version=&#8221;4.16&#8243; global_colors_info=&#8221;{}&#8221;]<\/p>\n<h3><strong>Publications:<\/strong><\/h3>\n<ul>\n<li><span>Machek, M., Roxerov\u00e1, Z., <strong>Kusbach, V.<\/strong>, Ku\u010der\u00e1kov\u00e1, M., &amp; Vratislav, S. (2025). Evolution of microstructure and texture in a&nbsp;small-scale hightemperature marble shear zone from the Ossa-Morena Zone (Iberian Variscan Belt).\u00a0<\/span><i>Acta Geologica Hispanica<\/i><span>,\u00a0<\/span><i>23<\/i><span>, 1. <a href=\"https:\/\/doi.org\/10.1344\/geologicaacta2025.23.24\">https:\/\/doi.org\/10.1344\/geologicaacta2025.23.24<\/a><\/span><span class=\"author\"><\/span><\/li>\n<li><span class=\"author\">Roxerov\u00e1,<span>\u00a0<\/span><text><\/text>Z.<\/span><span>,\u00a0<\/span><strong><span class=\"author\">Kusbach,\u00a0<text><\/text>V.<\/span><\/strong><span>,\u00a0<\/span><span class=\"author\">Machek,<span>\u00a0<\/span><text><\/text>M.<\/span><span>,\u00a0<\/span><span class=\"author\">Ku\u010der\u00e1kov\u00e1,<span>\u00a0<\/span><text><\/text>M.<\/span><span>,\u00a0<\/span><span class=\"author\">Vratislav,<span>\u00a0<\/span><text><\/text>S.<\/span><span>,\u00a0<\/span><span class=\"author\">V\u00e1vrov\u00e1,<span>\u00a0<\/span><text><\/text>A.<\/span><span>, &amp;\u00a0<\/span><span class=\"author\">Chadima,<span>\u00a0<\/span><text><\/text>M.<\/span><span>\u00a0(<\/span><span class=\"pubYear\">2025<\/span><span>).\u00a0<\/span><span class=\"articleTitle\">Effect of deformation mechanisms on magnetic record in marble shear zones<\/span><span>.\u00a0<\/span><i>Geochemistry, Geophysics, Geosystems<\/i><span>,\u00a0<\/span><span class=\"vol\">26<\/span><span>, e2025GC012456. <\/span><a href=\"https:\/\/doi.org\/10.1029\/2025GC012456\" class=\"linkBehavior\">https:\/\/doi.org\/10.1029\/2025GC012456<\/a><span class=\"author\"><\/span><\/li>\n<li><span class=\"author\">Petrovsk\u00fd,<span>\u00a0<\/span><text><\/text>E.<\/span><span>,\u00a0<\/span><span class=\"author\">Machek,<span>\u00a0<\/span><text><\/text>M.<\/span><span>,\u00a0<\/span><span class=\"author\">Egli,<span>\u00a0<\/span><text><\/text>R.<\/span><span>,\u00a0<\/span><strong><span class=\"author\">Kusbach,\u00a0<text><\/text>V.<\/span><\/strong><span>,\u00a0<\/span><span class=\"author\">Roxerov\u00e1,<span>\u00a0<\/span><text><\/text>Z.<\/span><span>, &amp;\u00a0<\/span><span class=\"author\">Rybacki,<span>\u00a0<\/span><text><\/text>E.<\/span><span>\u00a0(<\/span><span class=\"pubYear\">2025<\/span><span>).\u00a0<\/span><span class=\"articleTitle\">Directional dependence of magnetization and coercivity in hematite ore experimentally deformed in torsion<\/span><span>.\u00a0<\/span><i>Journal of Geophysical Research: Solid Earth<\/i><span>,\u00a0<\/span><span class=\"vol\">130<\/span><span>, e2024JB031033. <\/span><a href=\"https:\/\/doi.org\/10.1029\/2024JB031033\" class=\"linkBehavior\">https:\/\/doi.org\/10.1029\/2024JB031033<\/a><\/li>\n<li>Stan\u011bk, M., Machek, M.,<span>\u00a0<\/span><strong>Kusbach, V.<\/strong>, P\u00ed\u0161ov\u00e1, B. (2024). Dataset of P-wave velocity anisotropy measured on spherical samples of various rock types with an example of data analysis of retrogression related changes in eclogite and peridotite.<span>\u00a0<\/span><em>Journal of Geodynamics,<\/em><span>\u00a0<\/span>102032.\u00a0doi:<span>\u00a0<\/span><a href=\"https:\/\/doi.org\/10.1016\/j.jog.2024.102032\">10.1016\/j.jog.2024.102032<\/a><span class=\"author\"><\/span><\/li>\n<li><span class=\"author\">Roxerov\u00e1, Z.<\/span>,\u00a0<span class=\"author\">Machek, M.<\/span>,\u00a0<strong><span class=\"author\">Kusbach, V. K.<\/span><\/strong>, &amp;\u00a0<span class=\"author\">V\u00e1vrov\u00e1, A.<\/span>\u00a0(<span class=\"pubYear\">2023<\/span>).\u00a0<span class=\"articleTitle\">Strain localization: Analog modeling and anisotropy of magnetic susceptibility<\/span>.\u00a0<i>Geochemistry, Geophysics, Geosystems<\/i>,\u00a0<span class=\"vol\">24<\/span>, e2022GC010630.&nbsp;doi: <a class=\"linkBehavior\" href=\"https:\/\/doi.org\/10.1029\/2022GC010630\">10.1029\/2022GC010630<\/a><\/li>\n<li>Janou\u0161ek, V., Erban Kochergina, Y.V., Andronikov, A.V.\u00a0&amp;\u00a0<strong>Kusbach, V.K.<\/strong> (2022) Decoupling of Mg from Sr\u2013Nd isotopic compositions in Variscan subduction-related plutonic rocks from the Bohemian Massif: implications for mantle enrichment processes and genesis of orogenic ultrapotassic magmatic rocks. <i>Int J Earth Sci (Geol Rundsch)<\/i>. doi: <a href=\"https:\/\/doi.org\/10.1007\/s00531-022-02199-w\">10.1007\/s00531-022-02199-w<\/a><\/li>\n<li><strong>Kusbach, V.K.<\/strong>, Machek, M., Roxerov\u00e1, Z.\u00a0<i>et al.<\/i> (2019) Localization effect on AMS fabric revealed by microstructural evidence across small-scale shear zone in marble. <i>Sci Rep<\/i>\u00a09<b>,\u00a0<\/b>17483.&nbsp;doi:<a href=\"https:\/\/www.nature.com\/articles\/s41598-019-53794-y\">\u00a010.1038\/s41598-019-53794-y<\/a><\/li>\n<li>Machek, M., Z\u00e1vada, P., Roxerov\u00e1, Z., Petrovsk\u00fd, E., \u0160pi\u010d\u00e1k, A., &amp;\u00a0<span style=\"font-size: 16px;\"><strong>Kusbach, V.<\/strong>\u00a0(2019). Crystal mush flow in small concentrically expanded\u00a0<\/span><span style=\"font-size: 16px;\">pluton (Castle Crags pluton; Klamath Mountains, CA, USA). <em>Geochemistry,\u00a0<\/em><\/span><span style=\"font-size: 16px;\"><em>Geophysics, Geosystems<\/em>, 20, 1954\u2013 1974. DOI:\u00a0<\/span><a style=\"font-size: 16px;\" href=\"https:\/\/doi.org\/10.1029\/2018GC008018\" target=\"_blank\" rel=\"noopener noreferrer\" data-saferedirecturl=\"https:\/\/www.google.com\/url?q=https:\/\/doi.org\/10.1029\/2018GC008018&amp;source=gmail&amp;ust=1559053133556000&amp;usg=AFQjCNGlM44Mzee4qnQsBcWQi8XgcbuDsw\">10.1029\/2018GC<wbr \/>008018<\/a><\/li>\n<\/ul>\n<ul>\n<li>Collett, S.; \u0160t\u00edpsk\u00e1, P.;\u00a0<strong>Kusbach, V.<\/strong>; Schulmann, K. &amp; Marciniak, G. (2016) Dynamics of Saxothuringian subduction channel\/wedge constrained by phase equilibria modelling and micro-fabric analysis Journal of Metamorphic Geology, DOI:\u00a0<a href=\"http:\/\/dx.doi.org\/10.1111\/jmg.12226\">10.1111\/jmg.12226<\/a><\/li>\n<li>Soldner, J.; Oliot, E.; Schulmann, K.; \u0160t\u00edpsk\u00e1, P.;\u00a0<strong>Kusbach, V.<\/strong>\u00a0&amp; Anczkiewicz, R. (2016) Metamorphic P\u2013T\u2013t\u2013d evolution of (U)HP metabasites from the South Tianshan accretionary complex (NW China) \u2014 Implications for rock deformation during exhumation in a&nbsp;subduction channel Gondwana Research, DOI:\u00a0<a href=\"http:\/\/dx.doi.org\/10.1016\/j.gr.2016.07.007\">10.1016\/j.gr.2016.07.007<\/a><\/li>\n<li><strong>Kusbach, V.<\/strong>, Janousek, V., Hasalova, P., Schulmann, K., Fanning, CM., Erban, V., Ulrich, S. (2015). Importance of crustal relamination in origin of the orogenic mantle peridotite-high-pressure granulite association: example from the Namest Granulite Massif (Bohemian Massif, Czech Republic). Journal of the Geological Society 172, 4, 479-490 DOI:\u00a0<a href=\"http:\/\/dx.doi.org\/10.1144\/jgs2014-070\">10.1144\/jgs2014-070<\/a><\/li>\n<li><strong style=\"font-size: 16px;\">Kusbach, V.<\/strong><span style=\"font-size: 16px;\">, Ulrich, S., and Schulmann, K. (2012). Ductile deformation and rheology of sub-continental mantle in a&nbsp;hot collisional orogeny: Example from the Bohemian Massif. Journal of Geodynamics 56\u201357&nbsp;:&nbsp;108\u2013123, DOI:\u00a0<\/span><a style=\"font-size: 16px;\" href=\"http:\/\/www.sciencedirect.com\/science\/article\/pii\/S0264370711000652\" target=\"_blank\" rel=\"noopener noreferrer\">10.1016\/j.jog.2011.06.004<\/a><span style=\"font-size: 16px;\">.<\/span><span style=\"font-size: 16px;\">\u00a0<\/span><\/li>\n<li>Kratinov\u00e1, Z., Machek, M.,\u00a0<strong>Kusbach, V.,<\/strong>\u00a0(2010). Fabric transpositions in granite plutons \u2014 An insight from non-scaled analogue modelling, Journal of the Geological Society of India 75&nbsp;:&nbsp;267-277,\u00a0DOI:\u00a0<a href=\"http:\/\/link.springer.com\/article\/10.1007%2Fs12594-010-0014-z\" target=\"_blank\" rel=\"noopener noreferrer\">10.1007\/s12594-010-0014-z<\/a>,<a href=\"..\/..\/..\/jgsi2010\/\">\u00a0PDF<\/a>\u00a0for free download.<\/li>\n<li>Z\u00e1vada, P., Kratinov\u00e1, Z.,\u00a0<strong>Kusbach, V.<\/strong>, Schulmann, K., (2009). Internal fabric development in complex lava domes, Tectonophysics 466&nbsp;:&nbsp;101\u2013113, DOI:\u00a0<a href=\"http:\/\/www.sciencedirect.com\/science\/article\/pii\/S0040195108003296\" target=\"_blank\" rel=\"noopener noreferrer\">10.1016\/j.tecto.2008.07.005<\/a>.<\/li>\n<\/ul>\n<p>[\/et_pb_text][\/et_pb_column][et_pb_column type=&#8221;1_2&#8243; _builder_version=&#8221;4.16&#8243; custom_padding=&#8221;|||&#8221; global_colors_info=&#8221;{}&#8221; custom_padding__hover=&#8221;|||&#8221;][et_pb_text _builder_version=&#8221;4.16&#8243; global_colors_info=&#8221;{}&#8221;]<\/p>\n<h3><strong>CV<\/strong><\/h3>\n<ul>\n<li>2011: PhD. \u201cen cotutelle\u201d at the Charles University (UK) \u2013 Institute of Petrology and Structural Geology (IPSG), Prague and Universit\u00e9 de Strasbourg (UdS) &#8211; Ecole et Observatoire des Sciences de la Terre (EOST), Strasbourg (2007\u20132011).<\/li>\n<li><a href=\"https:\/\/is.cuni.cz\/webapps\/zzp\/detail\/81857\/28788604\">PhD. thesis<\/a>: \u00a0<strong>Strain coupling versus decoupling of mantle and crust during orogenesis.<\/strong>\u00a0Supervisors: K. Schulmann (UdS) and S. Ulrich (UK), Collaborations: P.&nbsp;\u0160tipsk\u00e1 (UdS), V. Janou\u0161ek (CGS)<\/li>\n<li>2007: Msc. Structural Geology, Charles University (UK), Prague (2002\u20132007).<br \/>\nMsc. thesis: <strong>Analogue modeling of fabric development in dome shaped volcanic bodies<\/strong>. Supervisor: Prof. F. Hrouda (UK Prague, Agico Ltd. Brno) Collaboration with Z. Kratinov\u00e1 and P.&nbsp;Z\u00e1vada (IG ASCR v.v.i.)<\/li>\n<li>2001\u20132002: Faculty of Mathematics and Physics, Charles University (UK), Prague<\/li>\n<\/ul>\n<ul>\n<li style=\"list-style-type: none;\">\n<ul>\n<li><strong>Workshops, training programmes<\/strong><\/li>\n<li>Fourth Marie Curie Summer School, &#8220;Porous and Aqueous Materials&#8221;. 19.-29.8.&nbsp;2008, T\u0159e\u0161\u0165, Czech Republic<\/li>\n<li>Characterization, interpretation and modelling of metamorphic textures. 6.-8.7.&nbsp;2009, G&amp;G 2009, Ond\u0159ej Lexa and Paul Bons, Prague, Czech Republic<\/li>\n<li>Calculating Metamorphic Mineral Equilibria. 20.-23.7.&nbsp;2009, G&amp;G 2009, Roger Powell, Tim Holland and Richard White, Prague, Czech Republic<\/li>\n<li>Microstructures, textures &amp; anisotropy. 28.6.-2.7.&nbsp;2010, Crystal2Plate short-course, Andr\u00e9a Tommasi &amp; David Mainprice, Geosciences Montpellier, France<\/li>\n<li>Thermodynamics: calculating phase equilibria and physical properties using PERPLE_X. 5.-8.7.&nbsp;2010, Crystal2Plate short-course, J. Connolly, Geosciences Montpellier, France<\/li>\n<\/ul>\n<\/li>\n<\/ul>\n<p>[\/et_pb_text][\/et_pb_column][\/et_pb_row][\/et_pb_section]<\/p>\n","protected":false},"excerpt":{"rendered":"<p>Mgr.\u00a0Vladim\u00edr Kol\u00e1\u0159 Kusbach, Ph.D. works as researcher from 2011.I am interested in processes of rock deformation from micro- up to lithospheric scale. My work is combination of field structural geology with metamorphic and magmatic petrology in order to describe and understand tectonic processes in space and time.I am mainly focused on microstructural studies, which are [&hellip;]<\/p>\n","protected":false},"author":5,"featured_media":3827,"parent":416,"menu_order":0,"comment_status":"closed","ping_status":"closed","template":"","meta":{"_et_pb_use_builder":"on","_et_pb_old_content":"","_et_gb_content_width":"","footnotes":""},"categories":[],"tags":[127],"class_list":["post-5773","page","type-page","status-publish","has-post-thumbnail","hentry","tag-people-en"],"yoast_head":"<!-- This site is optimized with the Yoast SEO plugin v25.9 - https:\/\/yoast.com\/wordpress\/plugins\/seo\/ -->\n<title>Vladim\u00edr Kusbach - Geofyzik\u00e1ln\u00ed \u00fastav Akademie v\u011bd \u010cR, v.v.i.<\/title>\n<meta name=\"robots\" content=\"index, follow, max-snippet:-1, max-image-preview:large, max-video-preview:-1\" \/>\n<link rel=\"canonical\" href=\"https:\/\/www.ig.cas.cz\/en\/contact\/staff\/vladimir-kusbach\/\" \/>\n<meta property=\"og:locale\" content=\"en_US\" \/>\n<meta property=\"og:type\" content=\"article\" \/>\n<meta property=\"og:title\" content=\"Vladim\u00edr Kusbach - Geofyzik\u00e1ln\u00ed \u00fastav Akademie v\u011bd \u010cR, v.v.i.\" \/>\n<meta property=\"og:description\" content=\"Mgr.\u00a0Vladim\u00edr Kol\u00e1\u0159 Kusbach, Ph.D. works as researcher from 2011.I am interested in processes of rock deformation from micro- up to lithospheric scale. My work is combination of field structural geology with metamorphic and magmatic petrology in order to describe and understand tectonic processes in space and time.I am mainly focused on microstructural studies, which are [&hellip;]\" \/>\n<meta property=\"og:url\" content=\"https:\/\/www.ig.cas.cz\/en\/contact\/staff\/vladimir-kusbach\/\" \/>\n<meta property=\"og:site_name\" content=\"Dom\u016f\" \/>\n<meta property=\"article:publisher\" content=\"https:\/\/www.facebook.com\/GFUAVCR\/\" \/>\n<meta property=\"article:modified_time\" content=\"2026-01-13T11:36:23+00:00\" \/>\n<meta property=\"og:image\" content=\"https:\/\/www.ig.cas.cz\/wp-content\/uploads\/2018\/01\/mapa_geologicka.jpg\" \/>\n\t<meta property=\"og:image:width\" content=\"2500\" \/>\n\t<meta property=\"og:image:height\" content=\"260\" \/>\n\t<meta property=\"og:image:type\" content=\"image\/jpeg\" \/>\n<meta name=\"twitter:card\" content=\"summary_large_image\" \/>\n<meta name=\"twitter:label1\" content=\"Est. reading time\" \/>\n\t<meta name=\"twitter:data1\" content=\"5 minutes\" \/>\n<script type=\"application\/ld+json\" class=\"yoast-schema-graph\">{\"@context\":\"https:\/\/schema.org\",\"@graph\":[{\"@type\":\"WebPage\",\"@id\":\"https:\/\/www.ig.cas.cz\/en\/contact\/staff\/vladimir-kusbach\/\",\"url\":\"https:\/\/www.ig.cas.cz\/en\/contact\/staff\/vladimir-kusbach\/\",\"name\":\"Vladim\u00edr Kusbach - Geofyzik\u00e1ln\u00ed \u00fastav Akademie v\u011bd \u010cR, v.v.i.\",\"isPartOf\":{\"@id\":\"https:\/\/www.ig.cas.cz\/#website\"},\"primaryImageOfPage\":{\"@id\":\"https:\/\/www.ig.cas.cz\/en\/contact\/staff\/vladimir-kusbach\/#primaryimage\"},\"image\":{\"@id\":\"https:\/\/www.ig.cas.cz\/en\/contact\/staff\/vladimir-kusbach\/#primaryimage\"},\"thumbnailUrl\":\"https:\/\/www.ig.cas.cz\/wp-content\/uploads\/2018\/01\/mapa_geologicka.jpg\",\"datePublished\":\"2018-02-13T10:51:12+00:00\",\"dateModified\":\"2026-01-13T11:36:23+00:00\",\"breadcrumb\":{\"@id\":\"https:\/\/www.ig.cas.cz\/en\/contact\/staff\/vladimir-kusbach\/#breadcrumb\"},\"inLanguage\":\"en-US\",\"potentialAction\":[{\"@type\":\"ReadAction\",\"target\":[\"https:\/\/www.ig.cas.cz\/en\/contact\/staff\/vladimir-kusbach\/\"]}]},{\"@type\":\"ImageObject\",\"inLanguage\":\"en-US\",\"@id\":\"https:\/\/www.ig.cas.cz\/en\/contact\/staff\/vladimir-kusbach\/#primaryimage\",\"url\":\"https:\/\/www.ig.cas.cz\/wp-content\/uploads\/2018\/01\/mapa_geologicka.jpg\",\"contentUrl\":\"https:\/\/www.ig.cas.cz\/wp-content\/uploads\/2018\/01\/mapa_geologicka.jpg\",\"width\":2500,\"height\":260},{\"@type\":\"BreadcrumbList\",\"@id\":\"https:\/\/www.ig.cas.cz\/en\/contact\/staff\/vladimir-kusbach\/#breadcrumb\",\"itemListElement\":[{\"@type\":\"ListItem\",\"position\":1,\"name\":\"Dom\u016f\",\"item\":\"https:\/\/www.ig.cas.cz\/en\/\"},{\"@type\":\"ListItem\",\"position\":2,\"name\":\"Contacts\",\"item\":\"https:\/\/www.ig.cas.cz\/en\/contact\/\"},{\"@type\":\"ListItem\",\"position\":3,\"name\":\"Staff\",\"item\":\"https:\/\/www.ig.cas.cz\/en\/contact\/staff\/\"},{\"@type\":\"ListItem\",\"position\":4,\"name\":\"Vladim\u00edr Kusbach\"}]},{\"@type\":\"WebSite\",\"@id\":\"https:\/\/www.ig.cas.cz\/#website\",\"url\":\"https:\/\/www.ig.cas.cz\/\",\"name\":\"Dom\u016f\",\"description\":\"Geofyzik\u00e1ln\u00ed \u00fastav Akademie v\u011bd \u010cR, v.v.i.\",\"potentialAction\":[{\"@type\":\"SearchAction\",\"target\":{\"@type\":\"EntryPoint\",\"urlTemplate\":\"https:\/\/www.ig.cas.cz\/?s={search_term_string}\"},\"query-input\":{\"@type\":\"PropertyValueSpecification\",\"valueRequired\":true,\"valueName\":\"search_term_string\"}}],\"inLanguage\":\"en-US\"}]}<\/script>\n<!-- \/ Yoast SEO plugin. -->","yoast_head_json":{"title":"Vladim\u00edr Kusbach - Geofyzik\u00e1ln\u00ed \u00fastav Akademie v\u011bd \u010cR, v.v.i.","robots":{"index":"index","follow":"follow","max-snippet":"max-snippet:-1","max-image-preview":"max-image-preview:large","max-video-preview":"max-video-preview:-1"},"canonical":"https:\/\/www.ig.cas.cz\/en\/contact\/staff\/vladimir-kusbach\/","og_locale":"en_US","og_type":"article","og_title":"Vladim\u00edr Kusbach - Geofyzik\u00e1ln\u00ed \u00fastav Akademie v\u011bd \u010cR, v.v.i.","og_description":"Mgr.\u00a0Vladim\u00edr Kol\u00e1\u0159 Kusbach, Ph.D. works as researcher from 2011.I am interested in processes of rock deformation from micro- up to lithospheric scale. My work is combination of field structural geology with metamorphic and magmatic petrology in order to describe and understand tectonic processes in space and time.I am mainly focused on microstructural studies, which are [&hellip;]","og_url":"https:\/\/www.ig.cas.cz\/en\/contact\/staff\/vladimir-kusbach\/","og_site_name":"Dom\u016f","article_publisher":"https:\/\/www.facebook.com\/GFUAVCR\/","article_modified_time":"2026-01-13T11:36:23+00:00","og_image":[{"width":2500,"height":260,"url":"https:\/\/www.ig.cas.cz\/wp-content\/uploads\/2018\/01\/mapa_geologicka.jpg","type":"image\/jpeg"}],"twitter_card":"summary_large_image","twitter_misc":{"Est. reading time":"5 minutes"},"schema":{"@context":"https:\/\/schema.org","@graph":[{"@type":"WebPage","@id":"https:\/\/www.ig.cas.cz\/en\/contact\/staff\/vladimir-kusbach\/","url":"https:\/\/www.ig.cas.cz\/en\/contact\/staff\/vladimir-kusbach\/","name":"Vladim\u00edr Kusbach - Geofyzik\u00e1ln\u00ed \u00fastav Akademie v\u011bd \u010cR, v.v.i.","isPartOf":{"@id":"https:\/\/www.ig.cas.cz\/#website"},"primaryImageOfPage":{"@id":"https:\/\/www.ig.cas.cz\/en\/contact\/staff\/vladimir-kusbach\/#primaryimage"},"image":{"@id":"https:\/\/www.ig.cas.cz\/en\/contact\/staff\/vladimir-kusbach\/#primaryimage"},"thumbnailUrl":"https:\/\/www.ig.cas.cz\/wp-content\/uploads\/2018\/01\/mapa_geologicka.jpg","datePublished":"2018-02-13T10:51:12+00:00","dateModified":"2026-01-13T11:36:23+00:00","breadcrumb":{"@id":"https:\/\/www.ig.cas.cz\/en\/contact\/staff\/vladimir-kusbach\/#breadcrumb"},"inLanguage":"en-US","potentialAction":[{"@type":"ReadAction","target":["https:\/\/www.ig.cas.cz\/en\/contact\/staff\/vladimir-kusbach\/"]}]},{"@type":"ImageObject","inLanguage":"en-US","@id":"https:\/\/www.ig.cas.cz\/en\/contact\/staff\/vladimir-kusbach\/#primaryimage","url":"https:\/\/www.ig.cas.cz\/wp-content\/uploads\/2018\/01\/mapa_geologicka.jpg","contentUrl":"https:\/\/www.ig.cas.cz\/wp-content\/uploads\/2018\/01\/mapa_geologicka.jpg","width":2500,"height":260},{"@type":"BreadcrumbList","@id":"https:\/\/www.ig.cas.cz\/en\/contact\/staff\/vladimir-kusbach\/#breadcrumb","itemListElement":[{"@type":"ListItem","position":1,"name":"Dom\u016f","item":"https:\/\/www.ig.cas.cz\/en\/"},{"@type":"ListItem","position":2,"name":"Contacts","item":"https:\/\/www.ig.cas.cz\/en\/contact\/"},{"@type":"ListItem","position":3,"name":"Staff","item":"https:\/\/www.ig.cas.cz\/en\/contact\/staff\/"},{"@type":"ListItem","position":4,"name":"Vladim\u00edr Kusbach"}]},{"@type":"WebSite","@id":"https:\/\/www.ig.cas.cz\/#website","url":"https:\/\/www.ig.cas.cz\/","name":"Dom\u016f","description":"Geofyzik\u00e1ln\u00ed \u00fastav Akademie v\u011bd \u010cR, v.v.i.","potentialAction":[{"@type":"SearchAction","target":{"@type":"EntryPoint","urlTemplate":"https:\/\/www.ig.cas.cz\/?s={search_term_string}"},"query-input":{"@type":"PropertyValueSpecification","valueRequired":true,"valueName":"search_term_string"}}],"inLanguage":"en-US"}]}},"_links":{"self":[{"href":"https:\/\/www.ig.cas.cz\/en\/wp-json\/wp\/v2\/pages\/5773","targetHints":{"allow":["GET"]}}],"collection":[{"href":"https:\/\/www.ig.cas.cz\/en\/wp-json\/wp\/v2\/pages"}],"about":[{"href":"https:\/\/www.ig.cas.cz\/en\/wp-json\/wp\/v2\/types\/page"}],"author":[{"embeddable":true,"href":"https:\/\/www.ig.cas.cz\/en\/wp-json\/wp\/v2\/users\/5"}],"replies":[{"embeddable":true,"href":"https:\/\/www.ig.cas.cz\/en\/wp-json\/wp\/v2\/comments?post=5773"}],"version-history":[{"count":5,"href":"https:\/\/www.ig.cas.cz\/en\/wp-json\/wp\/v2\/pages\/5773\/revisions"}],"predecessor-version":[{"id":43114,"href":"https:\/\/www.ig.cas.cz\/en\/wp-json\/wp\/v2\/pages\/5773\/revisions\/43114"}],"up":[{"embeddable":true,"href":"https:\/\/www.ig.cas.cz\/en\/wp-json\/wp\/v2\/pages\/416"}],"wp:featuredmedia":[{"embeddable":true,"href":"https:\/\/www.ig.cas.cz\/en\/wp-json\/wp\/v2\/media\/3827"}],"wp:attachment":[{"href":"https:\/\/www.ig.cas.cz\/en\/wp-json\/wp\/v2\/media?parent=5773"}],"wp:term":[{"taxonomy":"category","embeddable":true,"href":"https:\/\/www.ig.cas.cz\/en\/wp-json\/wp\/v2\/categories?post=5773"},{"taxonomy":"post_tag","embeddable":true,"href":"https:\/\/www.ig.cas.cz\/en\/wp-json\/wp\/v2\/tags?post=5773"}],"curies":[{"name":"wp","href":"https:\/\/api.w.org\/{rel}","templated":true}]}}