{"id":5809,"date":"2018-02-16T11:15:59","date_gmt":"2018-02-16T10:15:59","guid":{"rendered":"http:\/\/igcas.antstudio.eu\/?page_id=5809"},"modified":"2026-01-09T10:46:02","modified_gmt":"2026-01-09T09:46:02","slug":"martin-stanek","status":"publish","type":"page","link":"https:\/\/www.ig.cas.cz\/en\/contact\/staff\/martin-stanek\/","title":{"rendered":"Martin Stan\u011bk"},"content":{"rendered":"<p>[et_pb_section fb_built=&#8221;1&#8243; _builder_version=&#8221;4.16&#8243; custom_padding=&#8221;20px|0px|0px|0px&#8221; global_colors_info=&#8221;{}&#8221;][et_pb_row column_structure=&#8221;2_3,1_3&#8243; _builder_version=&#8221;4.16&#8243; background_size=&#8221;initial&#8221; background_position=&#8221;top_left&#8221; background_repeat=&#8221;repeat&#8221; custom_padding=&#8221;19px|0px|0px|0px&#8221; global_colors_info=&#8221;{}&#8221;][et_pb_column type=&#8221;2_3&#8243; _builder_version=&#8221;4.16&#8243; custom_padding=&#8221;|||&#8221; global_colors_info=&#8221;{}&#8221; custom_padding__hover=&#8221;|||&#8221;][et_pb_text _builder_version=&#8221;4.27.4&#8243; hover_enabled=&#8221;0&#8243; global_colors_info=&#8221;{}&#8221; sticky_enabled=&#8221;0&#8243;]<\/p>\n<p>Dr. <strong>Martin Stan\u011bk<\/strong>\u00a0has been a&nbsp;research fellow at the Institute of Geophysics CAS since 2013. He investigates the structure and evolution of salt extrusions and of volcanic plumbing systems.<\/p>\n<p>In the frame of the <a href=\"https:\/\/starfos.tacr.cz\/en\/projekty\/GA24-11150S\">CSF 24-11150S<\/a> project \u201cStructure and dynamics of shallow salt sheet extrusion investigated by means of magnetotellurics, gravity and analog &amp; numerical modelling\u201d he studies the impact of the salt rise rate on the passive diapiric growth and subsequent inversion. The project aims to image and model subsurface salt extrusion structures by means of magnetotellurics, gravity and analog &amp; numerical experiments and to develop a&nbsp;concept of the governing mechanisms influencing kinematics and dynamics of salt extrusions.<\/p>\n<p>In the frame of the <a href=\"https:\/\/gacr.cz\/expro-a-junior-star-nove-excelentni-projekty\/\">CSF EXPRO<\/a> 25-16408X project \u201cComprehensive geophysical analysis of the ongoing volcanic eruption at the Reykjanes peninsula\u201d he works on an analogue modelling parametric study of transcrustal fracture network development and associated magma plumbing systems. The project aims to investigate the dynamics and architecture of the volcanic plumbing system feeding volcanic eruptions at Reykjanes Peninsula.<\/p>\n<p>&nbsp;<\/p>\n<p>Former research project: <a href=\"..\/..\/..\/project-ams-vs-shear-zone\/\">AMS vs. shear zone (GJ16-25486Y)<\/a><\/p>\n<p>[\/et_pb_text][\/et_pb_column][et_pb_column type=&#8221;1_3&#8243; _builder_version=&#8221;4.16&#8243; custom_padding=&#8221;|||&#8221; global_colors_info=&#8221;{}&#8221; custom_padding__hover=&#8221;|||&#8221;][et_pb_image src=&#8221;https:\/\/www.ig.cas.cz\/wp-content\/uploads\/2018\/02\/stanekm_photoweb.jpg&#8221; align_tablet=&#8221;center&#8221; align_phone=&#8221;center&#8221; align_last_edited=&#8221;on|desktop&#8221; _builder_version=&#8221;4.16&#8243; max_width=&#8221;47%&#8221; module_alignment=&#8221;center&#8221; global_colors_info=&#8221;{}&#8221;][\/et_pb_image][et_pb_text _builder_version=&#8221;4.27.4&#8243; hover_enabled=&#8221;0&#8243; global_colors_info=&#8221;{}&#8221; sticky_enabled=&#8221;0&#8243;]<\/p>\n<h3 style=\"text-align: center;\"><strong>Mgr. Martin Stan\u011bk Ph.D<\/strong><\/h3>\n<p style=\"text-align: center;\">researcher<br \/><a href=\"https:\/\/www.ig.cas.cz\/en\/research\/teams\/tectonic-modelling\/\">Tectonic Modelling<\/a><br \/><a href=\"mailto:stanekm@ig.cas.cz\">stanekm@ig.cas.cz<\/a><br \/>+420\u00a0267\u00a0103\u00a0042<br \/><a href=\"http:\/\/www.researcherid.com\/rid\/H-6407-2014\">ResearcherID<\/a><a href=\"https:\/\/orcid.org\/0000-0003-4114-883X\" target=\"orcid.widget\" rel=\"noopener noreferrer\"><br \/><\/a><a href=\"https:\/\/orcid.org\/0000-0003-4114-883X\" target=\"orcid.widget\" rel=\"noopener noreferrer\"><img decoding=\"async\" src=\"https:\/\/orcid.org\/sites\/default\/files\/images\/orcid_16x16.png\" alt=\"ORCID iD icon\" \/>\u00a0ORCID<\/a><\/p>\n<p>[\/et_pb_text][\/et_pb_column][\/et_pb_row][et_pb_row column_structure=&#8221;1_2,1_2&#8243; _builder_version=&#8221;4.16&#8243; global_colors_info=&#8221;{}&#8221;][et_pb_column type=&#8221;1_2&#8243; _builder_version=&#8221;4.16&#8243; custom_padding=&#8221;|||&#8221; global_colors_info=&#8221;{}&#8221; custom_padding__hover=&#8221;|||&#8221;][et_pb_text _builder_version=&#8221;4.27.4&#8243; global_colors_info=&#8221;{}&#8221;]<\/p>\n<h3><strong>Publications<\/strong><\/h3>\n<ul>\n<li>Z\u00e1vada, P., <strong>Stan\u011bk, M.<\/strong>, Machek, M., Adineh, S., G\u00e9raud, Y., Bruthans, J., Heuss-A\u00dfbichler, S., &amp; Zare, M. (2025). Porosity and pore and throat size distributions in carbonate-rich salt caprock of halite diapirs: Effect of deformation and geochemical processes. Journal of Structural Geology, 105483. <a href=\"https:\/\/doi.org\/10.1016\/j.jsg.2025.105483\">https:\/\/doi.org\/10.1016\/j.jsg.2025.105483<\/a><\/li>\n<li><strong>Stan\u011bk, M.<\/strong>, Machek, M., Kusbach, V., P\u00ed\u0161ov\u00e1, B. (2024). Dataset of P-wave velocity anisotropy measured on spherical samples of various rock types with an example of data analysis of retrogression related changes in eclogite and peridotite. <em>Journal of Geodynamics,<\/em> 102032, <a href=\"https:\/\/doi.org\/10.1016\/j.jog.2024.102032\">https:\/\/doi.org\/10.1016\/j.jog.2024.102032<\/a><b><\/b><\/li>\n<li><b>Stan\u011bk, M.<\/b>, G\u00e9raud, Y., (2019):\u00a0Granite microporosity changes due to fracturing and alteration: secondary mineral phases as proxies for porosity and permeability estimation, Solid Earth, 10,\u00a0251-274,\u00a0 <a href=\"https:\/\/doi.org\/10.5194\/se-10-251-2019\" target=\"_blank\" rel=\"noopener\" data-saferedirecturl=\"https:\/\/www.google.com\/url?q=https:\/\/doi.org\/10.5194\/se-10-251-2019&amp;source=gmail&amp;ust=1551097425961000&amp;usg=AFQjCNFpwnp2p8Jl6rWS9HadnS9AiUTECQ\">https:\/\/doi.org\/10.5194\/se-10-<wbr \/>251-2019<\/a>, download\u00a0<a href=\"https:\/\/www.solid-earth.net\/10\/251\/2019\/se-10-251-2019.pdf\" target=\"_blank\" rel=\"noopener\" data-saferedirecturl=\"https:\/\/www.google.com\/url?q=https:\/\/www.solid-earth.net\/10\/251\/2019\/se-10-251-2019.pdf&amp;source=gmail&amp;ust=1551097425961000&amp;usg=AFQjCNGC-lHTt8HnJ69o-MkFZNicYBxF_A\">here<\/a>.<\/li>\n<li><b>Stan\u011bk, M.<\/b>, G\u00e9raud,\u00a0Y.,\u00a0Lexa, O, \u0160pa\u010dek,\u00a0P.,\u00a0Ulrich,\u00a0S.\u00a0and Diraison, M., (2013), Elastic anisotropy and pore space geometry of schlieren granite: direct 3-D measurements at high confining pressure combined with microfabric analysis, Geophys. J. Int., DOI:\u00a0<a href=\"https:\/\/academic.oup.com\/gji\/article\/194\/1\/383\/641443\" target=\"_blank\" rel=\"noopener\" data-saferedirecturl=\"https:\/\/www.google.com\/url?q=https:\/\/academic.oup.com\/gji\/article\/194\/1\/383\/641443&amp;source=gmail&amp;ust=1551097425961000&amp;usg=AFQjCNHKsPcmlm1Kn4X67N1b6mCp_hfrFw\">10.1093\/gji\/ggt053<\/a>.<\/li>\n<li>Machek M., Roxerov\u00e1 Z., Janou\u0161ek V., <strong>Stan\u011bk M.<\/strong>, Petrovsk\u00fd E., Ren\u00e9 M., (2013), Petrophysical and geochemical constraints on alteration processes in granites, Studia Geophysica et Geodaetica, DOI: <a href=\"https:\/\/www.proceq.com\/products\/list\/Category\/pundit-ultrasonic-pulse-velocity-and-pulse-echo-testing\/\">10.1007\/s11200-013-0923-6<\/a><\/li>\n<\/ul>\n<h3 class=\"western\"><b>Expert analyses of physical properties of rocks<\/b><\/h3>\n<ul>\n<li class=\"western\">P-wave velocity\n<ul>\n<li>multidirectional ultrasounding on spherical samples at high confining pressure 0.1 &#8211; 400 MPa (setup at the IG lab.)<\/li>\n<li>simple ultrasounding (<a href=\"https:\/\/www.proceq.com\/products\/list\/Category\/pundit-ultrasonic-pulse-velocity-and-pulse-echo-testing\/\">Proceq Pundit Lab<\/a>)<\/li>\n<\/ul>\n<\/li>\n<li>permeability: gas permeametry (4 MPa confining pressure setup at GeoRessources, Nancy, France)<\/li>\n<li>porosity, throat and pore size distribution, density\n<ul>\n<li>mercury porosimetry (<a href=\"http:\/\/www.micromeritics.com\/Product-Showcase\/AutoPore-IV.aspx\">Micromeritics AutoPore IV<\/a>)<\/li>\n<li>magnetic resonance (<a href=\"https:\/\/www.bruker.com\/products\/mr\/td-nmr\/minispec-mq-series.html\">Bruker Minispeq mq20<\/a>)<\/li>\n<\/ul>\n<\/li>\n<li>thermal conductivity: optical scanning (<span style=\"color: #000080;\"><span lang=\"zxx\"><u><\/u><a class=\"western\" href=\"http:\/\/www.geophysik-dr-rauen.de\/tcscan\/\"><span lang=\"en-US\">TCS setup<\/span><\/a><\/span><\/span>)<\/li>\n<li class=\"western\">electrical resistivity: 4 electrodes (<span style=\"color: #000080;\"><span lang=\"zxx\"><u><\/u><a href=\"http:\/\/www.iris-instruments.com\/syscal-kid.html\">IRIS Syscal Kid<\/a><\/span><\/span>)<\/li>\n<li>anisotropy of magnetic susceptibility (<a href=\"http:\/\/www.agico.com\/products.php\">Agico KLY-4<\/a>)<\/li>\n<\/ul>\n<p>[\/et_pb_text][\/et_pb_column][et_pb_column type=&#8221;1_2&#8243; _builder_version=&#8221;4.16&#8243; custom_padding=&#8221;|||&#8221; global_colors_info=&#8221;{}&#8221; custom_padding__hover=&#8221;|||&#8221;][et_pb_text _builder_version=&#8221;4.16&#8243; global_colors_info=&#8221;{}&#8221;]<\/p>\n<h3 class=\"western\"><strong><span style=\"color: #000000;\">CV<\/span><\/strong><\/h3>\n<ul>\n<li>2020 \u2013 post-doc. 3 months, GeoRessources, Nancy, France. In the frame of project \u201cStrengthening of international collaboration at the Institute of Geophysics AS CR\u201d<\/li>\n<li>2016 &#8211; post-doc. 4 months, GeoRessources, Nancy, France. Topic: Magnetic resonance pore size distribution measurements on sandstones with various content of iron oxides<\/li>\n<li>2015 &#8211; post-doc. 3 months, GeoRessources, Nancy, France. Topic: Magnetic resonance pore size distribution measurements on fractured and altered granite<\/li>\n<li>2013 &#8211; Ph.D. at Univ. in Strasbourg &amp; Charles Univ. in Prague. Thesis: Structural and Petrophysical Characterization of Granite Intended for Radioactive Waste Storage (<a href=\"..\/..\/..\/..\/wp-content\/uploads\/2018\/03\/stanekm_phd2013_cz_compress_pdf_37552.pdf\">download .pdf<\/a>)<\/li>\n<li>2008 &#8211; M.Sc. at Charles Univ. in Prague, Thesis: Typology and Genesis of Breccias and Mylonites in the Vicinity of the Lers Peridotite Massif in the North Pyrenean Zone<\/li>\n<li>2007 \u2013 1st\u00a0year of M.Sc. at Univ. Montpellier II, Thesis: Contact of Peridotite Body and Country Rock at Etang de Lers, Eastern Pyrenees<\/li>\n<li>2006 &#8211; B.Sc. at Charles Univ. in Prague<\/li>\n<\/ul>\n<p>[\/et_pb_text][\/et_pb_column][\/et_pb_row][\/et_pb_section]<\/p>\n","protected":false},"excerpt":{"rendered":"<p>Dr. Martin Stan\u011bk\u00a0has been a&nbsp;research fellow at the Institute of Geophysics CAS since 2013. He investigates the structure and evolution of salt extrusions and of volcanic plumbing systems. In the frame of the CSF 24-11150S project \u201cStructure and dynamics of shallow salt sheet extrusion investigated by means of magnetotellurics, gravity and analog &amp; numerical [&hellip;]<\/p>\n","protected":false},"author":5,"featured_media":12002,"parent":416,"menu_order":0,"comment_status":"closed","ping_status":"closed","template":"","meta":{"_et_pb_use_builder":"on","_et_pb_old_content":"","_et_gb_content_width":"","footnotes":""},"categories":[],"tags":[127],"class_list":["post-5809","page","type-page","status-publish","has-post-thumbnail","hentry","tag-people-en"],"yoast_head":"<!-- This site is optimized with the Yoast SEO plugin v25.9 - https:\/\/yoast.com\/wordpress\/plugins\/seo\/ -->\n<title>Martin Stan\u011bk - Geofyzik\u00e1ln\u00ed \u00fastav Akademie v\u011bd \u010cR, v.v.i.<\/title>\n<meta name=\"robots\" content=\"index, follow, max-snippet:-1, max-image-preview:large, max-video-preview:-1\" \/>\n<link rel=\"canonical\" href=\"https:\/\/www.ig.cas.cz\/en\/contact\/staff\/martin-stanek\/\" \/>\n<meta property=\"og:locale\" content=\"en_US\" \/>\n<meta property=\"og:type\" content=\"article\" \/>\n<meta property=\"og:title\" content=\"Martin Stan\u011bk - Geofyzik\u00e1ln\u00ed \u00fastav Akademie v\u011bd \u010cR, v.v.i.\" \/>\n<meta property=\"og:description\" content=\"Dr. Martin Stan\u011bk\u00a0has been a research fellow at the Institute of Geophysics CAS since 2013. He investigates the structure and evolution of salt extrusions and of volcanic plumbing systems. In the frame of the CSF 24-11150S project \u201cStructure and dynamics of shallow salt sheet extrusion investigated by means of magnetotellurics, gravity and analog &amp; numerical [&hellip;]\" \/>\n<meta property=\"og:url\" content=\"https:\/\/www.ig.cas.cz\/en\/contact\/staff\/martin-stanek\/\" \/>\n<meta property=\"og:site_name\" content=\"Dom\u016f\" \/>\n<meta property=\"article:publisher\" content=\"https:\/\/www.facebook.com\/GFUAVCR\/\" \/>\n<meta property=\"article:modified_time\" content=\"2026-01-09T09:46:02+00:00\" \/>\n<meta property=\"og:image\" content=\"https:\/\/www.ig.cas.cz\/wp-content\/uploads\/2018\/01\/mapa_geologicka.jpg\" \/>\n\t<meta property=\"og:image:width\" content=\"2500\" \/>\n\t<meta property=\"og:image:height\" content=\"260\" \/>\n\t<meta property=\"og:image:type\" content=\"image\/jpeg\" \/>\n<meta name=\"twitter:card\" content=\"summary_large_image\" \/>\n<meta name=\"twitter:label1\" content=\"Est. reading time\" \/>\n\t<meta name=\"twitter:data1\" content=\"4 minutes\" \/>\n<script type=\"application\/ld+json\" class=\"yoast-schema-graph\">{\"@context\":\"https:\/\/schema.org\",\"@graph\":[{\"@type\":\"WebPage\",\"@id\":\"https:\/\/www.ig.cas.cz\/en\/contact\/staff\/martin-stanek\/\",\"url\":\"https:\/\/www.ig.cas.cz\/en\/contact\/staff\/martin-stanek\/\",\"name\":\"Martin Stan\u011bk - Geofyzik\u00e1ln\u00ed \u00fastav Akademie v\u011bd \u010cR, v.v.i.\",\"isPartOf\":{\"@id\":\"https:\/\/www.ig.cas.cz\/#website\"},\"primaryImageOfPage\":{\"@id\":\"https:\/\/www.ig.cas.cz\/en\/contact\/staff\/martin-stanek\/#primaryimage\"},\"image\":{\"@id\":\"https:\/\/www.ig.cas.cz\/en\/contact\/staff\/martin-stanek\/#primaryimage\"},\"thumbnailUrl\":\"https:\/\/www.ig.cas.cz\/wp-content\/uploads\/2018\/01\/mapa_geologicka.jpg\",\"datePublished\":\"2018-02-16T10:15:59+00:00\",\"dateModified\":\"2026-01-09T09:46:02+00:00\",\"breadcrumb\":{\"@id\":\"https:\/\/www.ig.cas.cz\/en\/contact\/staff\/martin-stanek\/#breadcrumb\"},\"inLanguage\":\"en-US\",\"potentialAction\":[{\"@type\":\"ReadAction\",\"target\":[\"https:\/\/www.ig.cas.cz\/en\/contact\/staff\/martin-stanek\/\"]}]},{\"@type\":\"ImageObject\",\"inLanguage\":\"en-US\",\"@id\":\"https:\/\/www.ig.cas.cz\/en\/contact\/staff\/martin-stanek\/#primaryimage\",\"url\":\"https:\/\/www.ig.cas.cz\/wp-content\/uploads\/2018\/01\/mapa_geologicka.jpg\",\"contentUrl\":\"https:\/\/www.ig.cas.cz\/wp-content\/uploads\/2018\/01\/mapa_geologicka.jpg\",\"width\":2500,\"height\":260},{\"@type\":\"BreadcrumbList\",\"@id\":\"https:\/\/www.ig.cas.cz\/en\/contact\/staff\/martin-stanek\/#breadcrumb\",\"itemListElement\":[{\"@type\":\"ListItem\",\"position\":1,\"name\":\"Dom\u016f\",\"item\":\"https:\/\/www.ig.cas.cz\/en\/\"},{\"@type\":\"ListItem\",\"position\":2,\"name\":\"Contacts\",\"item\":\"https:\/\/www.ig.cas.cz\/en\/contact\/\"},{\"@type\":\"ListItem\",\"position\":3,\"name\":\"Staff\",\"item\":\"https:\/\/www.ig.cas.cz\/en\/contact\/staff\/\"},{\"@type\":\"ListItem\",\"position\":4,\"name\":\"Martin Stan\u011bk\"}]},{\"@type\":\"WebSite\",\"@id\":\"https:\/\/www.ig.cas.cz\/#website\",\"url\":\"https:\/\/www.ig.cas.cz\/\",\"name\":\"Dom\u016f\",\"description\":\"Geofyzik\u00e1ln\u00ed \u00fastav Akademie v\u011bd \u010cR, v.v.i.\",\"potentialAction\":[{\"@type\":\"SearchAction\",\"target\":{\"@type\":\"EntryPoint\",\"urlTemplate\":\"https:\/\/www.ig.cas.cz\/?s={search_term_string}\"},\"query-input\":{\"@type\":\"PropertyValueSpecification\",\"valueRequired\":true,\"valueName\":\"search_term_string\"}}],\"inLanguage\":\"en-US\"}]}<\/script>\n<!-- \/ Yoast SEO plugin. -->","yoast_head_json":{"title":"Martin Stan\u011bk - Geofyzik\u00e1ln\u00ed \u00fastav Akademie v\u011bd \u010cR, v.v.i.","robots":{"index":"index","follow":"follow","max-snippet":"max-snippet:-1","max-image-preview":"max-image-preview:large","max-video-preview":"max-video-preview:-1"},"canonical":"https:\/\/www.ig.cas.cz\/en\/contact\/staff\/martin-stanek\/","og_locale":"en_US","og_type":"article","og_title":"Martin Stan\u011bk - Geofyzik\u00e1ln\u00ed \u00fastav Akademie v\u011bd \u010cR, v.v.i.","og_description":"Dr. Martin Stan\u011bk\u00a0has been a research fellow at the Institute of Geophysics CAS since 2013. He investigates the structure and evolution of salt extrusions and of volcanic plumbing systems. In the frame of the CSF 24-11150S project \u201cStructure and dynamics of shallow salt sheet extrusion investigated by means of magnetotellurics, gravity and analog &amp; numerical [&hellip;]","og_url":"https:\/\/www.ig.cas.cz\/en\/contact\/staff\/martin-stanek\/","og_site_name":"Dom\u016f","article_publisher":"https:\/\/www.facebook.com\/GFUAVCR\/","article_modified_time":"2026-01-09T09:46:02+00:00","og_image":[{"width":2500,"height":260,"url":"https:\/\/www.ig.cas.cz\/wp-content\/uploads\/2018\/01\/mapa_geologicka.jpg","type":"image\/jpeg"}],"twitter_card":"summary_large_image","twitter_misc":{"Est. reading time":"4 minutes"},"schema":{"@context":"https:\/\/schema.org","@graph":[{"@type":"WebPage","@id":"https:\/\/www.ig.cas.cz\/en\/contact\/staff\/martin-stanek\/","url":"https:\/\/www.ig.cas.cz\/en\/contact\/staff\/martin-stanek\/","name":"Martin Stan\u011bk - Geofyzik\u00e1ln\u00ed \u00fastav Akademie v\u011bd \u010cR, v.v.i.","isPartOf":{"@id":"https:\/\/www.ig.cas.cz\/#website"},"primaryImageOfPage":{"@id":"https:\/\/www.ig.cas.cz\/en\/contact\/staff\/martin-stanek\/#primaryimage"},"image":{"@id":"https:\/\/www.ig.cas.cz\/en\/contact\/staff\/martin-stanek\/#primaryimage"},"thumbnailUrl":"https:\/\/www.ig.cas.cz\/wp-content\/uploads\/2018\/01\/mapa_geologicka.jpg","datePublished":"2018-02-16T10:15:59+00:00","dateModified":"2026-01-09T09:46:02+00:00","breadcrumb":{"@id":"https:\/\/www.ig.cas.cz\/en\/contact\/staff\/martin-stanek\/#breadcrumb"},"inLanguage":"en-US","potentialAction":[{"@type":"ReadAction","target":["https:\/\/www.ig.cas.cz\/en\/contact\/staff\/martin-stanek\/"]}]},{"@type":"ImageObject","inLanguage":"en-US","@id":"https:\/\/www.ig.cas.cz\/en\/contact\/staff\/martin-stanek\/#primaryimage","url":"https:\/\/www.ig.cas.cz\/wp-content\/uploads\/2018\/01\/mapa_geologicka.jpg","contentUrl":"https:\/\/www.ig.cas.cz\/wp-content\/uploads\/2018\/01\/mapa_geologicka.jpg","width":2500,"height":260},{"@type":"BreadcrumbList","@id":"https:\/\/www.ig.cas.cz\/en\/contact\/staff\/martin-stanek\/#breadcrumb","itemListElement":[{"@type":"ListItem","position":1,"name":"Dom\u016f","item":"https:\/\/www.ig.cas.cz\/en\/"},{"@type":"ListItem","position":2,"name":"Contacts","item":"https:\/\/www.ig.cas.cz\/en\/contact\/"},{"@type":"ListItem","position":3,"name":"Staff","item":"https:\/\/www.ig.cas.cz\/en\/contact\/staff\/"},{"@type":"ListItem","position":4,"name":"Martin Stan\u011bk"}]},{"@type":"WebSite","@id":"https:\/\/www.ig.cas.cz\/#website","url":"https:\/\/www.ig.cas.cz\/","name":"Dom\u016f","description":"Geofyzik\u00e1ln\u00ed \u00fastav Akademie v\u011bd \u010cR, v.v.i.","potentialAction":[{"@type":"SearchAction","target":{"@type":"EntryPoint","urlTemplate":"https:\/\/www.ig.cas.cz\/?s={search_term_string}"},"query-input":{"@type":"PropertyValueSpecification","valueRequired":true,"valueName":"search_term_string"}}],"inLanguage":"en-US"}]}},"_links":{"self":[{"href":"https:\/\/www.ig.cas.cz\/en\/wp-json\/wp\/v2\/pages\/5809","targetHints":{"allow":["GET"]}}],"collection":[{"href":"https:\/\/www.ig.cas.cz\/en\/wp-json\/wp\/v2\/pages"}],"about":[{"href":"https:\/\/www.ig.cas.cz\/en\/wp-json\/wp\/v2\/types\/page"}],"author":[{"embeddable":true,"href":"https:\/\/www.ig.cas.cz\/en\/wp-json\/wp\/v2\/users\/5"}],"replies":[{"embeddable":true,"href":"https:\/\/www.ig.cas.cz\/en\/wp-json\/wp\/v2\/comments?post=5809"}],"version-history":[{"count":4,"href":"https:\/\/www.ig.cas.cz\/en\/wp-json\/wp\/v2\/pages\/5809\/revisions"}],"predecessor-version":[{"id":42976,"href":"https:\/\/www.ig.cas.cz\/en\/wp-json\/wp\/v2\/pages\/5809\/revisions\/42976"}],"up":[{"embeddable":true,"href":"https:\/\/www.ig.cas.cz\/en\/wp-json\/wp\/v2\/pages\/416"}],"wp:featuredmedia":[{"embeddable":true,"href":"https:\/\/www.ig.cas.cz\/en\/wp-json\/wp\/v2\/media\/12002"}],"wp:attachment":[{"href":"https:\/\/www.ig.cas.cz\/en\/wp-json\/wp\/v2\/media?parent=5809"}],"wp:term":[{"taxonomy":"category","embeddable":true,"href":"https:\/\/www.ig.cas.cz\/en\/wp-json\/wp\/v2\/categories?post=5809"},{"taxonomy":"post_tag","embeddable":true,"href":"https:\/\/www.ig.cas.cz\/en\/wp-json\/wp\/v2\/tags?post=5809"}],"curies":[{"name":"wp","href":"https:\/\/api.w.org\/{rel}","templated":true}]}}