{"id":5982,"date":"2018-02-11T14:12:07","date_gmt":"2018-02-11T13:12:07","guid":{"rendered":"http:\/\/igcas.antstudio.eu\/?page_id=5982"},"modified":"2026-02-20T11:41:25","modified_gmt":"2026-02-20T10:41:25","slug":"projects","status":"publish","type":"page","link":"https:\/\/www.ig.cas.cz\/en\/research\/projects\/","title":{"rendered":"Projects"},"content":{"rendered":"<p>[et_pb_section fb_built=&#8221;1&#8243; admin_label=&#8221;section&#8221; _builder_version=&#8221;4.16&#8243; custom_padding=&#8221;20px|0px|6px|0px&#8221; global_colors_info=&#8221;{}&#8221;][et_pb_row column_structure=&#8221;3_4,1_4&#8243; _builder_version=&#8221;4.16&#8243; _module_preset=&#8221;default&#8221; global_colors_info=&#8221;{}&#8221;][et_pb_column type=&#8221;3_4&#8243; _builder_version=&#8221;4.16&#8243; _module_preset=&#8221;default&#8221; global_colors_info=&#8221;{}&#8221;][et_pb_text _builder_version=&#8221;4.27.4&#8243; _module_preset=&#8221;default&#8221; hover_enabled=&#8221;0&#8243; global_colors_info=&#8221;{}&#8221; sticky_enabled=&#8221;0&#8243;]<\/p>\n<p><strong>SELECTED PROJECTS <\/strong><\/p>\n<p><strong>Czech Science Foundation GACR <\/strong>(GA\u010cR)<br \/><strong>2023<\/strong><br \/>Interplay between relative sea-level and surface processes: comparing responses across tectonically active and inactive terrains (<a href=\"https:\/\/starfos.tacr.cz\/en\/projekty\/GA23-06451S\">GA23-06451S<\/a>) \/ 2023-2025 \/ <strong>G. Ruetenik<\/strong><br \/>Generation, extent, and longevity of magma mush columns (<a href=\"https:\/\/starfos.tacr.cz\/en\/projekty\/GA23-05577S\">GA23-05577S<\/a>) \/ 2023-2025 \/ <strong>C. Annen<\/strong><br \/>Recognition of remote velocity anomalies in the upper mantle (<a href=\"https:\/\/starfos.tacr.cz\/en\/projekty\/GA23-06370S\">GA23-06370S<\/a>) \/ 2023-2025 \/ <strong>P. Kol\u00ednsk\u00fd<\/strong><br \/><strong>2022<\/strong><br \/>Probing the 4D evolution of active magmatic systems through magnetotelluric monitoring (<a href=\"https:\/\/starfos.tacr.cz\/en\/projekty\/GF22-17248L\">GA22-17248L<\/a>) \/ 2022-2025 \/ <strong>G. Hill<\/strong><br \/><a href=\"https:\/\/www.ig.cas.cz\/en\/research\/projects\/new-perspectives-in-magnetic-fabric-interpretation-through-3d-microstructural\/\">New perspectives in magnetic fabric interpretation through 3D microstructural analysis, numerical modelling and quantum mechanical description<\/a>\u00a0(<a href=\"https:\/\/starfos.tacr.cz\/en\/projekty\/GA22-12828S\">GA22-12828S<\/a>) \/ 2022-2024 \/ <strong>M. Machek<\/strong><br \/>Inversion of focal mechanisms and seismic moment tensors for stress and its spatiotemporal variation\u00a0(<a href=\"https:\/\/starfos.tacr.cz\/en\/projekty\/GA22-10747S\">GA22-10747S<\/a>) \/ 2022-2024 \/ <strong>V. Vavry\u010duk<\/strong><br \/>Establishing the Chronology of the First Great Eurasian Ice Sheets\u00a0(<a href=\"https:\/\/starfos.tacr.cz\/en\/projekty\/GA22-13190S\">GA22-13190S<\/a>) \/ 2022-2024 \/ <strong>J. Jansen<\/strong><br \/>Geodynamic controls on continental rifting in Cenozoic central Europe: insights from the Eger Rift, Bohemia (<a href=\"https:\/\/starfos.tacr.cz\/en\/projekty\/GA22-13980S\">GA22-13980S<\/a>) \/ 2022-2024 \/ <strong>D. Uli\u010dn\u00fd<\/strong><br \/><strong>2021<\/strong><br \/><a href=\"https:\/\/www.ig.cas.cz\/en\/mobnet-adriaarray\/\">MOBNET in AdriaArray &#8211; Pan-European multi-disciplinary reserach of Adriatic plate<\/a> (<a href=\"https:\/\/starfos.tacr.cz\/en\/projekty\/GA21-25710S\">GA21-25710S<\/a>) \/ 2021-2023 \/ <strong>J. Plomerov\u00e1<\/strong><br \/><a href=\"https:\/\/www.ig.cas.cz\/en\/permafrost-in-central-europe\/\">Distribution, Thickness and Evolution of Permafrost in Central Europe in Late Quaternary<\/a> (<a href=\"https:\/\/starfos.tacr.cz\/en\/projekty\/GA21-23196S\">GA21-23196S<\/a>) \/ 2021-2023 \/ <strong>J. \u0160afanda<\/strong><br \/><strong>2020<\/strong><br \/><a href=\"https:\/\/www.ig.cas.cz\/en\/caprock-iran\/\">Influence of caprock on the growth dynamics of salt diapirs in Iran<\/a> (<a href=\"https:\/\/starfos.tacr.cz\/en\/projekty\/GC20-18647J\">GC20-18647J<\/a>) \/ 2020-2023 \/ <strong>P. Z\u00e1vada<\/strong><br \/>Assessment of three-dimensional site effects using ambient vibrations (<a href=\"https:\/\/starfos.tacr.cz\/en\/projekty\/GA20-15818S\">GA<span lang=\"cs-CZ\">20-15818S<\/span><\/a>) \/ 2020-2022 \/ <strong>J. Burj\u00e1nek<\/strong><br \/><strong>2019<\/strong><br \/>Joint inversion for seismic moment tensors and Green\u2019s functions (<a href=\"https:\/\/starfos.tacr.cz\/en\/projekty\/GA19-06422S\">GA19-06422S<\/a>) \/ 2019-2022 \/ <strong>V. Vavry\u010duk<\/strong><\/p>\n<p>&nbsp;<\/p>\n<p><strong>Technology Agency of the Czech Republic TACR <\/strong>(TA\u010cR)<strong><br \/><\/strong><\/p>\n<p>NAtural Seismicity as a&nbsp;Prospecting and MONitoring tool for geothermal energy extraction &#8211; NASPMON (<a href=\"https:\/\/starfos.tacr.cz\/en\/projekty\/TO01000198\">TO01000198<\/a>) \/ 2021-2024 \/ <strong>J. Burj\u00e1nek<\/strong> (J. Hor\u00e1lek died) &#8211; project <a href=\"https:\/\/www.ig.cas.cz\/en\/naspmon-project-website\/\">website<\/a> and <a href=\"https:\/\/twitter.com\/naspmon\">twitter account<\/a><br \/>Deposit-to-REgional scale Exploration D-Rex (<a href=\"https:\/\/starfos.tacr.cz\/en\/projekty\/TH72020001\">TH72020001<\/a>) \/ 2020-2023 \/ <strong>G. Hill<\/strong><br \/><a href=\"https:\/\/www.ig.cas.cz\/en\/co2-storage\/\">CO2 Storage Pilot in a&nbsp;Carbonate Reservoir<\/a> (<a href=\"https:\/\/starfos.tacr.cz\/en\/projekty\/TO01000112\">TO01000112<\/a>) \/ 2020-2024 \/ Czech Geological Survey, <strong>GF\u00da:<\/strong> P.&nbsp;Kol\u00e1\u0159, Z. Jechumt\u00e1lov\u00e1; project CO2-SPICER<a href=\"https:\/\/co2-spicer.geology.cz\/en\"> website<\/a><br \/><a href=\"https:\/\/www.ig.cas.cz\/en\/geothermal-energy-potential\/\">Analysis of the geothermal energy potential at medium and large depths in the Czech Republic on the basis of available data<\/a> (<a href=\"https:\/\/starfos.tacr.cz\/en\/projekty\/TK02010092\">TK02010092<\/a>) \/ 2019-2022 \/ Czech Geological Survey, <strong>GF\u00da:<\/strong> J. \u0160afanda, P.&nbsp;D\u011bde\u010dek<\/p>\n<p>[\/et_pb_text][et_pb_text admin_label=&#8221;Text&#8221; _builder_version=&#8221;4.27.4&#8243; _module_preset=&#8221;default&#8221; hover_enabled=&#8221;0&#8243; global_colors_info=&#8221;{}&#8221; sticky_enabled=&#8221;0&#8243;]<\/p>\n<p><strong>Ministry of Education, Youth and Sports M\u0160MT<\/strong><br \/>Projects were co-financed by the European Union from the <a href=\"https:\/\/opvvv.msmt.cz\/\">Operational Programme Research, Development and Education<\/a> under the umbrella of European Structural and Investment Funds.<\/p>\n<p><a href=\"https:\/\/www.ig.cas.cz\/en\/geophysical-in-archaeological\/\">Application of Geophysical Approach in Archaeological Research and Prospection<\/a> (<a href=\"https:\/\/starfos.tacr.cz\/en\/projekty\/LTC19029\">LTC19029<\/a>) \/ 2019-2022 \/<strong> H. Grison<\/strong><\/p>\n<p>&nbsp;<\/p>\n<p>The list of projects related to Institute of Geophysics is available at TA \u010cR <a href=\"https:\/\/starfos.tacr.cz\/en\">STARFOS<\/a>. TA \u010cR Starfos is a&nbsp;full-text search engine that offers searches in research projects supported by public funds of the Czech Republic<strong>.<\/strong><\/p>\n<p><strong>2026<br \/><\/strong><a href=\"https:\/\/www.ig.cas.cz\/en\/research\/projects\/crush\/\">CatastRophical dUctile to brittle Shifts in crystal-ricH magmas (CRUSH)<\/a>\u00a0\/ 2026-2029 \/<strong>,\u00a0Prokop Z\u00e1vada<\/strong><\/p>\n<p><strong>2024<\/strong><\/p>\n<p><b>EPOS ON<\/b> (EPOS Optimization and EvolutioN)<br \/>Funding: European Union (Horizon Europe)<br \/>Duration: 2024 \u2013 2027<\/p>\n<p>Project Overview:\u00a0<br \/>EPOS ON is a&nbsp;collaborative, EU-funded project dedicated to optimizing and evolving the European Plate Observing System (EPOS)\u2014Europe&#8217;s&nbsp;premier research infrastructure for solid Earth science coordinated by EPOS ERIC. By consolidating existing infrastructure and expanding its technical capabilities, EPOS ON ensures the long-term sustainability of open-access, multidisciplinary Earth science data and services.<\/p>\n<p style=\"margin-bottom: 12.0pt;\">Link to EPOS ERIC: <a href=\"https:\/\/www.epos-eu.org\/\">https:\/\/www.epos-eu.org\/<\/a><br \/>Link to EPOS Platform (data access): <a href=\"https:\/\/www.ics-c.epos-eu.org\/\">https:\/\/www.ics-c.epos-eu.org\/<\/a><br \/>Link to EU project: <a href=\"https:\/\/cordis.europa.eu\/project\/id\/101131592\">https:\/\/cordis.europa.eu\/project\/id\/101131592<\/a><\/p>\n<p>[\/et_pb_text][et_pb_text admin_label=&#8221;Text&#8221; _builder_version=&#8221;4.16&#8243; _module_preset=&#8221;default&#8221; global_colors_info=&#8221;{}&#8221;]<\/p>\n<p><strong>EU-fundeded projects<\/strong><\/p>\n<p><strong>2021<\/strong><br \/><strong>MILESTONE <\/strong>\u2013 <a href=\"https:\/\/www.ig.cas.cz\/en\/research\/projects\/2021-milestone\/\" target=\"_blank\" rel=\"noopener\"><u>M<\/u>icroseismicity <u>Il<\/u>luminat<u>e<\/u>s <u>S<\/u>ubduc<u>t<\/u>ion Z<u>one<\/u> Processes<\/a> (<a href=\"https:\/\/erc.easme-web.eu\/?p=947856\" target=\"_blank\" rel=\"noopener\">StG2020-947856<\/a>)\/ 2021-2026 \/ <strong>Ch. Sippl<\/strong><br \/>ERC Starting Grant<\/p>\n<p>[\/et_pb_text][et_pb_text admin_label=&#8221;Text&#8221; _builder_version=&#8221;4.16&#8243; _module_preset=&#8221;default&#8221; global_colors_info=&#8221;{}&#8221;]<\/p>\n<p><a style=\"box-sizing: border-box; margin: 0px; padding: 0px; border: 0px; outline: 0px; font-size: 16px; text-size-adjust: 100%; vertical-align: baseline; background: transparent; text-decoration: none; color: #2ea3f2; font-family: 'Open Sans', Arial, sans-serif; font-style: normal; font-variant-ligatures: normal; font-variant-caps: normal; font-weight: 500; letter-spacing: normal; orphans: 2; text-align: left; text-indent: 0px; text-transform: none; white-space: normal; widows: 2; word-spacing: 0px; -webkit-text-stroke-width: 0px;\" href=\"https:\/\/www.ig.cas.cz\/en\/about\/visegrad-capable\/\">CAPABLE \u2013 CArpathian PAnnonian Basin Lithosphere Enquiry (Visegrad Fund 21930053)<\/a><\/p>\n<p>[\/et_pb_text][et_pb_text _builder_version=&#8221;4.16&#8243; _module_preset=&#8221;default&#8221; global_colors_info=&#8221;{}&#8221;]<\/p>\n<p><strong>Regional co-operation<\/strong><\/p>\n<p><span style=\"color: #666666; font-family: 'Open Sans', Arial, sans-serif; font-size: 16px; font-style: normal; font-variant-ligatures: normal; font-variant-caps: normal; font-weight: 500; letter-spacing: normal; orphans: 2; text-align: left; text-indent: 0px; text-transform: none; white-space: normal; widows: 2; word-spacing: 0px; -webkit-text-stroke-width: 0px; background-color: #ffffff; text-decoration-thickness: initial; text-decoration-style: initial; text-decoration-color: initial; display: inline !important; float: none;\">Re-excavation and opening up the gallery in the Komorn\u00ed H\u016frka volcano<br \/><\/span><\/p>\n<p>[\/et_pb_text][\/et_pb_column][et_pb_column type=&#8221;1_4&#8243; _builder_version=&#8221;4.16&#8243; _module_preset=&#8221;default&#8221; global_colors_info=&#8221;{}&#8221;][et_pb_image _builder_version=&#8221;4.16&#8243; _module_preset=&#8221;default&#8221; global_colors_info=&#8221;{}&#8221;][\/et_pb_image][\/et_pb_column][\/et_pb_row][\/et_pb_section]<\/p>\n","protected":false},"excerpt":{"rendered":"<p>SELECTED PROJECTS Czech Science Foundation GACR (GA\u010cR)2023Interplay between relative sea-level and surface processes: comparing responses across tectonically active and inactive terrains (GA23-06451S) \/ 2023-2025 \/ G. RuetenikGeneration, extent, and longevity of magma mush columns (GA23-05577S) \/ 2023-2025 \/ C. AnnenRecognition of remote velocity anomalies in the upper mantle (GA23-06370S) \/ 2023-2025 \/ P.&nbsp;Kol\u00ednsk\u00fd2022Probing the [&hellip;]<\/p>\n","protected":false},"author":2,"featured_media":14269,"parent":404,"menu_order":0,"comment_status":"closed","ping_status":"closed","template":"","meta":{"_et_pb_use_builder":"on","_et_pb_old_content":"","_et_gb_content_width":"","footnotes":""},"categories":[],"tags":[139],"class_list":["post-5982","page","type-page","status-publish","has-post-thumbnail","hentry","tag-research-en"],"yoast_head":"<!-- This site is optimized with the Yoast SEO plugin v25.9 - https:\/\/yoast.com\/wordpress\/plugins\/seo\/ -->\n<title>Projects - Geofyzik\u00e1ln\u00ed \u00fastav Akademie v\u011bd \u010cR, v.v.i.<\/title>\n<meta name=\"robots\" content=\"index, follow, max-snippet:-1, max-image-preview:large, max-video-preview:-1\" \/>\n<link rel=\"canonical\" href=\"https:\/\/www.ig.cas.cz\/en\/research\/projects\/\" \/>\n<meta property=\"og:locale\" content=\"en_US\" \/>\n<meta property=\"og:type\" content=\"article\" \/>\n<meta property=\"og:title\" content=\"Projects - Geofyzik\u00e1ln\u00ed \u00fastav Akademie v\u011bd \u010cR, v.v.i.\" \/>\n<meta property=\"og:description\" content=\"SELECTED PROJECTS Czech Science Foundation GACR (GA\u010cR)2023Interplay between relative sea-level and surface processes: comparing responses across tectonically active and inactive terrains (GA23-06451S) \/ 2023-2025 \/ G. RuetenikGeneration, extent, and longevity of magma mush columns (GA23-05577S) \/ 2023-2025 \/ C. AnnenRecognition of remote velocity anomalies in the upper mantle (GA23-06370S) \/ 2023-2025 \/ P. Kol\u00ednsk\u00fd2022Probing the [&hellip;]\" \/>\n<meta property=\"og:url\" content=\"https:\/\/www.ig.cas.cz\/en\/research\/projects\/\" \/>\n<meta property=\"og:site_name\" content=\"Dom\u016f\" \/>\n<meta property=\"article:publisher\" content=\"https:\/\/www.facebook.com\/GFUAVCR\/\" \/>\n<meta property=\"article:modified_time\" content=\"2026-02-20T10:41:25+00:00\" \/>\n<meta property=\"og:image\" content=\"https:\/\/www.ig.cas.cz\/wp-content\/uploads\/2018\/01\/iceland_header.jpg\" \/>\n\t<meta property=\"og:image:width\" content=\"2500\" \/>\n\t<meta property=\"og:image:height\" content=\"259\" \/>\n\t<meta property=\"og:image:type\" content=\"image\/jpeg\" \/>\n<meta name=\"twitter:card\" content=\"summary_large_image\" \/>\n<meta name=\"twitter:label1\" content=\"Est. reading time\" \/>\n\t<meta name=\"twitter:data1\" content=\"4 minutes\" \/>\n<script type=\"application\/ld+json\" class=\"yoast-schema-graph\">{\"@context\":\"https:\/\/schema.org\",\"@graph\":[{\"@type\":\"WebPage\",\"@id\":\"https:\/\/www.ig.cas.cz\/en\/research\/projects\/\",\"url\":\"https:\/\/www.ig.cas.cz\/en\/research\/projects\/\",\"name\":\"Projects - Geofyzik\u00e1ln\u00ed \u00fastav Akademie v\u011bd \u010cR, v.v.i.\",\"isPartOf\":{\"@id\":\"https:\/\/www.ig.cas.cz\/#website\"},\"primaryImageOfPage\":{\"@id\":\"https:\/\/www.ig.cas.cz\/en\/research\/projects\/#primaryimage\"},\"image\":{\"@id\":\"https:\/\/www.ig.cas.cz\/en\/research\/projects\/#primaryimage\"},\"thumbnailUrl\":\"https:\/\/www.ig.cas.cz\/wp-content\/uploads\/2018\/01\/iceland_header.jpg\",\"datePublished\":\"2018-02-11T13:12:07+00:00\",\"dateModified\":\"2026-02-20T10:41:25+00:00\",\"breadcrumb\":{\"@id\":\"https:\/\/www.ig.cas.cz\/en\/research\/projects\/#breadcrumb\"},\"inLanguage\":\"en-US\",\"potentialAction\":[{\"@type\":\"ReadAction\",\"target\":[\"https:\/\/www.ig.cas.cz\/en\/research\/projects\/\"]}]},{\"@type\":\"ImageObject\",\"inLanguage\":\"en-US\",\"@id\":\"https:\/\/www.ig.cas.cz\/en\/research\/projects\/#primaryimage\",\"url\":\"https:\/\/www.ig.cas.cz\/wp-content\/uploads\/2018\/01\/iceland_header.jpg\",\"contentUrl\":\"https:\/\/www.ig.cas.cz\/wp-content\/uploads\/2018\/01\/iceland_header.jpg\",\"width\":2500,\"height\":259},{\"@type\":\"BreadcrumbList\",\"@id\":\"https:\/\/www.ig.cas.cz\/en\/research\/projects\/#breadcrumb\",\"itemListElement\":[{\"@type\":\"ListItem\",\"position\":1,\"name\":\"Dom\u016f\",\"item\":\"https:\/\/www.ig.cas.cz\/en\/\"},{\"@type\":\"ListItem\",\"position\":2,\"name\":\"Research\",\"item\":\"https:\/\/www.ig.cas.cz\/en\/research\/\"},{\"@type\":\"ListItem\",\"position\":3,\"name\":\"Projects\"}]},{\"@type\":\"WebSite\",\"@id\":\"https:\/\/www.ig.cas.cz\/#website\",\"url\":\"https:\/\/www.ig.cas.cz\/\",\"name\":\"Dom\u016f\",\"description\":\"Geofyzik\u00e1ln\u00ed \u00fastav Akademie v\u011bd \u010cR, v.v.i.\",\"potentialAction\":[{\"@type\":\"SearchAction\",\"target\":{\"@type\":\"EntryPoint\",\"urlTemplate\":\"https:\/\/www.ig.cas.cz\/?s={search_term_string}\"},\"query-input\":{\"@type\":\"PropertyValueSpecification\",\"valueRequired\":true,\"valueName\":\"search_term_string\"}}],\"inLanguage\":\"en-US\"}]}<\/script>\n<!-- \/ Yoast SEO plugin. -->","yoast_head_json":{"title":"Projects - Geofyzik\u00e1ln\u00ed \u00fastav Akademie v\u011bd \u010cR, v.v.i.","robots":{"index":"index","follow":"follow","max-snippet":"max-snippet:-1","max-image-preview":"max-image-preview:large","max-video-preview":"max-video-preview:-1"},"canonical":"https:\/\/www.ig.cas.cz\/en\/research\/projects\/","og_locale":"en_US","og_type":"article","og_title":"Projects - Geofyzik\u00e1ln\u00ed \u00fastav Akademie v\u011bd \u010cR, v.v.i.","og_description":"SELECTED PROJECTS Czech Science Foundation GACR (GA\u010cR)2023Interplay between relative sea-level and surface processes: comparing responses across tectonically active and inactive terrains (GA23-06451S) \/ 2023-2025 \/ G. RuetenikGeneration, extent, and longevity of magma mush columns (GA23-05577S) \/ 2023-2025 \/ C. AnnenRecognition of remote velocity anomalies in the upper mantle (GA23-06370S) \/ 2023-2025 \/ P. Kol\u00ednsk\u00fd2022Probing the [&hellip;]","og_url":"https:\/\/www.ig.cas.cz\/en\/research\/projects\/","og_site_name":"Dom\u016f","article_publisher":"https:\/\/www.facebook.com\/GFUAVCR\/","article_modified_time":"2026-02-20T10:41:25+00:00","og_image":[{"width":2500,"height":259,"url":"https:\/\/www.ig.cas.cz\/wp-content\/uploads\/2018\/01\/iceland_header.jpg","type":"image\/jpeg"}],"twitter_card":"summary_large_image","twitter_misc":{"Est. reading time":"4 minutes"},"schema":{"@context":"https:\/\/schema.org","@graph":[{"@type":"WebPage","@id":"https:\/\/www.ig.cas.cz\/en\/research\/projects\/","url":"https:\/\/www.ig.cas.cz\/en\/research\/projects\/","name":"Projects - Geofyzik\u00e1ln\u00ed \u00fastav Akademie v\u011bd \u010cR, v.v.i.","isPartOf":{"@id":"https:\/\/www.ig.cas.cz\/#website"},"primaryImageOfPage":{"@id":"https:\/\/www.ig.cas.cz\/en\/research\/projects\/#primaryimage"},"image":{"@id":"https:\/\/www.ig.cas.cz\/en\/research\/projects\/#primaryimage"},"thumbnailUrl":"https:\/\/www.ig.cas.cz\/wp-content\/uploads\/2018\/01\/iceland_header.jpg","datePublished":"2018-02-11T13:12:07+00:00","dateModified":"2026-02-20T10:41:25+00:00","breadcrumb":{"@id":"https:\/\/www.ig.cas.cz\/en\/research\/projects\/#breadcrumb"},"inLanguage":"en-US","potentialAction":[{"@type":"ReadAction","target":["https:\/\/www.ig.cas.cz\/en\/research\/projects\/"]}]},{"@type":"ImageObject","inLanguage":"en-US","@id":"https:\/\/www.ig.cas.cz\/en\/research\/projects\/#primaryimage","url":"https:\/\/www.ig.cas.cz\/wp-content\/uploads\/2018\/01\/iceland_header.jpg","contentUrl":"https:\/\/www.ig.cas.cz\/wp-content\/uploads\/2018\/01\/iceland_header.jpg","width":2500,"height":259},{"@type":"BreadcrumbList","@id":"https:\/\/www.ig.cas.cz\/en\/research\/projects\/#breadcrumb","itemListElement":[{"@type":"ListItem","position":1,"name":"Dom\u016f","item":"https:\/\/www.ig.cas.cz\/en\/"},{"@type":"ListItem","position":2,"name":"Research","item":"https:\/\/www.ig.cas.cz\/en\/research\/"},{"@type":"ListItem","position":3,"name":"Projects"}]},{"@type":"WebSite","@id":"https:\/\/www.ig.cas.cz\/#website","url":"https:\/\/www.ig.cas.cz\/","name":"Dom\u016f","description":"Geofyzik\u00e1ln\u00ed \u00fastav Akademie v\u011bd \u010cR, v.v.i.","potentialAction":[{"@type":"SearchAction","target":{"@type":"EntryPoint","urlTemplate":"https:\/\/www.ig.cas.cz\/?s={search_term_string}"},"query-input":{"@type":"PropertyValueSpecification","valueRequired":true,"valueName":"search_term_string"}}],"inLanguage":"en-US"}]}},"_links":{"self":[{"href":"https:\/\/www.ig.cas.cz\/en\/wp-json\/wp\/v2\/pages\/5982","targetHints":{"allow":["GET"]}}],"collection":[{"href":"https:\/\/www.ig.cas.cz\/en\/wp-json\/wp\/v2\/pages"}],"about":[{"href":"https:\/\/www.ig.cas.cz\/en\/wp-json\/wp\/v2\/types\/page"}],"author":[{"embeddable":true,"href":"https:\/\/www.ig.cas.cz\/en\/wp-json\/wp\/v2\/users\/2"}],"replies":[{"embeddable":true,"href":"https:\/\/www.ig.cas.cz\/en\/wp-json\/wp\/v2\/comments?post=5982"}],"version-history":[{"count":2,"href":"https:\/\/www.ig.cas.cz\/en\/wp-json\/wp\/v2\/pages\/5982\/revisions"}],"predecessor-version":[{"id":43703,"href":"https:\/\/www.ig.cas.cz\/en\/wp-json\/wp\/v2\/pages\/5982\/revisions\/43703"}],"up":[{"embeddable":true,"href":"https:\/\/www.ig.cas.cz\/en\/wp-json\/wp\/v2\/pages\/404"}],"wp:featuredmedia":[{"embeddable":true,"href":"https:\/\/www.ig.cas.cz\/en\/wp-json\/wp\/v2\/media\/14269"}],"wp:attachment":[{"href":"https:\/\/www.ig.cas.cz\/en\/wp-json\/wp\/v2\/media?parent=5982"}],"wp:term":[{"taxonomy":"category","embeddable":true,"href":"https:\/\/www.ig.cas.cz\/en\/wp-json\/wp\/v2\/categories?post=5982"},{"taxonomy":"post_tag","embeddable":true,"href":"https:\/\/www.ig.cas.cz\/en\/wp-json\/wp\/v2\/tags?post=5982"}],"curies":[{"name":"wp","href":"https:\/\/api.w.org\/{rel}","templated":true}]}}