{"id":6092,"date":"2018-02-13T17:47:12","date_gmt":"2018-02-13T16:47:12","guid":{"rendered":"http:\/\/igcas.antstudio.eu\/?page_id=6092"},"modified":"2024-01-30T10:13:02","modified_gmt":"2024-01-30T09:13:02","slug":"ivan-psencik","status":"publish","type":"page","link":"https:\/\/www.ig.cas.cz\/en\/contact\/staff\/ivan-psencik\/","title":{"rendered":"Ivan P\u0161en\u010d\u00edk"},"content":{"rendered":"<p>[et_pb_section fb_built=&#8221;1&#8243; _builder_version=&#8221;4.16&#8243; custom_padding=&#8221;0px|0px|0px|0px&#8221; global_colors_info=&#8221;{}&#8221;][et_pb_row _builder_version=&#8221;4.16&#8243; background_size=&#8221;initial&#8221; background_position=&#8221;top_left&#8221; background_repeat=&#8221;repeat&#8221; custom_padding=&#8221;15px|0px|0px|0px&#8221; global_colors_info=&#8221;{}&#8221; column_structure=&#8221;2_3,1_3&#8243;][et_pb_column type=&#8221;2_3&#8243; _builder_version=&#8221;4.16&#8243; custom_padding=&#8221;|||&#8221; global_colors_info=&#8221;{}&#8221; custom_padding__hover=&#8221;|||&#8221;][et_pb_text _builder_version=&#8221;4.23.1&#8243; hover_enabled=&#8221;0&#8243; global_colors_info=&#8221;{}&#8221; sticky_enabled=&#8221;0&#8243;]<\/p>\n<p>RNDr. <strong>Ivan P\u0161en\u010d\u00edk<\/strong>, CSc (1946) has been a&nbsp;researcher at the Institute of Geophysics, former Geophysical Institute since 1970. His subject is the study of seismic wave propagation in complex, layered, elastic or absorbing, isotropic and anisotropic, inhomogeneous media. For the study of forward and partially also inverse problems he uses high-frequency asymptotic methods, such as the ray method or the method ofsummation of Gaussian beams.<\/p>\n<p>He graduated from Charles University, Prague, in physics (1963-1968). He obtained the degree CSc (an equivalent to PhD) from Czechosl. Acad. Sci., Prague, in geophysics in 1974. He stayed at various seismological institutions abroad, for example, in Brazil, Canada, China, France, Germany, Japan, Sweden, USA, USSR.<\/p>\n<p>[\/et_pb_text][\/et_pb_column][et_pb_column type=&#8221;1_3&#8243; _builder_version=&#8221;4.16&#8243; custom_padding=&#8221;|||&#8221; global_colors_info=&#8221;{}&#8221; custom_padding__hover=&#8221;|||&#8221;][et_pb_text _builder_version=&#8221;4.23.1&#8243; hover_enabled=&#8221;0&#8243; global_colors_info=&#8221;{}&#8221; sticky_enabled=&#8221;0&#8243;]<\/p>\n<h3 style=\"text-align: center;\">RNDr. <strong>Ivan P\u0161en\u010d\u00edk<\/strong>, CSc.<\/h3>\n<p style=\"text-align: center;\">v\u011bdeck\u00fd pracovn\u00edk<br \/><a href=\"https:\/\/www.ig.cas.cz\/en\/research\/teams\/seismic-wave-source-studies\/\">Seismic wave &amp; source studies<\/a><br \/><a href=\"mailto:ip@ig.cas.cz\">ip@ig.cas.cz<\/a><br \/>+420&nbsp;267&nbsp;103&nbsp;383<br \/>\u010d\u00edslo dv\u011b\u0159\u00ed 223<br \/><a style=\"font-size: 16px; vertical-align: top;\" href=\"http:\/\/orcid.org\/0000-0002-8246-0857\" target=\"orcid.widget\" rel=\"noopener noreferrer\"><img decoding=\"async\" style=\"width: 1em; margin-right: .5em;\" src=\"https:\/\/orcid.org\/sites\/default\/files\/images\/orcid_16x16.png\" alt=\"ORCID iD icon\" \/>orcid.org\/0000-0002-8246-0857<\/a><\/p>\n<p>[\/et_pb_text][et_pb_text _builder_version=&#8221;4.23.1&#8243; hover_enabled=&#8221;0&#8243; global_colors_info=&#8221;{}&#8221; sticky_enabled=&#8221;0&#8243;][\/et_pb_text][\/et_pb_column][\/et_pb_row][et_pb_row _builder_version=&#8221;4.16&#8243; custom_padding=&#8221;29px|0px|0px|0px&#8221; global_colors_info=&#8221;{}&#8221; column_structure=&#8221;1_2,1_2&#8243;][et_pb_column type=&#8221;1_2&#8243; _builder_version=&#8221;4.16&#8243; custom_padding=&#8221;|||&#8221; global_colors_info=&#8221;{}&#8221; custom_padding__hover=&#8221;|||&#8221;][et_pb_text _builder_version=&#8221;4.16&#8243; global_colors_info=&#8221;{}&#8221;]<\/p>\n<h3><strong>Selected publications<\/strong><\/h3>\n<ul>\n<li>\u010cerven\u00fd, V, Popov, M.M., and <strong>P\u0161en\u010d\u00edk, I<\/strong>., 1982. Computation of wave fields in inhomogeneous media &#8211; Gaussian beam approach. Geophys.J.R.astr.Soc., 70, 109&#8211;128.<\/li>\n<li>Gajewski, D., and <strong>P\u0161en\u010d\u00edk,I.<\/strong>, 1987. Computation of high-frequency seismic wavefileds in 3-D laterally inhomogeneous anisotropic media. Geophys.J.R.astr.Soc., 91, 383&#8211;411.<\/li>\n<li>Jech, J., and <strong>P\u0161en\u010d\u00edk, I.<\/strong>, 1989. First-order perturbation method for anisotropic media. Geophys.J.Int., 99, 369&#8211;376.<\/li>\n<li>Gajewski, D., and <strong>P\u0161en\u010d\u00edk, I.<\/strong>, 1990. Vertical seismic profile synthetics by dynamic ray tracing in laterally varying layered anisotropic structures. J.geophys.Res., 95, 11301&#8211;11315.<\/li>\n<li>Gajewski, D., and <strong>P\u0161en\u010d\u00edk, I.<\/strong>,1992. Vector wave fields for weakly attenuating anisotropic media by the ray method. Geophysics, 57, 27&#8211;38.<\/li>\n<li><strong>P\u0161en\u010d\u00edk, I.<\/strong>, and Teles, T.N., 1996. Point source radiation in inhomogeneous anisotropic<br \/>\nstructures. PAGEOPH, 148, 591&#8211;623.<\/li>\n<li><strong>P\u0161en\u010d\u00edk, I.<\/strong>, and Gajewski, D., 1998. Polarization, phase velocity and NMO velocity of qP waves in arbitrary weakly anisotropic media. Geophysics, 63, 1754&#8211;1766.<\/li>\n<li>Vavry\u010duk, V., and <strong>P\u0161en\u010d\u00edk, I<\/strong>., 1998. PP&nbsp;wave reflection coefficients in weakly anisotropic media. Geophysics, 63, 2129&#8211;2141.<\/li>\n<li><strong>P\u0161en\u010d\u00edk, I.<\/strong>, and Dellinger. J., 2001. Quasi-shear waves in inhomogeneous weakly anisotropic media by the quasi-isotropic approach: a&nbsp;model study. Geophysics, 66, 308&#8211;319.<\/li>\n<li>Zheng, X., and <strong>P\u0161en\u010d\u00edk, I.<\/strong>, 2002. Local determination of weak anisotropy parameters from qP-wave slowness and particle motion measurements. PAGEOPH, 159, 1881&#8211;1905.<\/li>\n<li>Farra, V., and <strong>P\u0161en\u010d\u00edk, I.<\/strong>, 2003. Properties of the zero-, first- and higher-order approximations of attributes of elastic waves in weakly anisotropic media. J.Acoust.Soc.Am., 114, 1366&#8211;1378.<\/li>\n<li>\u010cerven\u00fd, V., <strong>P\u0161en\u010d\u00edk, I<\/strong>., 2005. Plane waves in viscoelastic anisotropic media. Part 1: Theory. Geophys.J.Int., 161, 197&#8211;212.<\/li>\n<li><strong>P\u0161en\u010d\u00edk, I<\/strong>., and Farra, V., 2005. First-order ray tracing for qP waves in inhomogeneous weakly anisotropic media. Geophysics, 70, D65&#8211;D75.<\/li>\n<li>Iversen, E., and <strong>P\u0161en\u010d\u00edk, I.<\/strong>, 2008. Ray tracing and inhomogeneous dynamic ray tracing for anisotropy specified in curvilinear coordinates, Geophys.J.Int., 174, 316&#8211;330.<\/li>\n<li>Farra, V., and <strong>P\u0161en\u010d\u00edk, I.<\/strong>, 2010. Coupled S&nbsp;waves in inhomogeneous weakly anisotropic media using first-order ray tracing. Geophys.J.Int., 180, 405&#8211;417.<\/li>\n<li>\u010cerven\u00fd, V., and <strong>P\u0161en\u010d\u00edk, I.<\/strong>, 2010. Gaussian beams in inhomogeneous anisotropic layered structures. Geophys.J.Int., 180, 798&#8211;812.<\/li>\n<li><strong>P\u0161en\u010d\u00edk, I.<\/strong>, Farra, V. and Tessmer, E., 2012. Comparison of the FORT approximation of the coupling ray theory with the Fourier pseudospectral method. Stud. geophys. geod., 56, 35&#8211;64.<\/li>\n<li>Waheed bin, U., <strong>P\u0161en\u010d\u00edk, I.<\/strong>, \u010cerven\u00fd, V., Iversen, E., &amp; Alkhalifah, T., 2013. Two-point paraxial traveltime formula for inhomogeneous isotropic and anisotropic media: tests of accuracy. Geophysics, 78, C41&#8211;C56.<\/li>\n<li>Farra, V., <strong>P\u0161en\u010d\u00edk, I.<\/strong> and J\u00edlek, P., 2016. Weak-anisotropy moveout approximations for P-waves in homogeneous layers of monoclinic or higher anisotropy symmetries. Geophysics, 81, C39\u2014C59.<\/li>\n<li><strong>P\u0161en\u010d\u00edk,I<\/strong>. &amp; Farra,V., 2017. Reflection moveout approximations for P-waves in a&nbsp;moderately anisotropic homogeneous tilted transverse isotropy layer. Geophysics, 82, C175-\u2013C185.<\/li>\n<li>Farra, V. and <strong>P\u0161en\u010d\u00edk, I.<\/strong>, 2017. Weak-anisotropy moveout approximations for P waves in homogeneous TOR layers. Geophysics, 82, WA23\u2013-WA32.<\/li>\n<\/ul>\n<p>[\/et_pb_text][\/et_pb_column][et_pb_column type=&#8221;1_2&#8243; _builder_version=&#8221;4.16&#8243; custom_padding=&#8221;|||&#8221; global_colors_info=&#8221;{}&#8221; custom_padding__hover=&#8221;|||&#8221;][et_pb_text _builder_version=&#8221;4.16&#8243; global_colors_info=&#8221;{}&#8221;]<\/p>\n<h3><strong>Monograph<\/strong><\/h3>\n<ul>\n<li>\u010cerven\u00fd, V., Molotkov, I.A., and <strong>P\u0161en\u010d\u00edk, I<\/strong>., 1977. Ray Method in Seismology, Charles University Press, Praha.<\/li>\n<\/ul>\n<p>[\/et_pb_text][et_pb_text _builder_version=&#8221;4.16&#8243; global_colors_info=&#8221;{}&#8221;]<\/p>\n<h3><strong>Chapters in books<\/strong><\/h3>\n<ul>\n<li>\u010cerven\u00fd, V., Klime\u0161, L., and<strong> P\u0161en\u010d\u00edk, I.<\/strong>, 1988. Complete seismic ray tracing in three-dimensional structures , in: Seismological Algorithms, D.J.Doornbos edit., Academic Press, New York, 89&#8211;168.<\/li>\n<li>\u010cerven\u00fd, V., Klime\u0161, L., and <strong>P\u0161en\u010d\u00edk, I.<\/strong>, 2007. Recent development in seismic ray method, in: Advances in Geophysics, Vol.48, &#8220;Advances in wave propagation in heterogeneous Earth&#8221;, eds. Wu,R.-S.,Maupin,V., series editor Dmowska,R., Academic Press, pp. 1&#8211;126.<\/li>\n<li>\u010cerven\u00fd, V. and<strong> P\u0161en\u010d\u00edk, I.<\/strong>, 2011. Seismic ray theory. Encyklopedia of Solid Earth Geophysics, Springer Verlag, 2011, Part 16, Seismic Ray Theory, 1244&#8211;1258.<\/li>\n<\/ul>\n<p>[\/et_pb_text][\/et_pb_column][\/et_pb_row][\/et_pb_section]<\/p>\n","protected":false},"excerpt":{"rendered":"<p>RNDr. Ivan P\u0161en\u010d\u00edk, CSc (1946) has been a&nbsp;researcher at the Institute of Geophysics, former Geophysical Institute since 1970. His subject is the study of seismic wave propagation in complex, layered, elastic or absorbing, isotropic and anisotropic, inhomogeneous media. For the study of forward and partially also inverse problems he uses high-frequency asymptotic methods, such [&hellip;]<\/p>\n","protected":false},"author":9,"featured_media":1812,"parent":416,"menu_order":0,"comment_status":"closed","ping_status":"closed","template":"","meta":{"_et_pb_use_builder":"on","_et_pb_old_content":"","_et_gb_content_width":"","footnotes":""},"categories":[],"tags":[127],"class_list":["post-6092","page","type-page","status-publish","has-post-thumbnail","hentry","tag-people-en"],"yoast_head":"<!-- This site is optimized with the Yoast SEO plugin v25.9 - https:\/\/yoast.com\/wordpress\/plugins\/seo\/ -->\n<title>Ivan P\u0161en\u010d\u00edk - Geofyzik\u00e1ln\u00ed \u00fastav Akademie v\u011bd \u010cR, v.v.i.<\/title>\n<meta name=\"robots\" content=\"index, follow, max-snippet:-1, max-image-preview:large, max-video-preview:-1\" \/>\n<link rel=\"canonical\" href=\"https:\/\/www.ig.cas.cz\/en\/contact\/staff\/ivan-psencik\/\" \/>\n<meta property=\"og:locale\" content=\"en_US\" \/>\n<meta property=\"og:type\" content=\"article\" \/>\n<meta property=\"og:title\" content=\"Ivan P\u0161en\u010d\u00edk - Geofyzik\u00e1ln\u00ed \u00fastav Akademie v\u011bd \u010cR, v.v.i.\" \/>\n<meta property=\"og:description\" content=\"RNDr. Ivan P\u0161en\u010d\u00edk, CSc (1946) has been a researcher at the Institute of Geophysics, former Geophysical Institute since 1970. His subject is the study of seismic wave propagation in complex, layered, elastic or absorbing, isotropic and anisotropic, inhomogeneous media. For the study of forward and partially also inverse problems he uses high-frequency asymptotic methods, such [&hellip;]\" \/>\n<meta property=\"og:url\" content=\"https:\/\/www.ig.cas.cz\/en\/contact\/staff\/ivan-psencik\/\" \/>\n<meta property=\"og:site_name\" content=\"Dom\u016f\" \/>\n<meta property=\"article:publisher\" content=\"https:\/\/www.facebook.com\/GFUAVCR\/\" \/>\n<meta property=\"article:modified_time\" content=\"2024-01-30T09:13:02+00:00\" \/>\n<meta property=\"og:image\" content=\"https:\/\/www.ig.cas.cz\/wp-content\/uploads\/2018\/01\/geopark_2.jpg\" \/>\n\t<meta property=\"og:image:width\" content=\"2500\" \/>\n\t<meta property=\"og:image:height\" content=\"260\" \/>\n\t<meta property=\"og:image:type\" content=\"image\/jpeg\" \/>\n<meta name=\"twitter:card\" content=\"summary_large_image\" \/>\n<meta name=\"twitter:label1\" content=\"Est. reading time\" \/>\n\t<meta name=\"twitter:data1\" content=\"5 minutes\" \/>\n<script type=\"application\/ld+json\" class=\"yoast-schema-graph\">{\"@context\":\"https:\/\/schema.org\",\"@graph\":[{\"@type\":\"WebPage\",\"@id\":\"https:\/\/www.ig.cas.cz\/en\/contact\/staff\/ivan-psencik\/\",\"url\":\"https:\/\/www.ig.cas.cz\/en\/contact\/staff\/ivan-psencik\/\",\"name\":\"Ivan P\u0161en\u010d\u00edk - Geofyzik\u00e1ln\u00ed \u00fastav Akademie v\u011bd \u010cR, v.v.i.\",\"isPartOf\":{\"@id\":\"https:\/\/www.ig.cas.cz\/#website\"},\"primaryImageOfPage\":{\"@id\":\"https:\/\/www.ig.cas.cz\/en\/contact\/staff\/ivan-psencik\/#primaryimage\"},\"image\":{\"@id\":\"https:\/\/www.ig.cas.cz\/en\/contact\/staff\/ivan-psencik\/#primaryimage\"},\"thumbnailUrl\":\"https:\/\/www.ig.cas.cz\/wp-content\/uploads\/2018\/01\/geopark_2.jpg\",\"datePublished\":\"2018-02-13T16:47:12+00:00\",\"dateModified\":\"2024-01-30T09:13:02+00:00\",\"breadcrumb\":{\"@id\":\"https:\/\/www.ig.cas.cz\/en\/contact\/staff\/ivan-psencik\/#breadcrumb\"},\"inLanguage\":\"en-US\",\"potentialAction\":[{\"@type\":\"ReadAction\",\"target\":[\"https:\/\/www.ig.cas.cz\/en\/contact\/staff\/ivan-psencik\/\"]}]},{\"@type\":\"ImageObject\",\"inLanguage\":\"en-US\",\"@id\":\"https:\/\/www.ig.cas.cz\/en\/contact\/staff\/ivan-psencik\/#primaryimage\",\"url\":\"https:\/\/www.ig.cas.cz\/wp-content\/uploads\/2018\/01\/geopark_2.jpg\",\"contentUrl\":\"https:\/\/www.ig.cas.cz\/wp-content\/uploads\/2018\/01\/geopark_2.jpg\",\"width\":2500,\"height\":260},{\"@type\":\"BreadcrumbList\",\"@id\":\"https:\/\/www.ig.cas.cz\/en\/contact\/staff\/ivan-psencik\/#breadcrumb\",\"itemListElement\":[{\"@type\":\"ListItem\",\"position\":1,\"name\":\"Dom\u016f\",\"item\":\"https:\/\/www.ig.cas.cz\/en\/\"},{\"@type\":\"ListItem\",\"position\":2,\"name\":\"Contacts\",\"item\":\"https:\/\/www.ig.cas.cz\/en\/contact\/\"},{\"@type\":\"ListItem\",\"position\":3,\"name\":\"Staff\",\"item\":\"https:\/\/www.ig.cas.cz\/en\/contact\/staff\/\"},{\"@type\":\"ListItem\",\"position\":4,\"name\":\"Ivan P\u0161en\u010d\u00edk\"}]},{\"@type\":\"WebSite\",\"@id\":\"https:\/\/www.ig.cas.cz\/#website\",\"url\":\"https:\/\/www.ig.cas.cz\/\",\"name\":\"Dom\u016f\",\"description\":\"Geofyzik\u00e1ln\u00ed \u00fastav Akademie v\u011bd \u010cR, v.v.i.\",\"potentialAction\":[{\"@type\":\"SearchAction\",\"target\":{\"@type\":\"EntryPoint\",\"urlTemplate\":\"https:\/\/www.ig.cas.cz\/?s={search_term_string}\"},\"query-input\":{\"@type\":\"PropertyValueSpecification\",\"valueRequired\":true,\"valueName\":\"search_term_string\"}}],\"inLanguage\":\"en-US\"}]}<\/script>\n<!-- \/ Yoast SEO plugin. -->","yoast_head_json":{"title":"Ivan P\u0161en\u010d\u00edk - Geofyzik\u00e1ln\u00ed \u00fastav Akademie v\u011bd \u010cR, v.v.i.","robots":{"index":"index","follow":"follow","max-snippet":"max-snippet:-1","max-image-preview":"max-image-preview:large","max-video-preview":"max-video-preview:-1"},"canonical":"https:\/\/www.ig.cas.cz\/en\/contact\/staff\/ivan-psencik\/","og_locale":"en_US","og_type":"article","og_title":"Ivan P\u0161en\u010d\u00edk - Geofyzik\u00e1ln\u00ed \u00fastav Akademie v\u011bd \u010cR, v.v.i.","og_description":"RNDr. Ivan P\u0161en\u010d\u00edk, CSc (1946) has been a researcher at the Institute of Geophysics, former Geophysical Institute since 1970. His subject is the study of seismic wave propagation in complex, layered, elastic or absorbing, isotropic and anisotropic, inhomogeneous media. For the study of forward and partially also inverse problems he uses high-frequency asymptotic methods, such [&hellip;]","og_url":"https:\/\/www.ig.cas.cz\/en\/contact\/staff\/ivan-psencik\/","og_site_name":"Dom\u016f","article_publisher":"https:\/\/www.facebook.com\/GFUAVCR\/","article_modified_time":"2024-01-30T09:13:02+00:00","og_image":[{"width":2500,"height":260,"url":"https:\/\/www.ig.cas.cz\/wp-content\/uploads\/2018\/01\/geopark_2.jpg","type":"image\/jpeg"}],"twitter_card":"summary_large_image","twitter_misc":{"Est. reading time":"5 minutes"},"schema":{"@context":"https:\/\/schema.org","@graph":[{"@type":"WebPage","@id":"https:\/\/www.ig.cas.cz\/en\/contact\/staff\/ivan-psencik\/","url":"https:\/\/www.ig.cas.cz\/en\/contact\/staff\/ivan-psencik\/","name":"Ivan P\u0161en\u010d\u00edk - Geofyzik\u00e1ln\u00ed \u00fastav Akademie v\u011bd \u010cR, v.v.i.","isPartOf":{"@id":"https:\/\/www.ig.cas.cz\/#website"},"primaryImageOfPage":{"@id":"https:\/\/www.ig.cas.cz\/en\/contact\/staff\/ivan-psencik\/#primaryimage"},"image":{"@id":"https:\/\/www.ig.cas.cz\/en\/contact\/staff\/ivan-psencik\/#primaryimage"},"thumbnailUrl":"https:\/\/www.ig.cas.cz\/wp-content\/uploads\/2018\/01\/geopark_2.jpg","datePublished":"2018-02-13T16:47:12+00:00","dateModified":"2024-01-30T09:13:02+00:00","breadcrumb":{"@id":"https:\/\/www.ig.cas.cz\/en\/contact\/staff\/ivan-psencik\/#breadcrumb"},"inLanguage":"en-US","potentialAction":[{"@type":"ReadAction","target":["https:\/\/www.ig.cas.cz\/en\/contact\/staff\/ivan-psencik\/"]}]},{"@type":"ImageObject","inLanguage":"en-US","@id":"https:\/\/www.ig.cas.cz\/en\/contact\/staff\/ivan-psencik\/#primaryimage","url":"https:\/\/www.ig.cas.cz\/wp-content\/uploads\/2018\/01\/geopark_2.jpg","contentUrl":"https:\/\/www.ig.cas.cz\/wp-content\/uploads\/2018\/01\/geopark_2.jpg","width":2500,"height":260},{"@type":"BreadcrumbList","@id":"https:\/\/www.ig.cas.cz\/en\/contact\/staff\/ivan-psencik\/#breadcrumb","itemListElement":[{"@type":"ListItem","position":1,"name":"Dom\u016f","item":"https:\/\/www.ig.cas.cz\/en\/"},{"@type":"ListItem","position":2,"name":"Contacts","item":"https:\/\/www.ig.cas.cz\/en\/contact\/"},{"@type":"ListItem","position":3,"name":"Staff","item":"https:\/\/www.ig.cas.cz\/en\/contact\/staff\/"},{"@type":"ListItem","position":4,"name":"Ivan P\u0161en\u010d\u00edk"}]},{"@type":"WebSite","@id":"https:\/\/www.ig.cas.cz\/#website","url":"https:\/\/www.ig.cas.cz\/","name":"Dom\u016f","description":"Geofyzik\u00e1ln\u00ed \u00fastav Akademie v\u011bd \u010cR, v.v.i.","potentialAction":[{"@type":"SearchAction","target":{"@type":"EntryPoint","urlTemplate":"https:\/\/www.ig.cas.cz\/?s={search_term_string}"},"query-input":{"@type":"PropertyValueSpecification","valueRequired":true,"valueName":"search_term_string"}}],"inLanguage":"en-US"}]}},"_links":{"self":[{"href":"https:\/\/www.ig.cas.cz\/en\/wp-json\/wp\/v2\/pages\/6092","targetHints":{"allow":["GET"]}}],"collection":[{"href":"https:\/\/www.ig.cas.cz\/en\/wp-json\/wp\/v2\/pages"}],"about":[{"href":"https:\/\/www.ig.cas.cz\/en\/wp-json\/wp\/v2\/types\/page"}],"author":[{"embeddable":true,"href":"https:\/\/www.ig.cas.cz\/en\/wp-json\/wp\/v2\/users\/9"}],"replies":[{"embeddable":true,"href":"https:\/\/www.ig.cas.cz\/en\/wp-json\/wp\/v2\/comments?post=6092"}],"version-history":[{"count":0,"href":"https:\/\/www.ig.cas.cz\/en\/wp-json\/wp\/v2\/pages\/6092\/revisions"}],"up":[{"embeddable":true,"href":"https:\/\/www.ig.cas.cz\/en\/wp-json\/wp\/v2\/pages\/416"}],"wp:featuredmedia":[{"embeddable":true,"href":"https:\/\/www.ig.cas.cz\/en\/wp-json\/wp\/v2\/media\/1812"}],"wp:attachment":[{"href":"https:\/\/www.ig.cas.cz\/en\/wp-json\/wp\/v2\/media?parent=6092"}],"wp:term":[{"taxonomy":"category","embeddable":true,"href":"https:\/\/www.ig.cas.cz\/en\/wp-json\/wp\/v2\/categories?post=6092"},{"taxonomy":"post_tag","embeddable":true,"href":"https:\/\/www.ig.cas.cz\/en\/wp-json\/wp\/v2\/tags?post=6092"}],"curies":[{"name":"wp","href":"https:\/\/api.w.org\/{rel}","templated":true}]}}