{"id":7463,"date":"2018-02-27T11:03:27","date_gmt":"2018-02-27T10:03:27","guid":{"rendered":"http:\/\/igcas.antstudio.eu\/?page_id=7463"},"modified":"2024-01-30T17:01:30","modified_gmt":"2024-01-30T16:01:30","slug":"helena-munzarova","status":"publish","type":"page","link":"https:\/\/www.ig.cas.cz\/en\/contact\/staff\/helena-munzarova\/","title":{"rendered":"Helena \u017dleb\u010d\u00edkov\u00e1"},"content":{"rendered":"<p>[et_pb_section fb_built=&#8221;1&#8243; _builder_version=&#8221;4.16&#8243; custom_padding=&#8221;0px|0px|0px|0px&#8221; global_colors_info=&#8221;{}&#8221;][et_pb_row column_structure=&#8221;2_3,1_3&#8243; _builder_version=&#8221;4.16&#8243; background_size=&#8221;initial&#8221; background_position=&#8221;top_left&#8221; background_repeat=&#8221;repeat&#8221; custom_padding=&#8221;15px|0px|0px|0px&#8221; global_colors_info=&#8221;{}&#8221;][et_pb_column type=&#8221;2_3&#8243; _builder_version=&#8221;4.16&#8243; custom_padding=&#8221;|||&#8221; global_colors_info=&#8221;{}&#8221; custom_padding__hover=&#8221;|||&#8221;][et_pb_text _builder_version=&#8221;4.23.1&#8243; hover_enabled=&#8221;0&#8243; global_colors_info=&#8221;{}&#8221; sticky_enabled=&#8221;0&#8243;]<\/p>\n<p><strong>Helena \u017dleb\u010d\u00edkov\u00e1<\/strong> (born <strong>Munzarov\u00e1<\/strong>) works at the Institute of Geophysics CAS since 2007. She is interested particularly in the following topics:<\/p>\n<ul>\n<li>Structure of the Earth\u2018s upper mantle<\/li>\n<li>Anisotropy of seismic-wave velocities<\/li>\n<li>Seismic tomography<\/li>\n<\/ul>\n<p>She is working on development and application of a&nbsp;code for travel-time tomography that involves anisotropic propagation of seismic waves in the upper mantle.<\/p>\n<p>She participates in grant projects aimed at research of the lithosphere in various tectonic provinces of Europe, e.g., in the Alps and their surroundings, where experiment <a href=\"http:\/\/www.alparray.ethz.ch\/en\/home\/\">AlpArray<\/a> is being operated. She is also a&nbsp;team member of project <a href=\"..\/..\/..\/..\/vyzkum-a-vyuka\/vyzkumne-aktivity\/opvvv\/mereni-geofyzikalnich-poli\/?et_fb=1\">CzechGeo\/EPOS-Sci<\/a> funded from Operational Programme Research, Development and Education. She spent six months at ETH Z\u00fcrich as a&nbsp;research assistant in 2013.<\/p>\n<p>[\/et_pb_text][\/et_pb_column][et_pb_column type=&#8221;1_3&#8243; _builder_version=&#8221;4.16&#8243; custom_padding=&#8221;|||&#8221; global_colors_info=&#8221;{}&#8221; custom_padding__hover=&#8221;|||&#8221;][et_pb_image src=&#8221;https:\/\/www.ig.cas.cz\/wp-content\/uploads\/2018\/02\/profilova_fotka_hm.png&#8221; align=&#8221;center&#8221; align_tablet=&#8221;center&#8221; align_phone=&#8221;&#8221; align_last_edited=&#8221;on|desktop&#8221; _builder_version=&#8221;4.16&#8243; max_width=&#8221;88%&#8221; global_colors_info=&#8221;{}&#8221;][\/et_pb_image][et_pb_text _builder_version=&#8221;4.23.1&#8243; hover_enabled=&#8221;0&#8243; global_colors_info=&#8221;{}&#8221; sticky_enabled=&#8221;0&#8243;]<\/p>\n<h3 style=\"text-align: center;\">RNDr. <strong>Helena \u017dleb\u010d\u00edkov\u00e1<\/strong>, Ph.D.<strong><br \/><\/strong><\/h3>\n<p style=\"text-align: center;\">postdoctoral fellow<br \/><a href=\"https:\/\/www.ig.cas.cz\/en\/research\/teams\/lithosphere-team\/\">Structure of Continental Lithosphere<\/a><br \/><a href=\"mailto:helena@ig.cas.cz\">helena<\/a><a href=\"mailto:helena@ig.cas.cz\">@ig.cas.cz<\/a><br \/>+420\u00a0267\u00a0103\u00a0021<br \/>office 011<br \/><a style=\"font-size: 16px; background-color: #ffffff;\" href=\"https:\/\/orcid.org\/0000-0002-7969-6703\" rel=\"noopener noreferrer\"><img loading=\"lazy\" decoding=\"async\" class=\"alignnone\" style=\"font-size: 16px;\" src=\"https:\/\/orcid.org\/sites\/default\/files\/images\/orcid_16x16.png\" alt=\"ORCID iD icon\" width=\"16\" height=\"16\" \/>\u00a0<\/a><a style=\"font-size: 16px;\" href=\"https:\/\/orcid.org\/0000-0002-7969-6703\" target=\"orcid.widget\" rel=\"noopener noreferrer\">ORCID<\/a><\/p>\n<p>[\/et_pb_text][\/et_pb_column][\/et_pb_row][et_pb_row column_structure=&#8221;1_2,1_2&#8243; _builder_version=&#8221;4.16&#8243; custom_padding=&#8221;29px|0px|28.95px|0px&#8221; global_colors_info=&#8221;{}&#8221;][et_pb_column type=&#8221;1_2&#8243; _builder_version=&#8221;4.16&#8243; custom_padding=&#8221;|||&#8221; global_colors_info=&#8221;{}&#8221; custom_padding__hover=&#8221;|||&#8221;][et_pb_text _builder_version=&#8221;4.16&#8243; global_colors_info=&#8221;{}&#8221;]<\/p>\n<h3><strong>Publications<\/strong><\/h3>\n<ul>\n<li>Plomerov\u00e1 J., <strong>\u017dleb\u010d\u00edkov\u00e1 H. <\/strong>, Het\u00e9nyi G., Vecsey L., Babu\u0161ka V., and AlpArray-EASI and AlpArray working groups, 2022. Two subduction-related heterogeneities beneath theEastern Alps and the Bohemian Massif imaged byhigh-resolution P-wave tomography, <em>Solid Earth<\/em> 13, 251-270. <a href=\"https:\/\/doi.org\/10.5194\/se-13-251-2022\">doi: 10.5194\/se-13-251-2022 <\/a><\/li>\n<\/ul>\n<ul>\n<li><strong>Munzarov\u00e1, H.<\/strong>, J. Plomerov\u00e1, E. Kissling, L. Vecsey, and V. Babu\u0161ka, 2018. Novel anisotropic teleseismic body-wave tomography code AniTomo to illuminate heterogeneous anisotropic upper mantle: Part II &#8211; Application to data of passive seismic experiment LAPNET in northern Fennoscandia. Geophys. J. Int., 215 (2), 1388-1409.&nbsp;doi:<a href=\"https:\/\/academic.oup.com\/gji\/advance-article\/doi\/10.1093\/gji\/ggy327\/5067302?guestAccessKey=85d91ad3-33ae-48e1-9591-df5dcf4cc6ca\">10.1093\/gji\/ggy327<\/a><\/li>\n<\/ul>\n<ul>\n<li><strong>Munzarov\u00e1, H.<\/strong>, J. Plomerov\u00e1, and E. Kissling, 2018. Novel anisotropic teleseismic body-wave tomography code AniTomo to illuminate heterogeneous anisotropic upper mantle: Part I&nbsp;\u2013 Theory and inversion tuning with realistic synthetic data. Geophys. J. Int., 215 (1), 524-545.\u00a0doi:<a href=\"https:\/\/academic.oup.com\/gji\/advance-article\/doi\/10.1093\/gji\/ggy296\/5056163?guestAccessKey=162a4a53-49af-45cd-9f2d-80a71c3a4f98\">10.1093\/gji\/ggy296<\/a><\/li>\n<\/ul>\n<ul>\n<li>Vecsey L., Plomerov\u00e1 J., P.&nbsp;Jedli\u010dka, <strong>H. Munzarov\u00e1<\/strong>, and V. Babu\u0161ka, 2017. Data quality control and tools in passive seismic experiments exemplified on the Czech broadband seismic pool MOBNET in the AlpArray collaborative project. Geosci. Instrum. Method. Data Syst., 6, 505-521.&nbsp;doi:<a href=\"https:\/\/doi.org\/10.5194\/gi-6-505-2017\">10.5194\/gi-6-505-2017<\/a><\/li>\n<\/ul>\n<ul>\n<li>Chyba J., J. Plomerov\u00e1, L. Vecsey, and <strong>H. Munzarov\u00e1<\/strong>, 2017. Tomography study of the upper mantle around the TESZ based on PASSEQ experiment data. Phys. Earth Planet. Int., 266, 29-38.&nbsp;doi:<a href=\"http:\/\/dx.doi.org\/10.1016\/j.pepi.2017.01.002\">10.1016\/j.pepi.2017.01.002<\/a><\/li>\n<\/ul>\n<ul>\n<li>Plomerov\u00e1 J., <strong>H. Munzarov\u00e1<\/strong>, L. Vecsey, E. Kissling, U. Achauer, and V. Babu\u0161ka, 2016. Cenozoic volcanism in the Bohemian Massif in the context of P-&nbsp;and S-velocity high-resolution teleseismic tomography of the upper mantle. Geochem. Geophys. Geosyst., 17 (8), 3326-3349.&nbsp;doi:<a href=\"http:\/\/dx.doi.org\/10.1002\/2016GC006318\">10.1002\/2016GC006318<\/a><\/li>\n<\/ul>\n<ul>\n<li><strong>Munzarov\u00e1, H.<\/strong>, J. Plomerov\u00e1, V. Babu\u0161ka, and L. Vecsey, 2013. Upper-mantle fabrics beneath the Northern Apennines revealed by seismic anisotropy. Geochem. Geophys. Geosyst., 14, 1156\u20131181.&nbsp;doi:<a href=\"http:\/\/dx.doi.org\/10.1002\/ggge.20092\">10.1002\/ggge.20092<\/a><\/li>\n<\/ul>\n<p>[\/et_pb_text][\/et_pb_column][et_pb_column type=&#8221;1_2&#8243; _builder_version=&#8221;4.16&#8243; custom_padding=&#8221;|||&#8221; global_colors_info=&#8221;{}&#8221; custom_padding__hover=&#8221;|||&#8221;][et_pb_text _builder_version=&#8221;4.16&#8243; global_colors_info=&#8221;{}&#8221;]<\/p>\n<h3><strong>Education<\/strong><\/h3>\n<ul>\n<li>2011 &#8211; 2019: <a href=\"..\/..\/..\/..\/wp-content\/uploads\/2018\/11\/dizertace_zlebcikova_final.pdf\">Doctoral studies<\/a>, Geophysics, Faculty of Mathematics and Physics, Charles University, Training institution: Institute of Geophysics of the Czech Academy of Sciences, Topic: Anisotropic tomography of the European upper mantle, Supervisor: RNDr. Jaroslava Plomerov\u00e1, DrSc.<\/li>\n<\/ul>\n<ul>\n<li>2009 &#8211; 2011 <a href=\"https:\/\/geo.mff.cuni.cz\/theses\/2011-Munzarova-Mgr.pdf\">Master studies<\/a>, Geophysics, Faculty of Mathematics and Physics, Charles University, Topic: Anisotropy of the upper mantle under the Northern Apennines based on data from the international experiment RETREAT (Italy)<\/li>\n<\/ul>\n<ul>\n<li>2006 &#8211; 2009 <a href=\"https:\/\/geo.mff.cuni.cz\/theses\/2009-Munzarova-Bc.pdf\">Bachelor studies<\/a>, Physics, Faculty of Mathematics and Physics, Charles University, Topic: Automatic picking seismic wave onsets recorded during passive experiments (RETREAT, Italy)<\/li>\n<\/ul>\n<p>[\/et_pb_text][\/et_pb_column][\/et_pb_row][\/et_pb_section]<\/p>\n","protected":false},"excerpt":{"rendered":"<p>Helena \u017dleb\u010d\u00edkov\u00e1 (born Munzarov\u00e1) works at the Institute of Geophysics CAS since 2007. She is interested particularly in the following topics: Structure of the Earth\u2018s upper mantle Anisotropy of seismic-wave velocities Seismic tomography She is working on development and application of a&nbsp;code for travel-time tomography that involves anisotropic propagation of seismic waves in the [&hellip;]<\/p>\n","protected":false},"author":28,"featured_media":3406,"parent":416,"menu_order":0,"comment_status":"closed","ping_status":"closed","template":"","meta":{"_et_pb_use_builder":"on","_et_pb_old_content":"","_et_gb_content_width":"","footnotes":""},"categories":[],"tags":[127],"class_list":["post-7463","page","type-page","status-publish","has-post-thumbnail","hentry","tag-people-en"],"yoast_head":"<!-- This site is optimized with the Yoast SEO plugin v25.9 - https:\/\/yoast.com\/wordpress\/plugins\/seo\/ -->\n<title>Helena \u017dleb\u010d\u00edkov\u00e1 - Geofyzik\u00e1ln\u00ed \u00fastav Akademie v\u011bd \u010cR, v.v.i.<\/title>\n<meta name=\"robots\" content=\"index, follow, max-snippet:-1, max-image-preview:large, max-video-preview:-1\" \/>\n<link rel=\"canonical\" href=\"https:\/\/www.ig.cas.cz\/en\/contact\/staff\/helena-munzarova\/\" \/>\n<meta property=\"og:locale\" content=\"en_US\" \/>\n<meta property=\"og:type\" content=\"article\" \/>\n<meta property=\"og:title\" content=\"Helena \u017dleb\u010d\u00edkov\u00e1 - Geofyzik\u00e1ln\u00ed \u00fastav Akademie v\u011bd \u010cR, v.v.i.\" \/>\n<meta property=\"og:description\" content=\"Helena \u017dleb\u010d\u00edkov\u00e1 (born Munzarov\u00e1) works at the Institute of Geophysics CAS since 2007. She is interested particularly in the following topics: Structure of the Earth\u2018s upper mantle Anisotropy of seismic-wave velocities Seismic tomography She is working on development and application of a code for travel-time tomography that involves anisotropic propagation of seismic waves in the [&hellip;]\" \/>\n<meta property=\"og:url\" content=\"https:\/\/www.ig.cas.cz\/en\/contact\/staff\/helena-munzarova\/\" \/>\n<meta property=\"og:site_name\" content=\"Dom\u016f\" \/>\n<meta property=\"article:publisher\" content=\"https:\/\/www.facebook.com\/GFUAVCR\/\" \/>\n<meta property=\"article:modified_time\" content=\"2024-01-30T16:01:30+00:00\" \/>\n<meta property=\"og:image\" content=\"https:\/\/www.ig.cas.cz\/wp-content\/uploads\/2018\/01\/seismogram_header.jpg\" \/>\n\t<meta property=\"og:image:width\" content=\"2500\" \/>\n\t<meta property=\"og:image:height\" content=\"260\" \/>\n\t<meta property=\"og:image:type\" content=\"image\/jpeg\" \/>\n<meta name=\"twitter:card\" content=\"summary_large_image\" \/>\n<meta name=\"twitter:label1\" content=\"Est. reading time\" \/>\n\t<meta name=\"twitter:data1\" content=\"4 minutes\" \/>\n<script type=\"application\/ld+json\" class=\"yoast-schema-graph\">{\"@context\":\"https:\/\/schema.org\",\"@graph\":[{\"@type\":\"WebPage\",\"@id\":\"https:\/\/www.ig.cas.cz\/en\/contact\/staff\/helena-munzarova\/\",\"url\":\"https:\/\/www.ig.cas.cz\/en\/contact\/staff\/helena-munzarova\/\",\"name\":\"Helena \u017dleb\u010d\u00edkov\u00e1 - Geofyzik\u00e1ln\u00ed \u00fastav Akademie v\u011bd \u010cR, v.v.i.\",\"isPartOf\":{\"@id\":\"https:\/\/www.ig.cas.cz\/#website\"},\"primaryImageOfPage\":{\"@id\":\"https:\/\/www.ig.cas.cz\/en\/contact\/staff\/helena-munzarova\/#primaryimage\"},\"image\":{\"@id\":\"https:\/\/www.ig.cas.cz\/en\/contact\/staff\/helena-munzarova\/#primaryimage\"},\"thumbnailUrl\":\"https:\/\/www.ig.cas.cz\/wp-content\/uploads\/2018\/01\/seismogram_header.jpg\",\"datePublished\":\"2018-02-27T10:03:27+00:00\",\"dateModified\":\"2024-01-30T16:01:30+00:00\",\"breadcrumb\":{\"@id\":\"https:\/\/www.ig.cas.cz\/en\/contact\/staff\/helena-munzarova\/#breadcrumb\"},\"inLanguage\":\"en-US\",\"potentialAction\":[{\"@type\":\"ReadAction\",\"target\":[\"https:\/\/www.ig.cas.cz\/en\/contact\/staff\/helena-munzarova\/\"]}]},{\"@type\":\"ImageObject\",\"inLanguage\":\"en-US\",\"@id\":\"https:\/\/www.ig.cas.cz\/en\/contact\/staff\/helena-munzarova\/#primaryimage\",\"url\":\"https:\/\/www.ig.cas.cz\/wp-content\/uploads\/2018\/01\/seismogram_header.jpg\",\"contentUrl\":\"https:\/\/www.ig.cas.cz\/wp-content\/uploads\/2018\/01\/seismogram_header.jpg\",\"width\":2500,\"height\":260,\"caption\":\"Joe Parks from Berkeley, CA, Creative Commons Uve\u010fte autora 2.0 Generic\"},{\"@type\":\"BreadcrumbList\",\"@id\":\"https:\/\/www.ig.cas.cz\/en\/contact\/staff\/helena-munzarova\/#breadcrumb\",\"itemListElement\":[{\"@type\":\"ListItem\",\"position\":1,\"name\":\"Dom\u016f\",\"item\":\"https:\/\/www.ig.cas.cz\/en\/\"},{\"@type\":\"ListItem\",\"position\":2,\"name\":\"Contacts\",\"item\":\"https:\/\/www.ig.cas.cz\/en\/contact\/\"},{\"@type\":\"ListItem\",\"position\":3,\"name\":\"Staff\",\"item\":\"https:\/\/www.ig.cas.cz\/en\/contact\/staff\/\"},{\"@type\":\"ListItem\",\"position\":4,\"name\":\"Helena \u017dleb\u010d\u00edkov\u00e1\"}]},{\"@type\":\"WebSite\",\"@id\":\"https:\/\/www.ig.cas.cz\/#website\",\"url\":\"https:\/\/www.ig.cas.cz\/\",\"name\":\"Dom\u016f\",\"description\":\"Geofyzik\u00e1ln\u00ed \u00fastav Akademie v\u011bd \u010cR, v.v.i.\",\"potentialAction\":[{\"@type\":\"SearchAction\",\"target\":{\"@type\":\"EntryPoint\",\"urlTemplate\":\"https:\/\/www.ig.cas.cz\/?s={search_term_string}\"},\"query-input\":{\"@type\":\"PropertyValueSpecification\",\"valueRequired\":true,\"valueName\":\"search_term_string\"}}],\"inLanguage\":\"en-US\"}]}<\/script>\n<!-- \/ Yoast SEO plugin. -->","yoast_head_json":{"title":"Helena \u017dleb\u010d\u00edkov\u00e1 - Geofyzik\u00e1ln\u00ed \u00fastav Akademie v\u011bd \u010cR, v.v.i.","robots":{"index":"index","follow":"follow","max-snippet":"max-snippet:-1","max-image-preview":"max-image-preview:large","max-video-preview":"max-video-preview:-1"},"canonical":"https:\/\/www.ig.cas.cz\/en\/contact\/staff\/helena-munzarova\/","og_locale":"en_US","og_type":"article","og_title":"Helena \u017dleb\u010d\u00edkov\u00e1 - Geofyzik\u00e1ln\u00ed \u00fastav Akademie v\u011bd \u010cR, v.v.i.","og_description":"Helena \u017dleb\u010d\u00edkov\u00e1 (born Munzarov\u00e1) works at the Institute of Geophysics CAS since 2007. She is interested particularly in the following topics: Structure of the Earth\u2018s upper mantle Anisotropy of seismic-wave velocities Seismic tomography She is working on development and application of a code for travel-time tomography that involves anisotropic propagation of seismic waves in the [&hellip;]","og_url":"https:\/\/www.ig.cas.cz\/en\/contact\/staff\/helena-munzarova\/","og_site_name":"Dom\u016f","article_publisher":"https:\/\/www.facebook.com\/GFUAVCR\/","article_modified_time":"2024-01-30T16:01:30+00:00","og_image":[{"width":2500,"height":260,"url":"https:\/\/www.ig.cas.cz\/wp-content\/uploads\/2018\/01\/seismogram_header.jpg","type":"image\/jpeg"}],"twitter_card":"summary_large_image","twitter_misc":{"Est. reading time":"4 minutes"},"schema":{"@context":"https:\/\/schema.org","@graph":[{"@type":"WebPage","@id":"https:\/\/www.ig.cas.cz\/en\/contact\/staff\/helena-munzarova\/","url":"https:\/\/www.ig.cas.cz\/en\/contact\/staff\/helena-munzarova\/","name":"Helena \u017dleb\u010d\u00edkov\u00e1 - Geofyzik\u00e1ln\u00ed \u00fastav Akademie v\u011bd \u010cR, v.v.i.","isPartOf":{"@id":"https:\/\/www.ig.cas.cz\/#website"},"primaryImageOfPage":{"@id":"https:\/\/www.ig.cas.cz\/en\/contact\/staff\/helena-munzarova\/#primaryimage"},"image":{"@id":"https:\/\/www.ig.cas.cz\/en\/contact\/staff\/helena-munzarova\/#primaryimage"},"thumbnailUrl":"https:\/\/www.ig.cas.cz\/wp-content\/uploads\/2018\/01\/seismogram_header.jpg","datePublished":"2018-02-27T10:03:27+00:00","dateModified":"2024-01-30T16:01:30+00:00","breadcrumb":{"@id":"https:\/\/www.ig.cas.cz\/en\/contact\/staff\/helena-munzarova\/#breadcrumb"},"inLanguage":"en-US","potentialAction":[{"@type":"ReadAction","target":["https:\/\/www.ig.cas.cz\/en\/contact\/staff\/helena-munzarova\/"]}]},{"@type":"ImageObject","inLanguage":"en-US","@id":"https:\/\/www.ig.cas.cz\/en\/contact\/staff\/helena-munzarova\/#primaryimage","url":"https:\/\/www.ig.cas.cz\/wp-content\/uploads\/2018\/01\/seismogram_header.jpg","contentUrl":"https:\/\/www.ig.cas.cz\/wp-content\/uploads\/2018\/01\/seismogram_header.jpg","width":2500,"height":260,"caption":"Joe Parks from Berkeley, CA, Creative Commons Uve\u010fte autora 2.0 Generic"},{"@type":"BreadcrumbList","@id":"https:\/\/www.ig.cas.cz\/en\/contact\/staff\/helena-munzarova\/#breadcrumb","itemListElement":[{"@type":"ListItem","position":1,"name":"Dom\u016f","item":"https:\/\/www.ig.cas.cz\/en\/"},{"@type":"ListItem","position":2,"name":"Contacts","item":"https:\/\/www.ig.cas.cz\/en\/contact\/"},{"@type":"ListItem","position":3,"name":"Staff","item":"https:\/\/www.ig.cas.cz\/en\/contact\/staff\/"},{"@type":"ListItem","position":4,"name":"Helena \u017dleb\u010d\u00edkov\u00e1"}]},{"@type":"WebSite","@id":"https:\/\/www.ig.cas.cz\/#website","url":"https:\/\/www.ig.cas.cz\/","name":"Dom\u016f","description":"Geofyzik\u00e1ln\u00ed \u00fastav Akademie v\u011bd \u010cR, v.v.i.","potentialAction":[{"@type":"SearchAction","target":{"@type":"EntryPoint","urlTemplate":"https:\/\/www.ig.cas.cz\/?s={search_term_string}"},"query-input":{"@type":"PropertyValueSpecification","valueRequired":true,"valueName":"search_term_string"}}],"inLanguage":"en-US"}]}},"_links":{"self":[{"href":"https:\/\/www.ig.cas.cz\/en\/wp-json\/wp\/v2\/pages\/7463","targetHints":{"allow":["GET"]}}],"collection":[{"href":"https:\/\/www.ig.cas.cz\/en\/wp-json\/wp\/v2\/pages"}],"about":[{"href":"https:\/\/www.ig.cas.cz\/en\/wp-json\/wp\/v2\/types\/page"}],"author":[{"embeddable":true,"href":"https:\/\/www.ig.cas.cz\/en\/wp-json\/wp\/v2\/users\/28"}],"replies":[{"embeddable":true,"href":"https:\/\/www.ig.cas.cz\/en\/wp-json\/wp\/v2\/comments?post=7463"}],"version-history":[{"count":0,"href":"https:\/\/www.ig.cas.cz\/en\/wp-json\/wp\/v2\/pages\/7463\/revisions"}],"up":[{"embeddable":true,"href":"https:\/\/www.ig.cas.cz\/en\/wp-json\/wp\/v2\/pages\/416"}],"wp:featuredmedia":[{"embeddable":true,"href":"https:\/\/www.ig.cas.cz\/en\/wp-json\/wp\/v2\/media\/3406"}],"wp:attachment":[{"href":"https:\/\/www.ig.cas.cz\/en\/wp-json\/wp\/v2\/media?parent=7463"}],"wp:term":[{"taxonomy":"category","embeddable":true,"href":"https:\/\/www.ig.cas.cz\/en\/wp-json\/wp\/v2\/categories?post=7463"},{"taxonomy":"post_tag","embeddable":true,"href":"https:\/\/www.ig.cas.cz\/en\/wp-json\/wp\/v2\/tags?post=7463"}],"curies":[{"name":"wp","href":"https:\/\/api.w.org\/{rel}","templated":true}]}}