{"id":749,"date":"2018-01-04T11:21:01","date_gmt":"2018-01-04T10:21:01","guid":{"rendered":"http:\/\/igcas.antstudio.eu\/?page_id=749"},"modified":"2018-03-01T12:31:25","modified_gmt":"2018-03-01T11:31:25","slug":"czechgeo-portal","status":"publish","type":"page","link":"https:\/\/www.ig.cas.cz\/en\/about\/czechgeo-portal\/","title":{"rendered":"CzechGeo portal"},"content":{"rendered":"<p>[et_pb_section bb_built=&#8221;1&#8243; _builder_version=&#8221;3.0.47&#8243; custom_padding=&#8221;3.760009765625px|0px|0px|0px&#8221;][et_pb_row _builder_version=&#8221;3.0.47&#8243; background_size=&#8221;initial&#8221; background_position=&#8221;top_left&#8221; background_repeat=&#8221;repeat&#8221;][et_pb_column type=&#8221;3_4&#8243;][et_pb_text _builder_version=&#8221;3.0.105&#8243; background_layout=&#8221;light&#8221;]<\/p>\n<p><strong>CzechGeo \/ EPOS<\/strong> is the system of geophysical observations performed by the Consortium of\u00a0geoscience institutions\u00a0in the Czech Republic. The backbone of CzechGeo is formed by permanent observatories and networks\u00a0 (seismic, GPS, magnetic, gravimetric and geodynamic) involved in global networks which provide data in real time. Permanent observatories are complemented by local stations in selected regions of interest. The third level of the observational system are mobile stations\u00a0deployed for repeated measurements or field experiments within major international projects.<\/p>\n<p>Project CzechGeo is closely related with the 7th FP project <a href=\"https:\/\/www.epos-ip.org\/\">EPOS (European Plate Observing System)<\/a> which was included in the European roadmap of research infrastruktures of ESFRI (European Strategic Forum for Research Infrastructures) in 2008.<\/p>\n<p>[\/et_pb_text][\/et_pb_column][et_pb_column type=&#8221;1_4&#8243;][et_pb_image src=&#8221;https:\/\/www.ig.cas.cz\/wp-content\/uploads\/2018\/01\/Logo-CzechGeo-1.jpg&#8221; _builder_version=&#8221;3.0.98&#8243;]<br \/>\n[\/et_pb_image][\/et_pb_column][\/et_pb_row][et_pb_row custom_padding=&#8221;19.57000732421875px|0px|19.95001220703125px|0px&#8221; _builder_version=&#8221;3.0.47&#8243; background_size=&#8221;initial&#8221; background_position=&#8221;top_left&#8221; background_repeat=&#8221;repeat&#8221;][et_pb_column type=&#8221;1_2&#8243;][et_pb_text _builder_version=&#8221;3.0.98&#8243;]<\/p>\n<p><strong>Participating Czech geoscientific institutions:<\/strong><br \/>\n<a href=\"http:\/\/www.ig.cas.cz\/en\">Institute of Geophysics CAS, Prague<\/a><br \/>\n<a href=\"https:\/\/www.irsm.cas.cz\/index_en.php\">Institute of Rock Structure and Mechanics CAS, Prague<\/a><br \/>\n<a href=\"http:\/\/www.ugn.cas.cz\/index.php?l=en\">Institute of Geonics CAS, Ostrava<\/a><br \/>\n<a href=\"http:\/\/www.ipe.muni.cz\/newweb\/english\/index.php?main=main.php&amp;open=1&amp;menu=1000\">Institute of Physics of the Earth Masaryk University, Brno<\/a><br \/>\n<a href=\"http:\/\/geo.mff.cuni.cz\/index_en.htm\">Faculty of Mathematics and Physics, Charles University, Prague<\/a><br \/>\n<a href=\"https:\/\/www.natur.cuni.cz\/geology\/hydrogeology\/about-us\">Faculty of Science, Charles University, Prague<\/a><br \/>\n<a href=\"http:\/\/www.vugtk.cz\/en\/\">Research Institute of Geodesy, Topography and Cartography, Zdiby<\/a><br \/>\n<a href=\"http:\/\/www.geology.cz\/extranet-eng\">Czech Geological Survey Prague<\/a><\/p>\n<p>[\/et_pb_text][\/et_pb_column][et_pb_column type=&#8221;1_2&#8243;][et_pb_text _builder_version=&#8221;3.0.98&#8243;]<\/p>\n<p><strong>Sections of research infrastructure CzechGeo:<\/strong><br \/>\nSeismology<br \/>\nGNSS and Gravimetry<br \/>\nGeodynamics of the crust<br \/>\nGeomagnetism<br \/>\nGeological and Geophysical Databases<\/p>\n<p>[\/et_pb_text][\/et_pb_column][\/et_pb_row][et_pb_row custom_padding=&#8221;19.5699462890625px|0px|18.6199951171875px|0px&#8221; _builder_version=&#8221;3.0.47&#8243; background_size=&#8221;initial&#8221; background_position=&#8221;top_left&#8221; background_repeat=&#8221;repeat&#8221;][et_pb_column type=&#8221;1_3&#8243;][et_pb_text _builder_version=&#8221;3.0.98&#8243;]<\/p>\n<p><strong>Seismic P<\/strong><strong>ortal<\/strong><\/p>\n<p>[\/et_pb_text][\/et_pb_column][et_pb_column type=&#8221;1_3&#8243;][et_pb_text _builder_version=&#8221;3.0.98&#8243;]<\/p>\n<p><strong>GNSS Portal<\/strong><\/p>\n<p>[\/et_pb_text][\/et_pb_column][et_pb_column type=&#8221;1_3&#8243;][et_pb_text _builder_version=&#8221;3.0.98&#8243;]<\/p>\n<p><strong>Geology Map Server<\/strong><\/p>\n<p>[\/et_pb_text][\/et_pb_column][\/et_pb_row][et_pb_row custom_padding=&#8221;19.25994873046875px|0px|19.5699462890625px|0px&#8221; _builder_version=&#8221;3.0.47&#8243; background_size=&#8221;initial&#8221; background_position=&#8221;top_left&#8221; background_repeat=&#8221;repeat&#8221;][et_pb_column type=&#8221;1_3&#8243;][et_pb_text _builder_version=&#8221;3.0.98&#8243;]<\/p>\n<p><strong>Annual reports of the CzechGeo project:<\/strong><br \/>\nReport 2017<br \/>\nReport 2016<br \/>\nReport 2015<br \/>\nReport 2014<br \/>\nReport 2013<br \/>\nReport 2012<\/p>\n<p>[\/et_pb_text][\/et_pb_column][et_pb_column type=&#8221;1_3&#8243;][et_pb_text _builder_version=&#8221;3.0.98&#8243;]<\/p>\n<p><strong>Publications\u00a0related to\u00a0CzechGeo:<\/strong><br \/>\nPublications in 2017<br \/>\nPublications in 2016<br \/>\nPublications in 2015<br \/>\nPublications in 2014<br \/>\nPublications in 2013<br \/>\nPublications in 2012<br \/>\nPublications in 2011<\/p>\n<p>[\/et_pb_text][\/et_pb_column][et_pb_column type=&#8221;1_3&#8243;][et_pb_text _builder_version=&#8221;3.0.98&#8243;]<\/p>\n<p><strong>Links to projects and datacenters:<\/strong><br \/>\n<a href=\"https:\/\/www.epos-ip.org\/\">EPOS project<\/a><br \/>\n<a href=\"https:\/\/www.orfeus-eu.org\/\">ORFEUS Data Center<\/a><br \/>\n<a href=\"https:\/\/www.emsc-csem.org\/#2\">EMSC Data Center<\/a><br \/>\n<a href=\"http:\/\/geofon.gfz-potsdam.de\/\">GEOFON Data Center<\/a><br \/>\n<a href=\"http:\/\/ds.iris.edu\/ds\/\">IRIS Corporation<\/a><br \/>\n<a href=\"http:\/\/www.alparray.ethz.ch\/en\/home\/\">AlpArray project<\/a><br \/>\n<a href=\"http:\/\/www.intermagnet.org\/index-eng.php\">Intermagnet Network<\/a><br \/>\n<a href=\"http:\/\/www.igs.org\/\">International GNSS Service<\/a><br \/>\n<a href=\"http:\/\/epncb.oma.be\/\">EUREF Permanent GNSS Network<\/a><br \/>\n<a href=\"http:\/\/igets.u-strasbg.fr\/\">International Geodynamics and Earth Tide Service<\/a><\/p>\n<p>[\/et_pb_text][\/et_pb_column][\/et_pb_row][\/et_pb_section]<\/p>\n","protected":false},"excerpt":{"rendered":"<p>CzechGeo \/ EPOS is the system of geophysical observations performed by the Consortium of\u00a0geoscience institutions\u00a0in the Czech Republic. The backbone of CzechGeo is formed by permanent observatories and networks\u00a0 (seismic, GPS, magnetic, gravimetric and geodynamic) involved in global networks which provide data in real time. Permanent observatories are complemented by local stations in selected regions [&hellip;]<\/p>\n","protected":false},"author":4,"featured_media":4844,"parent":368,"menu_order":4,"comment_status":"closed","ping_status":"closed","template":"","meta":{"_et_pb_use_builder":"on","_et_pb_old_content":"","_et_gb_content_width":"","footnotes":""},"categories":[],"tags":[],"class_list":["post-749","page","type-page","status-publish","has-post-thumbnail","hentry"],"yoast_head":"<!-- This site is optimized with the Yoast SEO plugin v25.9 - https:\/\/yoast.com\/wordpress\/plugins\/seo\/ -->\n<title>CzechGeo portal - Geofyzik\u00e1ln\u00ed \u00fastav Akademie v\u011bd \u010cR, v.v.i.<\/title>\n<meta name=\"robots\" content=\"index, follow, max-snippet:-1, max-image-preview:large, max-video-preview:-1\" \/>\n<link rel=\"canonical\" href=\"https:\/\/www.ig.cas.cz\/en\/about\/czechgeo-portal\/\" \/>\n<meta property=\"og:locale\" content=\"en_US\" \/>\n<meta property=\"og:type\" content=\"article\" \/>\n<meta property=\"og:title\" content=\"CzechGeo portal - Geofyzik\u00e1ln\u00ed \u00fastav Akademie v\u011bd \u010cR, v.v.i.\" \/>\n<meta property=\"og:description\" content=\"CzechGeo \/ EPOS is the system of geophysical observations performed by the Consortium of\u00a0geoscience institutions\u00a0in the Czech Republic. The backbone of CzechGeo is formed by permanent observatories and networks\u00a0 (seismic, GPS, magnetic, gravimetric and geodynamic) involved in global networks which provide data in real time. Permanent observatories are complemented by local stations in selected regions [&hellip;]\" \/>\n<meta property=\"og:url\" content=\"https:\/\/www.ig.cas.cz\/en\/about\/czechgeo-portal\/\" \/>\n<meta property=\"og:site_name\" content=\"Dom\u016f\" \/>\n<meta property=\"article:publisher\" content=\"https:\/\/www.facebook.com\/GFUAVCR\/\" \/>\n<meta property=\"article:modified_time\" content=\"2018-03-01T11:31:25+00:00\" \/>\n<meta property=\"og:image\" content=\"https:\/\/www.ig.cas.cz\/wp-content\/uploads\/2018\/01\/Q330.jpg\" \/>\n\t<meta property=\"og:image:width\" content=\"1994\" \/>\n\t<meta property=\"og:image:height\" content=\"261\" \/>\n\t<meta property=\"og:image:type\" content=\"image\/jpeg\" \/>\n<meta name=\"twitter:card\" content=\"summary_large_image\" \/>\n<meta name=\"twitter:label1\" content=\"Est. reading time\" \/>\n\t<meta name=\"twitter:data1\" content=\"3 minutes\" \/>\n<script type=\"application\/ld+json\" class=\"yoast-schema-graph\">{\"@context\":\"https:\/\/schema.org\",\"@graph\":[{\"@type\":\"WebPage\",\"@id\":\"https:\/\/www.ig.cas.cz\/en\/about\/czechgeo-portal\/\",\"url\":\"https:\/\/www.ig.cas.cz\/en\/about\/czechgeo-portal\/\",\"name\":\"CzechGeo portal - Geofyzik\u00e1ln\u00ed \u00fastav Akademie v\u011bd \u010cR, v.v.i.\",\"isPartOf\":{\"@id\":\"https:\/\/www.ig.cas.cz\/#website\"},\"primaryImageOfPage\":{\"@id\":\"https:\/\/www.ig.cas.cz\/en\/about\/czechgeo-portal\/#primaryimage\"},\"image\":{\"@id\":\"https:\/\/www.ig.cas.cz\/en\/about\/czechgeo-portal\/#primaryimage\"},\"thumbnailUrl\":\"https:\/\/www.ig.cas.cz\/wp-content\/uploads\/2018\/01\/Q330.jpg\",\"datePublished\":\"2018-01-04T10:21:01+00:00\",\"dateModified\":\"2018-03-01T11:31:25+00:00\",\"breadcrumb\":{\"@id\":\"https:\/\/www.ig.cas.cz\/en\/about\/czechgeo-portal\/#breadcrumb\"},\"inLanguage\":\"en-US\",\"potentialAction\":[{\"@type\":\"ReadAction\",\"target\":[\"https:\/\/www.ig.cas.cz\/en\/about\/czechgeo-portal\/\"]}]},{\"@type\":\"ImageObject\",\"inLanguage\":\"en-US\",\"@id\":\"https:\/\/www.ig.cas.cz\/en\/about\/czechgeo-portal\/#primaryimage\",\"url\":\"https:\/\/www.ig.cas.cz\/wp-content\/uploads\/2018\/01\/Q330.jpg\",\"contentUrl\":\"https:\/\/www.ig.cas.cz\/wp-content\/uploads\/2018\/01\/Q330.jpg\",\"width\":1994,\"height\":261},{\"@type\":\"BreadcrumbList\",\"@id\":\"https:\/\/www.ig.cas.cz\/en\/about\/czechgeo-portal\/#breadcrumb\",\"itemListElement\":[{\"@type\":\"ListItem\",\"position\":1,\"name\":\"Dom\u016f\",\"item\":\"https:\/\/www.ig.cas.cz\/en\/\"},{\"@type\":\"ListItem\",\"position\":2,\"name\":\"About\",\"item\":\"https:\/\/www.ig.cas.cz\/en\/about\/\"},{\"@type\":\"ListItem\",\"position\":3,\"name\":\"CzechGeo portal\"}]},{\"@type\":\"WebSite\",\"@id\":\"https:\/\/www.ig.cas.cz\/#website\",\"url\":\"https:\/\/www.ig.cas.cz\/\",\"name\":\"Dom\u016f\",\"description\":\"Geofyzik\u00e1ln\u00ed \u00fastav Akademie v\u011bd \u010cR, v.v.i.\",\"potentialAction\":[{\"@type\":\"SearchAction\",\"target\":{\"@type\":\"EntryPoint\",\"urlTemplate\":\"https:\/\/www.ig.cas.cz\/?s={search_term_string}\"},\"query-input\":{\"@type\":\"PropertyValueSpecification\",\"valueRequired\":true,\"valueName\":\"search_term_string\"}}],\"inLanguage\":\"en-US\"}]}<\/script>\n<!-- \/ Yoast SEO plugin. -->","yoast_head_json":{"title":"CzechGeo portal - Geofyzik\u00e1ln\u00ed \u00fastav Akademie v\u011bd \u010cR, v.v.i.","robots":{"index":"index","follow":"follow","max-snippet":"max-snippet:-1","max-image-preview":"max-image-preview:large","max-video-preview":"max-video-preview:-1"},"canonical":"https:\/\/www.ig.cas.cz\/en\/about\/czechgeo-portal\/","og_locale":"en_US","og_type":"article","og_title":"CzechGeo portal - Geofyzik\u00e1ln\u00ed \u00fastav Akademie v\u011bd \u010cR, v.v.i.","og_description":"CzechGeo \/ EPOS is the system of geophysical observations performed by the Consortium of\u00a0geoscience institutions\u00a0in the Czech Republic. The backbone of CzechGeo is formed by permanent observatories and networks\u00a0 (seismic, GPS, magnetic, gravimetric and geodynamic) involved in global networks which provide data in real time. Permanent observatories are complemented by local stations in selected regions [&hellip;]","og_url":"https:\/\/www.ig.cas.cz\/en\/about\/czechgeo-portal\/","og_site_name":"Dom\u016f","article_publisher":"https:\/\/www.facebook.com\/GFUAVCR\/","article_modified_time":"2018-03-01T11:31:25+00:00","og_image":[{"width":1994,"height":261,"url":"https:\/\/www.ig.cas.cz\/wp-content\/uploads\/2018\/01\/Q330.jpg","type":"image\/jpeg"}],"twitter_card":"summary_large_image","twitter_misc":{"Est. reading time":"3 minutes"},"schema":{"@context":"https:\/\/schema.org","@graph":[{"@type":"WebPage","@id":"https:\/\/www.ig.cas.cz\/en\/about\/czechgeo-portal\/","url":"https:\/\/www.ig.cas.cz\/en\/about\/czechgeo-portal\/","name":"CzechGeo portal - Geofyzik\u00e1ln\u00ed \u00fastav Akademie v\u011bd \u010cR, v.v.i.","isPartOf":{"@id":"https:\/\/www.ig.cas.cz\/#website"},"primaryImageOfPage":{"@id":"https:\/\/www.ig.cas.cz\/en\/about\/czechgeo-portal\/#primaryimage"},"image":{"@id":"https:\/\/www.ig.cas.cz\/en\/about\/czechgeo-portal\/#primaryimage"},"thumbnailUrl":"https:\/\/www.ig.cas.cz\/wp-content\/uploads\/2018\/01\/Q330.jpg","datePublished":"2018-01-04T10:21:01+00:00","dateModified":"2018-03-01T11:31:25+00:00","breadcrumb":{"@id":"https:\/\/www.ig.cas.cz\/en\/about\/czechgeo-portal\/#breadcrumb"},"inLanguage":"en-US","potentialAction":[{"@type":"ReadAction","target":["https:\/\/www.ig.cas.cz\/en\/about\/czechgeo-portal\/"]}]},{"@type":"ImageObject","inLanguage":"en-US","@id":"https:\/\/www.ig.cas.cz\/en\/about\/czechgeo-portal\/#primaryimage","url":"https:\/\/www.ig.cas.cz\/wp-content\/uploads\/2018\/01\/Q330.jpg","contentUrl":"https:\/\/www.ig.cas.cz\/wp-content\/uploads\/2018\/01\/Q330.jpg","width":1994,"height":261},{"@type":"BreadcrumbList","@id":"https:\/\/www.ig.cas.cz\/en\/about\/czechgeo-portal\/#breadcrumb","itemListElement":[{"@type":"ListItem","position":1,"name":"Dom\u016f","item":"https:\/\/www.ig.cas.cz\/en\/"},{"@type":"ListItem","position":2,"name":"About","item":"https:\/\/www.ig.cas.cz\/en\/about\/"},{"@type":"ListItem","position":3,"name":"CzechGeo portal"}]},{"@type":"WebSite","@id":"https:\/\/www.ig.cas.cz\/#website","url":"https:\/\/www.ig.cas.cz\/","name":"Dom\u016f","description":"Geofyzik\u00e1ln\u00ed \u00fastav Akademie v\u011bd \u010cR, v.v.i.","potentialAction":[{"@type":"SearchAction","target":{"@type":"EntryPoint","urlTemplate":"https:\/\/www.ig.cas.cz\/?s={search_term_string}"},"query-input":{"@type":"PropertyValueSpecification","valueRequired":true,"valueName":"search_term_string"}}],"inLanguage":"en-US"}]}},"_links":{"self":[{"href":"https:\/\/www.ig.cas.cz\/en\/wp-json\/wp\/v2\/pages\/749","targetHints":{"allow":["GET"]}}],"collection":[{"href":"https:\/\/www.ig.cas.cz\/en\/wp-json\/wp\/v2\/pages"}],"about":[{"href":"https:\/\/www.ig.cas.cz\/en\/wp-json\/wp\/v2\/types\/page"}],"author":[{"embeddable":true,"href":"https:\/\/www.ig.cas.cz\/en\/wp-json\/wp\/v2\/users\/4"}],"replies":[{"embeddable":true,"href":"https:\/\/www.ig.cas.cz\/en\/wp-json\/wp\/v2\/comments?post=749"}],"version-history":[{"count":0,"href":"https:\/\/www.ig.cas.cz\/en\/wp-json\/wp\/v2\/pages\/749\/revisions"}],"up":[{"embeddable":true,"href":"https:\/\/www.ig.cas.cz\/en\/wp-json\/wp\/v2\/pages\/368"}],"wp:featuredmedia":[{"embeddable":true,"href":"https:\/\/www.ig.cas.cz\/en\/wp-json\/wp\/v2\/media\/4844"}],"wp:attachment":[{"href":"https:\/\/www.ig.cas.cz\/en\/wp-json\/wp\/v2\/media?parent=749"}],"wp:term":[{"taxonomy":"category","embeddable":true,"href":"https:\/\/www.ig.cas.cz\/en\/wp-json\/wp\/v2\/categories?post=749"},{"taxonomy":"post_tag","embeddable":true,"href":"https:\/\/www.ig.cas.cz\/en\/wp-json\/wp\/v2\/tags?post=749"}],"curies":[{"name":"wp","href":"https:\/\/api.w.org\/{rel}","templated":true}]}}