{"id":8115,"date":"2018-02-07T14:40:57","date_gmt":"2018-02-07T13:40:57","guid":{"rendered":"http:\/\/igcas.antstudio.eu\/contact\/staff\/david-ulicny\/"},"modified":"2024-01-10T14:29:08","modified_gmt":"2024-01-10T13:29:08","slug":"david-ulicny","status":"publish","type":"page","link":"https:\/\/www.ig.cas.cz\/en\/contact\/staff\/david-ulicny\/","title":{"rendered":"David Uli\u010dn\u00fd"},"content":{"rendered":"<p>[et_pb_section fb_built=&#8221;1&#8243; _builder_version=&#8221;4.16&#8243; custom_padding=&#8221;20px|0px|0px|0px&#8221; global_colors_info=&#8221;{}&#8221;][et_pb_row column_structure=&#8221;2_3,1_3&#8243; _builder_version=&#8221;4.16&#8243; background_size=&#8221;initial&#8221; background_position=&#8221;top_left&#8221; background_repeat=&#8221;repeat&#8221; custom_padding=&#8221;0px|0px|0px|0px&#8221; global_colors_info=&#8221;{}&#8221;][et_pb_column type=&#8221;2_3&#8243; _builder_version=&#8221;4.16&#8243; custom_padding=&#8221;|||&#8221; global_colors_info=&#8221;{}&#8221; custom_padding__hover=&#8221;|||&#8221;][et_pb_text _builder_version=&#8221;4.23.1&#8243; global_colors_info=&#8221;{}&#8221;]<\/p>\n<p><strong>David Uli\u010dn\u00fd<\/strong><\/p>\n<p>I am a&nbsp;sedimentologist and stratigrapher interested in past sea level and climate changes and tectonic evolution of sedimentary basins. I&nbsp;emphasize interdisciplinary approaches to studying the sedimentary record, in broad collaboration with specialists from many areas of Earth Science. Combining geophysical, sedimentological, geochemical, and paleontological data, and both numerical and analogue modelling, we can visualize and interpret many processes on the interface between the Earth\u2019s crust and its surface.<br \/>In 2018-2020, I&nbsp;led the Department of Geodynamics at the Institute of Geophysics and from 2021 to 2023, the Sedimentary Basins Team which from January 2024 onwards has become a&nbsp;part of the Surface Processes and Paleoclimate Team (SPP). Since 2019 I&nbsp;have served as Deputy Director of our institute. I&nbsp;have contributed to strategic development of the Institute of Geophysics since 2018, including its structural change and internationalization.<br \/>Since autumn 2019, I&nbsp;have reduced my FTE at the institute to 0.8 because of my part-time employment at the Faculty of Science, Charles University. Through teaching, student supervision, invited seminars, direct research collaborations and other activities I&nbsp;am contributing to closer ties between the Academy of Sciences and the Charles University, which I&nbsp;consider key to the long-term viability of geoscience research in our country.<\/p>\n<p>&nbsp;<\/p>\n<p><strong>Current and recent research projects<\/strong><\/p>\n<p>Czech Science Foundation \/ GA\u010cR &#8211; 22-13980S <strong>Geodynamic controls on continental rifting in Cenozoic central Europe: insights from the Eger Rift, Bohemia<\/strong>; role: Principal Investigator (2022-24)<br \/>Czech Science Foundation \/ GA\u010cR &#8211; 17-10982S <strong>Sea-level change and global carbon cycle in greenhouse climate: trans-Atlantic correlation of Turonian (mid-Cretaceous) sedimentary archives<\/strong>; role: Principal Investigator (2017-19)<\/p>\n<p>&nbsp;<\/p>\n<p><strong>Recent publications<\/strong><\/p>\n<p><strong>Laurin, Ji\u0159\u00ed &#8211; Uli\u010dn\u00fd, David &#8211; Waltham, D. &#8211; Toman, P.&nbsp;&#8211; Warsitzka, Michael &#8211; Sageman, B. B., 2023.<\/strong> Contrasting response of sea-level change to orbital eccentricity in greenhouse and icehouse climates. Earth and Planetary Science Letters, art. No.118421. ISSN 0012-821X. E-ISSN 1385-013X. <a href=\"doi:10.1016\/j.epsl.2023.118421\">doi:10.1016\/j.epsl.2023.118421<\/a><\/p>\n<p><strong>Plint, A. G. &#8211; Uli\u010dn\u00fd, David &#8211; \u010cech, S. &#8211; Walaszczyk, I. &#8211; Gr\u00f6cke, D. R. &#8211; Laurin, Ji\u0159\u00ed &#8211; Shank, J. A. &#8211; Jarvis, I., 2022.<\/strong> Trans-Atlantic correlation of Late Cretaceous high-frequency sea-level cycles. Earth and Planetary Science Letters, 578, art. No. 117323. ISSN 0012-821X. E-ISSN 1385-013X <a href=\"https:\/\/doi.org\/10.1016\/j.epsl.2021.117323\">doi:10.1016\/j.epsl.2021.117323.<\/a><\/p>\n<p><strong>Walaszczyk, I. &#8211; \u010cech, S. &#8211; Crampton, J. S. &#8211; Dubicka, Z. &#8211; Ifrim, C. &#8211; Jarvis, I. &#8211; Kennedy, W. J. &#8211; Lees, J. A. &#8211; Lodowski, D. &#8211; Pearce, M. &#8211; Peryt, D. &#8211; Sageman, B. B. &#8211; Schissler, P.&nbsp;&#8211; Todes, J. &#8211; Uli\u010dn\u00fd, David &#8211; Voigt, S. &#8211; Wiese, F. &#8211; Linnert, C. &#8211; P\u00fcttmann, T. &#8211; Toshimitsu, S., 2022.<\/strong> The Global Boundary Stratotype Section and Point (GSSP) for the base of the Coniacian Stage (Salzgitter-Salder, Germany) and its auxiliary sections (S\u0142upia Nadbrze\u017cna, central Poland, St\u0159ele\u010d, Czech Republic and El Rosario, NE Mexico). Episodes, 45, pp. 181-220. ISSN 0705-3797. <a href=\"https:\/\/doi.org\/10.18814\/epiiugs\/2021\/021022\">doi:10.18814\/epiiugs\/2021\/021022.<\/a><\/p>\n<p><strong>Laurin, Ji\u0159\u00ed &#8211; Uli\u010dn\u00fd, David &#8211; \u010cech, S. &#8211; Truba\u010d, J. &#8211; Zachari\u00e1\u0161, J. &#8211; Svobodov\u00e1, Andrea, 2021.<\/strong> Chronology and eccentricity phasing for the Early Turonian greenhouse (~93-94 Ma): constraints on astronomical control of the carbon cycle. Paleoceanography and Paleoclimatology, 36, art. No. e2020PA004188. ISSN 2572-4517. E-ISSN 2572-4525. <a href=\"https:\/\/doi.org\/10.1029\/2020PA004188\">doi:10.1029\/2020PA004188.<\/a><\/p>\n<p><strong>Chroustov\u00e1, M*. &#8211; Holcov\u00e1, K. &#8211; Laurin, Ji\u0159\u00ed &#8211; Uli\u010dn\u00fd, David &#8211; Hradeck\u00e1, L. &#8211; Hrnkov\u00e1, M. &#8211; \u010cech, S. &#8211; Hrouda, F. &#8211; Jarvis, I., 2021.<\/strong> Response of foraminiferal assemblages to precession-paced environmental variation in a&nbsp;mid-latitude seaway: Late Turonian greenhouse of Central Europe. Marine Micropaleontology, 167, art. No. 102025. ISSN 0377-8398. E-ISSN 1872-6186 <a href=\"https:\/\/doi.org\/10.1016\/j.marmicro.2021.102025\">doi:10.1016\/j.marmicro.2021.102025.<\/a> (*supervised student)<\/p>\n<p><strong>\u010cech, S. &#8211; Uli\u010dn\u00fd, David, 2021.<\/strong> The Turonian-Coniacian stage boundary in an expanded siliciclastic succession: Integrated stratigraphy in deltaic through offshore facies, Bohemian Cretaceous Basin. Cretaceous Research. 117, art. No. 104576. ISSN 0195-6671. E-ISSN 1095-998X <a href=\"https:\/\/doi.org\/10.1016\/j.cretres.2020.104576\">doi:10.1016\/j.cretres.2020.104576.<\/a><\/p>\n<p>[\/et_pb_text][et_pb_text _builder_version=&#8221;4.23.1&#8243; global_colors_info=&#8221;{}&#8221;]<\/p>\n<p><strong>Teaching \u2013 regular courses at Charles University<\/strong><\/p>\n<p>\u2022 Sedimentary geology (MG421P14) \u2013 BSc and MSc level, in Czech<br \/>\u2022 Sequence stratigraphy (<a href=\"https:\/\/is.cuni.cz\/studium\/predmety\/index.php?id=6b95260429e8ea86e90cf80bee3d3a83&amp;tid=&amp;do=predmet&amp;kod=MG420P04\">MG420P04<\/a>) \u2013 MSc and PhD level, in English<br \/>\u2022 Geology of sedimentary basins (<a href=\"https:\/\/is.cuni.cz\/studium\/predmety\/index.php?id=6b95260429e8ea86e90cf80bee3d3a83&amp;tid=&amp;do=predmet&amp;kod=MG421P38\">MG421P38<\/a>) \u2013 MSc and PhD level, in English<\/p>\n<p><em>Guest instructor in courses:<\/em><\/p>\n<p>\u2022 Geotektonika a&nbsp;deskov\u00e1 tektonika (MG440P15 Je\u0159\u00e1bek)<br \/>\u2022 Excursion of sedimentary geology (<a href=\"https:\/\/is.cuni.cz\/studium\/predmety\/index.php?id=6b95260429e8ea86e90cf80bee3d3a83&amp;tid=&amp;do=predmet&amp;kod=MG421T15\">MG421T15<\/a>, Mart\u00ednek)<br \/>\u2022 Geobiology &#8211; <a href=\"https:\/\/is.cuni.cz\/studium\/eng\/predmety\/redir.php?id=4c3fbfccc7ced79e9ba847fb2db8731d&amp;tid=&amp;redir=predmet&amp;kod=MG420P02&amp;referrer=predmety\">MG420P02<\/a> (Holcov\u00e1 et al.) &#8211; winter semester, lecture + seminar<\/p>\n<p>&nbsp;<\/p>\n<p><strong>Research student supervision and co-supervision<\/strong><\/p>\n<p>M. Chroustov\u00e1, PhD thesis, co-supervisor; started 2016, defended 2021: <em>Foraminifera and Ostracoda as palaeoenvironmental and biostratigraphical indicators in the Upper Cretaceous, Bohemian Cretaceous Basin<\/em><\/p>\n<p>K. Vo\u017een\u00edlkov\u00e1, MSc thesis, supervisor; started 2021, defended 2023: <em>Short-term cyclic paleoenvironmental variations in Middle Turonian hemipelagic deposits, Bohemian Cretaceous Basin<\/em><\/p>\n<p>J. Bohadlo, MSc thesis, supervisor; started 2021; ongoing (defense postponed due to ERASMUS stay):<br \/><em>Transgressions and regressions in the upper Turonian of the Bohemian Cretacecous Basin: record of changes in sea level and sediment supply governed by orbital cycles<\/em><\/p>\n<p>F. Havl\u00ed\u010dek, MSc thesis, supervisor; started 2022; ongoing: <em>The role of paleostress and inherited basement structures in evolution of the Oh\u0159e Rift<\/em><\/p>\n<p>J. Bohadlo, BSc. thesis, supervisor; started 2020, defended 2021: <em>Stratigraphic correlation between nearshore and hemipelagic lithofacies &#8211; sedimentological, geochemical, and geophysical criteria<\/em><\/p>\n<p>F. Havl\u00ed\u010dek, BSc. thesis, supervisor; started 2021, defended 2022: <em>Role of inherited crustal structures in rift basin geometry<\/em><\/p>\n<p>&nbsp;<\/p>\n<p><strong>Editorial duties and other service to professional community<\/strong><\/p>\n<p>Convener of Special Session on &#8220;Understanding a&nbsp;greenhouse Earth&#8221;, T05-SS03 \u2013 35th IAS Meeting of Sedimentology, Prague 2021, June 25 (Co-convener: Sietske Batenburg)<\/p>\n<p>Member of organizing committee, 35th IAS Meeting of Sedimentology, Prague, June 2021<\/p>\n<p>2009-2012 Associate Editor, Sedimentology<\/p>\n<p>2014 guest co-editor, Zeitschrift des deutchen Gesselschafts der Geowissenschaften. Volume 165, No. 4<\/p>\n<p>reviews for peer-reviewed journals: Sedimentology; Geological Society of America Bulletin; Earth Science Reviews; Palaeogeography, Palaeoclimatology, Palaeoecology; Sedimentary Geology; Journal of the Geological Society (London); Bulletin of Geosciences; Geologica Carpathica; IAS Special Publications; SEPM Special Publications.<\/p>\n<p>Since 2012 \u2013 member, Board of the Institute of Geophysics, Czech Academy of Sciences;<\/p>\n<p>Since 2013 &#8211; member, Council for collaboration of the Czech Academy of Sciences with universities;<\/p>\n<p>Duties in international professional bodies: IAS (International Association of Sedimentologists), Vice-President, 1998-2004; 2019 \u2013 member, Twenhofel Award Committee (SEPM); 2008-2010 member, Wilson Award Committee (SEPM)<\/p>\n<p>[\/et_pb_text][\/et_pb_column][et_pb_column type=&#8221;1_3&#8243; _builder_version=&#8221;4.16&#8243; custom_padding=&#8221;|||&#8221; global_colors_info=&#8221;{}&#8221; custom_padding__hover=&#8221;|||&#8221;][et_pb_image src=&#8221;https:\/\/www.ig.cas.cz\/wp-content\/uploads\/2021\/02\/web-obr-ulicny.jpg&#8221; align=&#8221;center&#8221; align_tablet=&#8221;center&#8221; align_phone=&#8221;&#8221; align_last_edited=&#8221;on|desktop&#8221; _builder_version=&#8221;4.23.1&#8243; max_width=&#8221;70%&#8221; hover_enabled=&#8221;0&#8243; global_colors_info=&#8221;{}&#8221; title_text=&#8221;Web Obr Ulicny&#8221; sticky_enabled=&#8221;0&#8243;][\/et_pb_image][et_pb_text _builder_version=&#8221;4.23.1&#8243; global_colors_info=&#8221;{}&#8221;]<\/p>\n<h3 style=\"text-align: center;\"><strong>RNDr. David Uli\u010dn\u00fd CSc.<\/strong><\/h3>\n<p style=\"text-align: center;\">senior researcher; deputy director of the Institute<br \/><a href=\"https:\/\/www.ig.cas.cz\/en\/research\/teams\/surface-processes-palaeoclimate\/\">Surface Processes &amp; Palaeoclimate<\/a><br \/><a href=\"mailto:ulicny@ig.cas.cz\">ulicny@ig.cas.cz<\/a><br \/>ulicnyd@natur.cuni.cz<br \/>+420&nbsp;267&nbsp;103&nbsp;326<br \/><a href=\"http:\/\/www.researcherid.com\/rid\/H-6412-2014\">ResearcherID<\/a><a style=\"vertical-align: top;\" href=\"https:\/\/orcid.org\/0000-0003-4114-883X\" target=\"orcid.widget\" rel=\"noopener noreferrer\"><br \/><\/a><a href=\"https:\/\/orcid.org\/0000-0002-0331-4174\" target=\"orcid.widget\" rel=\"noopener noreferrer\"><img decoding=\"async\" src=\"https:\/\/orcid.org\/sites\/default\/files\/images\/orcid_16x16.png\" alt=\"ORCID iD icon\" \/>ORCID<\/a><\/p>\n<p>[\/et_pb_text][\/et_pb_column][\/et_pb_row][\/et_pb_section]<\/p>\n","protected":false},"excerpt":{"rendered":"<p>David Uli\u010dn\u00fd I&nbsp;am a&nbsp;sedimentologist and stratigrapher interested in past sea level and climate changes and tectonic evolution of sedimentary basins. I&nbsp;emphasize interdisciplinary approaches to studying the sedimentary record, in broad collaboration with specialists from many areas of Earth Science. Combining geophysical, sedimentological, geochemical, and paleontological data, and both numerical and analogue modelling, [&hellip;]<\/p>\n","protected":false},"author":5,"featured_media":12002,"parent":416,"menu_order":0,"comment_status":"closed","ping_status":"closed","template":"","meta":{"_et_pb_use_builder":"on","_et_pb_old_content":"","_et_gb_content_width":"","footnotes":""},"categories":[],"tags":[127],"class_list":["post-8115","page","type-page","status-publish","has-post-thumbnail","hentry","tag-people-en"],"yoast_head":"<!-- This site is optimized with the Yoast SEO plugin v25.9 - https:\/\/yoast.com\/wordpress\/plugins\/seo\/ -->\n<title>David Uli\u010dn\u00fd - Geofyzik\u00e1ln\u00ed \u00fastav Akademie v\u011bd \u010cR, v.v.i.<\/title>\n<meta name=\"robots\" content=\"index, follow, max-snippet:-1, max-image-preview:large, max-video-preview:-1\" \/>\n<link rel=\"canonical\" href=\"https:\/\/www.ig.cas.cz\/en\/contact\/staff\/david-ulicny\/\" \/>\n<meta property=\"og:locale\" content=\"en_US\" \/>\n<meta property=\"og:type\" content=\"article\" \/>\n<meta property=\"og:title\" content=\"David Uli\u010dn\u00fd - Geofyzik\u00e1ln\u00ed \u00fastav Akademie v\u011bd \u010cR, v.v.i.\" \/>\n<meta property=\"og:description\" content=\"David Uli\u010dn\u00fd I am a sedimentologist and stratigrapher interested in past sea level and climate changes and tectonic evolution of sedimentary basins. I emphasize interdisciplinary approaches to studying the sedimentary record, in broad collaboration with specialists from many areas of Earth Science. Combining geophysical, sedimentological, geochemical, and paleontological data, and both numerical and analogue modelling, [&hellip;]\" \/>\n<meta property=\"og:url\" content=\"https:\/\/www.ig.cas.cz\/en\/contact\/staff\/david-ulicny\/\" \/>\n<meta property=\"og:site_name\" content=\"Dom\u016f\" \/>\n<meta property=\"article:publisher\" content=\"https:\/\/www.facebook.com\/GFUAVCR\/\" \/>\n<meta property=\"article:modified_time\" content=\"2024-01-10T13:29:08+00:00\" \/>\n<meta property=\"og:image\" content=\"https:\/\/www.ig.cas.cz\/wp-content\/uploads\/2018\/01\/mapa_geologicka.jpg\" \/>\n\t<meta property=\"og:image:width\" content=\"2500\" \/>\n\t<meta property=\"og:image:height\" content=\"260\" \/>\n\t<meta property=\"og:image:type\" content=\"image\/jpeg\" \/>\n<meta name=\"twitter:card\" content=\"summary_large_image\" \/>\n<meta name=\"twitter:label1\" content=\"Est. reading time\" \/>\n\t<meta name=\"twitter:data1\" content=\"6 minutes\" \/>\n<script type=\"application\/ld+json\" class=\"yoast-schema-graph\">{\"@context\":\"https:\/\/schema.org\",\"@graph\":[{\"@type\":\"WebPage\",\"@id\":\"https:\/\/www.ig.cas.cz\/en\/contact\/staff\/david-ulicny\/\",\"url\":\"https:\/\/www.ig.cas.cz\/en\/contact\/staff\/david-ulicny\/\",\"name\":\"David Uli\u010dn\u00fd - Geofyzik\u00e1ln\u00ed \u00fastav Akademie v\u011bd \u010cR, v.v.i.\",\"isPartOf\":{\"@id\":\"https:\/\/www.ig.cas.cz\/#website\"},\"primaryImageOfPage\":{\"@id\":\"https:\/\/www.ig.cas.cz\/en\/contact\/staff\/david-ulicny\/#primaryimage\"},\"image\":{\"@id\":\"https:\/\/www.ig.cas.cz\/en\/contact\/staff\/david-ulicny\/#primaryimage\"},\"thumbnailUrl\":\"https:\/\/www.ig.cas.cz\/wp-content\/uploads\/2018\/01\/mapa_geologicka.jpg\",\"datePublished\":\"2018-02-07T13:40:57+00:00\",\"dateModified\":\"2024-01-10T13:29:08+00:00\",\"breadcrumb\":{\"@id\":\"https:\/\/www.ig.cas.cz\/en\/contact\/staff\/david-ulicny\/#breadcrumb\"},\"inLanguage\":\"en-US\",\"potentialAction\":[{\"@type\":\"ReadAction\",\"target\":[\"https:\/\/www.ig.cas.cz\/en\/contact\/staff\/david-ulicny\/\"]}]},{\"@type\":\"ImageObject\",\"inLanguage\":\"en-US\",\"@id\":\"https:\/\/www.ig.cas.cz\/en\/contact\/staff\/david-ulicny\/#primaryimage\",\"url\":\"https:\/\/www.ig.cas.cz\/wp-content\/uploads\/2018\/01\/mapa_geologicka.jpg\",\"contentUrl\":\"https:\/\/www.ig.cas.cz\/wp-content\/uploads\/2018\/01\/mapa_geologicka.jpg\",\"width\":2500,\"height\":260},{\"@type\":\"BreadcrumbList\",\"@id\":\"https:\/\/www.ig.cas.cz\/en\/contact\/staff\/david-ulicny\/#breadcrumb\",\"itemListElement\":[{\"@type\":\"ListItem\",\"position\":1,\"name\":\"Dom\u016f\",\"item\":\"https:\/\/www.ig.cas.cz\/en\/\"},{\"@type\":\"ListItem\",\"position\":2,\"name\":\"Contacts\",\"item\":\"https:\/\/www.ig.cas.cz\/en\/contact\/\"},{\"@type\":\"ListItem\",\"position\":3,\"name\":\"Staff\",\"item\":\"https:\/\/www.ig.cas.cz\/en\/contact\/staff\/\"},{\"@type\":\"ListItem\",\"position\":4,\"name\":\"David Uli\u010dn\u00fd\"}]},{\"@type\":\"WebSite\",\"@id\":\"https:\/\/www.ig.cas.cz\/#website\",\"url\":\"https:\/\/www.ig.cas.cz\/\",\"name\":\"Dom\u016f\",\"description\":\"Geofyzik\u00e1ln\u00ed \u00fastav Akademie v\u011bd \u010cR, v.v.i.\",\"potentialAction\":[{\"@type\":\"SearchAction\",\"target\":{\"@type\":\"EntryPoint\",\"urlTemplate\":\"https:\/\/www.ig.cas.cz\/?s={search_term_string}\"},\"query-input\":{\"@type\":\"PropertyValueSpecification\",\"valueRequired\":true,\"valueName\":\"search_term_string\"}}],\"inLanguage\":\"en-US\"}]}<\/script>\n<!-- \/ Yoast SEO plugin. -->","yoast_head_json":{"title":"David Uli\u010dn\u00fd - Geofyzik\u00e1ln\u00ed \u00fastav Akademie v\u011bd \u010cR, v.v.i.","robots":{"index":"index","follow":"follow","max-snippet":"max-snippet:-1","max-image-preview":"max-image-preview:large","max-video-preview":"max-video-preview:-1"},"canonical":"https:\/\/www.ig.cas.cz\/en\/contact\/staff\/david-ulicny\/","og_locale":"en_US","og_type":"article","og_title":"David Uli\u010dn\u00fd - Geofyzik\u00e1ln\u00ed \u00fastav Akademie v\u011bd \u010cR, v.v.i.","og_description":"David Uli\u010dn\u00fd I am a sedimentologist and stratigrapher interested in past sea level and climate changes and tectonic evolution of sedimentary basins. I emphasize interdisciplinary approaches to studying the sedimentary record, in broad collaboration with specialists from many areas of Earth Science. Combining geophysical, sedimentological, geochemical, and paleontological data, and both numerical and analogue modelling, [&hellip;]","og_url":"https:\/\/www.ig.cas.cz\/en\/contact\/staff\/david-ulicny\/","og_site_name":"Dom\u016f","article_publisher":"https:\/\/www.facebook.com\/GFUAVCR\/","article_modified_time":"2024-01-10T13:29:08+00:00","og_image":[{"width":2500,"height":260,"url":"https:\/\/www.ig.cas.cz\/wp-content\/uploads\/2018\/01\/mapa_geologicka.jpg","type":"image\/jpeg"}],"twitter_card":"summary_large_image","twitter_misc":{"Est. reading time":"6 minutes"},"schema":{"@context":"https:\/\/schema.org","@graph":[{"@type":"WebPage","@id":"https:\/\/www.ig.cas.cz\/en\/contact\/staff\/david-ulicny\/","url":"https:\/\/www.ig.cas.cz\/en\/contact\/staff\/david-ulicny\/","name":"David Uli\u010dn\u00fd - Geofyzik\u00e1ln\u00ed \u00fastav Akademie v\u011bd \u010cR, v.v.i.","isPartOf":{"@id":"https:\/\/www.ig.cas.cz\/#website"},"primaryImageOfPage":{"@id":"https:\/\/www.ig.cas.cz\/en\/contact\/staff\/david-ulicny\/#primaryimage"},"image":{"@id":"https:\/\/www.ig.cas.cz\/en\/contact\/staff\/david-ulicny\/#primaryimage"},"thumbnailUrl":"https:\/\/www.ig.cas.cz\/wp-content\/uploads\/2018\/01\/mapa_geologicka.jpg","datePublished":"2018-02-07T13:40:57+00:00","dateModified":"2024-01-10T13:29:08+00:00","breadcrumb":{"@id":"https:\/\/www.ig.cas.cz\/en\/contact\/staff\/david-ulicny\/#breadcrumb"},"inLanguage":"en-US","potentialAction":[{"@type":"ReadAction","target":["https:\/\/www.ig.cas.cz\/en\/contact\/staff\/david-ulicny\/"]}]},{"@type":"ImageObject","inLanguage":"en-US","@id":"https:\/\/www.ig.cas.cz\/en\/contact\/staff\/david-ulicny\/#primaryimage","url":"https:\/\/www.ig.cas.cz\/wp-content\/uploads\/2018\/01\/mapa_geologicka.jpg","contentUrl":"https:\/\/www.ig.cas.cz\/wp-content\/uploads\/2018\/01\/mapa_geologicka.jpg","width":2500,"height":260},{"@type":"BreadcrumbList","@id":"https:\/\/www.ig.cas.cz\/en\/contact\/staff\/david-ulicny\/#breadcrumb","itemListElement":[{"@type":"ListItem","position":1,"name":"Dom\u016f","item":"https:\/\/www.ig.cas.cz\/en\/"},{"@type":"ListItem","position":2,"name":"Contacts","item":"https:\/\/www.ig.cas.cz\/en\/contact\/"},{"@type":"ListItem","position":3,"name":"Staff","item":"https:\/\/www.ig.cas.cz\/en\/contact\/staff\/"},{"@type":"ListItem","position":4,"name":"David Uli\u010dn\u00fd"}]},{"@type":"WebSite","@id":"https:\/\/www.ig.cas.cz\/#website","url":"https:\/\/www.ig.cas.cz\/","name":"Dom\u016f","description":"Geofyzik\u00e1ln\u00ed \u00fastav Akademie v\u011bd \u010cR, v.v.i.","potentialAction":[{"@type":"SearchAction","target":{"@type":"EntryPoint","urlTemplate":"https:\/\/www.ig.cas.cz\/?s={search_term_string}"},"query-input":{"@type":"PropertyValueSpecification","valueRequired":true,"valueName":"search_term_string"}}],"inLanguage":"en-US"}]}},"_links":{"self":[{"href":"https:\/\/www.ig.cas.cz\/en\/wp-json\/wp\/v2\/pages\/8115","targetHints":{"allow":["GET"]}}],"collection":[{"href":"https:\/\/www.ig.cas.cz\/en\/wp-json\/wp\/v2\/pages"}],"about":[{"href":"https:\/\/www.ig.cas.cz\/en\/wp-json\/wp\/v2\/types\/page"}],"author":[{"embeddable":true,"href":"https:\/\/www.ig.cas.cz\/en\/wp-json\/wp\/v2\/users\/5"}],"replies":[{"embeddable":true,"href":"https:\/\/www.ig.cas.cz\/en\/wp-json\/wp\/v2\/comments?post=8115"}],"version-history":[{"count":0,"href":"https:\/\/www.ig.cas.cz\/en\/wp-json\/wp\/v2\/pages\/8115\/revisions"}],"up":[{"embeddable":true,"href":"https:\/\/www.ig.cas.cz\/en\/wp-json\/wp\/v2\/pages\/416"}],"wp:featuredmedia":[{"embeddable":true,"href":"https:\/\/www.ig.cas.cz\/en\/wp-json\/wp\/v2\/media\/12002"}],"wp:attachment":[{"href":"https:\/\/www.ig.cas.cz\/en\/wp-json\/wp\/v2\/media?parent=8115"}],"wp:term":[{"taxonomy":"category","embeddable":true,"href":"https:\/\/www.ig.cas.cz\/en\/wp-json\/wp\/v2\/categories?post=8115"},{"taxonomy":"post_tag","embeddable":true,"href":"https:\/\/www.ig.cas.cz\/en\/wp-json\/wp\/v2\/tags?post=8115"}],"curies":[{"name":"wp","href":"https:\/\/api.w.org\/{rel}","templated":true}]}}