{"id":8190,"date":"2018-02-07T17:03:04","date_gmt":"2018-02-07T16:03:04","guid":{"rendered":"http:\/\/igcas.antstudio.eu\/contact\/staff\/michal-seidl\/"},"modified":"2024-01-24T13:19:41","modified_gmt":"2024-01-24T12:19:41","slug":"michal-seidl","status":"publish","type":"page","link":"https:\/\/www.ig.cas.cz\/en\/contact\/staff\/michal-seidl\/","title":{"rendered":"Michal Seidl"},"content":{"rendered":"<p>[et_pb_section fb_built=&#8221;1&#8243; _builder_version=&#8221;4.16&#8243; custom_padding=&#8221;0px|0px|0px|0px&#8221; global_colors_info=&#8221;{}&#8221;][et_pb_row _builder_version=&#8221;4.16&#8243; background_size=&#8221;initial&#8221; background_position=&#8221;top_left&#8221; background_repeat=&#8221;repeat&#8221; custom_padding=&#8221;19px|0px|0px|0px&#8221; global_colors_info=&#8221;{}&#8221; column_structure=&#8221;2_3,1_3&#8243;][et_pb_column type=&#8221;2_3&#8243; _builder_version=&#8221;4.16&#8243; custom_padding=&#8221;|||&#8221; global_colors_info=&#8221;{}&#8221; custom_padding__hover=&#8221;|||&#8221;][et_pb_text _builder_version=&#8221;4.23.1&#8243; hover_enabled=&#8221;0&#8243; global_colors_info=&#8221;{}&#8221; sticky_enabled=&#8221;0&#8243;]<\/p>\n<p><strong>Michal Seidl<\/strong> is researcher at the Institute of Geophysics CAS.<\/p>\n<p>[\/et_pb_text][et_pb_text _builder_version=&#8221;4.16&#8243; global_colors_info=&#8221;{}&#8221;]<\/p>\n<h3><strong>Odborn\u00e9 publikace<\/strong><\/h3>\n<ul>\n<li>Flechsig. Ch., Heinicke, J., Mrlina, J., &#8230;, <strong>Seidl, M.<\/strong> (2015): Integrated geophysical and geological methods to investigate the inner and outer structures of the Quaternary M\u00fdtina maar (W-Bohemia, Czech Republic), January 2015, <em>International Journal of Earth Sciences<\/em> 104(8), doi: <a href=\"http:\/\/dx.doi.org\/10.1007\/s00531-014-1136-0\">10.1007\/s00531-014-1136-0<\/a><\/li>\n<li>Mrlina. J., Fischer, T., Horalek, J., <strong>Seidl, M.<\/strong> (2014): Crustal deformations in the epicentral area of the West Bohemia 2008 earthquake swarm in Central Europe\u201d by Schenk et al. (JGR 117 (2012), B07408), October 2014, <em>Journal of Geophysical Research: Solid Earth<\/em> 119(10), doi: <a href=\"http:\/\/dx.doi.org\/10.1002\/2013JB010918\">10.1002\/2013JB010918<\/a><\/li>\n<li><strong>Seidl, M.<\/strong> (2014): PROJ.4 CARTOGRAPHIC PROJECTION LIBRARY AS 3D TRANSFORMATION TOOL IN CZECH CONTEXT. \u2013 \u201eConference: 14th SGEM GeoConference on INFORMATICS, GEOINFORMATICS AND REMOTE SENSING\u201c, June 2014, doi: <a href=\"http:\/\/dx.doi.org\/10.5593\/SGEM2014\/B22\/S9.050\">10.5593\/SGEM2014\/B22\/S9.050<\/a><\/li>\n<li>Bayer, T., Mrlina, J., Pol\u00e1k, V. and <strong>Seidl, M.<\/strong> (2012): Application of Overhauser magnetometer in the volcanic-constituted watershed in West Bohemia. \u2013 20th Int. Poster Day: \u201eTransport of Water, Chemicals and Energy in the Soil-Plant-Atmosphere System\u201c, 15 November 2012, Bratislava, Slovakia, pp. 85-91.<\/li>\n<li>Mrlina, J., K\u00e4mpf, H.,\u00a0Kroner, C., Mingram, J.,\u00a0Stebich, M., Brauer, A.,\u00a0Geissler, W.H., Kallmeyer, J., Matthes, H.,\u00a0and <strong>M. Seidl<\/strong>, (2009), Discovery of the first Quaternary maar in the Bohemian Massif, Central Europe, based on combined geophysical and geological surveys, <em>Journal of Volcanology and Geothermal Research<\/em> 182 (1-2) , pp. 97-112, doi:\u00a0<a href=\"http:\/\/dx.doi.org\/10.1016\/j.jvolgeores.2009.01.027\">10.1016\/j.jvolgeores.2009.01.027<\/a>.<\/li>\n<li>Mrlina, J., and <strong>M. Seidl<\/strong>, (2008), Relation of surface movements in West Bohemia to earthquake swarms, <em>Studia Geophysica et Geodaetica<\/em> 52 (4) , pp. 549-566, doi: <a href=\"http:\/\/dx.doi.org\/10.1007\/s11200-008-0037-8\">10.1007\/s11200-008-0037-8<\/a>.<\/li>\n<\/ul>\n<p>[\/et_pb_text][\/et_pb_column][et_pb_column type=&#8221;1_3&#8243; _builder_version=&#8221;4.16&#8243; custom_padding=&#8221;|||&#8221; global_colors_info=&#8221;{}&#8221; custom_padding__hover=&#8221;|||&#8221;][et_pb_image src=&#8221;https:\/\/www.ig.cas.cz\/wp-content\/uploads\/2018\/03\/seidl_foto_web.jpg&#8221; align=&#8221;center&#8221; align_tablet=&#8221;center&#8221; align_last_edited=&#8221;on|desktop&#8221; _builder_version=&#8221;4.16&#8243; max_width=&#8221;80%&#8221; global_colors_info=&#8221;{}&#8221; align_phone=&#8221;center&#8221;][\/et_pb_image][et_pb_text _builder_version=&#8221;4.23.1&#8243; hover_enabled=&#8221;0&#8243; global_colors_info=&#8221;{}&#8221; sticky_enabled=&#8221;0&#8243;]<\/p>\n<h3 style=\"text-align: center;\"><strong>Ing. Michal Seidl Ph.D.<\/strong><\/h3>\n<p style=\"text-align: center;\">researcher<br \/>Earth observatories<br \/><a href=\"mailto:michal.seidl@ig.cas.cz\">michal.seidl@ig.cas.cz<\/a><br \/>+420&nbsp;267&nbsp;103&nbsp;331<br \/><a href=\"http:\/\/www.researcherid.com\/rid\/H-6405-2014\">ResearcherID<\/a><a href=\"https:\/\/orcid.org\/0000-0003-4114-883X\" target=\"orcid.widget\" rel=\"noopener noreferrer\"><br \/><\/a><a href=\"https:\/\/orcid.org\/0000-0003-3944-1578\" target=\"orcid.widget\" rel=\"noopener noreferrer\"><img decoding=\"async\" src=\"https:\/\/orcid.org\/sites\/default\/files\/images\/orcid_16x16.png\" alt=\"ORCID iD icon\" \/>ORCID<\/a><\/p>\n<p>[\/et_pb_text][et_pb_text _builder_version=&#8221;4.16&#8243; global_colors_info=&#8221;{}&#8221;][\/et_pb_text][\/et_pb_column][\/et_pb_row][\/et_pb_section]<\/p>\n","protected":false},"excerpt":{"rendered":"<p>Michal Seidl is researcher at the Institute of Geophysics CAS.Odborn\u00e9 publikace Flechsig. Ch., Heinicke, J., Mrlina, J., &#8230;, Seidl, M. (2015): Integrated geophysical and geological methods to investigate the inner and outer structures of the Quaternary M\u00fdtina maar (W-Bohemia, Czech Republic), January 2015, International Journal of Earth Sciences 104(8), doi: 10.1007\/s00531-014-1136-0 Mrlina. J., Fischer, T., [&hellip;]<\/p>\n","protected":false},"author":5,"featured_media":12002,"parent":416,"menu_order":0,"comment_status":"closed","ping_status":"closed","template":"","meta":{"_et_pb_use_builder":"on","_et_pb_old_content":"","_et_gb_content_width":"","footnotes":""},"categories":[],"tags":[127],"class_list":["post-8190","page","type-page","status-publish","has-post-thumbnail","hentry","tag-people-en"],"yoast_head":"<!-- This site is optimized with the Yoast SEO plugin v25.9 - https:\/\/yoast.com\/wordpress\/plugins\/seo\/ -->\n<title>Michal Seidl - Geofyzik\u00e1ln\u00ed \u00fastav Akademie v\u011bd \u010cR, v.v.i.<\/title>\n<meta name=\"robots\" content=\"index, follow, max-snippet:-1, max-image-preview:large, max-video-preview:-1\" \/>\n<link rel=\"canonical\" href=\"https:\/\/www.ig.cas.cz\/en\/contact\/staff\/michal-seidl\/\" \/>\n<meta property=\"og:locale\" content=\"en_US\" \/>\n<meta property=\"og:type\" content=\"article\" \/>\n<meta property=\"og:title\" content=\"Michal Seidl - Geofyzik\u00e1ln\u00ed \u00fastav Akademie v\u011bd \u010cR, v.v.i.\" \/>\n<meta property=\"og:description\" content=\"Michal Seidl is researcher at the Institute of Geophysics CAS.Odborn\u00e9 publikace Flechsig. Ch., Heinicke, J., Mrlina, J., ..., Seidl, M. (2015): Integrated geophysical and geological methods to investigate the inner and outer structures of the Quaternary M\u00fdtina maar (W-Bohemia, Czech Republic), January 2015, International Journal of Earth Sciences 104(8), doi: 10.1007\/s00531-014-1136-0 Mrlina. J., Fischer, T., [&hellip;]\" \/>\n<meta property=\"og:url\" content=\"https:\/\/www.ig.cas.cz\/en\/contact\/staff\/michal-seidl\/\" \/>\n<meta property=\"og:site_name\" content=\"Dom\u016f\" \/>\n<meta property=\"article:publisher\" content=\"https:\/\/www.facebook.com\/GFUAVCR\/\" \/>\n<meta property=\"article:modified_time\" content=\"2024-01-24T12:19:41+00:00\" \/>\n<meta property=\"og:image\" content=\"https:\/\/www.ig.cas.cz\/wp-content\/uploads\/2018\/01\/mapa_geologicka.jpg\" \/>\n\t<meta property=\"og:image:width\" content=\"2500\" \/>\n\t<meta property=\"og:image:height\" content=\"260\" \/>\n\t<meta property=\"og:image:type\" content=\"image\/jpeg\" \/>\n<meta name=\"twitter:card\" content=\"summary_large_image\" \/>\n<meta name=\"twitter:label1\" content=\"Est. reading time\" \/>\n\t<meta name=\"twitter:data1\" content=\"2 minutes\" \/>\n<script type=\"application\/ld+json\" class=\"yoast-schema-graph\">{\"@context\":\"https:\/\/schema.org\",\"@graph\":[{\"@type\":\"WebPage\",\"@id\":\"https:\/\/www.ig.cas.cz\/en\/contact\/staff\/michal-seidl\/\",\"url\":\"https:\/\/www.ig.cas.cz\/en\/contact\/staff\/michal-seidl\/\",\"name\":\"Michal Seidl - Geofyzik\u00e1ln\u00ed \u00fastav Akademie v\u011bd \u010cR, v.v.i.\",\"isPartOf\":{\"@id\":\"https:\/\/www.ig.cas.cz\/#website\"},\"primaryImageOfPage\":{\"@id\":\"https:\/\/www.ig.cas.cz\/en\/contact\/staff\/michal-seidl\/#primaryimage\"},\"image\":{\"@id\":\"https:\/\/www.ig.cas.cz\/en\/contact\/staff\/michal-seidl\/#primaryimage\"},\"thumbnailUrl\":\"https:\/\/www.ig.cas.cz\/wp-content\/uploads\/2018\/01\/mapa_geologicka.jpg\",\"datePublished\":\"2018-02-07T16:03:04+00:00\",\"dateModified\":\"2024-01-24T12:19:41+00:00\",\"breadcrumb\":{\"@id\":\"https:\/\/www.ig.cas.cz\/en\/contact\/staff\/michal-seidl\/#breadcrumb\"},\"inLanguage\":\"en-US\",\"potentialAction\":[{\"@type\":\"ReadAction\",\"target\":[\"https:\/\/www.ig.cas.cz\/en\/contact\/staff\/michal-seidl\/\"]}]},{\"@type\":\"ImageObject\",\"inLanguage\":\"en-US\",\"@id\":\"https:\/\/www.ig.cas.cz\/en\/contact\/staff\/michal-seidl\/#primaryimage\",\"url\":\"https:\/\/www.ig.cas.cz\/wp-content\/uploads\/2018\/01\/mapa_geologicka.jpg\",\"contentUrl\":\"https:\/\/www.ig.cas.cz\/wp-content\/uploads\/2018\/01\/mapa_geologicka.jpg\",\"width\":2500,\"height\":260},{\"@type\":\"BreadcrumbList\",\"@id\":\"https:\/\/www.ig.cas.cz\/en\/contact\/staff\/michal-seidl\/#breadcrumb\",\"itemListElement\":[{\"@type\":\"ListItem\",\"position\":1,\"name\":\"Dom\u016f\",\"item\":\"https:\/\/www.ig.cas.cz\/en\/\"},{\"@type\":\"ListItem\",\"position\":2,\"name\":\"Contacts\",\"item\":\"https:\/\/www.ig.cas.cz\/en\/contact\/\"},{\"@type\":\"ListItem\",\"position\":3,\"name\":\"Staff\",\"item\":\"https:\/\/www.ig.cas.cz\/en\/contact\/staff\/\"},{\"@type\":\"ListItem\",\"position\":4,\"name\":\"Michal Seidl\"}]},{\"@type\":\"WebSite\",\"@id\":\"https:\/\/www.ig.cas.cz\/#website\",\"url\":\"https:\/\/www.ig.cas.cz\/\",\"name\":\"Dom\u016f\",\"description\":\"Geofyzik\u00e1ln\u00ed \u00fastav Akademie v\u011bd \u010cR, v.v.i.\",\"potentialAction\":[{\"@type\":\"SearchAction\",\"target\":{\"@type\":\"EntryPoint\",\"urlTemplate\":\"https:\/\/www.ig.cas.cz\/?s={search_term_string}\"},\"query-input\":{\"@type\":\"PropertyValueSpecification\",\"valueRequired\":true,\"valueName\":\"search_term_string\"}}],\"inLanguage\":\"en-US\"}]}<\/script>\n<!-- \/ Yoast SEO plugin. -->","yoast_head_json":{"title":"Michal Seidl - Geofyzik\u00e1ln\u00ed \u00fastav Akademie v\u011bd \u010cR, v.v.i.","robots":{"index":"index","follow":"follow","max-snippet":"max-snippet:-1","max-image-preview":"max-image-preview:large","max-video-preview":"max-video-preview:-1"},"canonical":"https:\/\/www.ig.cas.cz\/en\/contact\/staff\/michal-seidl\/","og_locale":"en_US","og_type":"article","og_title":"Michal Seidl - Geofyzik\u00e1ln\u00ed \u00fastav Akademie v\u011bd \u010cR, v.v.i.","og_description":"Michal Seidl is researcher at the Institute of Geophysics CAS.Odborn\u00e9 publikace Flechsig. Ch., Heinicke, J., Mrlina, J., ..., Seidl, M. (2015): Integrated geophysical and geological methods to investigate the inner and outer structures of the Quaternary M\u00fdtina maar (W-Bohemia, Czech Republic), January 2015, International Journal of Earth Sciences 104(8), doi: 10.1007\/s00531-014-1136-0 Mrlina. J., Fischer, T., [&hellip;]","og_url":"https:\/\/www.ig.cas.cz\/en\/contact\/staff\/michal-seidl\/","og_site_name":"Dom\u016f","article_publisher":"https:\/\/www.facebook.com\/GFUAVCR\/","article_modified_time":"2024-01-24T12:19:41+00:00","og_image":[{"width":2500,"height":260,"url":"https:\/\/www.ig.cas.cz\/wp-content\/uploads\/2018\/01\/mapa_geologicka.jpg","type":"image\/jpeg"}],"twitter_card":"summary_large_image","twitter_misc":{"Est. reading time":"2 minutes"},"schema":{"@context":"https:\/\/schema.org","@graph":[{"@type":"WebPage","@id":"https:\/\/www.ig.cas.cz\/en\/contact\/staff\/michal-seidl\/","url":"https:\/\/www.ig.cas.cz\/en\/contact\/staff\/michal-seidl\/","name":"Michal Seidl - Geofyzik\u00e1ln\u00ed \u00fastav Akademie v\u011bd \u010cR, v.v.i.","isPartOf":{"@id":"https:\/\/www.ig.cas.cz\/#website"},"primaryImageOfPage":{"@id":"https:\/\/www.ig.cas.cz\/en\/contact\/staff\/michal-seidl\/#primaryimage"},"image":{"@id":"https:\/\/www.ig.cas.cz\/en\/contact\/staff\/michal-seidl\/#primaryimage"},"thumbnailUrl":"https:\/\/www.ig.cas.cz\/wp-content\/uploads\/2018\/01\/mapa_geologicka.jpg","datePublished":"2018-02-07T16:03:04+00:00","dateModified":"2024-01-24T12:19:41+00:00","breadcrumb":{"@id":"https:\/\/www.ig.cas.cz\/en\/contact\/staff\/michal-seidl\/#breadcrumb"},"inLanguage":"en-US","potentialAction":[{"@type":"ReadAction","target":["https:\/\/www.ig.cas.cz\/en\/contact\/staff\/michal-seidl\/"]}]},{"@type":"ImageObject","inLanguage":"en-US","@id":"https:\/\/www.ig.cas.cz\/en\/contact\/staff\/michal-seidl\/#primaryimage","url":"https:\/\/www.ig.cas.cz\/wp-content\/uploads\/2018\/01\/mapa_geologicka.jpg","contentUrl":"https:\/\/www.ig.cas.cz\/wp-content\/uploads\/2018\/01\/mapa_geologicka.jpg","width":2500,"height":260},{"@type":"BreadcrumbList","@id":"https:\/\/www.ig.cas.cz\/en\/contact\/staff\/michal-seidl\/#breadcrumb","itemListElement":[{"@type":"ListItem","position":1,"name":"Dom\u016f","item":"https:\/\/www.ig.cas.cz\/en\/"},{"@type":"ListItem","position":2,"name":"Contacts","item":"https:\/\/www.ig.cas.cz\/en\/contact\/"},{"@type":"ListItem","position":3,"name":"Staff","item":"https:\/\/www.ig.cas.cz\/en\/contact\/staff\/"},{"@type":"ListItem","position":4,"name":"Michal Seidl"}]},{"@type":"WebSite","@id":"https:\/\/www.ig.cas.cz\/#website","url":"https:\/\/www.ig.cas.cz\/","name":"Dom\u016f","description":"Geofyzik\u00e1ln\u00ed \u00fastav Akademie v\u011bd \u010cR, v.v.i.","potentialAction":[{"@type":"SearchAction","target":{"@type":"EntryPoint","urlTemplate":"https:\/\/www.ig.cas.cz\/?s={search_term_string}"},"query-input":{"@type":"PropertyValueSpecification","valueRequired":true,"valueName":"search_term_string"}}],"inLanguage":"en-US"}]}},"_links":{"self":[{"href":"https:\/\/www.ig.cas.cz\/en\/wp-json\/wp\/v2\/pages\/8190","targetHints":{"allow":["GET"]}}],"collection":[{"href":"https:\/\/www.ig.cas.cz\/en\/wp-json\/wp\/v2\/pages"}],"about":[{"href":"https:\/\/www.ig.cas.cz\/en\/wp-json\/wp\/v2\/types\/page"}],"author":[{"embeddable":true,"href":"https:\/\/www.ig.cas.cz\/en\/wp-json\/wp\/v2\/users\/5"}],"replies":[{"embeddable":true,"href":"https:\/\/www.ig.cas.cz\/en\/wp-json\/wp\/v2\/comments?post=8190"}],"version-history":[{"count":0,"href":"https:\/\/www.ig.cas.cz\/en\/wp-json\/wp\/v2\/pages\/8190\/revisions"}],"up":[{"embeddable":true,"href":"https:\/\/www.ig.cas.cz\/en\/wp-json\/wp\/v2\/pages\/416"}],"wp:featuredmedia":[{"embeddable":true,"href":"https:\/\/www.ig.cas.cz\/en\/wp-json\/wp\/v2\/media\/12002"}],"wp:attachment":[{"href":"https:\/\/www.ig.cas.cz\/en\/wp-json\/wp\/v2\/media?parent=8190"}],"wp:term":[{"taxonomy":"category","embeddable":true,"href":"https:\/\/www.ig.cas.cz\/en\/wp-json\/wp\/v2\/categories?post=8190"},{"taxonomy":"post_tag","embeddable":true,"href":"https:\/\/www.ig.cas.cz\/en\/wp-json\/wp\/v2\/tags?post=8190"}],"curies":[{"name":"wp","href":"https:\/\/api.w.org\/{rel}","templated":true}]}}