{"id":8230,"date":"2018-03-05T08:34:46","date_gmt":"2018-03-05T07:34:46","guid":{"rendered":"http:\/\/igcas.antstudio.eu\/?page_id=8230"},"modified":"2023-06-28T10:04:03","modified_gmt":"2023-06-28T08:04:03","slug":"petra-adamova","status":"publish","type":"page","link":"https:\/\/www.ig.cas.cz\/en\/contact\/staff\/petra-adamova\/","title":{"rendered":"Petra Adamov\u00e1"},"content":{"rendered":"<p>[et_pb_section bb_built=&#8221;1&#8243; _builder_version=&#8221;3.0.47&#8243; custom_padding=&#8221;0px|0px|0px|0px&#8221;][et_pb_row custom_padding=&#8221;15px|0px|0px|0px&#8221; _builder_version=&#8221;3.0.47&#8243; background_size=&#8221;initial&#8221; background_position=&#8221;top_left&#8221; background_repeat=&#8221;repeat&#8221;][et_pb_column type=&#8221;2_3&#8243;][et_pb_text _builder_version=&#8221;3.0.105&#8243; background_layout=&#8221;light&#8221;]<\/p>\n<p>RNDr. <strong>Petra Adamov\u00e1<\/strong>, Ph.D. works at Department of Seismology from 2006 as researcher.<\/p>\n<p>Main topics: inversion of seismic source: amplitude inversion, waveform inversion, PCA (principal component analysis)<\/p>\n<p>[\/et_pb_text][\/et_pb_column][et_pb_column type=&#8221;1_3&#8243;][et_pb_image src=&#8221;https:\/\/www.ig.cas.cz\/wp-content\/uploads\/2018\/02\/adamova.jpg&#8221; align=&#8221;center&#8221; _builder_version=&#8221;3.0.99&#8243; max_width=&#8221;88%&#8221;]<\/p>\n<p>&nbsp;<\/p>\n<p>[\/et_pb_image][et_pb_text _builder_version=&#8221;3.0.105&#8243; background_layout=&#8221;light&#8221;]<\/p>\n<h3 style=\"text-align: center;\">RNDr. <strong>Petra Adamov\u00e1<\/strong>, Ph.D.<\/h3>\n<h3 style=\"text-align: center;\">postdoc (Seismology)<\/h3>\n<p style=\"text-align: center;\"><a href=\"mailto:adamova@ig.cas.cz\">adamova@ig.cas.cz<\/a><\/p>\n<p style=\"text-align: center;\">+420&nbsp;267&nbsp;103&nbsp;349<\/p>\n<p style=\"text-align: center;\"><a style=\"font-size: 16px; vertical-align: top;\" href=\"https:\/\/orcid.org\/0000-0002-4741-9576\" target=\"_blank\" rel=\"noopener noreferrer\"><img decoding=\"async\" style=\"width: 1em; margin-right: .5em;\" src=\"https:\/\/orcid.org\/sites\/default\/files\/images\/orcid_16x16.png\" alt=\"ORCID iD icon\" \/>orcid.org\/0000-0002-4741-9576<\/a><\/p>\n<div class=\"css-tooltip css-tooltip-with-marker css-tooltip-bottom css-tooltip-pointer-top\"><\/div>\n<p>[\/et_pb_text][et_pb_text _builder_version=&#8221;3.0.94&#8243;]<\/p>\n<p>&nbsp;<\/p>\n<p>[\/et_pb_text][\/et_pb_column][\/et_pb_row][et_pb_row custom_padding=&#8221;29px|0px|28.95px|0px&#8221; _builder_version=&#8221;3.0.94&#8243;][et_pb_column type=&#8221;1_2&#8243;][et_pb_text _builder_version=&#8221;3.0.105&#8243; background_layout=&#8221;light&#8221;]<\/p>\n<h3><strong>Publications<\/strong><\/h3>\n<ul>\n<li>Vavry\u010duk, V., <strong>Adamov\u00e1, P.<\/strong> (2018). Detection of stress anomaly produced by interaction of compressive fault steps in the West Bohemia swarm region, Czech Republic, <em>Tectonics<\/em>, <strong>37<\/strong>, doi: 10.1029\/2018TC005163, in press.<\/li>\n<li>Yu, Ch., Vavry\u010duk, V.,<strong> Adamov\u00e1, P.<\/strong>, Bohnhoff, M. (2018). Moment tensors of induced microearthquakes in The Geysers geothermal reservoir from broadband seismic recordings: Implications for faulting regime, stress tensor and fluid pressure, <i>Journal of Geophysical Research: Solid Earth, <\/i><a class=\"epub-doi\" href=\"https:\/\/doi.org\/10.1029\/2018JB016251\">10.1029\/2018JB016251<\/a><\/li>\n<\/ul>\n<ul>\n<li>Petru\u017e\u00e1lek, M., Jechumt\u00e1lov\u00e1, Z., Kol\u00e1\u0159, P., <strong>Adamov\u00e1, P.<\/strong>, Svitek, T., \u0160\u00edlen\u00fd, J., &amp; Lokaj\u00ed\u010dek, T. (2018). Acoustic emission in a&nbsp;laboratory: Mechanism of microearthquakes using alternative source models. <i>Journal of Geophysical Research: Solid Earth<\/i>.,doi:10.1029\/2017JB015393<\/li>\n<\/ul>\n<ul>\n<li>Vavry\u010duk, V.,<strong> Adamov\u00e1, P.<\/strong>, Doubravov\u00e1, J., Jakoubkov\u00e1, H., (2017). Moment tensor inversion based on the principal component analysis of waveforms: Method and application to microearthquakes in West Bohemia, Czech Republic, <em>Seismol. Res. Lett<\/em>., 88(5), 1303-1315, doi: 10.1785\/0220170027.<\/li>\n<li>S. Lambotte, H. Lyon-Caen, P.&nbsp;Bernard, A. Deschamps, G. Patau, A. Nercessian, F. Pacchiani, S. Bourouis, M. Drilleau, <strong>P. Adamov\u00e1<\/strong> (2014). Reassessment of the rifting process in the Western Corinth rift from relocated seismicity, <em>Geophysical Journal International<\/em>, doi: 10.1093\/gji\/ggu096<\/li>\n<li><strong>Adamov\u00e1 P., <\/strong>\u0160\u00edlen\u00fd J. (2013). Disputable non-double-couple mechanisms of several strong earthquakes \u2013 second degree moment approach, <em>Bull. Seis. Soc. Am., <\/em>103 (2), 2836-2849<\/li>\n<\/ul>\n<ul>\n<li>\n<p class=\"western\"><strong>Adamov\u00e1 P.,<\/strong> \u0160\u00edlen\u00fd J. (2010). Non-double-couple earthquake mechanism as an artifact of the point source approach applied to a&nbsp;finite-extent focus, <em>Bull. Seis. Soc. Am.<\/em>, 100(2), 447-457.<\/p>\n<\/li>\n<li><strong>Adamov\u00e1 P., <\/strong>Sokos E., Zahradn\u00edk J. (2009). Non-double-couple mechanism and complexity of the Amfilochia Mw~5, Dec. 31, 2002 earthquake, Western Greece, J<em>ournal of seismology, 13 (1), 1-12<\/em><\/li>\n<\/ul>\n<p>[\/et_pb_text][\/et_pb_column][et_pb_column type=&#8221;1_2&#8243;][et_pb_text _builder_version=&#8221;3.0.105&#8243; background_layout=&#8221;light&#8221;]<\/p>\n<h3><strong>CV<\/strong><\/h3>\n<p>2006 &#8211; now: researcher at Department of Seismology<\/p>\n<p>2006-2013: PhD. &#8211; Seismology, Department of Geophysics, Faculty of Matematics and Physics, Charles University, Prague, topic: <strong>Earthquake source models<\/strong>, advisor: Jan \u0160\u00edlen\u00fd<\/p>\n<p>2001-2006: Mgr. &#8211; Geophysics,\u00a0 Department of Geophysics, Faculty of Matematics and Physics, Charles University, Prague, topic:<strong> Earthquake source models and its complexity<\/strong>, advisor: Ji\u0159\u00ed Zahradn\u00edk<\/p>\n<p>[\/et_pb_text][\/et_pb_column][\/et_pb_row][\/et_pb_section]<\/p>\n","protected":false},"excerpt":{"rendered":"<p>RNDr. Petra Adamov\u00e1, Ph.D. works at Department of Seismology from 2006 as researcher. Main topics: inversion of seismic source: amplitude inversion, waveform inversion, PCA (principal component analysis) &nbsp; RNDr. Petra Adamov\u00e1, Ph.D. postdoc (Seismology) adamova@ig.cas.cz +420&nbsp;267&nbsp;103&nbsp;349 orcid.org\/0000-0002-4741-9576 &nbsp; Publications Vavry\u010duk, V., Adamov\u00e1, P.&nbsp;(2018). Detection of stress anomaly produced by interaction of [&hellip;]<\/p>\n","protected":false},"author":28,"featured_media":3827,"parent":416,"menu_order":0,"comment_status":"closed","ping_status":"closed","template":"","meta":{"_et_pb_use_builder":"on","_et_pb_old_content":"","_et_gb_content_width":"","footnotes":""},"categories":[],"tags":[127],"class_list":["post-8230","page","type-page","status-publish","has-post-thumbnail","hentry","tag-people-en"],"yoast_head":"<!-- This site is optimized with the Yoast SEO plugin v25.9 - https:\/\/yoast.com\/wordpress\/plugins\/seo\/ -->\n<title>Petra Adamov\u00e1 - Geofyzik\u00e1ln\u00ed \u00fastav Akademie v\u011bd \u010cR, v.v.i.<\/title>\n<meta name=\"robots\" content=\"index, follow, max-snippet:-1, max-image-preview:large, max-video-preview:-1\" \/>\n<link rel=\"canonical\" href=\"https:\/\/www.ig.cas.cz\/en\/contact\/staff\/petra-adamova\/\" \/>\n<meta property=\"og:locale\" content=\"en_US\" \/>\n<meta property=\"og:type\" content=\"article\" \/>\n<meta property=\"og:title\" content=\"Petra Adamov\u00e1 - Geofyzik\u00e1ln\u00ed \u00fastav Akademie v\u011bd \u010cR, v.v.i.\" \/>\n<meta property=\"og:description\" content=\"RNDr. Petra Adamov\u00e1, Ph.D. works at Department of Seismology from 2006 as researcher. Main topics: inversion of seismic source: amplitude inversion, waveform inversion, PCA (principal component analysis) &nbsp; RNDr. Petra Adamov\u00e1, Ph.D. postdoc (Seismology) adamova@ig.cas.cz +420 267 103 349 orcid.org\/0000-0002-4741-9576 &nbsp; Publications Vavry\u010duk, V., Adamov\u00e1, P. (2018). Detection of stress anomaly produced by interaction of [&hellip;]\" \/>\n<meta property=\"og:url\" content=\"https:\/\/www.ig.cas.cz\/en\/contact\/staff\/petra-adamova\/\" \/>\n<meta property=\"og:site_name\" content=\"Dom\u016f\" \/>\n<meta property=\"article:publisher\" content=\"https:\/\/www.facebook.com\/GFUAVCR\/\" \/>\n<meta property=\"article:modified_time\" content=\"2023-06-28T08:04:03+00:00\" \/>\n<meta property=\"og:image\" content=\"https:\/\/www.ig.cas.cz\/wp-content\/uploads\/2018\/01\/mapa_geologicka.jpg\" \/>\n\t<meta property=\"og:image:width\" content=\"2500\" \/>\n\t<meta property=\"og:image:height\" content=\"260\" \/>\n\t<meta property=\"og:image:type\" content=\"image\/jpeg\" \/>\n<meta name=\"twitter:card\" content=\"summary_large_image\" \/>\n<meta name=\"twitter:label1\" content=\"Est. reading time\" \/>\n\t<meta name=\"twitter:data1\" content=\"3 minutes\" \/>\n<script type=\"application\/ld+json\" class=\"yoast-schema-graph\">{\"@context\":\"https:\/\/schema.org\",\"@graph\":[{\"@type\":\"WebPage\",\"@id\":\"https:\/\/www.ig.cas.cz\/en\/contact\/staff\/petra-adamova\/\",\"url\":\"https:\/\/www.ig.cas.cz\/en\/contact\/staff\/petra-adamova\/\",\"name\":\"Petra Adamov\u00e1 - Geofyzik\u00e1ln\u00ed \u00fastav Akademie v\u011bd \u010cR, v.v.i.\",\"isPartOf\":{\"@id\":\"https:\/\/www.ig.cas.cz\/#website\"},\"primaryImageOfPage\":{\"@id\":\"https:\/\/www.ig.cas.cz\/en\/contact\/staff\/petra-adamova\/#primaryimage\"},\"image\":{\"@id\":\"https:\/\/www.ig.cas.cz\/en\/contact\/staff\/petra-adamova\/#primaryimage\"},\"thumbnailUrl\":\"https:\/\/www.ig.cas.cz\/wp-content\/uploads\/2018\/01\/mapa_geologicka.jpg\",\"datePublished\":\"2018-03-05T07:34:46+00:00\",\"dateModified\":\"2023-06-28T08:04:03+00:00\",\"breadcrumb\":{\"@id\":\"https:\/\/www.ig.cas.cz\/en\/contact\/staff\/petra-adamova\/#breadcrumb\"},\"inLanguage\":\"en-US\",\"potentialAction\":[{\"@type\":\"ReadAction\",\"target\":[\"https:\/\/www.ig.cas.cz\/en\/contact\/staff\/petra-adamova\/\"]}]},{\"@type\":\"ImageObject\",\"inLanguage\":\"en-US\",\"@id\":\"https:\/\/www.ig.cas.cz\/en\/contact\/staff\/petra-adamova\/#primaryimage\",\"url\":\"https:\/\/www.ig.cas.cz\/wp-content\/uploads\/2018\/01\/mapa_geologicka.jpg\",\"contentUrl\":\"https:\/\/www.ig.cas.cz\/wp-content\/uploads\/2018\/01\/mapa_geologicka.jpg\",\"width\":2500,\"height\":260},{\"@type\":\"BreadcrumbList\",\"@id\":\"https:\/\/www.ig.cas.cz\/en\/contact\/staff\/petra-adamova\/#breadcrumb\",\"itemListElement\":[{\"@type\":\"ListItem\",\"position\":1,\"name\":\"Dom\u016f\",\"item\":\"https:\/\/www.ig.cas.cz\/en\/\"},{\"@type\":\"ListItem\",\"position\":2,\"name\":\"Contacts\",\"item\":\"https:\/\/www.ig.cas.cz\/en\/contact\/\"},{\"@type\":\"ListItem\",\"position\":3,\"name\":\"Staff\",\"item\":\"https:\/\/www.ig.cas.cz\/en\/contact\/staff\/\"},{\"@type\":\"ListItem\",\"position\":4,\"name\":\"Petra Adamov\u00e1\"}]},{\"@type\":\"WebSite\",\"@id\":\"https:\/\/www.ig.cas.cz\/#website\",\"url\":\"https:\/\/www.ig.cas.cz\/\",\"name\":\"Dom\u016f\",\"description\":\"Geofyzik\u00e1ln\u00ed \u00fastav Akademie v\u011bd \u010cR, v.v.i.\",\"potentialAction\":[{\"@type\":\"SearchAction\",\"target\":{\"@type\":\"EntryPoint\",\"urlTemplate\":\"https:\/\/www.ig.cas.cz\/?s={search_term_string}\"},\"query-input\":{\"@type\":\"PropertyValueSpecification\",\"valueRequired\":true,\"valueName\":\"search_term_string\"}}],\"inLanguage\":\"en-US\"}]}<\/script>\n<!-- \/ Yoast SEO plugin. -->","yoast_head_json":{"title":"Petra Adamov\u00e1 - Geofyzik\u00e1ln\u00ed \u00fastav Akademie v\u011bd \u010cR, v.v.i.","robots":{"index":"index","follow":"follow","max-snippet":"max-snippet:-1","max-image-preview":"max-image-preview:large","max-video-preview":"max-video-preview:-1"},"canonical":"https:\/\/www.ig.cas.cz\/en\/contact\/staff\/petra-adamova\/","og_locale":"en_US","og_type":"article","og_title":"Petra Adamov\u00e1 - Geofyzik\u00e1ln\u00ed \u00fastav Akademie v\u011bd \u010cR, v.v.i.","og_description":"RNDr. Petra Adamov\u00e1, Ph.D. works at Department of Seismology from 2006 as researcher. Main topics: inversion of seismic source: amplitude inversion, waveform inversion, PCA (principal component analysis) &nbsp; RNDr. Petra Adamov\u00e1, Ph.D. postdoc (Seismology) adamova@ig.cas.cz +420 267 103 349 orcid.org\/0000-0002-4741-9576 &nbsp; Publications Vavry\u010duk, V., Adamov\u00e1, P. (2018). Detection of stress anomaly produced by interaction of [&hellip;]","og_url":"https:\/\/www.ig.cas.cz\/en\/contact\/staff\/petra-adamova\/","og_site_name":"Dom\u016f","article_publisher":"https:\/\/www.facebook.com\/GFUAVCR\/","article_modified_time":"2023-06-28T08:04:03+00:00","og_image":[{"width":2500,"height":260,"url":"https:\/\/www.ig.cas.cz\/wp-content\/uploads\/2018\/01\/mapa_geologicka.jpg","type":"image\/jpeg"}],"twitter_card":"summary_large_image","twitter_misc":{"Est. reading time":"3 minutes"},"schema":{"@context":"https:\/\/schema.org","@graph":[{"@type":"WebPage","@id":"https:\/\/www.ig.cas.cz\/en\/contact\/staff\/petra-adamova\/","url":"https:\/\/www.ig.cas.cz\/en\/contact\/staff\/petra-adamova\/","name":"Petra Adamov\u00e1 - Geofyzik\u00e1ln\u00ed \u00fastav Akademie v\u011bd \u010cR, v.v.i.","isPartOf":{"@id":"https:\/\/www.ig.cas.cz\/#website"},"primaryImageOfPage":{"@id":"https:\/\/www.ig.cas.cz\/en\/contact\/staff\/petra-adamova\/#primaryimage"},"image":{"@id":"https:\/\/www.ig.cas.cz\/en\/contact\/staff\/petra-adamova\/#primaryimage"},"thumbnailUrl":"https:\/\/www.ig.cas.cz\/wp-content\/uploads\/2018\/01\/mapa_geologicka.jpg","datePublished":"2018-03-05T07:34:46+00:00","dateModified":"2023-06-28T08:04:03+00:00","breadcrumb":{"@id":"https:\/\/www.ig.cas.cz\/en\/contact\/staff\/petra-adamova\/#breadcrumb"},"inLanguage":"en-US","potentialAction":[{"@type":"ReadAction","target":["https:\/\/www.ig.cas.cz\/en\/contact\/staff\/petra-adamova\/"]}]},{"@type":"ImageObject","inLanguage":"en-US","@id":"https:\/\/www.ig.cas.cz\/en\/contact\/staff\/petra-adamova\/#primaryimage","url":"https:\/\/www.ig.cas.cz\/wp-content\/uploads\/2018\/01\/mapa_geologicka.jpg","contentUrl":"https:\/\/www.ig.cas.cz\/wp-content\/uploads\/2018\/01\/mapa_geologicka.jpg","width":2500,"height":260},{"@type":"BreadcrumbList","@id":"https:\/\/www.ig.cas.cz\/en\/contact\/staff\/petra-adamova\/#breadcrumb","itemListElement":[{"@type":"ListItem","position":1,"name":"Dom\u016f","item":"https:\/\/www.ig.cas.cz\/en\/"},{"@type":"ListItem","position":2,"name":"Contacts","item":"https:\/\/www.ig.cas.cz\/en\/contact\/"},{"@type":"ListItem","position":3,"name":"Staff","item":"https:\/\/www.ig.cas.cz\/en\/contact\/staff\/"},{"@type":"ListItem","position":4,"name":"Petra Adamov\u00e1"}]},{"@type":"WebSite","@id":"https:\/\/www.ig.cas.cz\/#website","url":"https:\/\/www.ig.cas.cz\/","name":"Dom\u016f","description":"Geofyzik\u00e1ln\u00ed \u00fastav Akademie v\u011bd \u010cR, v.v.i.","potentialAction":[{"@type":"SearchAction","target":{"@type":"EntryPoint","urlTemplate":"https:\/\/www.ig.cas.cz\/?s={search_term_string}"},"query-input":{"@type":"PropertyValueSpecification","valueRequired":true,"valueName":"search_term_string"}}],"inLanguage":"en-US"}]}},"_links":{"self":[{"href":"https:\/\/www.ig.cas.cz\/en\/wp-json\/wp\/v2\/pages\/8230","targetHints":{"allow":["GET"]}}],"collection":[{"href":"https:\/\/www.ig.cas.cz\/en\/wp-json\/wp\/v2\/pages"}],"about":[{"href":"https:\/\/www.ig.cas.cz\/en\/wp-json\/wp\/v2\/types\/page"}],"author":[{"embeddable":true,"href":"https:\/\/www.ig.cas.cz\/en\/wp-json\/wp\/v2\/users\/28"}],"replies":[{"embeddable":true,"href":"https:\/\/www.ig.cas.cz\/en\/wp-json\/wp\/v2\/comments?post=8230"}],"version-history":[{"count":0,"href":"https:\/\/www.ig.cas.cz\/en\/wp-json\/wp\/v2\/pages\/8230\/revisions"}],"up":[{"embeddable":true,"href":"https:\/\/www.ig.cas.cz\/en\/wp-json\/wp\/v2\/pages\/416"}],"wp:featuredmedia":[{"embeddable":true,"href":"https:\/\/www.ig.cas.cz\/en\/wp-json\/wp\/v2\/media\/3827"}],"wp:attachment":[{"href":"https:\/\/www.ig.cas.cz\/en\/wp-json\/wp\/v2\/media?parent=8230"}],"wp:term":[{"taxonomy":"category","embeddable":true,"href":"https:\/\/www.ig.cas.cz\/en\/wp-json\/wp\/v2\/categories?post=8230"},{"taxonomy":"post_tag","embeddable":true,"href":"https:\/\/www.ig.cas.cz\/en\/wp-json\/wp\/v2\/tags?post=8230"}],"curies":[{"name":"wp","href":"https:\/\/api.w.org\/{rel}","templated":true}]}}