{"id":8234,"date":"2018-03-05T08:38:16","date_gmt":"2018-03-05T07:38:16","guid":{"rendered":"http:\/\/igcas.antstudio.eu\/?page_id=8234"},"modified":"2024-01-30T09:32:51","modified_gmt":"2024-01-30T08:32:51","slug":"zuzana-jechumtalova","status":"publish","type":"page","link":"https:\/\/www.ig.cas.cz\/en\/contact\/staff\/zuzana-jechumtalova\/","title":{"rendered":"Zuzana Jechumt\u00e1lov\u00e1"},"content":{"rendered":"<p>[et_pb_section fb_built=&#8221;1&#8243; _builder_version=&#8221;4.16&#8243; custom_padding=&#8221;0px|0px|0px|0px&#8221; global_colors_info=&#8221;{}&#8221;][et_pb_row _builder_version=&#8221;4.16&#8243; background_size=&#8221;initial&#8221; background_position=&#8221;top_left&#8221; background_repeat=&#8221;repeat&#8221; custom_padding=&#8221;15px|0px|0px|0px&#8221; global_colors_info=&#8221;{}&#8221; column_structure=&#8221;2_3,1_3&#8243;][et_pb_column type=&#8221;2_3&#8243; _builder_version=&#8221;4.16&#8243; custom_padding=&#8221;|||&#8221; global_colors_info=&#8221;{}&#8221; custom_padding__hover=&#8221;|||&#8221;][et_pb_text _builder_version=&#8221;4.16&#8243; global_colors_info=&#8221;{}&#8221;]<\/p>\n<p>RNDr. <strong>Zuzana Jechumt\u00e1lov\u00e1<\/strong>, Ph.D.<\/p>\n<p>[\/et_pb_text][et_pb_text _builder_version=&#8221;4.16&#8243; global_colors_info=&#8221;{}&#8221;]<\/p>\n<h3><strong>CV<\/strong><\/h3>\n<p><strong>Academic history:<\/strong><\/p>\n<p>2001 <strong>Ph.D. degree<\/strong>, Faculty of Mathematics and Physics, Charles University, Prague; in geophysics; thesis in seismology: \u201cSeismic source models and determination of their parameters by waveform inversion\u201d, supervisor RNDr. Jan \u0160\u00edlen\u00fd, CSc.<\/p>\n<p>2000 <strong>RNDr. degree<\/strong> (equivalent to M.Sc.), Faculty of Mathematics and Physics, Charles University, Prague; in geophysics; rigorous thesis: \u201cSmoothing the source time function &#8211; a&nbsp;tool to soften inadequate modelling of the medium during inversion of local waveforms?\u201d, supervisor RNDr. Jan \u0160\u00edlen\u00fd, CSc.<\/p>\n<p><strong>Appointments<\/strong><\/p>\n<p>since 1994 Geophysical Institute, Academy of Sciences of the Czech Republic, v.v.i., Prague<\/p>\n<p>1994-1995 Institute of Rocks Structure and Mechanics, Academy of Sciences of the Czech Republic, Prague<\/p>\n<p>1993-1994 Institute of Geotechnics, Academy of Sciences of the Czech Republic, Prague<\/p>\n<p><strong>Areas of interests<\/strong><\/p>\n<p>Inverse problems for source parameters retrieval, analysis and interpretation of local observations, seismicity, seismotectonics, earthquake hazard assessment, seismic risk.<\/p>\n<p><strong>Patents<\/strong><\/p>\n<p>Jechumt\u00e1lov\u00e1, Z. &amp; Eisner, L.: Method for monitoring seismic events<br \/>\nUnited States Patent, Patent No.: US 7,647,183 B2 (Jan.12, 2010)<br \/>\nWorld Intellectual Property Organization, Pub. No.: WO 2009\/022092 A1 (Feb.19, 2009)<\/p>\n<p><strong>Medals<\/strong><\/p>\n<p>2007 \u201cSchlumberger Invention Award\u201d<\/p>\n<p><strong>Membership in international scientific organizations<\/strong><\/p>\n<p>member of American Geophysical Union<br \/>\nmember of European Association of Geoscientists and Engineers<br \/>\n[\/et_pb_text][\/et_pb_column][et_pb_column type=&#8221;1_3&#8243; _builder_version=&#8221;4.16&#8243; custom_padding=&#8221;|||&#8221; global_colors_info=&#8221;{}&#8221; custom_padding__hover=&#8221;|||&#8221;][et_pb_image src=&#8221;https:\/\/www.ig.cas.cz\/wp-content\/uploads\/2018\/02\/jechumtalova.jpg&#8221; align=&#8221;center&#8221; align_tablet=&#8221;center&#8221; align_last_edited=&#8221;on|desktop&#8221; _builder_version=&#8221;4.16&#8243; max_width=&#8221;88%&#8221; global_colors_info=&#8221;{}&#8221; align_phone=&#8221;center&#8221;]\u00a0<br \/>\n[\/et_pb_image][et_pb_text _builder_version=&#8221;4.23.1&#8243; hover_enabled=&#8221;0&#8243; global_colors_info=&#8221;{}&#8221; sticky_enabled=&#8221;0&#8243;]<\/p>\n<h3 style=\"text-align: center;\">RNDr. <strong>Zuzana Jechumt\u00e1lov\u00e1<\/strong>, Ph.D.<strong><br \/><\/strong><\/h3>\n<p style=\"text-align: center;\">\u00a0\u00a0\u00a0\u00a0\u00a0\u00a0 researcher<br \/><a href=\"https:\/\/www.ig.cas.cz\/en\/research\/teams\/seismic-wave-source-studies\/\">Seismic wave &amp; source studies<\/a> <br \/><a style=\"font-size: 16px;\" href=\"mailto:zs@ig.cas.cz\">zs@ig.cas.cz<\/a><br \/><span style=\"font-size: 16px;\">+420&nbsp;267&nbsp;103&nbsp;121<br \/><\/span><span style=\"font-size: 16px;\">office 221<br \/><\/span><a style=\"font-size: 16px; vertical-align: top;\" href=\"https:\/\/orcid.org\/0000-0002-4741-9576\" target=\"_blank\" rel=\"noopener noreferrer\"><img decoding=\"async\" style=\"width: 1em; margin-right: .5em;\" src=\"https:\/\/orcid.org\/sites\/default\/files\/images\/orcid_16x16.png\" alt=\"ORCID iD icon\" \/>\u00a0ORCID<\/a><\/p>\n<p>[\/et_pb_text][et_pb_text _builder_version=&#8221;4.16&#8243; global_colors_info=&#8221;{}&#8221;]\u00a0<br \/>\n[\/et_pb_text][\/et_pb_column][\/et_pb_row][et_pb_row _builder_version=&#8221;4.16&#8243; custom_padding=&#8221;29px|0px|28.95px|0px&#8221; global_colors_info=&#8221;{}&#8221;][et_pb_column type=&#8221;4_4&#8243; _builder_version=&#8221;4.16&#8243; custom_padding=&#8221;|||&#8221; global_colors_info=&#8221;{}&#8221; custom_padding__hover=&#8221;|||&#8221;][et_pb_text _builder_version=&#8221;4.16&#8243; global_colors_info=&#8221;{}&#8221;]<\/p>\n<h3><strong>Publications<\/strong><\/h3>\n<p><strong>Jechumt\u00e1lov\u00e1, Z.<\/strong> &amp; Bulant, P., 2014. Effects of 1-D versus 3-D velocity models on moment tensor inversion in the Dobr\u00e1 Voda area in the Little Carpathians region. Journal of Seismology, doi: 10.1007\/s10950-014-9423-6.<\/p>\n<p><strong>Jechumt\u00e1lov\u00e1, Z.<\/strong>, \u0160\u00edlen\u00fd, J. &amp; Trifu, C-I., 2014. Microearthquake mechanism from wave amplitudes recorded by a&nbsp;close-to-surface seismic array at Ocnele Mari, Romania. Geophys. J. Int., 197, 1608-1626, doi: 10.1093\/gji\/ggu029.<\/p>\n<p>\u0160\u00edlen\u00fd, J., <strong>Jechumt\u00e1lov\u00e1, Z.<\/strong> &amp; Dorbath, C., 2014. Small scale earthquake mechanisms induced by fluid injection at the Enhanced Geothermal System reservoir Soultz (Alsace) in 2003 using alternative source models. Pure Appl. Geophys., doi: 10.1007\/s00024-013-0750-2.<\/p>\n<p><strong>Jechumt\u00e1lov\u00e1, Z.,<\/strong> \u0160\u00edlen\u00fd, J. &amp; Trifu, C-I., 2013. Resolution of microearthquake mechanism inversions using a&nbsp;close-to-surface array at Ocnele Mari, Romania. 8th Int. Symp. Rockbursts and Seismicity in Mines, St Petersburg &#8211; Moscow, 2013, 175-180. Geophys. Survey of Russian Acad. Sci., ISBN 978-5-903258-28-4.<\/p>\n<p>Schenk, V., Schenkov\u00e1, Z., <strong>Jechumt\u00e1lov\u00e1, Z<\/strong>. &amp; Pichl, R., 2012. Crustal deformations in the epicentral area of the West Bohemia 2008 earthquake swarm in Central Europe. J. Geophys. Res., 117, B07408, doi:10.1029\/2011JB009053.<\/p>\n<p>Hor\u00e1lek, J., <strong>Jechumt\u00e1lov\u00e1, Z.<\/strong>, Dorbath, L. &amp; \u0160\u00edlen\u00fd, J., 2010. Source mechanisms of micro-earthquakes induced in a&nbsp;fluid injection experiment at the HDR site Soultz-sous-Forets (Alsace) in 2003 and their temporal and spatial variations. Geophys. J. Int., 181, 1547-1565, doi:10.1111\/j.1365-246X.2010.04506.x.<\/p>\n<p><strong>Jechumt\u00e1lov\u00e1, Z.<\/strong> &amp; Eisner, L., 2010. Method for monitoring seismic events, United States Patent, Patent No.: US 7,647,183 B2.<\/p>\n<p>Schenk, V., Schenkov\u00e1, Z. &amp; J<strong>echumt\u00e1lov\u00e1, Z.<\/strong>, 2009. Reply to comment of T. Fischer and J. Hor\u00e1lek on \u201eGeodynamic pattern of the West Bohemia region based on permanent GPS measurements\u201d by V. Schenk, Z. Schenkov\u00e1 and Z. Jechumt\u00e1lov\u00e1. Studia Geoph.Geod., 53, 345-350, doi:10.1007\/s11200-009-0023-9.<\/p>\n<p>Schenk, V., Schenkov\u00e1, Z. &amp; <strong>Jechumt\u00e1lov\u00e1, Z.<\/strong>, 2009. Geodynamic pattern of the West Bohemia region based on permanent GPS measurements. Studia Geoph.Geod., 53, 329-341, doi:10.1007\/s11200-009-0021-y.<\/p>\n<p>Hor\u00e1lek, J., <strong>Jechumt\u00e1lov\u00e1, Z.<\/strong>, Dorbath, L. &amp; \u0160\u00edlen\u00fd, J., 2008. Moment tensors of microearthquakes dutiny the 2003 injection. Proceedings of the EHDRA Scientific Conference, Soultz-sous-Forets, France.<\/p>\n<p><strong>Jechumt\u00e1lov\u00e1, Z.<\/strong> &amp; Eisner, L., 2008. Seismic source mechanism inversion from a&nbsp;linear array of receivers reveals non-double-couple seismic events induced by hydraulic fracturing in sedimentary formation. Tectonophysics, 460, 124-133, doi:10.1016\/j.tecto.2008.07.011.<\/p>\n<p>Vavry\u010duk, V., Bohnhoff, M., <strong>Jechumt\u00e1lov\u00e1, Z.<\/strong>, Kol\u00e1\u0159, P.&nbsp;&amp; \u0160\u00edlen\u00fd, J., 2008. Non-double-couple mechanisms of induced micro-earthquakes during the 2000 injection experiment at the KTB site, Germany: a&nbsp;result of tensile faulting or anisotropy of a&nbsp;rock? Tectonophysics, 456, 74-93, doi:10.1016\/j.tecto.2007.08.019.<\/p>\n<p>Eisner, L., Fischer, T.,<strong> Jechumt\u00e1lov\u00e1, Z.<\/strong>, Le Calvez, J.H., Hainzl, S. &amp; Bou\u0161kov\u00e1, A., 2007. New analytical techniques to help improve our understanding of hydraulically induced microseismicity and fracture propagation. Proceedings 2007 Soc. Petro. Eng. Ann. Tech. Conf., Anaheim, California, USA. Paper 110813.<\/p>\n<p>Schenk, V., Schenkov\u00e1, Zd. &amp; <strong>Jechumt\u00e1lov\u00e1, Z.<\/strong>, 2007. Geodynamic hazard and risk assessments for sites close or in tectonic zones with shear movements. Environmental Geology, 51, 1113-1117, doi:10.1007\/s00254-006-0402-2.<\/p>\n<p><strong>Jechumt\u00e1lov\u00e1, Z.<\/strong> &amp; \u0160\u00edlen\u00fd, J., 2005. Amplitude ratios for complete moment tensor retrieval. Geophys. Res. Lett., 32, L22303, doi:10.1029\/2005GL023967.<\/p>\n<p><strong>Jechumt\u00e1lov\u00e1, Z.<\/strong> &amp; \u0160\u00edlen\u00fd, J., 2001. Point-source parameters from noisy waveforms: error estimate by Monte Carlo simulation. Pure Appl. Geophys., 158, 1639-1654, doi:10.1007\/PL00001237.<\/p>\n<p><strong>Jechumt\u00e1lov\u00e1, Z.<\/strong> &amp; \u0160\u00edlen\u00fd, J., 1998. Smoothing the source time function \u2013 a&nbsp;tool to soften inadequate modelling of the medium during inversion of local waveforms? Journal of Seismology, 2,145-158, doi:10.1023\/A:1008034914526.<\/p>\n<p>Schenk, V., <strong>Schenkov\u00e1, Zuz.<\/strong>, Schenkov\u00e1, Zd. &amp; Kottnauer, P., 1998. The maximum effective acceleration and the EUROCODE Practice. Cahiers du Centre Europ\u00e9en de G\u00e9odynamique et de S\u00e9ismologie, v. 16, Luxembourg, 81.<\/p>\n<p><strong>Schenkov\u00e1, Zuz.<\/strong> &amp; Zahradn\u00edk, J., 1996. Interpretation of the microtremor spectra at the Zafarraya Basin, Southern Spain. Soil Dynamics and Earthquake Engineering, 15, 69-73, doi:10.1016\/0267-7261(95)00033-X.<\/p>\n<p>&nbsp;<br \/>\n[\/et_pb_text][\/et_pb_column][\/et_pb_row][\/et_pb_section]<\/p>\n","protected":false},"excerpt":{"rendered":"<p>RNDr. Zuzana Jechumt\u00e1lov\u00e1, Ph.D.CV Academic history: 2001 Ph.D. degree, Faculty of Mathematics and Physics, Charles University, Prague; in geophysics; thesis in seismology: \u201cSeismic source models and determination of their parameters by waveform inversion\u201d, supervisor RNDr. Jan \u0160\u00edlen\u00fd, CSc. 2000 RNDr. degree (equivalent to M.Sc.), Faculty of Mathematics and Physics, Charles University, Prague; in geophysics; rigorous [&hellip;]<\/p>\n","protected":false},"author":28,"featured_media":12002,"parent":416,"menu_order":0,"comment_status":"closed","ping_status":"closed","template":"","meta":{"_et_pb_use_builder":"on","_et_pb_old_content":"","_et_gb_content_width":"","footnotes":""},"categories":[],"tags":[127],"class_list":["post-8234","page","type-page","status-publish","has-post-thumbnail","hentry","tag-people-en"],"yoast_head":"<!-- This site is optimized with the Yoast SEO plugin v25.9 - https:\/\/yoast.com\/wordpress\/plugins\/seo\/ -->\n<title>Zuzana Jechumt\u00e1lov\u00e1 - Geofyzik\u00e1ln\u00ed \u00fastav Akademie v\u011bd \u010cR, v.v.i.<\/title>\n<meta name=\"robots\" content=\"index, follow, max-snippet:-1, max-image-preview:large, max-video-preview:-1\" \/>\n<link rel=\"canonical\" href=\"https:\/\/www.ig.cas.cz\/en\/contact\/staff\/zuzana-jechumtalova\/\" \/>\n<meta property=\"og:locale\" content=\"en_US\" \/>\n<meta property=\"og:type\" content=\"article\" \/>\n<meta property=\"og:title\" content=\"Zuzana Jechumt\u00e1lov\u00e1 - Geofyzik\u00e1ln\u00ed \u00fastav Akademie v\u011bd \u010cR, v.v.i.\" \/>\n<meta property=\"og:description\" content=\"RNDr. Zuzana Jechumt\u00e1lov\u00e1, Ph.D.CV Academic history: 2001 Ph.D. degree, Faculty of Mathematics and Physics, Charles University, Prague; in geophysics; thesis in seismology: \u201cSeismic source models and determination of their parameters by waveform inversion\u201d, supervisor RNDr. Jan \u0160\u00edlen\u00fd, CSc. 2000 RNDr. degree (equivalent to M.Sc.), Faculty of Mathematics and Physics, Charles University, Prague; in geophysics; rigorous [&hellip;]\" \/>\n<meta property=\"og:url\" content=\"https:\/\/www.ig.cas.cz\/en\/contact\/staff\/zuzana-jechumtalova\/\" \/>\n<meta property=\"og:site_name\" content=\"Dom\u016f\" \/>\n<meta property=\"article:publisher\" content=\"https:\/\/www.facebook.com\/GFUAVCR\/\" \/>\n<meta property=\"article:modified_time\" content=\"2024-01-30T08:32:51+00:00\" \/>\n<meta property=\"og:image\" content=\"https:\/\/www.ig.cas.cz\/wp-content\/uploads\/2018\/01\/mapa_geologicka.jpg\" \/>\n\t<meta property=\"og:image:width\" content=\"2500\" \/>\n\t<meta property=\"og:image:height\" content=\"260\" \/>\n\t<meta property=\"og:image:type\" content=\"image\/jpeg\" \/>\n<meta name=\"twitter:card\" content=\"summary_large_image\" \/>\n<meta name=\"twitter:label1\" content=\"Est. reading time\" \/>\n\t<meta name=\"twitter:data1\" content=\"5 minutes\" \/>\n<script type=\"application\/ld+json\" class=\"yoast-schema-graph\">{\"@context\":\"https:\/\/schema.org\",\"@graph\":[{\"@type\":\"WebPage\",\"@id\":\"https:\/\/www.ig.cas.cz\/en\/contact\/staff\/zuzana-jechumtalova\/\",\"url\":\"https:\/\/www.ig.cas.cz\/en\/contact\/staff\/zuzana-jechumtalova\/\",\"name\":\"Zuzana Jechumt\u00e1lov\u00e1 - Geofyzik\u00e1ln\u00ed \u00fastav Akademie v\u011bd \u010cR, v.v.i.\",\"isPartOf\":{\"@id\":\"https:\/\/www.ig.cas.cz\/#website\"},\"primaryImageOfPage\":{\"@id\":\"https:\/\/www.ig.cas.cz\/en\/contact\/staff\/zuzana-jechumtalova\/#primaryimage\"},\"image\":{\"@id\":\"https:\/\/www.ig.cas.cz\/en\/contact\/staff\/zuzana-jechumtalova\/#primaryimage\"},\"thumbnailUrl\":\"https:\/\/www.ig.cas.cz\/wp-content\/uploads\/2018\/01\/mapa_geologicka.jpg\",\"datePublished\":\"2018-03-05T07:38:16+00:00\",\"dateModified\":\"2024-01-30T08:32:51+00:00\",\"breadcrumb\":{\"@id\":\"https:\/\/www.ig.cas.cz\/en\/contact\/staff\/zuzana-jechumtalova\/#breadcrumb\"},\"inLanguage\":\"en-US\",\"potentialAction\":[{\"@type\":\"ReadAction\",\"target\":[\"https:\/\/www.ig.cas.cz\/en\/contact\/staff\/zuzana-jechumtalova\/\"]}]},{\"@type\":\"ImageObject\",\"inLanguage\":\"en-US\",\"@id\":\"https:\/\/www.ig.cas.cz\/en\/contact\/staff\/zuzana-jechumtalova\/#primaryimage\",\"url\":\"https:\/\/www.ig.cas.cz\/wp-content\/uploads\/2018\/01\/mapa_geologicka.jpg\",\"contentUrl\":\"https:\/\/www.ig.cas.cz\/wp-content\/uploads\/2018\/01\/mapa_geologicka.jpg\",\"width\":2500,\"height\":260},{\"@type\":\"BreadcrumbList\",\"@id\":\"https:\/\/www.ig.cas.cz\/en\/contact\/staff\/zuzana-jechumtalova\/#breadcrumb\",\"itemListElement\":[{\"@type\":\"ListItem\",\"position\":1,\"name\":\"Dom\u016f\",\"item\":\"https:\/\/www.ig.cas.cz\/en\/\"},{\"@type\":\"ListItem\",\"position\":2,\"name\":\"Contacts\",\"item\":\"https:\/\/www.ig.cas.cz\/en\/contact\/\"},{\"@type\":\"ListItem\",\"position\":3,\"name\":\"Staff\",\"item\":\"https:\/\/www.ig.cas.cz\/en\/contact\/staff\/\"},{\"@type\":\"ListItem\",\"position\":4,\"name\":\"Zuzana Jechumt\u00e1lov\u00e1\"}]},{\"@type\":\"WebSite\",\"@id\":\"https:\/\/www.ig.cas.cz\/#website\",\"url\":\"https:\/\/www.ig.cas.cz\/\",\"name\":\"Dom\u016f\",\"description\":\"Geofyzik\u00e1ln\u00ed \u00fastav Akademie v\u011bd \u010cR, v.v.i.\",\"potentialAction\":[{\"@type\":\"SearchAction\",\"target\":{\"@type\":\"EntryPoint\",\"urlTemplate\":\"https:\/\/www.ig.cas.cz\/?s={search_term_string}\"},\"query-input\":{\"@type\":\"PropertyValueSpecification\",\"valueRequired\":true,\"valueName\":\"search_term_string\"}}],\"inLanguage\":\"en-US\"}]}<\/script>\n<!-- \/ Yoast SEO plugin. -->","yoast_head_json":{"title":"Zuzana Jechumt\u00e1lov\u00e1 - Geofyzik\u00e1ln\u00ed \u00fastav Akademie v\u011bd \u010cR, v.v.i.","robots":{"index":"index","follow":"follow","max-snippet":"max-snippet:-1","max-image-preview":"max-image-preview:large","max-video-preview":"max-video-preview:-1"},"canonical":"https:\/\/www.ig.cas.cz\/en\/contact\/staff\/zuzana-jechumtalova\/","og_locale":"en_US","og_type":"article","og_title":"Zuzana Jechumt\u00e1lov\u00e1 - Geofyzik\u00e1ln\u00ed \u00fastav Akademie v\u011bd \u010cR, v.v.i.","og_description":"RNDr. Zuzana Jechumt\u00e1lov\u00e1, Ph.D.CV Academic history: 2001 Ph.D. degree, Faculty of Mathematics and Physics, Charles University, Prague; in geophysics; thesis in seismology: \u201cSeismic source models and determination of their parameters by waveform inversion\u201d, supervisor RNDr. Jan \u0160\u00edlen\u00fd, CSc. 2000 RNDr. degree (equivalent to M.Sc.), Faculty of Mathematics and Physics, Charles University, Prague; in geophysics; rigorous [&hellip;]","og_url":"https:\/\/www.ig.cas.cz\/en\/contact\/staff\/zuzana-jechumtalova\/","og_site_name":"Dom\u016f","article_publisher":"https:\/\/www.facebook.com\/GFUAVCR\/","article_modified_time":"2024-01-30T08:32:51+00:00","og_image":[{"width":2500,"height":260,"url":"https:\/\/www.ig.cas.cz\/wp-content\/uploads\/2018\/01\/mapa_geologicka.jpg","type":"image\/jpeg"}],"twitter_card":"summary_large_image","twitter_misc":{"Est. reading time":"5 minutes"},"schema":{"@context":"https:\/\/schema.org","@graph":[{"@type":"WebPage","@id":"https:\/\/www.ig.cas.cz\/en\/contact\/staff\/zuzana-jechumtalova\/","url":"https:\/\/www.ig.cas.cz\/en\/contact\/staff\/zuzana-jechumtalova\/","name":"Zuzana Jechumt\u00e1lov\u00e1 - Geofyzik\u00e1ln\u00ed \u00fastav Akademie v\u011bd \u010cR, v.v.i.","isPartOf":{"@id":"https:\/\/www.ig.cas.cz\/#website"},"primaryImageOfPage":{"@id":"https:\/\/www.ig.cas.cz\/en\/contact\/staff\/zuzana-jechumtalova\/#primaryimage"},"image":{"@id":"https:\/\/www.ig.cas.cz\/en\/contact\/staff\/zuzana-jechumtalova\/#primaryimage"},"thumbnailUrl":"https:\/\/www.ig.cas.cz\/wp-content\/uploads\/2018\/01\/mapa_geologicka.jpg","datePublished":"2018-03-05T07:38:16+00:00","dateModified":"2024-01-30T08:32:51+00:00","breadcrumb":{"@id":"https:\/\/www.ig.cas.cz\/en\/contact\/staff\/zuzana-jechumtalova\/#breadcrumb"},"inLanguage":"en-US","potentialAction":[{"@type":"ReadAction","target":["https:\/\/www.ig.cas.cz\/en\/contact\/staff\/zuzana-jechumtalova\/"]}]},{"@type":"ImageObject","inLanguage":"en-US","@id":"https:\/\/www.ig.cas.cz\/en\/contact\/staff\/zuzana-jechumtalova\/#primaryimage","url":"https:\/\/www.ig.cas.cz\/wp-content\/uploads\/2018\/01\/mapa_geologicka.jpg","contentUrl":"https:\/\/www.ig.cas.cz\/wp-content\/uploads\/2018\/01\/mapa_geologicka.jpg","width":2500,"height":260},{"@type":"BreadcrumbList","@id":"https:\/\/www.ig.cas.cz\/en\/contact\/staff\/zuzana-jechumtalova\/#breadcrumb","itemListElement":[{"@type":"ListItem","position":1,"name":"Dom\u016f","item":"https:\/\/www.ig.cas.cz\/en\/"},{"@type":"ListItem","position":2,"name":"Contacts","item":"https:\/\/www.ig.cas.cz\/en\/contact\/"},{"@type":"ListItem","position":3,"name":"Staff","item":"https:\/\/www.ig.cas.cz\/en\/contact\/staff\/"},{"@type":"ListItem","position":4,"name":"Zuzana Jechumt\u00e1lov\u00e1"}]},{"@type":"WebSite","@id":"https:\/\/www.ig.cas.cz\/#website","url":"https:\/\/www.ig.cas.cz\/","name":"Dom\u016f","description":"Geofyzik\u00e1ln\u00ed \u00fastav Akademie v\u011bd \u010cR, v.v.i.","potentialAction":[{"@type":"SearchAction","target":{"@type":"EntryPoint","urlTemplate":"https:\/\/www.ig.cas.cz\/?s={search_term_string}"},"query-input":{"@type":"PropertyValueSpecification","valueRequired":true,"valueName":"search_term_string"}}],"inLanguage":"en-US"}]}},"_links":{"self":[{"href":"https:\/\/www.ig.cas.cz\/en\/wp-json\/wp\/v2\/pages\/8234","targetHints":{"allow":["GET"]}}],"collection":[{"href":"https:\/\/www.ig.cas.cz\/en\/wp-json\/wp\/v2\/pages"}],"about":[{"href":"https:\/\/www.ig.cas.cz\/en\/wp-json\/wp\/v2\/types\/page"}],"author":[{"embeddable":true,"href":"https:\/\/www.ig.cas.cz\/en\/wp-json\/wp\/v2\/users\/28"}],"replies":[{"embeddable":true,"href":"https:\/\/www.ig.cas.cz\/en\/wp-json\/wp\/v2\/comments?post=8234"}],"version-history":[{"count":0,"href":"https:\/\/www.ig.cas.cz\/en\/wp-json\/wp\/v2\/pages\/8234\/revisions"}],"up":[{"embeddable":true,"href":"https:\/\/www.ig.cas.cz\/en\/wp-json\/wp\/v2\/pages\/416"}],"wp:featuredmedia":[{"embeddable":true,"href":"https:\/\/www.ig.cas.cz\/en\/wp-json\/wp\/v2\/media\/12002"}],"wp:attachment":[{"href":"https:\/\/www.ig.cas.cz\/en\/wp-json\/wp\/v2\/media?parent=8234"}],"wp:term":[{"taxonomy":"category","embeddable":true,"href":"https:\/\/www.ig.cas.cz\/en\/wp-json\/wp\/v2\/categories?post=8234"},{"taxonomy":"post_tag","embeddable":true,"href":"https:\/\/www.ig.cas.cz\/en\/wp-json\/wp\/v2\/tags?post=8234"}],"curies":[{"name":"wp","href":"https:\/\/api.w.org\/{rel}","templated":true}]}}