{"id":8299,"date":"2018-02-07T15:24:28","date_gmt":"2018-02-07T14:24:28","guid":{"rendered":"http:\/\/igcas.antstudio.eu\/contact\/staff\/ondrej-kryza\/"},"modified":"2026-03-31T15:28:04","modified_gmt":"2026-03-31T13:28:04","slug":"ondrej-kryza","status":"publish","type":"page","link":"https:\/\/www.ig.cas.cz\/en\/contact\/staff\/ondrej-kryza\/","title":{"rendered":"Ond\u0159ej Kr\u00fdza"},"content":{"rendered":"<p>[et_pb_section fb_built=&#8221;1&#8243; _builder_version=&#8221;4.16&#8243; custom_padding=&#8221;0px|0px|0px|0px&#8221; global_colors_info=&#8221;{}&#8221;][et_pb_row column_structure=&#8221;2_3,1_3&#8243; _builder_version=&#8221;4.16&#8243; background_size=&#8221;initial&#8221; background_position=&#8221;top_left&#8221; background_repeat=&#8221;repeat&#8221; custom_padding=&#8221;19px|0px|0px|0px&#8221; global_colors_info=&#8221;{}&#8221;][et_pb_column type=&#8221;2_3&#8243; _builder_version=&#8221;4.16&#8243; custom_padding=&#8221;|||&#8221; global_colors_info=&#8221;{}&#8221; custom_padding__hover=&#8221;|||&#8221;][et_pb_text _builder_version=&#8221;4.27.4&#8243; custom_padding=&#8221;||34px|||&#8221; global_colors_info=&#8221;{}&#8221;]<\/p>\n<p style=\"text-align: left;\"><strong>RNDr. Ond\u0159ej Kr\u00fdza, Ph.D.<\/strong> has been employed as a&nbsp;researcher in the <a href=\"https:\/\/www.ig.cas.cz\/en\/research\/teams\/tectonic-modelling\/\">Tectonic modelling team<\/a> since 2017, where he is engaged in analogue and numerical modelling of crustal deformation and heat transfer associated to continental collision systems. Recently he is also part of the <a href=\"https:\/\/www.ig.cas.cz\/en\/research\/teams\/volcanic-and-magmatic-processes\/\">Volcanic and magmatic processes team<\/a>.<\/p>\n<p style=\"text-align: left;\">During bachelor and master studies, he was interested for the numerical approach and modelling of large-scale geodynamical systems. His combined geology-physics background culminated in the diploma thesis where he was focused on application of multivariate statistical methods for investigation of crustal diapirism based on Rayleigh-Taylor instability evolution.<\/p>\n<p style=\"text-align: left;\">During the doctoral study at the Charles University, he extended his expertise to analogue techniques and continued also with numerical modelling of the lithosphere-scale deformation and associated heat transfer in the collisional systems. The core of his dissertation represent the models of the oroclinal buckling, detachment folding and crustal inversion induced by gravitational instability. The second part of the thesis is related with the experimental methods in the low-pressure environment and investigation of the potential Martian mudflows.<\/p>\n<p style=\"text-align: left;\">Current research interests are: a) Dynamics of mantle and crust (convergent zones), b) Detachment\/diapiric folding of the lower crust, c) application of the photogrammetry and DIC methods for evaluation of analogue models and physical experiments, d) Numerical methods in geodynamics, e) physics of mud volcanism in low-pressure environments (with applications to the potential mudflows on Mars or Ceres) and f) behavior of the binary salt-water systems in the low-pressure environments (application to cryovolcanism within the Solar system).<\/p>\n<p>[\/et_pb_text][\/et_pb_column][et_pb_column type=&#8221;1_3&#8243; _builder_version=&#8221;4.16&#8243; custom_padding=&#8221;|||&#8221; global_colors_info=&#8221;{}&#8221; custom_padding__hover=&#8221;|||&#8221;][et_pb_image src=&#8221;https:\/\/www.ig.cas.cz\/wp-content\/uploads\/2019\/07\/ok3-web.jpg&#8221; align=&#8221;center&#8221; align_tablet=&#8221;center&#8221; align_phone=&#8221;&#8221; align_last_edited=&#8221;on|desktop&#8221; _builder_version=&#8221;4.16&#8243; max_width=&#8221;71%&#8221; global_colors_info=&#8221;{}&#8221;][\/et_pb_image][et_pb_text _builder_version=&#8221;4.27.4&#8243; global_colors_info=&#8221;{}&#8221;]<\/p>\n<h3 style=\"text-align: center;\"><strong>RNDr. Ond\u0159ej Kr\u00fdza, Ph.D.<br \/><\/strong><\/h3>\n<p style=\"text-align: center;\">researcher<br \/><a href=\"https:\/\/www.ig.cas.cz\/en\/research\/teams\/tectonic-modelling\/\">Tectonic Modelling<\/a><br \/><a href=\"mailto:kryza@ig.cas.cz\">kryza@ig.cas.cz<\/a><br \/>+420&nbsp;267&nbsp;103&nbsp;348<br \/><a href=\"http:\/\/www.researcherid.com\/rid\/H-3004-2017\">ResearcherID<\/a><a href=\"https:\/\/orcid.org\/0000-0003-4114-883X\" target=\"orcid.widget\" rel=\"noopener noreferrer\"><br \/><\/a><a href=\"https:\/\/orcid.org\/0000-0003-3324-9251\" target=\"orcid.widget\" rel=\"noopener noreferrer\"><img decoding=\"async\" src=\"https:\/\/orcid.org\/sites\/default\/files\/images\/orcid_16x16.png\" alt=\"ORCID iD icon\" \/>ORCID<\/a><\/p>\n<p>[\/et_pb_text][\/et_pb_column][\/et_pb_row][et_pb_row _builder_version=&#8221;4.16&#8243; custom_padding=&#8221;5px||5px|||&#8221; global_colors_info=&#8221;{}&#8221;][et_pb_column type=&#8221;4_4&#8243; _builder_version=&#8221;4.16&#8243; global_colors_info=&#8221;{}&#8221;][et_pb_text _builder_version=&#8221;4.27.4&#8243; min_height=&#8221;483.8px&#8221; global_colors_info=&#8221;{}&#8221;]<\/p>\n<h3><strong>Publications<br \/><\/strong><\/h3>\n<p>Kr\u00fdza, O., Bro\u017e, P., Fox-Powell, M. G., P\u011bnkavov\u00e1, V., Conway, S. J., Mazzini, A., &#8230; &amp; Patel, M. R. (2025). Small amounts of dissolved salts increase the mobility of mud flows on Mars and other extraterrestrial bodies. <em>Communications Earth &amp; Environment<\/em>, 6(1), 116.<\/p>\n<p>Cofrade, G., Z\u00e1vada, P., Kr\u00fdza, O., Cantarero, I., Gratac\u00f3s, \u00d2., Ferrer, O., &#8230; &amp; Trav\u00e9, A. (2023). The kinematics of a&nbsp;salt sheet recorded in an array of distorted intrasalt stringers (Les Avellanes Diapir\u2013South-Central Pyrenees). <em>Journal of Structural Geology<\/em>, 176, 104963.<\/p>\n<p>Bro\u017e, P., Kr\u00fdza, O., Pato\u010dka, V., P\u011bnkavov\u00e1, V., Conway, S. J., Mazzini, A., &#8230; &amp; Patel, M. R. (2023). Volumetric changes of mud on Mars: evidence from laboratory simulations. <em>Journal of Geophysical Research: Planets<\/em>, 128(12), e2023JE007950.<\/p>\n<p>Kr\u00fdza, O., Z\u00e1vada, P., Shu, T., &amp; Semer\u00e1d, J. (2022). Modes and geometry of crustal-scale detachment folding in hot orogens\u2013insights from physical modeling.\u00a0<em>Frontiers in Earth Science<\/em>, 1964.<\/p>\n<p>Kr\u00fdza, O., Lexa, O., Schulmann, K., Guy, A., Gapais, D., Cosgrove, J., &amp; Xiao, W. (2021). Oroclinal buckling and associated lithospheric-scale material flow\u2013insights from physical modelling: Implication for the Mongol-Hingan orocline.\u00a0<em>Tectonophysics<\/em>,\u00a0<em>800<\/em>, 228712.<\/p>\n<p>Warsitzka, M., Z\u00e1vada, P., Kr\u00fdza, O., Pohlenz, A., &amp; Rosenau, M. (2021). Ring-shear test data of quartz sand\u2013silicate cenospheres mixtures used for analogue experiments at the Institute of Geophysics of the Czech Academy of Science, Prague.<\/p>\n<p>Bro\u017e, P., Kr\u00fdza, O., Conway, S. J., Mueller, N. T., Hauber, E., Mazzini, A., &#8230; &amp; Patel, M. R. (2020). Mud flow levitation on Mars: Insights from laboratory simulations.\u00a0<em>Earth and Planetary Science Letters<\/em>,\u00a0<em>545<\/em>, 116406.<\/p>\n<p>Bro\u017e, P., Kr\u00fdza, O., Wilson, L., Conway, S. J., Hauber, E., Mazzini, A., \u2026 &amp; Patel, M. R. (2020). Experimental evidence for lava-like mud flows under Martian surface conditions.\u00a0<em>Nature Geoscience<\/em>, 1-5.<\/p>\n<p>Kr\u00fdza, O., Z\u00e1vada, P., &amp; Lexa, O. (2019). Advanced strain and mass transfer analysis in crustal-scale oroclinal buckling and detachment folding analogue models.\u00a0<em>Tectonophysics<\/em>, 764, 88-109.<\/p>\n<p><strong>In Reviews:<\/strong><\/p>\n<p>Kr\u00fdza, O., et al. (2026). Effect of Unstable Water Flow on Grain Transport: Insights from Laboratory Experiments under Reduced Atmospheric Pressure. (JGR: Planets)<\/p>\n<p>Kr\u00fdza, O., et al. (2026). Serial Folding of Partially Molten Crust in the Chinese Altai Driven by Mechanical Anisotropy and Migrating melt. (Tectonics)<\/p>\n<p>&nbsp;<\/p>\n<p>[\/et_pb_text][\/et_pb_column][\/et_pb_row][et_pb_row column_structure=&#8221;1_2,1_2&#8243; _builder_version=&#8221;4.16&#8243; custom_padding=&#8221;10px|0px|0px|0px&#8221; global_colors_info=&#8221;{}&#8221;][et_pb_column type=&#8221;1_2&#8243; _builder_version=&#8221;4.16&#8243; custom_padding=&#8221;|||&#8221; global_colors_info=&#8221;{}&#8221; custom_padding__hover=&#8221;|||&#8221;][et_pb_text _builder_version=&#8221;4.16&#8243; global_colors_info=&#8221;{}&#8221;]<\/p>\n<h3><strong>CV<\/strong><\/h3>\n<ul>\n<li>2013-2020: Charles University \u2013 Faculty of Science (Ph.D. \u2013 structural geology)<br \/>Dissertation:\u00a0Analogue and numerical simulations of the geodynamical systems \u2013 insights from the models of the Earth collision tectonics and Martian mudflows<em>.<\/em><\/li>\n<li>2011-2013: Charles university \u2013 Faculty of Science (Msc. \u2013 structural geology). Diploma thesis: <em>Application of multivariate statistics to analysis of 2D thermo-mechanical numerical models of crustal diapirism.<\/em><\/li>\n<li>2008-2011: Charles university \u2013 Faculty of Science (Bc. geology\/geophysics). Bachelor thesis: <em>Numerical simulations of geodynamics.<\/em><\/li>\n<li>2008-2009: Charles university \u2013 Faculty of Mathematics and Physics (general physics).<\/li>\n<\/ul>\n<p>[\/et_pb_text][\/et_pb_column][et_pb_column type=&#8221;1_2&#8243; _builder_version=&#8221;4.16&#8243; custom_padding=&#8221;|||&#8221; global_colors_info=&#8221;{}&#8221; custom_padding__hover=&#8221;|||&#8221;][et_pb_text _builder_version=&#8221;4.16&#8243; global_colors_info=&#8221;{}&#8221;]<\/p>\n<h3><strong>Selected fellowships and workshops<br \/><\/strong><\/h3>\n<ul>\n<li>2022: Visit at the Open University in Milton Keynes (UK) &#8211; Investigation of mudflows propagation in a&nbsp;low-pressure environment over icy substrates, using the Large Mars Chamber (HVIlab), Europlanet (grant main applicant)<\/li>\n<li>2022: Short stay at the Uppsala University (Sweden) &#8211; Centrifuge modelling of emplacement of the Moldanubian Plutonic Complex (Bohemian Massif)<\/li>\n<li>2021\/2022: Internship at the Open University in Milton Keynes (UK) &#8211; Modelling of the Martian mudflows using the Large Mars Chamber (HVIlab), Mobility Grant of the Czech Ministry of Education<\/li>\n<li>2021: Internship at the Open University in Milton Keynes (UK) &#8211; Investigation of mud volumetric changes in the low-pressure environment, using the Large Mars Chamber (HVIlab), Europlanet visit (grant co-applicant)<\/li>\n<li>2018: Internship at the Open University in Milton Keynes (UK) &#8211; Modelling of the Martian mudflows in the Large Mars Vacuum Chamber (Hypervelocity Impact Laboratory), Europlanet visit (grant co-applicant)<\/li>\n<li>2013\/2014: Internship at the G\u00e9osciences Rennes (France) &#8211; Analogue modelling of oroclinal buckling (1st and 2nd stage)<\/li>\n<li>2011: ETH Zurich (Yury Podladchikov) &#8211; Application of thermodynamical numerical modelling in geology (short-course)<\/li>\n<\/ul>\n<p>[\/et_pb_text][\/et_pb_column][\/et_pb_row][et_pb_row _builder_version=&#8221;4.16&#8243; custom_padding=&#8221;6px|||||&#8221; global_colors_info=&#8221;{}&#8221;][et_pb_column type=&#8221;4_4&#8243; _builder_version=&#8221;4.16&#8243; custom_padding=&#8221;|||&#8221; global_colors_info=&#8221;{}&#8221; custom_padding__hover=&#8221;|||&#8221;][et_pb_text _builder_version=&#8221;4.16&#8243; global_colors_info=&#8221;{}&#8221;]<\/p>\n<h3 class=\"western\" lang=\"en-US\"><strong>Conferences<\/strong><\/h3>\n<ul>\n<li>BPSC 2022 &#8211; Milton Keynes, UK<br \/>Oral presentation: Kr\u00fdza, O., Bro\u017e, P., Fox-Powell, M., Conway, S., Mazzini, A., Hauber, E., Sylvest, M., and Patel, M (2022): The effect of salinity to propagation and morphology of small-scale mudflows in low pressure environment: Insights from laboratory simulations<\/li>\n<li>EGU 2022 &#8211; Vienna, Austria<br \/>Oral presentation: Kr\u00fdza, O., Bro\u017e, P., Conway, S., Mazzini, A., Hauber, E., Sylvest, M., and Patel, M.: Volumetric changes of extruded mud on Mars: Report from laboratory simulations, EGU General Assembly 2022, Vienna, Austria, 23\u201327 May 2022, EGU22-3746, https:\/\/doi.org\/10.5194\/egusphere-egu22-3746, 2022.<\/li>\n<li>CETeG 2021 &#8211; Rytro, Slovakia<br \/>Oral presentation: Ond\u0159ej Kr\u00fdza, Prokop Z\u00e1vada, Ondrej Lexa and Karel Schulmann (2018): Crustal-scale detachment\/diapiric folding driven by the indentation in hot orogens &#8211; insights from analogue experiments investigated by PIV (particle image velocimetry) method<\/li>\n<li>EGU 2019 &#8211; Vienna, Austria<br \/>Oral presentation: Experimental simulation reveals that the mud behaves like the lava under the Martian conditions. (Ond\u0159ej Kr\u00fdza, Petr Bro\u017e, Susan Conway, Jan Raack, Manish Patel, Matt Balme, Adriano Mazziny, Ernst Hauber, and Matthew Sylvest)<\/li>\n<li>EGU 2017 &#8211; Vienna, Austria<br \/>Poster presentation: Ond\u0159ej Kr\u00fdza, Ondrej Lexa, Prokop Z\u00e1vada, Karel Schulmann, Denis Gapais, and John Cosgrove (2017): Quantitative analysis of surface deformation and ductile flow in complex<br \/>analogue geodynamic models based on PIV method<\/li>\n<li>CETeG 2017 &#8211; Z\u00e1nka, Hungary<br \/>Poster presentation: Kr\u00fdza Ond\u0159ej, Z\u00e1vada Prokop, Lexa Ond\u0159ej, Schulmann Karel (2017): Analogue modeling of oroclinal buckling and indentation tectonics &#8211; insights from quantitative analysis based on<br \/>PIV method<\/li>\n<li>Student Geological Conference 2016 &#8211; Brno, Czech Republic<br \/>Oral presentation: Ond\u0159ej Kr\u00fdza, Ondrej Lexa, Karel Schulmann, Denis Gapais (2016): Oroklin\u00e1ln\u00ed buckling v&nbsp;laboratorn\u00edch podm\u00ednk\u00e1ch &#8211; v\u00fdvoj topografie, deformace svrchn\u00ed k\u016fry a&nbsp;spodnokorov\u00fd tok ve smyslu channel-flow<\/li>\n<li>6th International Geosciences Student Conference 2015 &#8211; Prague<br \/>Oral presentation: Ond\u0159ej Kr\u00fdza, Ondrej Lexa, Karel Schulmann, Denis Gapais, Alexandra Guy, John Cosgrove (2015): Crustal-scale buckling and associated crustal flow<\/li>\n<li>CETeG 2015 &#8211; Kada\u0148, Czech Republic<br \/>Oral presentation: Ond\u0159ej Kr\u00fdza, Ondrej Lexa, Karel Schulmann, Denis Gapais, Alexandra Guy, John Cosgrove (2015) Oroclinal buckling and associated material flow under laboratory conditions<\/li>\n<li>CETeG 2014 &#8211; Ladek Zdr\u00f3j, Poland<br \/>Oral presentation: Ond\u0159ej Kr\u00fdza, Ondrej Lexa, Karel Schulmann, Denis Gapais, Alexandra Guy, John Cosgrove (2014): Crustal-scale buckling and associated crustal flow \u2013 lessons from analogue modelling<\/li>\n<li>CETeG 2013 &#8211; V\u00e1rgesztes, Hungary<br \/>Oral presentation: Ond\u0159ej Kr\u00fdza, Ondrej Lexa, Petra Maierov\u00e1, Karel Schulmann (2013): Application of multivariate statistics for investigation of 2d thermo-mechanical numerical models of crustal-scale diapirism based on evolution of Rayleigh-Taylor instability<\/li>\n<\/ul>\n<p>[\/et_pb_text][\/et_pb_column][\/et_pb_row][\/et_pb_section]<\/p>\n","protected":false},"excerpt":{"rendered":"<p>RNDr. Ond\u0159ej Kr\u00fdza, Ph.D. has been employed as a&nbsp;researcher in the Tectonic modelling team since 2017, where he is engaged in analogue and numerical modelling of crustal deformation and heat transfer associated to continental collision systems. Recently he is also part of the Volcanic and magmatic processes team. During bachelor and master studies, he [&hellip;]<\/p>\n","protected":false},"author":5,"featured_media":3827,"parent":416,"menu_order":0,"comment_status":"closed","ping_status":"closed","template":"","meta":{"_et_pb_use_builder":"on","_et_pb_old_content":"","_et_gb_content_width":"","footnotes":""},"categories":[],"tags":[127],"class_list":["post-8299","page","type-page","status-publish","has-post-thumbnail","hentry","tag-people-en"],"yoast_head":"<!-- This site is optimized with the Yoast SEO plugin v25.9 - https:\/\/yoast.com\/wordpress\/plugins\/seo\/ -->\n<title>Ond\u0159ej Kr\u00fdza - Geofyzik\u00e1ln\u00ed \u00fastav Akademie v\u011bd \u010cR, v.v.i.<\/title>\n<meta name=\"robots\" content=\"index, follow, max-snippet:-1, max-image-preview:large, max-video-preview:-1\" \/>\n<link rel=\"canonical\" href=\"https:\/\/www.ig.cas.cz\/en\/contact\/staff\/ondrej-kryza\/\" \/>\n<meta property=\"og:locale\" content=\"en_US\" \/>\n<meta property=\"og:type\" content=\"article\" \/>\n<meta property=\"og:title\" content=\"Ond\u0159ej Kr\u00fdza - Geofyzik\u00e1ln\u00ed \u00fastav Akademie v\u011bd \u010cR, v.v.i.\" \/>\n<meta property=\"og:description\" content=\"RNDr. Ond\u0159ej Kr\u00fdza, Ph.D. has been employed as a researcher in the Tectonic modelling team since 2017, where he is engaged in analogue and numerical modelling of crustal deformation and heat transfer associated to continental collision systems. Recently he is also part of the Volcanic and magmatic processes team. During bachelor and master studies, he [&hellip;]\" \/>\n<meta property=\"og:url\" content=\"https:\/\/www.ig.cas.cz\/en\/contact\/staff\/ondrej-kryza\/\" \/>\n<meta property=\"og:site_name\" content=\"Dom\u016f\" \/>\n<meta property=\"article:publisher\" content=\"https:\/\/www.facebook.com\/GFUAVCR\/\" \/>\n<meta property=\"article:modified_time\" content=\"2026-03-31T13:28:04+00:00\" \/>\n<meta property=\"og:image\" content=\"https:\/\/www.ig.cas.cz\/wp-content\/uploads\/2018\/01\/mapa_geologicka.jpg\" \/>\n\t<meta property=\"og:image:width\" content=\"2500\" \/>\n\t<meta property=\"og:image:height\" content=\"260\" \/>\n\t<meta property=\"og:image:type\" content=\"image\/jpeg\" \/>\n<meta name=\"twitter:card\" content=\"summary_large_image\" \/>\n<meta name=\"twitter:label1\" content=\"Est. reading time\" \/>\n\t<meta name=\"twitter:data1\" content=\"8 minutes\" \/>\n<script type=\"application\/ld+json\" class=\"yoast-schema-graph\">{\"@context\":\"https:\/\/schema.org\",\"@graph\":[{\"@type\":\"WebPage\",\"@id\":\"https:\/\/www.ig.cas.cz\/en\/contact\/staff\/ondrej-kryza\/\",\"url\":\"https:\/\/www.ig.cas.cz\/en\/contact\/staff\/ondrej-kryza\/\",\"name\":\"Ond\u0159ej Kr\u00fdza - Geofyzik\u00e1ln\u00ed \u00fastav Akademie v\u011bd \u010cR, v.v.i.\",\"isPartOf\":{\"@id\":\"https:\/\/www.ig.cas.cz\/#website\"},\"primaryImageOfPage\":{\"@id\":\"https:\/\/www.ig.cas.cz\/en\/contact\/staff\/ondrej-kryza\/#primaryimage\"},\"image\":{\"@id\":\"https:\/\/www.ig.cas.cz\/en\/contact\/staff\/ondrej-kryza\/#primaryimage\"},\"thumbnailUrl\":\"https:\/\/www.ig.cas.cz\/wp-content\/uploads\/2018\/01\/mapa_geologicka.jpg\",\"datePublished\":\"2018-02-07T14:24:28+00:00\",\"dateModified\":\"2026-03-31T13:28:04+00:00\",\"breadcrumb\":{\"@id\":\"https:\/\/www.ig.cas.cz\/en\/contact\/staff\/ondrej-kryza\/#breadcrumb\"},\"inLanguage\":\"en-US\",\"potentialAction\":[{\"@type\":\"ReadAction\",\"target\":[\"https:\/\/www.ig.cas.cz\/en\/contact\/staff\/ondrej-kryza\/\"]}]},{\"@type\":\"ImageObject\",\"inLanguage\":\"en-US\",\"@id\":\"https:\/\/www.ig.cas.cz\/en\/contact\/staff\/ondrej-kryza\/#primaryimage\",\"url\":\"https:\/\/www.ig.cas.cz\/wp-content\/uploads\/2018\/01\/mapa_geologicka.jpg\",\"contentUrl\":\"https:\/\/www.ig.cas.cz\/wp-content\/uploads\/2018\/01\/mapa_geologicka.jpg\",\"width\":2500,\"height\":260},{\"@type\":\"BreadcrumbList\",\"@id\":\"https:\/\/www.ig.cas.cz\/en\/contact\/staff\/ondrej-kryza\/#breadcrumb\",\"itemListElement\":[{\"@type\":\"ListItem\",\"position\":1,\"name\":\"Dom\u016f\",\"item\":\"https:\/\/www.ig.cas.cz\/en\/\"},{\"@type\":\"ListItem\",\"position\":2,\"name\":\"Contacts\",\"item\":\"https:\/\/www.ig.cas.cz\/en\/contact\/\"},{\"@type\":\"ListItem\",\"position\":3,\"name\":\"Staff\",\"item\":\"https:\/\/www.ig.cas.cz\/en\/contact\/staff\/\"},{\"@type\":\"ListItem\",\"position\":4,\"name\":\"Ond\u0159ej Kr\u00fdza\"}]},{\"@type\":\"WebSite\",\"@id\":\"https:\/\/www.ig.cas.cz\/#website\",\"url\":\"https:\/\/www.ig.cas.cz\/\",\"name\":\"Dom\u016f\",\"description\":\"Geofyzik\u00e1ln\u00ed \u00fastav Akademie v\u011bd \u010cR, v.v.i.\",\"potentialAction\":[{\"@type\":\"SearchAction\",\"target\":{\"@type\":\"EntryPoint\",\"urlTemplate\":\"https:\/\/www.ig.cas.cz\/?s={search_term_string}\"},\"query-input\":{\"@type\":\"PropertyValueSpecification\",\"valueRequired\":true,\"valueName\":\"search_term_string\"}}],\"inLanguage\":\"en-US\"}]}<\/script>\n<!-- \/ Yoast SEO plugin. -->","yoast_head_json":{"title":"Ond\u0159ej Kr\u00fdza - Geofyzik\u00e1ln\u00ed \u00fastav Akademie v\u011bd \u010cR, v.v.i.","robots":{"index":"index","follow":"follow","max-snippet":"max-snippet:-1","max-image-preview":"max-image-preview:large","max-video-preview":"max-video-preview:-1"},"canonical":"https:\/\/www.ig.cas.cz\/en\/contact\/staff\/ondrej-kryza\/","og_locale":"en_US","og_type":"article","og_title":"Ond\u0159ej Kr\u00fdza - Geofyzik\u00e1ln\u00ed \u00fastav Akademie v\u011bd \u010cR, v.v.i.","og_description":"RNDr. Ond\u0159ej Kr\u00fdza, Ph.D. has been employed as a researcher in the Tectonic modelling team since 2017, where he is engaged in analogue and numerical modelling of crustal deformation and heat transfer associated to continental collision systems. Recently he is also part of the Volcanic and magmatic processes team. During bachelor and master studies, he [&hellip;]","og_url":"https:\/\/www.ig.cas.cz\/en\/contact\/staff\/ondrej-kryza\/","og_site_name":"Dom\u016f","article_publisher":"https:\/\/www.facebook.com\/GFUAVCR\/","article_modified_time":"2026-03-31T13:28:04+00:00","og_image":[{"width":2500,"height":260,"url":"https:\/\/www.ig.cas.cz\/wp-content\/uploads\/2018\/01\/mapa_geologicka.jpg","type":"image\/jpeg"}],"twitter_card":"summary_large_image","twitter_misc":{"Est. reading time":"8 minutes"},"schema":{"@context":"https:\/\/schema.org","@graph":[{"@type":"WebPage","@id":"https:\/\/www.ig.cas.cz\/en\/contact\/staff\/ondrej-kryza\/","url":"https:\/\/www.ig.cas.cz\/en\/contact\/staff\/ondrej-kryza\/","name":"Ond\u0159ej Kr\u00fdza - Geofyzik\u00e1ln\u00ed \u00fastav Akademie v\u011bd \u010cR, v.v.i.","isPartOf":{"@id":"https:\/\/www.ig.cas.cz\/#website"},"primaryImageOfPage":{"@id":"https:\/\/www.ig.cas.cz\/en\/contact\/staff\/ondrej-kryza\/#primaryimage"},"image":{"@id":"https:\/\/www.ig.cas.cz\/en\/contact\/staff\/ondrej-kryza\/#primaryimage"},"thumbnailUrl":"https:\/\/www.ig.cas.cz\/wp-content\/uploads\/2018\/01\/mapa_geologicka.jpg","datePublished":"2018-02-07T14:24:28+00:00","dateModified":"2026-03-31T13:28:04+00:00","breadcrumb":{"@id":"https:\/\/www.ig.cas.cz\/en\/contact\/staff\/ondrej-kryza\/#breadcrumb"},"inLanguage":"en-US","potentialAction":[{"@type":"ReadAction","target":["https:\/\/www.ig.cas.cz\/en\/contact\/staff\/ondrej-kryza\/"]}]},{"@type":"ImageObject","inLanguage":"en-US","@id":"https:\/\/www.ig.cas.cz\/en\/contact\/staff\/ondrej-kryza\/#primaryimage","url":"https:\/\/www.ig.cas.cz\/wp-content\/uploads\/2018\/01\/mapa_geologicka.jpg","contentUrl":"https:\/\/www.ig.cas.cz\/wp-content\/uploads\/2018\/01\/mapa_geologicka.jpg","width":2500,"height":260},{"@type":"BreadcrumbList","@id":"https:\/\/www.ig.cas.cz\/en\/contact\/staff\/ondrej-kryza\/#breadcrumb","itemListElement":[{"@type":"ListItem","position":1,"name":"Dom\u016f","item":"https:\/\/www.ig.cas.cz\/en\/"},{"@type":"ListItem","position":2,"name":"Contacts","item":"https:\/\/www.ig.cas.cz\/en\/contact\/"},{"@type":"ListItem","position":3,"name":"Staff","item":"https:\/\/www.ig.cas.cz\/en\/contact\/staff\/"},{"@type":"ListItem","position":4,"name":"Ond\u0159ej Kr\u00fdza"}]},{"@type":"WebSite","@id":"https:\/\/www.ig.cas.cz\/#website","url":"https:\/\/www.ig.cas.cz\/","name":"Dom\u016f","description":"Geofyzik\u00e1ln\u00ed \u00fastav Akademie v\u011bd \u010cR, v.v.i.","potentialAction":[{"@type":"SearchAction","target":{"@type":"EntryPoint","urlTemplate":"https:\/\/www.ig.cas.cz\/?s={search_term_string}"},"query-input":{"@type":"PropertyValueSpecification","valueRequired":true,"valueName":"search_term_string"}}],"inLanguage":"en-US"}]}},"_links":{"self":[{"href":"https:\/\/www.ig.cas.cz\/en\/wp-json\/wp\/v2\/pages\/8299","targetHints":{"allow":["GET"]}}],"collection":[{"href":"https:\/\/www.ig.cas.cz\/en\/wp-json\/wp\/v2\/pages"}],"about":[{"href":"https:\/\/www.ig.cas.cz\/en\/wp-json\/wp\/v2\/types\/page"}],"author":[{"embeddable":true,"href":"https:\/\/www.ig.cas.cz\/en\/wp-json\/wp\/v2\/users\/5"}],"replies":[{"embeddable":true,"href":"https:\/\/www.ig.cas.cz\/en\/wp-json\/wp\/v2\/comments?post=8299"}],"version-history":[{"count":4,"href":"https:\/\/www.ig.cas.cz\/en\/wp-json\/wp\/v2\/pages\/8299\/revisions"}],"predecessor-version":[{"id":43914,"href":"https:\/\/www.ig.cas.cz\/en\/wp-json\/wp\/v2\/pages\/8299\/revisions\/43914"}],"up":[{"embeddable":true,"href":"https:\/\/www.ig.cas.cz\/en\/wp-json\/wp\/v2\/pages\/416"}],"wp:featuredmedia":[{"embeddable":true,"href":"https:\/\/www.ig.cas.cz\/en\/wp-json\/wp\/v2\/media\/3827"}],"wp:attachment":[{"href":"https:\/\/www.ig.cas.cz\/en\/wp-json\/wp\/v2\/media?parent=8299"}],"wp:term":[{"taxonomy":"category","embeddable":true,"href":"https:\/\/www.ig.cas.cz\/en\/wp-json\/wp\/v2\/categories?post=8299"},{"taxonomy":"post_tag","embeddable":true,"href":"https:\/\/www.ig.cas.cz\/en\/wp-json\/wp\/v2\/tags?post=8299"}],"curies":[{"name":"wp","href":"https:\/\/api.w.org\/{rel}","templated":true}]}}