{"id":8465,"date":"2018-02-07T15:19:40","date_gmt":"2018-02-07T14:19:40","guid":{"rendered":"http:\/\/igcas.antstudio.eu\/contact\/staff\/vladimir-cajz\/"},"modified":"2024-01-30T09:25:39","modified_gmt":"2024-01-30T08:25:39","slug":"vladimir-cajz","status":"publish","type":"page","link":"https:\/\/www.ig.cas.cz\/en\/contact\/staff\/vladimir-cajz\/","title":{"rendered":"Vladim\u00edr Cajz"},"content":{"rendered":"<p>[et_pb_section fb_built=&#8221;1&#8243; _builder_version=&#8221;4.16&#8243; custom_padding=&#8221;0px|0px|0px|0px&#8221; global_colors_info=&#8221;{}&#8221;][et_pb_row _builder_version=&#8221;4.16&#8243; background_size=&#8221;initial&#8221; background_position=&#8221;top_left&#8221; background_repeat=&#8221;repeat&#8221; custom_padding=&#8221;19px|0px|0px|0px&#8221; global_colors_info=&#8221;{}&#8221; column_structure=&#8221;2_3,1_3&#8243;][et_pb_column type=&#8221;2_3&#8243; _builder_version=&#8221;4.16&#8243; custom_padding=&#8221;|||&#8221; global_colors_info=&#8221;{}&#8221; custom_padding__hover=&#8221;|||&#8221;][et_pb_text _builder_version=&#8221;4.23.1&#8243; hover_enabled=&#8221;0&#8243; global_colors_info=&#8221;{}&#8221; sticky_enabled=&#8221;0&#8243;]<\/p>\n<p><strong>RNDr. Vladim\u00edr Cajz, CSc.<\/strong> is researcher at the Institute of Geophysics CAS.<\/p>\n<p>[\/et_pb_text][et_pb_text _builder_version=&#8221;4.16&#8243; global_colors_info=&#8221;{}&#8221;]<\/p>\n<h3><strong>Publications<\/strong><\/h3>\n<ul>\n<li class=\"western\"><span lang=\"cs-CZ\"><b>Cajz V.<\/b><\/span><span lang=\"cs-CZ\"> (2000): Proposal of lithostratigraphy for the \u010cesk\u00e9 st\u0159edoho\u0159\u00ed Mts. volcanics. \u2013 <em>Bull. Czech Geol. Surv.<\/em>, 75, 1, 7-16. <\/span><\/li>\n<li class=\"western\"><b>Cajz V<\/b>., Adamovi\u010d J., Rapprich V. and Valigursk\u00fd L. (2004): Newly identified faults inside the volcanic complex of the \u010cesk\u00e9 st\u0159edoho\u0159\u00ed Mts., Oh\u0159e\/Eger Graben, North Bohemia. \u2013 <em>Acta Geodyn. Geomater.<\/em>, 1, 2 (<i>134<\/i>), 213-222.<\/li>\n<li>Mrlina J. and <b>Cajz V.<\/b> (2006): Subsurface structure of the volcanic centre of the \u010cesk\u00e9 st\u0159edoho\u0159\u00ed Mts., North Bohemia, determinated by geophysical surveys. \u2013 <em>Studia Geophys. Geod.,<\/em> 50, 75-88.<\/li>\n<li>Chadima M., <b>Cajz V<\/b>. and T\u00fdcov\u00e1 P.&nbsp;(2009): On the interpretation of normal and inverse magnetic fabric in dikes: Examples from the Eger Graben, NW Bohemian Massif. \u2013 <em>Tectonophysics<\/em> 466, 47-63.<\/li>\n<li><b>Cajz V<\/b>., Rapprich V., Schnabl P.&nbsp;and P\u00e9cskay Z. (2009): N\u00e1vrh litostratigrafie neovulkanit\u016f v\u00fdchodo\u010desk\u00e9 oblasti <i>(A&nbsp;proposal on lithostratigraphy of Cenozoic volcanic rocks in Eastern Bohemia)<\/i>. \u2013 Zpr. geol. V\u00fdzk. v\u00a0Roce 2008, 9-15.<\/li>\n<li><b>Cajz V<\/b>., Rapprich V., Erban V., P\u00e9cskay Z. and Rado\u0148 M. (2009): Late Miocene volcanic activity in the \u010cesk\u00e9 st\u0159edoho\u0159\u00ed Mountains, Oh\u0159e (Eger) Graben, northern Bohemia. \u2013 <em>Geologica Carpathica<\/em>, 60, 6, 519-533.<\/li>\n<li><b>Cajz V<\/b>. and Vale\u010dka J. (2010): Tectonic setting of the Oh\u0159e\/Eger Graben between the central part of the \u010cesk\u00e9 st\u0159edoho\u0159\u00ed Mts. and the Most Basin, a&nbsp;regional study. \u2013 <em>Journal of Geosciences<\/em> 55, 3, 201-215.<\/li>\n<li><b>Cajz V.,<\/b> Schnabl P., P\u00e9cskay Z., Sk\u00e1celov\u00e1 Z., Venhodov\u00e1 D., \u0160lechta S. and \u0160ifnerov\u00e1 K. (2012): Chronological implication of paleomagnetic record of the Late Cenozoic volcanic activity in Moravo-Silesian Border \u2013 NE Bohemian Massif. \u2013 <em>Geologica Carpathica<\/em>, 63, 5,423-435.<\/li>\n<li><b>Cajz V<\/b>., Schnabl P., Sk\u00e1celov\u00e1 Z. a&nbsp;Rado\u0148 M. (2013): Svrchnokenozoick\u00fd severomoravsk\u00fd vulkanismus: rekonstrukce \u010dinnosti, paleomagnetismus, geofyzik\u00e1ln\u00ed obraz, n\u00e1vrh litostratigrafie (<i>Upper Cenozoic volcanic activity in Northern Moravia: reconstruction, paleomagnetism, geophysical image, proposal of litostratigraphy<\/i>). \u2013 Zpr. geol. V\u00fdzk. v\u00a0Roce 2012, 20-25.<\/li>\n<\/ul>\n<p>[\/et_pb_text][\/et_pb_column][et_pb_column type=&#8221;1_3&#8243; _builder_version=&#8221;4.16&#8243; custom_padding=&#8221;|||&#8221; global_colors_info=&#8221;{}&#8221; custom_padding__hover=&#8221;|||&#8221;][et_pb_image src=&#8221;https:\/\/www.ig.cas.cz\/wp-content\/uploads\/2018\/03\/xkm8if_up.jpg&#8221; align=&#8221;center&#8221; align_tablet=&#8221;center&#8221; align_last_edited=&#8221;on|desktop&#8221; _builder_version=&#8221;4.16&#8243; max_width=&#8221;91%&#8221; global_colors_info=&#8221;{}&#8221; align_phone=&#8221;center&#8221;][\/et_pb_image][et_pb_text _builder_version=&#8221;4.23.1&#8243; hover_enabled=&#8221;0&#8243; global_colors_info=&#8221;{}&#8221; sticky_enabled=&#8221;0&#8243;]<\/p>\n<h3 style=\"text-align: center;\"><strong>RNDr. Vladim\u00edr Cajz, CSc.<\/strong><\/h3>\n<p style=\"text-align: center;\">researcher<br \/>Surface Processes &amp; Palaeoclimate team<br \/><a href=\"mailto:v.cajz@ig.cas.cz\">v.cajz@ig.cas.cz<\/a><br \/>+420&nbsp;267&nbsp;103&nbsp;106<br \/><a href=\"http:\/\/www.researcherid.com\/rid\/H-6365-2014\">ResearcherID<\/a><a href=\"https:\/\/orcid.org\/0000-0003-4114-883X\" target=\"orcid.widget\" rel=\"noopener noreferrer\"><br \/><\/a><a href=\"https:\/\/orcid.org\/0000-0003-1951-7264\" target=\"orcid.widget\" rel=\"noopener noreferrer\"><img decoding=\"async\" src=\"https:\/\/orcid.org\/sites\/default\/files\/images\/orcid_16x16.png\" alt=\"ORCID iD icon\" \/>ORCID<\/a><\/p>\n<p>[\/et_pb_text][\/et_pb_column][\/et_pb_row][\/et_pb_section]<\/p>\n","protected":false},"excerpt":{"rendered":"<p>RNDr. Vladim\u00edr Cajz, CSc. is researcher at the Institute of Geophysics CAS.Publications Cajz V. (2000): Proposal of lithostratigraphy for the \u010cesk\u00e9 st\u0159edoho\u0159\u00ed Mts. volcanics. \u2013 Bull. Czech Geol. Surv., 75, 1, 7-16. Cajz V., Adamovi\u010d J., Rapprich V. and Valigursk\u00fd L. (2004): Newly identified faults inside the volcanic complex of the \u010cesk\u00e9 st\u0159edoho\u0159\u00ed Mts., Oh\u0159e\/Eger [&hellip;]<\/p>\n","protected":false},"author":5,"featured_media":3827,"parent":416,"menu_order":0,"comment_status":"closed","ping_status":"closed","template":"","meta":{"_et_pb_use_builder":"on","_et_pb_old_content":"","_et_gb_content_width":"","footnotes":""},"categories":[],"tags":[127],"class_list":["post-8465","page","type-page","status-publish","has-post-thumbnail","hentry","tag-people-en"],"yoast_head":"<!-- This site is optimized with the Yoast SEO plugin v25.9 - https:\/\/yoast.com\/wordpress\/plugins\/seo\/ -->\n<title>Vladim\u00edr Cajz - Geofyzik\u00e1ln\u00ed \u00fastav Akademie v\u011bd \u010cR, v.v.i.<\/title>\n<meta name=\"robots\" content=\"index, follow, max-snippet:-1, max-image-preview:large, max-video-preview:-1\" \/>\n<link rel=\"canonical\" href=\"https:\/\/www.ig.cas.cz\/en\/contact\/staff\/vladimir-cajz\/\" \/>\n<meta property=\"og:locale\" content=\"en_US\" \/>\n<meta property=\"og:type\" content=\"article\" \/>\n<meta property=\"og:title\" content=\"Vladim\u00edr Cajz - Geofyzik\u00e1ln\u00ed \u00fastav Akademie v\u011bd \u010cR, v.v.i.\" \/>\n<meta property=\"og:description\" content=\"RNDr. Vladim\u00edr Cajz, CSc. is researcher at the Institute of Geophysics CAS.Publications Cajz V. (2000): Proposal of lithostratigraphy for the \u010cesk\u00e9 st\u0159edoho\u0159\u00ed Mts. volcanics. \u2013 Bull. Czech Geol. Surv., 75, 1, 7-16. Cajz V., Adamovi\u010d J., Rapprich V. and Valigursk\u00fd L. (2004): Newly identified faults inside the volcanic complex of the \u010cesk\u00e9 st\u0159edoho\u0159\u00ed Mts., Oh\u0159e\/Eger [&hellip;]\" \/>\n<meta property=\"og:url\" content=\"https:\/\/www.ig.cas.cz\/en\/contact\/staff\/vladimir-cajz\/\" \/>\n<meta property=\"og:site_name\" content=\"Dom\u016f\" \/>\n<meta property=\"article:publisher\" content=\"https:\/\/www.facebook.com\/GFUAVCR\/\" \/>\n<meta property=\"article:modified_time\" content=\"2024-01-30T08:25:39+00:00\" \/>\n<meta property=\"og:image\" content=\"https:\/\/www.ig.cas.cz\/wp-content\/uploads\/2018\/01\/mapa_geologicka.jpg\" \/>\n\t<meta property=\"og:image:width\" content=\"2500\" \/>\n\t<meta property=\"og:image:height\" content=\"260\" \/>\n\t<meta property=\"og:image:type\" content=\"image\/jpeg\" \/>\n<meta name=\"twitter:card\" content=\"summary_large_image\" \/>\n<meta name=\"twitter:label1\" content=\"Est. reading time\" \/>\n\t<meta name=\"twitter:data1\" content=\"3 minutes\" \/>\n<script type=\"application\/ld+json\" class=\"yoast-schema-graph\">{\"@context\":\"https:\/\/schema.org\",\"@graph\":[{\"@type\":\"WebPage\",\"@id\":\"https:\/\/www.ig.cas.cz\/en\/contact\/staff\/vladimir-cajz\/\",\"url\":\"https:\/\/www.ig.cas.cz\/en\/contact\/staff\/vladimir-cajz\/\",\"name\":\"Vladim\u00edr Cajz - Geofyzik\u00e1ln\u00ed \u00fastav Akademie v\u011bd \u010cR, v.v.i.\",\"isPartOf\":{\"@id\":\"https:\/\/www.ig.cas.cz\/#website\"},\"primaryImageOfPage\":{\"@id\":\"https:\/\/www.ig.cas.cz\/en\/contact\/staff\/vladimir-cajz\/#primaryimage\"},\"image\":{\"@id\":\"https:\/\/www.ig.cas.cz\/en\/contact\/staff\/vladimir-cajz\/#primaryimage\"},\"thumbnailUrl\":\"https:\/\/www.ig.cas.cz\/wp-content\/uploads\/2018\/01\/mapa_geologicka.jpg\",\"datePublished\":\"2018-02-07T14:19:40+00:00\",\"dateModified\":\"2024-01-30T08:25:39+00:00\",\"breadcrumb\":{\"@id\":\"https:\/\/www.ig.cas.cz\/en\/contact\/staff\/vladimir-cajz\/#breadcrumb\"},\"inLanguage\":\"en-US\",\"potentialAction\":[{\"@type\":\"ReadAction\",\"target\":[\"https:\/\/www.ig.cas.cz\/en\/contact\/staff\/vladimir-cajz\/\"]}]},{\"@type\":\"ImageObject\",\"inLanguage\":\"en-US\",\"@id\":\"https:\/\/www.ig.cas.cz\/en\/contact\/staff\/vladimir-cajz\/#primaryimage\",\"url\":\"https:\/\/www.ig.cas.cz\/wp-content\/uploads\/2018\/01\/mapa_geologicka.jpg\",\"contentUrl\":\"https:\/\/www.ig.cas.cz\/wp-content\/uploads\/2018\/01\/mapa_geologicka.jpg\",\"width\":2500,\"height\":260},{\"@type\":\"BreadcrumbList\",\"@id\":\"https:\/\/www.ig.cas.cz\/en\/contact\/staff\/vladimir-cajz\/#breadcrumb\",\"itemListElement\":[{\"@type\":\"ListItem\",\"position\":1,\"name\":\"Dom\u016f\",\"item\":\"https:\/\/www.ig.cas.cz\/en\/\"},{\"@type\":\"ListItem\",\"position\":2,\"name\":\"Contacts\",\"item\":\"https:\/\/www.ig.cas.cz\/en\/contact\/\"},{\"@type\":\"ListItem\",\"position\":3,\"name\":\"Staff\",\"item\":\"https:\/\/www.ig.cas.cz\/en\/contact\/staff\/\"},{\"@type\":\"ListItem\",\"position\":4,\"name\":\"Vladim\u00edr Cajz\"}]},{\"@type\":\"WebSite\",\"@id\":\"https:\/\/www.ig.cas.cz\/#website\",\"url\":\"https:\/\/www.ig.cas.cz\/\",\"name\":\"Dom\u016f\",\"description\":\"Geofyzik\u00e1ln\u00ed \u00fastav Akademie v\u011bd \u010cR, v.v.i.\",\"potentialAction\":[{\"@type\":\"SearchAction\",\"target\":{\"@type\":\"EntryPoint\",\"urlTemplate\":\"https:\/\/www.ig.cas.cz\/?s={search_term_string}\"},\"query-input\":{\"@type\":\"PropertyValueSpecification\",\"valueRequired\":true,\"valueName\":\"search_term_string\"}}],\"inLanguage\":\"en-US\"}]}<\/script>\n<!-- \/ Yoast SEO plugin. -->","yoast_head_json":{"title":"Vladim\u00edr Cajz - Geofyzik\u00e1ln\u00ed \u00fastav Akademie v\u011bd \u010cR, v.v.i.","robots":{"index":"index","follow":"follow","max-snippet":"max-snippet:-1","max-image-preview":"max-image-preview:large","max-video-preview":"max-video-preview:-1"},"canonical":"https:\/\/www.ig.cas.cz\/en\/contact\/staff\/vladimir-cajz\/","og_locale":"en_US","og_type":"article","og_title":"Vladim\u00edr Cajz - Geofyzik\u00e1ln\u00ed \u00fastav Akademie v\u011bd \u010cR, v.v.i.","og_description":"RNDr. Vladim\u00edr Cajz, CSc. is researcher at the Institute of Geophysics CAS.Publications Cajz V. (2000): Proposal of lithostratigraphy for the \u010cesk\u00e9 st\u0159edoho\u0159\u00ed Mts. volcanics. \u2013 Bull. Czech Geol. Surv., 75, 1, 7-16. Cajz V., Adamovi\u010d J., Rapprich V. and Valigursk\u00fd L. (2004): Newly identified faults inside the volcanic complex of the \u010cesk\u00e9 st\u0159edoho\u0159\u00ed Mts., Oh\u0159e\/Eger [&hellip;]","og_url":"https:\/\/www.ig.cas.cz\/en\/contact\/staff\/vladimir-cajz\/","og_site_name":"Dom\u016f","article_publisher":"https:\/\/www.facebook.com\/GFUAVCR\/","article_modified_time":"2024-01-30T08:25:39+00:00","og_image":[{"width":2500,"height":260,"url":"https:\/\/www.ig.cas.cz\/wp-content\/uploads\/2018\/01\/mapa_geologicka.jpg","type":"image\/jpeg"}],"twitter_card":"summary_large_image","twitter_misc":{"Est. reading time":"3 minutes"},"schema":{"@context":"https:\/\/schema.org","@graph":[{"@type":"WebPage","@id":"https:\/\/www.ig.cas.cz\/en\/contact\/staff\/vladimir-cajz\/","url":"https:\/\/www.ig.cas.cz\/en\/contact\/staff\/vladimir-cajz\/","name":"Vladim\u00edr Cajz - Geofyzik\u00e1ln\u00ed \u00fastav Akademie v\u011bd \u010cR, v.v.i.","isPartOf":{"@id":"https:\/\/www.ig.cas.cz\/#website"},"primaryImageOfPage":{"@id":"https:\/\/www.ig.cas.cz\/en\/contact\/staff\/vladimir-cajz\/#primaryimage"},"image":{"@id":"https:\/\/www.ig.cas.cz\/en\/contact\/staff\/vladimir-cajz\/#primaryimage"},"thumbnailUrl":"https:\/\/www.ig.cas.cz\/wp-content\/uploads\/2018\/01\/mapa_geologicka.jpg","datePublished":"2018-02-07T14:19:40+00:00","dateModified":"2024-01-30T08:25:39+00:00","breadcrumb":{"@id":"https:\/\/www.ig.cas.cz\/en\/contact\/staff\/vladimir-cajz\/#breadcrumb"},"inLanguage":"en-US","potentialAction":[{"@type":"ReadAction","target":["https:\/\/www.ig.cas.cz\/en\/contact\/staff\/vladimir-cajz\/"]}]},{"@type":"ImageObject","inLanguage":"en-US","@id":"https:\/\/www.ig.cas.cz\/en\/contact\/staff\/vladimir-cajz\/#primaryimage","url":"https:\/\/www.ig.cas.cz\/wp-content\/uploads\/2018\/01\/mapa_geologicka.jpg","contentUrl":"https:\/\/www.ig.cas.cz\/wp-content\/uploads\/2018\/01\/mapa_geologicka.jpg","width":2500,"height":260},{"@type":"BreadcrumbList","@id":"https:\/\/www.ig.cas.cz\/en\/contact\/staff\/vladimir-cajz\/#breadcrumb","itemListElement":[{"@type":"ListItem","position":1,"name":"Dom\u016f","item":"https:\/\/www.ig.cas.cz\/en\/"},{"@type":"ListItem","position":2,"name":"Contacts","item":"https:\/\/www.ig.cas.cz\/en\/contact\/"},{"@type":"ListItem","position":3,"name":"Staff","item":"https:\/\/www.ig.cas.cz\/en\/contact\/staff\/"},{"@type":"ListItem","position":4,"name":"Vladim\u00edr Cajz"}]},{"@type":"WebSite","@id":"https:\/\/www.ig.cas.cz\/#website","url":"https:\/\/www.ig.cas.cz\/","name":"Dom\u016f","description":"Geofyzik\u00e1ln\u00ed \u00fastav Akademie v\u011bd \u010cR, v.v.i.","potentialAction":[{"@type":"SearchAction","target":{"@type":"EntryPoint","urlTemplate":"https:\/\/www.ig.cas.cz\/?s={search_term_string}"},"query-input":{"@type":"PropertyValueSpecification","valueRequired":true,"valueName":"search_term_string"}}],"inLanguage":"en-US"}]}},"_links":{"self":[{"href":"https:\/\/www.ig.cas.cz\/en\/wp-json\/wp\/v2\/pages\/8465","targetHints":{"allow":["GET"]}}],"collection":[{"href":"https:\/\/www.ig.cas.cz\/en\/wp-json\/wp\/v2\/pages"}],"about":[{"href":"https:\/\/www.ig.cas.cz\/en\/wp-json\/wp\/v2\/types\/page"}],"author":[{"embeddable":true,"href":"https:\/\/www.ig.cas.cz\/en\/wp-json\/wp\/v2\/users\/5"}],"replies":[{"embeddable":true,"href":"https:\/\/www.ig.cas.cz\/en\/wp-json\/wp\/v2\/comments?post=8465"}],"version-history":[{"count":0,"href":"https:\/\/www.ig.cas.cz\/en\/wp-json\/wp\/v2\/pages\/8465\/revisions"}],"up":[{"embeddable":true,"href":"https:\/\/www.ig.cas.cz\/en\/wp-json\/wp\/v2\/pages\/416"}],"wp:featuredmedia":[{"embeddable":true,"href":"https:\/\/www.ig.cas.cz\/en\/wp-json\/wp\/v2\/media\/3827"}],"wp:attachment":[{"href":"https:\/\/www.ig.cas.cz\/en\/wp-json\/wp\/v2\/media?parent=8465"}],"wp:term":[{"taxonomy":"category","embeddable":true,"href":"https:\/\/www.ig.cas.cz\/en\/wp-json\/wp\/v2\/categories?post=8465"},{"taxonomy":"post_tag","embeddable":true,"href":"https:\/\/www.ig.cas.cz\/en\/wp-json\/wp\/v2\/tags?post=8465"}],"curies":[{"name":"wp","href":"https:\/\/api.w.org\/{rel}","templated":true}]}}