{"id":8480,"date":"2018-02-07T14:57:39","date_gmt":"2018-02-07T13:57:39","guid":{"rendered":"http:\/\/igcas.antstudio.eu\/contact\/staff\/zuzana-roxerova\/"},"modified":"2026-01-13T12:17:08","modified_gmt":"2026-01-13T11:17:08","slug":"zuzana-roxerova","status":"publish","type":"page","link":"https:\/\/www.ig.cas.cz\/en\/contact\/staff\/zuzana-roxerova\/","title":{"rendered":"Zuzana Roxerov\u00e1"},"content":{"rendered":"<p>[et_pb_section fb_built=&#8221;1&#8243; _builder_version=&#8221;4.16&#8243; custom_padding=&#8221;0px|0px|0px|0px&#8221; global_colors_info=&#8221;{}&#8221;][et_pb_row column_structure=&#8221;2_3,1_3&#8243; _builder_version=&#8221;4.16&#8243; background_size=&#8221;initial&#8221; background_position=&#8221;top_left&#8221; background_repeat=&#8221;repeat&#8221; custom_padding=&#8221;19px|0px|0px|0px&#8221; global_colors_info=&#8221;{}&#8221;][et_pb_column type=&#8221;2_3&#8243; _builder_version=&#8221;4.16&#8243; custom_padding=&#8221;|||&#8221; global_colors_info=&#8221;{}&#8221; custom_padding__hover=&#8221;|||&#8221;][et_pb_text _builder_version=&#8221;4.27.4&#8243; global_colors_info=&#8221;{}&#8221;]<\/p>\n<p><strong>Zuzana Roxerov\u00e1<\/strong> is researcher at the Institute of Geophysics CAS.<\/p>\n<p>[\/et_pb_text][et_pb_text _builder_version=&#8221;4.27.4&#8243; global_colors_info=&#8221;{}&#8221;]<\/p>\n<p>Recent projects:<\/p>\n<p><a href=\"https:\/\/www.ig.cas.cz\/en\/research\/projects\/crush\/\">CatastRophical dUctile to brittle Shifts in crystal-ricH magmas (CRUSH), (<span>M\u0160MT LUAUS26220)\u00a0 \/ 2026-2029<\/span><\/a><\/p>\n<p><a href=\"https:\/\/www.ig.cas.cz\/en\/research\/projects\/new-perspectives-in-magnetic-fabric-interpretation-through-3d-microstructural\/\">Perspectives in magnetic fabric interpretation through 3D analysis (GACR 22-12828S)<span>\u00a0<\/span><span>\/ 2022-2024<\/span><\/a><\/p>\n<p>[\/et_pb_text][et_pb_text _builder_version=&#8221;4.16&#8243; global_colors_info=&#8221;{}&#8221;]<\/p>\n<h3 style=\"font-weight: 400;\"><strong>Publications<\/strong><\/h3>\n<ul>\n<li><span>Machek, M., <strong>Roxerov\u00e1, Z.<\/strong>,\u00a0Kusbach, V., Ku\u010der\u00e1kov\u00e1, M., &amp; Vratislav, S. (2025). Evolution of microstructure and texture in a\u00a0small-scale hightemperature marble shear zone from the Ossa-Morena Zone (Iberian Variscan Belt).\u00a0<\/span><i>Acta Geologica Hispanica<\/i><span>,\u00a0<\/span><i>23<\/i><span>, 1.<span>\u00a0<\/span><a href=\"https:\/\/doi.org\/10.1344\/geologicaacta2025.23.24\">https:\/\/doi.org\/10.1344\/geologicaacta2025.23.24<\/a><\/span><span class=\"author\"><\/span><\/li>\n<li><strong><span class=\"author\">Roxerov\u00e1,Z.<\/span>,\u00a0<\/strong><span class=\"author\">Kusbach,\u00a0<text><\/text>V.<\/span><span>,\u00a0<\/span><span class=\"author\">Machek,<span>\u00a0<\/span><text><\/text>M.<\/span><span>,\u00a0<\/span><span class=\"author\">Ku\u010der\u00e1kov\u00e1,<span>\u00a0<\/span><text><\/text>M.<\/span><span>,\u00a0<\/span><span class=\"author\">Vratislav,<span>\u00a0<\/span><text><\/text>S.<\/span><span>,\u00a0<\/span><span class=\"author\">V\u00e1vrov\u00e1,<span>\u00a0<\/span><text><\/text>A.<\/span><span>, &amp;\u00a0<\/span><span class=\"author\">Chadima,<span>\u00a0<\/span><text><\/text>M.<\/span><span>\u00a0(<\/span><span class=\"pubYear\">2025<\/span><span>).\u00a0<\/span><span class=\"articleTitle\">Effect of deformation mechanisms on magnetic record in marble shear zones<\/span><span>.\u00a0<\/span><i>Geochemistry, Geophysics, Geosystems<\/i><span>,\u00a0<\/span><span class=\"vol\">26<\/span><span>, e2025GC012456.<span>\u00a0<\/span><\/span><a href=\"https:\/\/doi.org\/10.1029\/2025GC012456\" class=\"linkBehavior\">https:\/\/doi.org\/10.1029\/2025GC012456<\/a><span class=\"author\"><\/span><\/li>\n<li><span class=\"author\">Petrovsk\u00fd,<span>\u00a0<\/span><text><\/text>E.<\/span><span>,\u00a0<\/span><span class=\"author\">Machek,<span>\u00a0<\/span><text><\/text>M.<\/span><span>,\u00a0<\/span><span class=\"author\">Egli,<span>\u00a0<\/span><text><\/text>R.<\/span><span>,\u00a0<\/span><span class=\"author\">Kusbach,\u00a0<text><\/text>V.<\/span>,\u00a0<strong><span class=\"author\">Roxerov\u00e1,\u00a0<text><\/text>Z.<\/span><\/strong><span>, &amp;\u00a0<\/span><span class=\"author\">Rybacki,<span>\u00a0<\/span><text><\/text>E.<\/span><span>\u00a0(<\/span><span class=\"pubYear\">2025<\/span><span>).\u00a0<\/span><span class=\"articleTitle\">Directional dependence of magnetization and coercivity in hematite ore experimentally deformed in torsion<\/span><span>.\u00a0<\/span><i>Journal of Geophysical Research: Solid Earth<\/i><span>,\u00a0<\/span><span class=\"vol\">130<\/span><span>, e2024JB031033.<span>\u00a0<\/span><\/span><a href=\"https:\/\/doi.org\/10.1029\/2024JB031033\" class=\"linkBehavior\">https:\/\/doi.org\/10.1029\/2024JB031033<\/a><strong><span class=\"author\"><\/span><\/strong><\/li>\n<li><strong><span class=\"author\">Roxerov\u00e1, Z.<\/span><\/strong>,\u00a0<span class=\"author\">Machek, M.<\/span>,\u00a0<span class=\"author\">Kusbach, V. K.<\/span>, &amp;\u00a0<span class=\"author\">V\u00e1vrov\u00e1, A.<\/span>\u00a0(<span class=\"pubYear\">2023<\/span>).\u00a0<span class=\"articleTitle\">Strain localization: Analog modeling and anisotropy of magnetic susceptibility<\/span>.\u00a0<i>Geochemistry, Geophysics, Geosystems<\/i>,\u00a0<span class=\"vol\">24<\/span>, e2022GC010630.\u00a0doi:\u00a0<a class=\"linkBehavior\" href=\"https:\/\/doi.org\/10.1029\/2022GC010630\">10.1029\/2022GC010630<\/a><\/li>\n<li>Kusbach, V.K., Machek, M., <strong>Roxerov\u00e1, Z.<\/strong>\u00a0<i>et al.<\/i>\u00a0Localization effect on AMS fabric revealed by microstructural evidence across small-scale shear zone in marble.\u00a0<i>Sci Rep<\/i>\u00a09<b>,\u00a0<\/b>17483 (2019) doi:<a href=\"https:\/\/www.nature.com\/articles\/s41598-019-53794-y\">\u00a010.1038\/s41598-019-53794-y<\/a><\/li>\n<li>Machek, M., Z\u00e1vada, P., <strong>Roxerov\u00e1, Z.<\/strong>, Petrovsk\u00fd, E., \u0160pi\u010d\u00e1k, A., &amp;\u00a0Kusbach, V.\u00a0(2019). Crystal mush flow in small concentrically expanded\u00a0pluton (Castle Crags pluton; Klamath Mountains, CA, USA). <em>Geochemistry,\u00a0Geophysics, Geosystems,<\/em> 20, 1954\u2013 1974. DOI:\u00a0<a href=\"https:\/\/doi.org\/10.1029\/2018GC008018\" target=\"_blank\" rel=\"noopener noreferrer\" data-saferedirecturl=\"https:\/\/www.google.com\/url?q=https:\/\/doi.org\/10.1029\/2018GC008018&amp;source=gmail&amp;ust=1559053133556000&amp;usg=AFQjCNGlM44Mzee4qnQsBcWQi8XgcbuDsw\">10.1029\/2018GC008018<\/a><\/li>\n<li>Machek, M., Kalvoda, L., Hladil, J., <strong>Roxerov\u00e1, Z.<\/strong>, Vratislav, S.,\u00a0Drahokoupil, J., Ryukhtin, V., (2018). Petrophysical record of evolution\u00a0of weakly deformed low-porosity limestone revealed by small-angle\u00a0neutron scattering, neutron diffraction and AMS study. <em>Geophysical\u00a0<\/em><em>Journal International<\/em> 215, 895-908.&nbsp;doi:<a href=\"http:\/\/dx.doi.org\/10.1093\/gji\/ggy309\">10.1093\/gji\/ggy309<\/a><\/li>\n<li>Marques F.O., Machek M., <strong>Roxerov\u00e1 Z.<\/strong>, Burg J.P., Almqvist B.S.G., (2015). Mechanics, microstructure and AMS evolution of a&nbsp;synthetic porphyritic calcite aggregate deformed in torsion. <em>Tectonophysics<\/em>, 655, 41\u201357.&nbsp;doi: <a href=\"http:\/\/dx.doi.org\/10.1016\/j.tecto.2015.05.010\">10.1016\/j.tecto.2015.05.010<\/a>.<\/li>\n<li>Machek, M., <strong>Roxerov\u00e1, Z.<\/strong>, Z\u00e1vada, P., Silva, P.F., Henry, B., D\u011bde\u010dek, P., Petrovsk\u00fd, E., Marques, F.O., (2014). Intrusion of lamprophyre dyke and related deformation effects in the host rock salt: a&nbsp;case study from the Loul\u00e9 diapir, Portugal. <i>Tectonophysics<\/i>, 629, 165 \u2013 178.&nbsp;doi:\u00a0<a href=\"http:\/\/dx.doi.org\/10.1016\/j.tecto.2014.04.030\">10.1016\/j.tecto.2014.04.030<\/a>,\u00a0<a href=\"..\/..\/..\/wp-content\/uploads\/2018\/03\/tectonoph2014_pdf_17992.pdf\">PDF<\/a> for free download.<\/li>\n<li>Silva, P.&nbsp;F., Marques, F. O., Machek, M., Henry B., Hirt, A.M., <strong>Roxerov\u00e1, Z.<\/strong>, Madureira, P., Vratislav, S., (2014). Evidence for non-coaxiality of ferrimagnetic and paramagnetic fabrics, developed during magma flow and cooling in a&nbsp;thick mafic dyke. <i>Tectonophysics<\/i>, 629, 155 \u2013 164.&nbsp;doi:\u00a0<a href=\"http:\/\/dx.doi.org\/10.1016\/j.tecto.2014.04.017\">10.1016\/j.tecto.2014.04.017<\/a>.<\/li>\n<li>Machek M., <strong>Roxerov\u00e1 Z.<\/strong>, Janou\u0161ek V., Stan\u011bk M., Petrovsk\u00fd E., Ren\u00e9 M., (2013). Petrophysical and geochemical constraints on alteration processes in granites. <i>Studia Geophysica et Geodaetica<\/i>, 57, 710 \u2013 740.&nbsp;doi:\u00a0<a href=\"http:\/\/dx.doi.org\/10.1007\/s11200-013-0923-6\">10.1007\/s11200-013-0923-6<\/a>. <a href=\"..\/..\/..\/wp-content\/uploads\/2018\/03\/sgeg2013.pdf\">PDF<\/a> for free download.<\/li>\n<li>Ribeiro \u00a0P., P.&nbsp;F. Silva, P.&nbsp;Moita, Z.\u00a0<strong>Kratinov\u00e1<\/strong>, F. O. Marques, and B. Henry (2013). Palaeomagnetism in the Sines massif (SW Iberia) revisited: evidences for Late Cretaceous hydrothermal alteration and associated partial remagnetization. Geophys. J. Int. 195 (1): 176-191 DOI:<a href=\"http:\/\/gji.oxfordjournals.org\/content\/early\/2013\/07\/30\/gji.ggt261.abstract\">10.1093\/gji\/ggt261<\/a>.<\/li>\n<li><strong>Kratinov\u00e1<\/strong>, Z., Schulmann, K., Edel, J.-B., Tabaud, A.-S. (2012). AMS record of brittle dilation, viscous-stretching and gravity-driven magma ascent in area of magma-rich crustal extension (Vosges Mts., NE France), International Journal of Earth Sciences 101 (3) , pp. 803-817, DOI:\u00a0<a href=\"http:\/\/link.springer.com\/article\/10.1007%2Fs00531-011-0711-x\">10.1007\/s00531-011-0711-x<\/a>.<\/li>\n<li>Silva \u00a0P. F., B. Henry, F. O. Marques, A. Hildenbrand, P.&nbsp;Madureira, C. A. M\u00e9riaux and Z.\u00a0<strong>Kratinov\u00e1<\/strong>\u00a0(2012). Palaeomagnetic study of a&nbsp;subaerial volcanic ridge (S\u00e3o Jorge Island, Azores) for the past 1.3 Myr: Evidence for the Cobb Mountain Subchron, volcano flank instability and tectonomagmatic implications, Geophysical Journal International, Volume 188, Issue 3, Pages 959-978, DOI:\u00a0<a href=\"http:\/\/onlinelibrary.wiley.com\/doi\/10.1111\/j.1365-246X.2011.05320.x\/abstract\">10.1111\/j.1365-246X.2011.05320.x<\/a>.<\/li>\n<li><strong>Kratinov\u00e1<\/strong>, Z., Schulmann.K., Edel, J.B., Tabaud, A.S. (2012) AMS record of brittle dilation, viscous stretching and gravity driven magma ascent in area of magma rich crustal extension (Vosges Mts., NE France). International Journal of Earth Sciences, Volume 101, Issue 3, pp&nbsp;803-817, DOI:\u00a0<a href=\"http:\/\/link.springer.com\/article\/10.1007%2Fs00531-011-0711-x\">10.1007\/s00531-011-0711-x<\/a>.<\/li>\n<li>\u017d\u00e1k J.,\u00a0<strong>Kratinov\u00e1<\/strong>, Z., Trubac J., Janousek V., Slama J., Mrlina J. (2011), Structure, emplacement, and tectonic setting of Late Devonian granitoid plutons in the Tepl\u00e1\u2013Barrandian unit, Bohemian Massif. International Journal of Earth Sciences, Volume 100, Issue 7, pp&nbsp;1477-1495, DOI:\u00a0<a href=\"http:\/\/link.springer.com\/article\/10.1007%2Fs00531-010-0565-7\">10.1007\/s00531-010-0565-7<\/a>.<\/li>\n<li><strong>Kratinova\u00a0<\/strong>Z., Jezek J., Schulmann K., Hrouda F., Shail R.K., Lexa O. (2010). Noncoaxial K-feldspar and AMS subfabrics in the Land&#8217;s&nbsp;End granite, Cornwall: Evidence of magmatic fabric decoupling during late deformation and matrix crystallization. Journal of Geophysical Research-Solid Earth, 115, B09104, DOI:\u00a0<a href=\"http:\/\/onlinelibrary.wiley.com\/doi\/10.1029\/2009JB006714\/abstract\">10.1029\/2009JB006714<\/a>.<\/li>\n<li><strong>Kratinov\u00e1<\/strong>, Z., Z\u00e1vada, P., Machek, M. and Hrouda, F. (2010). AMS record of internal fabric evolution in growing vertical viscous structures. J. Geol Soc India. 75(1), 267-277.<\/li>\n<li>Hrouda, F., Faryad, S.W., Chlup\u00e1\u010dov\u00e1, M., Je\u0159\u00e1bek, P.&nbsp;and\u00a0<strong>Kratinov\u00e1<\/strong>, Z. (2008). Determination of field-independent and field-dependent components of anisotropy of susceptibility through standard AMS measurement in variable low fields II: An example from the ultramafic body and host granulitic rocks at Bory in the Moldanubian Zone of Western Moravia, Czech Republic, Tectonophysics, DOI:\u00a0<a href=\"http:\/\/www.sciencedirect.com\/science\/article\/pii\/S0040195108005015\">10.1016\/j.tecto.2008.10.014<\/a>.<\/li>\n<li>Z\u00e1vada, P.,\u00a0<strong>Kratinov\u00e1<\/strong>, Z., Kusbach, V. and Schulmann, K. (2008). Internal fabric development in complex lava domes, Tectonophysics,\u00a0DOI:\u00a0<a href=\"http:\/\/www.sciencedirect.com\/science\/article\/pii\/S0040195108003296\">10.1016\/ j.tecto.2008.07.005<\/a>.<\/li>\n<li><strong>Kratinov\u00e1<\/strong>, Z., Schulmann.K., Edel, J.B., Je\u017eek, J. and Schaltegger, U. (2007). Model of successive granite sheet emplacement in transtensional setting: Integrated microstructural and anisotropy of magnetic susceptibility study. Tectonics, 26, TC6003, DOI:\u00a0<a href=\"http:\/\/onlinelibrary.wiley.com\/doi\/10.1029\/2006TC002035\/abstract\">10.1029\/2006TC002035<\/a>.<\/li>\n<li><strong>Kratinov\u00e1<\/strong>, Z., Z\u00e1vada, P., Hrouda, F. and Schulmann, K. (2006). Non-scaled analogue modelling of AMS development during viscous flow: A&nbsp;simulation on diapir-like structures. Tectonophysics, 418(1-2), 51-61, DOI:\u00a0<a href=\"http:\/\/www.sciencedirect.com\/science\/article\/pii\/S0040195106000485\">10.1016\/j.tecto.2005.12.013<\/a>.<\/li>\n<li><strong>Kratinov\u00e1\u00a0<\/strong>Z., Schulmann K., Hrouda F., and Shail, R. K. (2004). The role of regional tectonics and magma flow coupling versus internal magmatic processes in generating contrasting magmatic state fabrics within the Land\u2019s End granite. Geoscience in south-west England 10.&nbsp;4, p.&nbsp;442 \u2013 448.<\/li>\n<li>\u00a0<\/li>\n<\/ul>\n<p>[\/et_pb_text][\/et_pb_column][et_pb_column type=&#8221;1_3&#8243; _builder_version=&#8221;4.16&#8243; custom_padding=&#8221;|||&#8221; global_colors_info=&#8221;{}&#8221; custom_padding__hover=&#8221;|||&#8221;][et_pb_image src=&#8221;https:\/\/www.ig.cas.cz\/wp-content\/uploads\/2021\/04\/web-zuzanka.jpg&#8221; title_text=&#8221;web zuzanka&#8221; align=&#8221;center&#8221; align_tablet=&#8221;center&#8221; align_phone=&#8221;&#8221; align_last_edited=&#8221;on|desktop&#8221; _builder_version=&#8221;4.16&#8243; global_colors_info=&#8221;{}&#8221;][\/et_pb_image][et_pb_text _builder_version=&#8221;4.27.4&#8243; global_colors_info=&#8221;{}&#8221;]<\/p>\n<h3 style=\"text-align: center;\"><strong>Zuzana Roxerov\u00e1<\/strong><\/h3>\n<p style=\"text-align: center;\">researcher<br \/><a href=\"https:\/\/www.ig.cas.cz\/en\/research\/teams\/tectonic-modelling\/\">Tectonic Modelling<\/a><br \/><a href=\"mailto:roxerova@ig.cas.cz\">roxerova@ig.cas.cz<\/a><br \/>+420&nbsp;267&nbsp;103&nbsp;074<br \/><a href=\"http:\/\/www.researcherid.com\/rid\/H-6394-2014\">ResearcherID<\/a><a href=\"https:\/\/orcid.org\/0000-0002-4379-3026\" target=\"orcid.widget\" rel=\"noopener noreferrer\"><br \/><\/a><img decoding=\"async\" src=\"https:\/\/orcid.org\/sites\/default\/files\/images\/orcid_16x16.png\" alt=\"ORCID iD icon\" \/>\u00a0<a href=\"https:\/\/orcid.org\/0000-0002-4379-3026\">ORCID<\/a><\/p>\n<p>[\/et_pb_text][\/et_pb_column][\/et_pb_row][\/et_pb_section]<\/p>\n","protected":false},"excerpt":{"rendered":"<p>Zuzana Roxerov\u00e1 is researcher at the Institute of Geophysics CAS.Recent projects: CatastRophical dUctile to brittle Shifts in crystal-ricH magmas (CRUSH), (M\u0160MT LUAUS26220)\u00a0 \/ 2026-2029 Perspectives in magnetic fabric interpretation through 3D analysis (GACR 22-12828S)\u00a0\/ 2022-2024Publications Machek, M., Roxerov\u00e1, Z.,\u00a0Kusbach, V., Ku\u010der\u00e1kov\u00e1, M., &amp; Vratislav, S. (2025). Evolution of microstructure and texture in a\u00a0small-scale hightemperature marble [&hellip;]<\/p>\n","protected":false},"author":5,"featured_media":3827,"parent":416,"menu_order":0,"comment_status":"closed","ping_status":"closed","template":"","meta":{"_et_pb_use_builder":"on","_et_pb_old_content":"","_et_gb_content_width":"","footnotes":""},"categories":[],"tags":[127],"class_list":["post-8480","page","type-page","status-publish","has-post-thumbnail","hentry","tag-people-en"],"yoast_head":"<!-- This site is optimized with the Yoast SEO plugin v25.9 - https:\/\/yoast.com\/wordpress\/plugins\/seo\/ -->\n<title>Zuzana Roxerov\u00e1 - Geofyzik\u00e1ln\u00ed \u00fastav Akademie v\u011bd \u010cR, v.v.i.<\/title>\n<meta name=\"robots\" content=\"index, follow, max-snippet:-1, max-image-preview:large, max-video-preview:-1\" \/>\n<link rel=\"canonical\" href=\"https:\/\/www.ig.cas.cz\/en\/contact\/staff\/zuzana-roxerova\/\" \/>\n<meta property=\"og:locale\" content=\"en_US\" \/>\n<meta property=\"og:type\" content=\"article\" \/>\n<meta property=\"og:title\" content=\"Zuzana Roxerov\u00e1 - Geofyzik\u00e1ln\u00ed \u00fastav Akademie v\u011bd \u010cR, v.v.i.\" \/>\n<meta property=\"og:description\" content=\"Zuzana Roxerov\u00e1 is researcher at the Institute of Geophysics CAS.Recent projects: CatastRophical dUctile to brittle Shifts in crystal-ricH magmas (CRUSH), (M\u0160MT LUAUS26220)\u00a0 \/ 2026-2029 Perspectives in magnetic fabric interpretation through 3D analysis (GACR 22-12828S)\u00a0\/ 2022-2024Publications Machek, M., Roxerov\u00e1, Z.,\u00a0Kusbach, V., Ku\u010der\u00e1kov\u00e1, M., &amp; Vratislav, S. (2025). Evolution of microstructure and texture in a\u00a0small-scale hightemperature marble [&hellip;]\" \/>\n<meta property=\"og:url\" content=\"https:\/\/www.ig.cas.cz\/en\/contact\/staff\/zuzana-roxerova\/\" \/>\n<meta property=\"og:site_name\" content=\"Dom\u016f\" \/>\n<meta property=\"article:publisher\" content=\"https:\/\/www.facebook.com\/GFUAVCR\/\" \/>\n<meta property=\"article:modified_time\" content=\"2026-01-13T11:17:08+00:00\" \/>\n<meta property=\"og:image\" content=\"https:\/\/www.ig.cas.cz\/wp-content\/uploads\/2018\/01\/mapa_geologicka.jpg\" \/>\n\t<meta property=\"og:image:width\" content=\"2500\" \/>\n\t<meta property=\"og:image:height\" content=\"260\" \/>\n\t<meta property=\"og:image:type\" content=\"image\/jpeg\" \/>\n<meta name=\"twitter:card\" content=\"summary_large_image\" \/>\n<meta name=\"twitter:label1\" content=\"Est. reading time\" \/>\n\t<meta name=\"twitter:data1\" content=\"5 minutes\" \/>\n<script type=\"application\/ld+json\" class=\"yoast-schema-graph\">{\"@context\":\"https:\/\/schema.org\",\"@graph\":[{\"@type\":\"WebPage\",\"@id\":\"https:\/\/www.ig.cas.cz\/en\/contact\/staff\/zuzana-roxerova\/\",\"url\":\"https:\/\/www.ig.cas.cz\/en\/contact\/staff\/zuzana-roxerova\/\",\"name\":\"Zuzana Roxerov\u00e1 - Geofyzik\u00e1ln\u00ed \u00fastav Akademie v\u011bd \u010cR, v.v.i.\",\"isPartOf\":{\"@id\":\"https:\/\/www.ig.cas.cz\/#website\"},\"primaryImageOfPage\":{\"@id\":\"https:\/\/www.ig.cas.cz\/en\/contact\/staff\/zuzana-roxerova\/#primaryimage\"},\"image\":{\"@id\":\"https:\/\/www.ig.cas.cz\/en\/contact\/staff\/zuzana-roxerova\/#primaryimage\"},\"thumbnailUrl\":\"https:\/\/www.ig.cas.cz\/wp-content\/uploads\/2018\/01\/mapa_geologicka.jpg\",\"datePublished\":\"2018-02-07T13:57:39+00:00\",\"dateModified\":\"2026-01-13T11:17:08+00:00\",\"breadcrumb\":{\"@id\":\"https:\/\/www.ig.cas.cz\/en\/contact\/staff\/zuzana-roxerova\/#breadcrumb\"},\"inLanguage\":\"en-US\",\"potentialAction\":[{\"@type\":\"ReadAction\",\"target\":[\"https:\/\/www.ig.cas.cz\/en\/contact\/staff\/zuzana-roxerova\/\"]}]},{\"@type\":\"ImageObject\",\"inLanguage\":\"en-US\",\"@id\":\"https:\/\/www.ig.cas.cz\/en\/contact\/staff\/zuzana-roxerova\/#primaryimage\",\"url\":\"https:\/\/www.ig.cas.cz\/wp-content\/uploads\/2018\/01\/mapa_geologicka.jpg\",\"contentUrl\":\"https:\/\/www.ig.cas.cz\/wp-content\/uploads\/2018\/01\/mapa_geologicka.jpg\",\"width\":2500,\"height\":260},{\"@type\":\"BreadcrumbList\",\"@id\":\"https:\/\/www.ig.cas.cz\/en\/contact\/staff\/zuzana-roxerova\/#breadcrumb\",\"itemListElement\":[{\"@type\":\"ListItem\",\"position\":1,\"name\":\"Dom\u016f\",\"item\":\"https:\/\/www.ig.cas.cz\/en\/\"},{\"@type\":\"ListItem\",\"position\":2,\"name\":\"Contacts\",\"item\":\"https:\/\/www.ig.cas.cz\/en\/contact\/\"},{\"@type\":\"ListItem\",\"position\":3,\"name\":\"Staff\",\"item\":\"https:\/\/www.ig.cas.cz\/en\/contact\/staff\/\"},{\"@type\":\"ListItem\",\"position\":4,\"name\":\"Zuzana Roxerov\u00e1\"}]},{\"@type\":\"WebSite\",\"@id\":\"https:\/\/www.ig.cas.cz\/#website\",\"url\":\"https:\/\/www.ig.cas.cz\/\",\"name\":\"Dom\u016f\",\"description\":\"Geofyzik\u00e1ln\u00ed \u00fastav Akademie v\u011bd \u010cR, v.v.i.\",\"potentialAction\":[{\"@type\":\"SearchAction\",\"target\":{\"@type\":\"EntryPoint\",\"urlTemplate\":\"https:\/\/www.ig.cas.cz\/?s={search_term_string}\"},\"query-input\":{\"@type\":\"PropertyValueSpecification\",\"valueRequired\":true,\"valueName\":\"search_term_string\"}}],\"inLanguage\":\"en-US\"}]}<\/script>\n<!-- \/ Yoast SEO plugin. -->","yoast_head_json":{"title":"Zuzana Roxerov\u00e1 - Geofyzik\u00e1ln\u00ed \u00fastav Akademie v\u011bd \u010cR, v.v.i.","robots":{"index":"index","follow":"follow","max-snippet":"max-snippet:-1","max-image-preview":"max-image-preview:large","max-video-preview":"max-video-preview:-1"},"canonical":"https:\/\/www.ig.cas.cz\/en\/contact\/staff\/zuzana-roxerova\/","og_locale":"en_US","og_type":"article","og_title":"Zuzana Roxerov\u00e1 - Geofyzik\u00e1ln\u00ed \u00fastav Akademie v\u011bd \u010cR, v.v.i.","og_description":"Zuzana Roxerov\u00e1 is researcher at the Institute of Geophysics CAS.Recent projects: CatastRophical dUctile to brittle Shifts in crystal-ricH magmas (CRUSH), (M\u0160MT LUAUS26220)\u00a0 \/ 2026-2029 Perspectives in magnetic fabric interpretation through 3D analysis (GACR 22-12828S)\u00a0\/ 2022-2024Publications Machek, M., Roxerov\u00e1, Z.,\u00a0Kusbach, V., Ku\u010der\u00e1kov\u00e1, M., &amp; Vratislav, S. (2025). Evolution of microstructure and texture in a\u00a0small-scale hightemperature marble [&hellip;]","og_url":"https:\/\/www.ig.cas.cz\/en\/contact\/staff\/zuzana-roxerova\/","og_site_name":"Dom\u016f","article_publisher":"https:\/\/www.facebook.com\/GFUAVCR\/","article_modified_time":"2026-01-13T11:17:08+00:00","og_image":[{"width":2500,"height":260,"url":"https:\/\/www.ig.cas.cz\/wp-content\/uploads\/2018\/01\/mapa_geologicka.jpg","type":"image\/jpeg"}],"twitter_card":"summary_large_image","twitter_misc":{"Est. reading time":"5 minutes"},"schema":{"@context":"https:\/\/schema.org","@graph":[{"@type":"WebPage","@id":"https:\/\/www.ig.cas.cz\/en\/contact\/staff\/zuzana-roxerova\/","url":"https:\/\/www.ig.cas.cz\/en\/contact\/staff\/zuzana-roxerova\/","name":"Zuzana Roxerov\u00e1 - Geofyzik\u00e1ln\u00ed \u00fastav Akademie v\u011bd \u010cR, v.v.i.","isPartOf":{"@id":"https:\/\/www.ig.cas.cz\/#website"},"primaryImageOfPage":{"@id":"https:\/\/www.ig.cas.cz\/en\/contact\/staff\/zuzana-roxerova\/#primaryimage"},"image":{"@id":"https:\/\/www.ig.cas.cz\/en\/contact\/staff\/zuzana-roxerova\/#primaryimage"},"thumbnailUrl":"https:\/\/www.ig.cas.cz\/wp-content\/uploads\/2018\/01\/mapa_geologicka.jpg","datePublished":"2018-02-07T13:57:39+00:00","dateModified":"2026-01-13T11:17:08+00:00","breadcrumb":{"@id":"https:\/\/www.ig.cas.cz\/en\/contact\/staff\/zuzana-roxerova\/#breadcrumb"},"inLanguage":"en-US","potentialAction":[{"@type":"ReadAction","target":["https:\/\/www.ig.cas.cz\/en\/contact\/staff\/zuzana-roxerova\/"]}]},{"@type":"ImageObject","inLanguage":"en-US","@id":"https:\/\/www.ig.cas.cz\/en\/contact\/staff\/zuzana-roxerova\/#primaryimage","url":"https:\/\/www.ig.cas.cz\/wp-content\/uploads\/2018\/01\/mapa_geologicka.jpg","contentUrl":"https:\/\/www.ig.cas.cz\/wp-content\/uploads\/2018\/01\/mapa_geologicka.jpg","width":2500,"height":260},{"@type":"BreadcrumbList","@id":"https:\/\/www.ig.cas.cz\/en\/contact\/staff\/zuzana-roxerova\/#breadcrumb","itemListElement":[{"@type":"ListItem","position":1,"name":"Dom\u016f","item":"https:\/\/www.ig.cas.cz\/en\/"},{"@type":"ListItem","position":2,"name":"Contacts","item":"https:\/\/www.ig.cas.cz\/en\/contact\/"},{"@type":"ListItem","position":3,"name":"Staff","item":"https:\/\/www.ig.cas.cz\/en\/contact\/staff\/"},{"@type":"ListItem","position":4,"name":"Zuzana Roxerov\u00e1"}]},{"@type":"WebSite","@id":"https:\/\/www.ig.cas.cz\/#website","url":"https:\/\/www.ig.cas.cz\/","name":"Dom\u016f","description":"Geofyzik\u00e1ln\u00ed \u00fastav Akademie v\u011bd \u010cR, v.v.i.","potentialAction":[{"@type":"SearchAction","target":{"@type":"EntryPoint","urlTemplate":"https:\/\/www.ig.cas.cz\/?s={search_term_string}"},"query-input":{"@type":"PropertyValueSpecification","valueRequired":true,"valueName":"search_term_string"}}],"inLanguage":"en-US"}]}},"_links":{"self":[{"href":"https:\/\/www.ig.cas.cz\/en\/wp-json\/wp\/v2\/pages\/8480","targetHints":{"allow":["GET"]}}],"collection":[{"href":"https:\/\/www.ig.cas.cz\/en\/wp-json\/wp\/v2\/pages"}],"about":[{"href":"https:\/\/www.ig.cas.cz\/en\/wp-json\/wp\/v2\/types\/page"}],"author":[{"embeddable":true,"href":"https:\/\/www.ig.cas.cz\/en\/wp-json\/wp\/v2\/users\/5"}],"replies":[{"embeddable":true,"href":"https:\/\/www.ig.cas.cz\/en\/wp-json\/wp\/v2\/comments?post=8480"}],"version-history":[{"count":4,"href":"https:\/\/www.ig.cas.cz\/en\/wp-json\/wp\/v2\/pages\/8480\/revisions"}],"predecessor-version":[{"id":43099,"href":"https:\/\/www.ig.cas.cz\/en\/wp-json\/wp\/v2\/pages\/8480\/revisions\/43099"}],"up":[{"embeddable":true,"href":"https:\/\/www.ig.cas.cz\/en\/wp-json\/wp\/v2\/pages\/416"}],"wp:featuredmedia":[{"embeddable":true,"href":"https:\/\/www.ig.cas.cz\/en\/wp-json\/wp\/v2\/media\/3827"}],"wp:attachment":[{"href":"https:\/\/www.ig.cas.cz\/en\/wp-json\/wp\/v2\/media?parent=8480"}],"wp:term":[{"taxonomy":"category","embeddable":true,"href":"https:\/\/www.ig.cas.cz\/en\/wp-json\/wp\/v2\/categories?post=8480"},{"taxonomy":"post_tag","embeddable":true,"href":"https:\/\/www.ig.cas.cz\/en\/wp-json\/wp\/v2\/tags?post=8480"}],"curies":[{"name":"wp","href":"https:\/\/api.w.org\/{rel}","templated":true}]}}