{"id":8836,"date":"2018-03-07T14:52:41","date_gmt":"2018-03-07T13:52:41","guid":{"rendered":"https:\/\/www.ig.cas.cz\/?page_id=8836"},"modified":"2024-01-30T09:40:33","modified_gmt":"2024-01-30T08:40:33","slug":"jan-zednik","status":"publish","type":"page","link":"https:\/\/www.ig.cas.cz\/en\/contact\/staff\/jan-zednik\/","title":{"rendered":"Jan Zedn\u00edk"},"content":{"rendered":"<p>[et_pb_section fb_built=&#8221;1&#8243; _builder_version=&#8221;4.16&#8243; custom_padding=&#8221;0px|0px|0px|0px&#8221; global_colors_info=&#8221;{}&#8221;][et_pb_row column_structure=&#8221;2_3,1_3&#8243; _builder_version=&#8221;4.16&#8243; background_size=&#8221;initial&#8221; background_position=&#8221;top_left&#8221; background_repeat=&#8221;repeat&#8221; custom_padding=&#8221;15px|0px|0.95001220703125px|0px&#8221; global_colors_info=&#8221;{}&#8221;][et_pb_column type=&#8221;2_3&#8243; _builder_version=&#8221;4.16&#8243; custom_padding=&#8221;|||&#8221; global_colors_info=&#8221;{}&#8221; custom_padding__hover=&#8221;|||&#8221;][et_pb_text _builder_version=&#8221;4.16&#8243; global_colors_info=&#8221;{}&#8221;]<\/p>\n<p><strong>RNDr. Jan Zedn\u00edk<\/strong> (1953) graduated at\u00a0the Faculty of Science of the Charles University in Prague. He has been working since\u00a01979\u00a0in the Department of Seismology\u00a0on data analysis,\u00a0archiving and international data exchange.\u00a0He defended the\u00a0RNDr title in 1983. Jan is the Head of the seismological service. Since the 90&#8217;s&nbsp;he&#8217;s&nbsp;the member of the ExeCom of the European Data Center\u00a0ORFEUS and the representative of the Institute of Geophysics at the European-Mediterranean Data Center\u00a0(EMSC).<\/p>\n<p>[\/et_pb_text][\/et_pb_column][et_pb_column type=&#8221;1_3&#8243; _builder_version=&#8221;4.16&#8243; custom_padding=&#8221;|||&#8221; global_colors_info=&#8221;{}&#8221; custom_padding__hover=&#8221;|||&#8221;][et_pb_image src=&#8221;https:\/\/www.ig.cas.cz\/wp-content\/uploads\/2019\/09\/jz1_autor_akademie-ved_web.jpg&#8221; title_text=&#8221;JZ1_autor_Akademie ved_web&#8221; align=&#8221;center&#8221; align_tablet=&#8221;center&#8221; align_phone=&#8221;&#8221; align_last_edited=&#8221;on|desktop&#8221; _builder_version=&#8221;4.16&#8243; max_width=&#8221;88%&#8221; global_colors_info=&#8221;{}&#8221;]\u00a0<br \/>\n[\/et_pb_image][et_pb_text _builder_version=&#8221;4.23.1&#8243; hover_enabled=&#8221;0&#8243; global_colors_info=&#8221;{}&#8221; sticky_enabled=&#8221;0&#8243;]<\/p>\n<h3 style=\"text-align: center;\">RNDr. <strong>Jan Zedn\u00edk<\/strong><\/h3>\n<p style=\"text-align: center;\">researcher<br \/><a href=\"https:\/\/www.ig.cas.cz\/en\/research\/teams\/earth-observatories\/\">Earth Observatories<\/a><br \/><a href=\"mailto:jzd@ig.cas.cz\">jzd@ig.cas.cz<\/a><br \/>+420&nbsp;267&nbsp;103&nbsp;015<br \/>Office 005<br \/><a style=\"font-size: 16px; vertical-align: top;\" href=\"https:\/\/orcid.org\/0000-0002-0632-0211\" target=\"orcid.widget\" rel=\"noopener noreferrer\"><img decoding=\"async\" style=\"width: 1em; margin-right: .5em;\" src=\"https:\/\/orcid.org\/sites\/default\/files\/images\/orcid_16x16.png\" alt=\"ORCID iD icon\" \/><\/a><a href=\"https:\/\/orcid.org\/0000-0002-0376-778X\">ORCID<\/a><\/p>\n<p>[\/et_pb_text][\/et_pb_column][\/et_pb_row][et_pb_row column_structure=&#8221;1_2,1_2&#8243; _builder_version=&#8221;4.16&#8243; custom_padding=&#8221;18.51995849609375px|0px|0px|0px&#8221; global_colors_info=&#8221;{}&#8221;][et_pb_column type=&#8221;1_2&#8243; _builder_version=&#8221;4.16&#8243; custom_padding=&#8221;|||&#8221; global_colors_info=&#8221;{}&#8221; custom_padding__hover=&#8221;|||&#8221;][et_pb_text _builder_version=&#8221;4.16&#8243; global_colors_info=&#8221;{}&#8221;]<\/p>\n<h3><strong>Selected publications<\/strong><\/h3>\n<ul>\n<li><strong>Zedn\u00edk, J.,\u00a0<\/strong>Pazd\u00edrkov\u00e1, J., 2014. Seismic Activity in the Czech Republic in 2012. Studia geophys. et geod., 58, 342-348.<\/li>\n<li><strong>Zedn\u00edk, J.<\/strong>, Bou\u0161kov\u00e1,\u00a0Pazd\u00edrkov\u00e1, J., 2013. Seismic Activity in the Czech Republic in 2011. Studia geophys. et geod., 57, 535-542.<\/li>\n<li><strong>Zedn\u00edk, J., <\/strong>Pazd\u00edrkov\u00e1, J., 2013. Seismic Activity in the Czech Republic in 2010. Studia geophys. et geod., 57, 332-337.<\/li>\n<li>Chum, J., Hru\u0161ka, F., <strong>Zedn\u00edk, J.<\/strong>, La\u0161tovi\u010dka, J., 2012. Ionospheric disturbances (infrasound waves) over the Czech Republic excited by the 2011 Tohoku earthquake, <em>Journal of Geophysical Research<\/em>, 117, <a href=\"http:\/\/dx.doi.org\/10.1029\/2012JA017767\">10.1029\/2012JA017767<\/a>.<\/li>\n<li>La\u0161tovi\u010dka, J., Ba\u0161e, J., Hru\u0161ka, F., Chum, J., \u0160indel\u00e1\u0159ov\u00e1, T., Hor\u00e1lek, J., <strong>Zedn\u00edk, J., <\/strong>Krasnov, V., 2010. Simultaneous infrasonic, seismic, magnetic and ionospheric observations in an earthqauke epicentre. Journal od atmospheric and solar-terrestrial physics, 72, 1231-1240. Zedn\u00edk, J., Pazd\u00edrkov\u00e1, J., 2012. Seismic Activity in the Czech Republic in 2009. Studia geophys. et geod., 56, 299-305.<\/li>\n<li><strong>Zedn\u00edk, J.<\/strong>, Pazd\u00edrkov\u00e1, J., 2010. Seismic Activity in the Czech Republic in 2008. Studia geophys. et geod., 54, 333-338.<\/li>\n<li><strong>Zedn\u00edk, J.<\/strong>, Pazd\u00edrkov\u00e1, J., 2009. Seismic Activity in the Czech Republic in 2007. Studia geophys. et geod., 53, 269-274.<\/li>\n<li>Dost, B., <strong>Zednik, J.<\/strong>, Havskov, J., New Manual of Seismological Observatory Practice (NMSOP). Chapter 10: Seismic Data Formats, Archival and Exchange.<\/li>\n<li>Geissler W.H., K\u00e4mpf H., Kind R., Br\u00e4uer K., Klinge K., Plenefisch T., Hor\u00e1lek J., <strong>Zedn\u00edk J.<\/strong> and Nehybka V., 2005. Seismic structure and location of a&nbsp;CO2 source in the upper mantle of the western Eger (Oh\u0159e) Rift, central Europe. Tectonics, 24, TC5001, doi:10.1029\/2004TC001672, 23 pp.<\/li>\n<li>Geissler W.H., K\u00e4mpf H., Kind R., Br\u00e4uer K., Klinge K., Plenefisch T., Hor\u00e1lek J., <strong>Zedn\u00edk J.<\/strong> and Nehybka V., 2005. Seismic structure and location of a&nbsp;CO2 source in the upper mantle of the western Eger (Oh\u0159e) Rift, central Europe. Tectonics, 24, TC5001, doi:10.1029\/2004TC001672, 23 pp.<\/li>\n<li>Choy G.,\u00a0<strong>Zedn\u00edk J.<\/strong>, 1997. The rupture process of the Manjil, Iran earthquake of 20 June 1990 and implications for intraplate strike-slip earthquakes. Studia geoph.et geod., 41, 45-63<\/li>\n<\/ul>\n<p>[\/et_pb_text][\/et_pb_column][et_pb_column type=&#8221;1_2&#8243; _builder_version=&#8221;4.16&#8243; custom_padding=&#8221;|||&#8221; global_colors_info=&#8221;{}&#8221; custom_padding__hover=&#8221;|||&#8221;][\/et_pb_column][\/et_pb_row][\/et_pb_section]<\/p>\n","protected":false},"excerpt":{"rendered":"<p>RNDr. Jan Zedn\u00edk (1953) graduated at\u00a0the Faculty of Science of the Charles University in Prague. He has been working since\u00a01979\u00a0in the Department of Seismology\u00a0on data analysis,\u00a0archiving and international data exchange.\u00a0He defended the\u00a0RNDr title in 1983. Jan is the Head of the seismological service. Since the 90&#8217;s&nbsp;he&#8217;s&nbsp;the member of the ExeCom of the European [&hellip;]<\/p>\n","protected":false},"author":10,"featured_media":12002,"parent":416,"menu_order":0,"comment_status":"closed","ping_status":"closed","template":"","meta":{"_et_pb_use_builder":"on","_et_pb_old_content":"","_et_gb_content_width":"","footnotes":""},"categories":[],"tags":[127],"class_list":["post-8836","page","type-page","status-publish","has-post-thumbnail","hentry","tag-people-en"],"yoast_head":"<!-- This site is optimized with the Yoast SEO plugin v25.9 - https:\/\/yoast.com\/wordpress\/plugins\/seo\/ -->\n<title>Jan Zedn\u00edk - Geofyzik\u00e1ln\u00ed \u00fastav Akademie v\u011bd \u010cR, v.v.i.<\/title>\n<meta name=\"robots\" content=\"index, follow, max-snippet:-1, max-image-preview:large, max-video-preview:-1\" \/>\n<link rel=\"canonical\" href=\"https:\/\/www.ig.cas.cz\/en\/contact\/staff\/jan-zednik\/\" \/>\n<meta property=\"og:locale\" content=\"en_US\" \/>\n<meta property=\"og:type\" content=\"article\" \/>\n<meta property=\"og:title\" content=\"Jan Zedn\u00edk - Geofyzik\u00e1ln\u00ed \u00fastav Akademie v\u011bd \u010cR, v.v.i.\" \/>\n<meta property=\"og:description\" content=\"RNDr. Jan Zedn\u00edk (1953) graduated at\u00a0the Faculty of Science of the Charles University in Prague. He has been working since\u00a01979\u00a0in the Department of Seismology\u00a0on data analysis,\u00a0archiving and international data exchange.\u00a0He defended the\u00a0RNDr title in 1983. Jan is the Head of the seismological service. Since the 90&#039;s he&#039;s the member of the ExeCom of the European [&hellip;]\" \/>\n<meta property=\"og:url\" content=\"https:\/\/www.ig.cas.cz\/en\/contact\/staff\/jan-zednik\/\" \/>\n<meta property=\"og:site_name\" content=\"Dom\u016f\" \/>\n<meta property=\"article:publisher\" content=\"https:\/\/www.facebook.com\/GFUAVCR\/\" \/>\n<meta property=\"article:modified_time\" content=\"2024-01-30T08:40:33+00:00\" \/>\n<meta property=\"og:image\" content=\"https:\/\/www.ig.cas.cz\/wp-content\/uploads\/2018\/01\/mapa_geologicka.jpg\" \/>\n\t<meta property=\"og:image:width\" content=\"2500\" \/>\n\t<meta property=\"og:image:height\" content=\"260\" \/>\n\t<meta property=\"og:image:type\" content=\"image\/jpeg\" \/>\n<meta name=\"twitter:card\" content=\"summary_large_image\" \/>\n<meta name=\"twitter:label1\" content=\"Est. reading time\" \/>\n\t<meta name=\"twitter:data1\" content=\"3 minutes\" \/>\n<script type=\"application\/ld+json\" class=\"yoast-schema-graph\">{\"@context\":\"https:\/\/schema.org\",\"@graph\":[{\"@type\":\"WebPage\",\"@id\":\"https:\/\/www.ig.cas.cz\/en\/contact\/staff\/jan-zednik\/\",\"url\":\"https:\/\/www.ig.cas.cz\/en\/contact\/staff\/jan-zednik\/\",\"name\":\"Jan Zedn\u00edk - Geofyzik\u00e1ln\u00ed \u00fastav Akademie v\u011bd \u010cR, v.v.i.\",\"isPartOf\":{\"@id\":\"https:\/\/www.ig.cas.cz\/#website\"},\"primaryImageOfPage\":{\"@id\":\"https:\/\/www.ig.cas.cz\/en\/contact\/staff\/jan-zednik\/#primaryimage\"},\"image\":{\"@id\":\"https:\/\/www.ig.cas.cz\/en\/contact\/staff\/jan-zednik\/#primaryimage\"},\"thumbnailUrl\":\"https:\/\/www.ig.cas.cz\/wp-content\/uploads\/2018\/01\/mapa_geologicka.jpg\",\"datePublished\":\"2018-03-07T13:52:41+00:00\",\"dateModified\":\"2024-01-30T08:40:33+00:00\",\"breadcrumb\":{\"@id\":\"https:\/\/www.ig.cas.cz\/en\/contact\/staff\/jan-zednik\/#breadcrumb\"},\"inLanguage\":\"en-US\",\"potentialAction\":[{\"@type\":\"ReadAction\",\"target\":[\"https:\/\/www.ig.cas.cz\/en\/contact\/staff\/jan-zednik\/\"]}]},{\"@type\":\"ImageObject\",\"inLanguage\":\"en-US\",\"@id\":\"https:\/\/www.ig.cas.cz\/en\/contact\/staff\/jan-zednik\/#primaryimage\",\"url\":\"https:\/\/www.ig.cas.cz\/wp-content\/uploads\/2018\/01\/mapa_geologicka.jpg\",\"contentUrl\":\"https:\/\/www.ig.cas.cz\/wp-content\/uploads\/2018\/01\/mapa_geologicka.jpg\",\"width\":2500,\"height\":260},{\"@type\":\"BreadcrumbList\",\"@id\":\"https:\/\/www.ig.cas.cz\/en\/contact\/staff\/jan-zednik\/#breadcrumb\",\"itemListElement\":[{\"@type\":\"ListItem\",\"position\":1,\"name\":\"Dom\u016f\",\"item\":\"https:\/\/www.ig.cas.cz\/en\/\"},{\"@type\":\"ListItem\",\"position\":2,\"name\":\"Contacts\",\"item\":\"https:\/\/www.ig.cas.cz\/en\/contact\/\"},{\"@type\":\"ListItem\",\"position\":3,\"name\":\"Staff\",\"item\":\"https:\/\/www.ig.cas.cz\/en\/contact\/staff\/\"},{\"@type\":\"ListItem\",\"position\":4,\"name\":\"Jan Zedn\u00edk\"}]},{\"@type\":\"WebSite\",\"@id\":\"https:\/\/www.ig.cas.cz\/#website\",\"url\":\"https:\/\/www.ig.cas.cz\/\",\"name\":\"Dom\u016f\",\"description\":\"Geofyzik\u00e1ln\u00ed \u00fastav Akademie v\u011bd \u010cR, v.v.i.\",\"potentialAction\":[{\"@type\":\"SearchAction\",\"target\":{\"@type\":\"EntryPoint\",\"urlTemplate\":\"https:\/\/www.ig.cas.cz\/?s={search_term_string}\"},\"query-input\":{\"@type\":\"PropertyValueSpecification\",\"valueRequired\":true,\"valueName\":\"search_term_string\"}}],\"inLanguage\":\"en-US\"}]}<\/script>\n<!-- \/ Yoast SEO plugin. -->","yoast_head_json":{"title":"Jan Zedn\u00edk - Geofyzik\u00e1ln\u00ed \u00fastav Akademie v\u011bd \u010cR, v.v.i.","robots":{"index":"index","follow":"follow","max-snippet":"max-snippet:-1","max-image-preview":"max-image-preview:large","max-video-preview":"max-video-preview:-1"},"canonical":"https:\/\/www.ig.cas.cz\/en\/contact\/staff\/jan-zednik\/","og_locale":"en_US","og_type":"article","og_title":"Jan Zedn\u00edk - Geofyzik\u00e1ln\u00ed \u00fastav Akademie v\u011bd \u010cR, v.v.i.","og_description":"RNDr. Jan Zedn\u00edk (1953) graduated at\u00a0the Faculty of Science of the Charles University in Prague. He has been working since\u00a01979\u00a0in the Department of Seismology\u00a0on data analysis,\u00a0archiving and international data exchange.\u00a0He defended the\u00a0RNDr title in 1983. Jan is the Head of the seismological service. Since the 90's he's the member of the ExeCom of the European [&hellip;]","og_url":"https:\/\/www.ig.cas.cz\/en\/contact\/staff\/jan-zednik\/","og_site_name":"Dom\u016f","article_publisher":"https:\/\/www.facebook.com\/GFUAVCR\/","article_modified_time":"2024-01-30T08:40:33+00:00","og_image":[{"width":2500,"height":260,"url":"https:\/\/www.ig.cas.cz\/wp-content\/uploads\/2018\/01\/mapa_geologicka.jpg","type":"image\/jpeg"}],"twitter_card":"summary_large_image","twitter_misc":{"Est. reading time":"3 minutes"},"schema":{"@context":"https:\/\/schema.org","@graph":[{"@type":"WebPage","@id":"https:\/\/www.ig.cas.cz\/en\/contact\/staff\/jan-zednik\/","url":"https:\/\/www.ig.cas.cz\/en\/contact\/staff\/jan-zednik\/","name":"Jan Zedn\u00edk - Geofyzik\u00e1ln\u00ed \u00fastav Akademie v\u011bd \u010cR, v.v.i.","isPartOf":{"@id":"https:\/\/www.ig.cas.cz\/#website"},"primaryImageOfPage":{"@id":"https:\/\/www.ig.cas.cz\/en\/contact\/staff\/jan-zednik\/#primaryimage"},"image":{"@id":"https:\/\/www.ig.cas.cz\/en\/contact\/staff\/jan-zednik\/#primaryimage"},"thumbnailUrl":"https:\/\/www.ig.cas.cz\/wp-content\/uploads\/2018\/01\/mapa_geologicka.jpg","datePublished":"2018-03-07T13:52:41+00:00","dateModified":"2024-01-30T08:40:33+00:00","breadcrumb":{"@id":"https:\/\/www.ig.cas.cz\/en\/contact\/staff\/jan-zednik\/#breadcrumb"},"inLanguage":"en-US","potentialAction":[{"@type":"ReadAction","target":["https:\/\/www.ig.cas.cz\/en\/contact\/staff\/jan-zednik\/"]}]},{"@type":"ImageObject","inLanguage":"en-US","@id":"https:\/\/www.ig.cas.cz\/en\/contact\/staff\/jan-zednik\/#primaryimage","url":"https:\/\/www.ig.cas.cz\/wp-content\/uploads\/2018\/01\/mapa_geologicka.jpg","contentUrl":"https:\/\/www.ig.cas.cz\/wp-content\/uploads\/2018\/01\/mapa_geologicka.jpg","width":2500,"height":260},{"@type":"BreadcrumbList","@id":"https:\/\/www.ig.cas.cz\/en\/contact\/staff\/jan-zednik\/#breadcrumb","itemListElement":[{"@type":"ListItem","position":1,"name":"Dom\u016f","item":"https:\/\/www.ig.cas.cz\/en\/"},{"@type":"ListItem","position":2,"name":"Contacts","item":"https:\/\/www.ig.cas.cz\/en\/contact\/"},{"@type":"ListItem","position":3,"name":"Staff","item":"https:\/\/www.ig.cas.cz\/en\/contact\/staff\/"},{"@type":"ListItem","position":4,"name":"Jan Zedn\u00edk"}]},{"@type":"WebSite","@id":"https:\/\/www.ig.cas.cz\/#website","url":"https:\/\/www.ig.cas.cz\/","name":"Dom\u016f","description":"Geofyzik\u00e1ln\u00ed \u00fastav Akademie v\u011bd \u010cR, v.v.i.","potentialAction":[{"@type":"SearchAction","target":{"@type":"EntryPoint","urlTemplate":"https:\/\/www.ig.cas.cz\/?s={search_term_string}"},"query-input":{"@type":"PropertyValueSpecification","valueRequired":true,"valueName":"search_term_string"}}],"inLanguage":"en-US"}]}},"_links":{"self":[{"href":"https:\/\/www.ig.cas.cz\/en\/wp-json\/wp\/v2\/pages\/8836","targetHints":{"allow":["GET"]}}],"collection":[{"href":"https:\/\/www.ig.cas.cz\/en\/wp-json\/wp\/v2\/pages"}],"about":[{"href":"https:\/\/www.ig.cas.cz\/en\/wp-json\/wp\/v2\/types\/page"}],"author":[{"embeddable":true,"href":"https:\/\/www.ig.cas.cz\/en\/wp-json\/wp\/v2\/users\/10"}],"replies":[{"embeddable":true,"href":"https:\/\/www.ig.cas.cz\/en\/wp-json\/wp\/v2\/comments?post=8836"}],"version-history":[{"count":0,"href":"https:\/\/www.ig.cas.cz\/en\/wp-json\/wp\/v2\/pages\/8836\/revisions"}],"up":[{"embeddable":true,"href":"https:\/\/www.ig.cas.cz\/en\/wp-json\/wp\/v2\/pages\/416"}],"wp:featuredmedia":[{"embeddable":true,"href":"https:\/\/www.ig.cas.cz\/en\/wp-json\/wp\/v2\/media\/12002"}],"wp:attachment":[{"href":"https:\/\/www.ig.cas.cz\/en\/wp-json\/wp\/v2\/media?parent=8836"}],"wp:term":[{"taxonomy":"category","embeddable":true,"href":"https:\/\/www.ig.cas.cz\/en\/wp-json\/wp\/v2\/categories?post=8836"},{"taxonomy":"post_tag","embeddable":true,"href":"https:\/\/www.ig.cas.cz\/en\/wp-json\/wp\/v2\/tags?post=8836"}],"curies":[{"name":"wp","href":"https:\/\/api.w.org\/{rel}","templated":true}]}}