{"id":8993,"date":"2018-03-07T20:14:31","date_gmt":"2018-03-07T19:14:31","guid":{"rendered":"https:\/\/www.ig.cas.cz\/?page_id=8993"},"modified":"2021-01-21T21:17:18","modified_gmt":"2021-01-21T20:17:18","slug":"stress-inverse","status":"publish","type":"page","link":"https:\/\/www.ig.cas.cz\/en\/stress-inverse\/","title":{"rendered":"STRESSINVERSE package: joint inversion for stress and fault orientations from focal mechanisms"},"content":{"rendered":"<p>[et_pb_section fb_built=&#8221;1&#8243; _builder_version=&#8221;3.22&#8243;][et_pb_row _builder_version=&#8221;3.25&#8243; background_size=&#8221;initial&#8221; background_position=&#8221;top_left&#8221; background_repeat=&#8221;repeat&#8221;][et_pb_column type=&#8221;4_4&#8243; _builder_version=&#8221;3.25&#8243; custom_padding=&#8221;|||&#8221; custom_padding__hover=&#8221;|||&#8221;][et_pb_image src=&#8221;https:\/\/www.ig.cas.cz\/wp-content\/uploads\/2018\/01\/stressinverse_logo.png&#8221; align_tablet=&#8221;center&#8221; align_phone=&#8221;&#8221; align_last_edited=&#8221;on|desktop&#8221; _builder_version=&#8221;3.23&#8243; always_center_on_mobile=&#8221;on&#8221;][\/et_pb_image][et_pb_text _builder_version=&#8221;4.6.0&#8243;]<\/p>\n<p>Version 1.1.3, last update 23.11.2020 (Python version included)<\/p>\n<h3>Author<\/h3>\n<p>V\u00e1clav Vavry\u010duk (vv@ig.cas.cz)<\/p>\n<h3>Short description<\/h3>\n<p>STRESSINVERSE is a&nbsp;Matlab or Python software package for an iterative joint inversion for stress and fault orientations from focal mechanisms. The Matlab code needs just the Matlab kernel and no toolboxes are required. Corresponding Python code requires matplotlib, numpy, scipy and os modules. The inversion is based on Michael&#8217;s&nbsp;method (1984, 1987) in which an instability criterion proposed by Lund &amp; Slunga (1999) is incorporated.<\/p>\n<p>Details about the method and its accuracy are presented in Vavry\u010duk (2014).<\/p>\n<h3>Primary reference<\/h3>\n<p>Vavry\u010duk, V., 2014. <a href=\"https:\/\/www.ig.cas.cz\/wp-content\/uploads\/2018\/02\/gji2014.pdf\" target=\"_blank\" rel=\"noopener noreferrer\">Iterative joint inversion for stress and fault orientations from focal mechanisms<\/a>, Geophysical Journal International, 199, 69-77, doi: 10.1093\/gji\/ggu224.<\/p>\n<h3>Other references<\/h3>\n<p>Lund, B., Slunga, R., 1999. Stress tensor inversion using detailed microearthquake information and stability constraints: Application to Olfus in southwest Iceland, J. Geophys. Res. 104, 14.947-14.964.<\/p>\n<p>Michael, A.J., 1984. Determination of stress from slip data: Faults and folds, J. Geophys. Res. 89, 11.517-11.526.<\/p>\n<p>Michael, A.J., 1987. Use of focal mechanisms to determine stress: A&nbsp;control study, J. Geophys. Res. 92, 357-368.<\/p>\n<p>Vavry\u010duk, V., 2011. <a href=\"https:\/\/www.ig.cas.cz\/wp-content\/uploads\/2018\/02\/epsl_2011.pdf\" target=\"_blank\" rel=\"noopener noreferrer\">Principal earthquakes:Theory and observations from the 2008 West Bohemia swarm<\/a>, Earth Planet. Sci. Lett., 305, 290-296.<\/p>\n<p>Vavry\u010duk, V., Bouchaala, F., Fischer, T., 2013. <a href=\"https:\/\/www.ig.cas.cz\/wp-content\/uploads\/2018\/02\/tecto2013_vavrycuk_bouchaala_fischer.pdf\" target=\"_blank\" rel=\"noopener noreferrer\">High-resolution fault image from accurate locations and focal mechanisms of the 2008 swarm earthquakes in West Bohemia, Czech Republic<\/a>, Tectonophysics, 590, 189-195.<\/p>\n<h3>Download<\/h3>\n<p>Please fill in the following form. After submitting needed information you will be redirected to download. Both Matlab and Python versions are included in the zip file.<\/p>\n<p>[\/et_pb_text][et_pb_contact_form email=&#8221;vv@ig.cas.cz&#8221; custom_message=&#8221;STRESSINVERSE downloaded by||et_pb_line_break_holder||||et_pb_line_break_holder||%%Name%% %%Surname%%||et_pb_line_break_holder||||et_pb_line_break_holder||email: %%Email%%||et_pb_line_break_holder||affiliation: %%Affiliation%%&#8221; use_redirect=&#8221;on&#8221; redirect_url=&#8221;https:\/\/www.ig.cas.cz\/wp-content\/uploads\/2020\/11\/stressinverse_1.1.3-2.zip&#8221; success_message=&#8221;STRESSINVERSE download should have started, enjoy it!&#8221; submit_button_text=&#8221;Submit&#8221; admin_label=&#8221;Contact Form&#8221; _builder_version=&#8221;4.6.0&#8243;][et_pb_contact_field field_id=&#8221;Name&#8221; field_title=&#8221;Name&#8221; _builder_version=&#8221;3.16&#8243; button_text_size__hover_enabled=&#8221;off&#8221; button_one_text_size__hover_enabled=&#8221;off&#8221; button_two_text_size__hover_enabled=&#8221;off&#8221; button_text_color__hover_enabled=&#8221;off&#8221; button_one_text_color__hover_enabled=&#8221;off&#8221; button_two_text_color__hover_enabled=&#8221;off&#8221; button_border_width__hover_enabled=&#8221;off&#8221; button_one_border_width__hover_enabled=&#8221;off&#8221; button_two_border_width__hover_enabled=&#8221;off&#8221; button_border_color__hover_enabled=&#8221;off&#8221; button_one_border_color__hover_enabled=&#8221;off&#8221; button_two_border_color__hover_enabled=&#8221;off&#8221; button_border_radius__hover_enabled=&#8221;off&#8221; button_one_border_radius__hover_enabled=&#8221;off&#8221; button_two_border_radius__hover_enabled=&#8221;off&#8221; button_letter_spacing__hover_enabled=&#8221;off&#8221; button_one_letter_spacing__hover_enabled=&#8221;off&#8221; button_two_letter_spacing__hover_enabled=&#8221;off&#8221; button_bg_color__hover_enabled=&#8221;off&#8221; button_one_bg_color__hover_enabled=&#8221;off&#8221; button_two_bg_color__hover_enabled=&#8221;off&#8221;][\/et_pb_contact_field][et_pb_contact_field field_id=&#8221;Surname&#8221; field_title=&#8221;Surname&#8221; _builder_version=&#8221;3.16&#8243; button_text_size__hover_enabled=&#8221;off&#8221; button_one_text_size__hover_enabled=&#8221;off&#8221; button_two_text_size__hover_enabled=&#8221;off&#8221; button_text_color__hover_enabled=&#8221;off&#8221; button_one_text_color__hover_enabled=&#8221;off&#8221; button_two_text_color__hover_enabled=&#8221;off&#8221; button_border_width__hover_enabled=&#8221;off&#8221; button_one_border_width__hover_enabled=&#8221;off&#8221; button_two_border_width__hover_enabled=&#8221;off&#8221; button_border_color__hover_enabled=&#8221;off&#8221; button_one_border_color__hover_enabled=&#8221;off&#8221; button_two_border_color__hover_enabled=&#8221;off&#8221; button_border_radius__hover_enabled=&#8221;off&#8221; button_one_border_radius__hover_enabled=&#8221;off&#8221; button_two_border_radius__hover_enabled=&#8221;off&#8221; button_letter_spacing__hover_enabled=&#8221;off&#8221; button_one_letter_spacing__hover_enabled=&#8221;off&#8221; button_two_letter_spacing__hover_enabled=&#8221;off&#8221; button_bg_color__hover_enabled=&#8221;off&#8221; button_one_bg_color__hover_enabled=&#8221;off&#8221; button_two_bg_color__hover_enabled=&#8221;off&#8221;][\/et_pb_contact_field][et_pb_contact_field field_id=&#8221;Email&#8221; field_title=&#8221;E-mail&#8221; field_type=&#8221;email&#8221; _builder_version=&#8221;3.16&#8243; button_text_size__hover_enabled=&#8221;off&#8221; button_one_text_size__hover_enabled=&#8221;off&#8221; button_two_text_size__hover_enabled=&#8221;off&#8221; button_text_color__hover_enabled=&#8221;off&#8221; button_one_text_color__hover_enabled=&#8221;off&#8221; button_two_text_color__hover_enabled=&#8221;off&#8221; button_border_width__hover_enabled=&#8221;off&#8221; button_one_border_width__hover_enabled=&#8221;off&#8221; button_two_border_width__hover_enabled=&#8221;off&#8221; button_border_color__hover_enabled=&#8221;off&#8221; button_one_border_color__hover_enabled=&#8221;off&#8221; button_two_border_color__hover_enabled=&#8221;off&#8221; button_border_radius__hover_enabled=&#8221;off&#8221; button_one_border_radius__hover_enabled=&#8221;off&#8221; button_two_border_radius__hover_enabled=&#8221;off&#8221; button_letter_spacing__hover_enabled=&#8221;off&#8221; button_one_letter_spacing__hover_enabled=&#8221;off&#8221; button_two_letter_spacing__hover_enabled=&#8221;off&#8221; button_bg_color__hover_enabled=&#8221;off&#8221; button_one_bg_color__hover_enabled=&#8221;off&#8221; button_two_bg_color__hover_enabled=&#8221;off&#8221;][\/et_pb_contact_field][et_pb_contact_field field_id=&#8221;Affiliation&#8221; field_title=&#8221;Affiliation&#8221; _builder_version=&#8221;3.16&#8243; button_text_size__hover_enabled=&#8221;off&#8221; button_one_text_size__hover_enabled=&#8221;off&#8221; button_two_text_size__hover_enabled=&#8221;off&#8221; button_text_color__hover_enabled=&#8221;off&#8221; button_one_text_color__hover_enabled=&#8221;off&#8221; button_two_text_color__hover_enabled=&#8221;off&#8221; button_border_width__hover_enabled=&#8221;off&#8221; button_one_border_width__hover_enabled=&#8221;off&#8221; button_two_border_width__hover_enabled=&#8221;off&#8221; button_border_color__hover_enabled=&#8221;off&#8221; button_one_border_color__hover_enabled=&#8221;off&#8221; button_two_border_color__hover_enabled=&#8221;off&#8221; button_border_radius__hover_enabled=&#8221;off&#8221; button_one_border_radius__hover_enabled=&#8221;off&#8221; button_two_border_radius__hover_enabled=&#8221;off&#8221; button_letter_spacing__hover_enabled=&#8221;off&#8221; button_one_letter_spacing__hover_enabled=&#8221;off&#8221; button_two_letter_spacing__hover_enabled=&#8221;off&#8221; button_bg_color__hover_enabled=&#8221;off&#8221; button_one_bg_color__hover_enabled=&#8221;off&#8221; button_two_bg_color__hover_enabled=&#8221;off&#8221;][\/et_pb_contact_field][et_pb_contact_field field_id=&#8221;potvrzeni&#8221; field_title=&#8221;claim&#8221; field_type=&#8221;checkbox&#8221; checkbox_options=&#8221;%91{%22value%22:%22I claim that the downloaded software will be used for non-commercial purposes only.%22,%22checked%22:0,%22dragID%22:-1}%93&#8243; fullwidth_field=&#8221;on&#8221; _builder_version=&#8221;4.0.7&#8243; button_text_size__hover_enabled=&#8221;off&#8221; button_one_text_size__hover_enabled=&#8221;off&#8221; button_two_text_size__hover_enabled=&#8221;off&#8221; button_text_color__hover_enabled=&#8221;off&#8221; button_one_text_color__hover_enabled=&#8221;off&#8221; button_two_text_color__hover_enabled=&#8221;off&#8221; button_border_width__hover_enabled=&#8221;off&#8221; button_one_border_width__hover_enabled=&#8221;off&#8221; button_two_border_width__hover_enabled=&#8221;off&#8221; button_border_color__hover_enabled=&#8221;off&#8221; button_one_border_color__hover_enabled=&#8221;off&#8221; button_two_border_color__hover_enabled=&#8221;off&#8221; button_border_radius__hover_enabled=&#8221;off&#8221; button_one_border_radius__hover_enabled=&#8221;off&#8221; button_two_border_radius__hover_enabled=&#8221;off&#8221; button_letter_spacing__hover_enabled=&#8221;off&#8221; button_one_letter_spacing__hover_enabled=&#8221;off&#8221; button_two_letter_spacing__hover_enabled=&#8221;off&#8221; button_bg_color__hover_enabled=&#8221;off&#8221; button_one_bg_color__hover_enabled=&#8221;off&#8221; button_two_bg_color__hover_enabled=&#8221;off&#8221;][\/et_pb_contact_field][\/et_pb_contact_form][et_pb_text _builder_version=&#8221;4.6.0&#8243; hover_enabled=&#8221;0&#8243; sticky_enabled=&#8221;0&#8243;]<\/p>\n<h3>User guide<\/h3>\n<p>The software is structured in the following directories:<strong> Data, Documentation, Figures, Output, Programs<\/strong>.<\/p>\n<h4>Run the code<\/h4>\n<p>The stress inversion is run by a&nbsp;script called <strong>StressInverse.m<\/strong> in the Programs_MATLAB directory or <strong>StressInverse.py<\/strong> in the Programs_PYTHON directory.<\/p>\n<h4>Control parameters<\/h4>\n<p>Parameters controlling the inversion are defined in the script called Data\/<strong>input_parameters.m<\/strong> or Programs_PYTHON\/<strong>Input_parameters.py<\/strong>. The main control parameters are:<\/p>\n<ul>\n<li><strong>input_file<\/strong> (the name of the input data),<\/li>\n<li><strong>output_file<\/strong> (the name of the file with the results),<\/li>\n<li><strong>principal_mechanism_file<\/strong> (the name of the file with calculated principal focal mechanisms),<\/li>\n<li><strong>N_noise_realizations<\/strong> (number of realizations of random noise for accuracy estimates),<\/li>\n<li><strong>mean_deviation<\/strong> (estimate of accuracy of input focal mechanisms in degrees).<\/li>\n<\/ul>\n<h4>Input data<\/h4>\n<p>Input focal mechanisms should be stored in the Data directory. The conjugate solutions can be mixed randomly. The strike and dip angles need not describe the orientation of true fault planes.<\/p>\n<p>The name of the input file is defined in <strong>input_parameters.m<\/strong> (or <strong>Input_parameters.py<\/strong>).<\/p>\n<p>The input data are formed by three columns:<\/p>\n<ul>\n<li>strike (1st column), dip (2nd column), rake (3rd column).<\/li>\n<\/ul>\n<h4>Output<\/h4>\n<p>Two output files are stored in the Output directory. They have an extension &#8216;.mat&#8217; and &#8216;.dat&#8217;.<\/p>\n<p>The &#8216;.mat&#8217; output file includes:<\/p>\n<p>sigma_1, sigma_2 and sigma_3 (azimuth and plunge of principal stress directions),<br \/>shape ratio,<br \/>mechanisms (strike, dip and rake of focal mechanisms with a&nbsp;correctly selected fault plane),<br \/>principal_mechanisms (strike, dip and rake of two principal focal mechanisms found for the retrieved optimum stress tensor),<br \/>friction (mean friction on the faults).<\/p>\n<p>The &#8216;.dat&#8217; output file is the ASCII file and contains three columns with:<\/p>\n<ul>\n<li>strike, dip, rake<br \/>These angles describe the focal mechanisms with fault orientations determined by the code.<\/li>\n<\/ul>\n<p>Additionally, an ASCII file with two principal focal mechanisms calculated for the found optimum stress tensor is created. The file contains two rows (each row for one principal focal mechanism) with the following angles:<\/p>\n<ul>\n<li>strike, dip, rake<\/li>\n<\/ul>\n<h4>Figures<\/h4>\n<p>Figures are stored in the <strong>Figures<\/strong> directory.<\/p>\n<p>The code generates the following figures:<\/p>\n<ul>\n<li><strong>P_T_axes.png<\/strong> (focal sphere with the P and T axes and with the optimum principal stress axes),<\/li>\n<li><strong>Mohr_circles.png<\/strong> (Mohr&#8217;s&nbsp;circles with fault planes),<\/li>\n<li><strong>stress_directions.png<\/strong> (confidence limits of the principal stress axes),<\/li>\n<li><strong>shape_ratio.png<\/strong> (histogram of the shape ratio).<\/li>\n<\/ul>\n<h4>Example<\/h4>\n<p>As an example, we provide the input file called <strong>&#8216;West_Bohemia_mechanisms.dat&#8217;<\/strong> with focal mechanisms from the West Bohemia swarm area (for the analysis of these data, see Vavry\u010duk 2014). The output files are called <strong>&#8216;West_Bohemia_output.mat&#8217;<\/strong>, <strong>&#8216;West_Bohemia_output.dat&#8217;<\/strong> and <strong>&#8216;West_Bohemia_principal_mechanisms.dat&#8217;<\/strong>.<\/p>\n<p>To run the inversion just call <strong>&#8216;StressInverse.m&#8217;<\/strong> in Matlab or <strong>&#8216;StressInverse.py&#8217;<\/strong> in Python.<\/p>\n<h4>Python code<\/h4>\n<p>The Python codes are saved with DOS newlines (CRLF), you can use _dos2linux.sh code to convert them to have Unix newlines (LF).<br \/>You need to have installed these python libraries:<br \/>matplotlib, numpy, scipy, os<br \/>Codes were tested on both Windows and Linux systems, Python 2.7 and 3.5, Python and IPython shells.<\/p>\n<h4>Copyright<\/h4>\n<p>The code can be freely used for research purposes. In the case of publishing the results obtained by this code, please, refer to the paper of Vavry\u010duk (2014). If you intend to use the code for commercial purposes, you should contact the author (vv@ig.cas.cz) for providing with the commercial licence. The use of the software for commercial purposes with no commercial licence is prohibited.<\/p>\n<p>[\/et_pb_text][\/et_pb_column][\/et_pb_row][\/et_pb_section]<\/p>\n","protected":false},"excerpt":{"rendered":"<p>Version 1.1.3, last update 23.11.2020 (Python version included) Author V\u00e1clav Vavry\u010duk (vv@ig.cas.cz) Short description STRESSINVERSE is a&nbsp;Matlab or Python software package for an iterative joint inversion for stress and fault orientations from focal mechanisms. The Matlab code needs just the Matlab kernel and no toolboxes are required. Corresponding Python code requires matplotlib, numpy, scipy [&hellip;]<\/p>\n","protected":false},"author":9,"featured_media":4969,"parent":0,"menu_order":0,"comment_status":"closed","ping_status":"closed","template":"","meta":{"_et_pb_use_builder":"on","_et_pb_old_content":"","_et_gb_content_width":"","footnotes":""},"categories":[],"tags":[],"class_list":["post-8993","page","type-page","status-publish","has-post-thumbnail","hentry"],"yoast_head":"<!-- This site is optimized with the Yoast SEO plugin v25.9 - https:\/\/yoast.com\/wordpress\/plugins\/seo\/ -->\n<title>STRESSINVERSE package: joint inversion for stress and fault orientations from focal mechanisms - Geofyzik\u00e1ln\u00ed \u00fastav Akademie v\u011bd \u010cR, v.v.i.<\/title>\n<meta name=\"robots\" content=\"index, follow, max-snippet:-1, max-image-preview:large, max-video-preview:-1\" \/>\n<link rel=\"canonical\" href=\"https:\/\/www.ig.cas.cz\/en\/stress-inverse\/\" \/>\n<meta property=\"og:locale\" content=\"en_US\" \/>\n<meta property=\"og:type\" content=\"article\" \/>\n<meta property=\"og:title\" content=\"STRESSINVERSE package: joint inversion for stress and fault orientations from focal mechanisms - Geofyzik\u00e1ln\u00ed \u00fastav Akademie v\u011bd \u010cR, v.v.i.\" \/>\n<meta property=\"og:description\" content=\"Version 1.1.3, last update 23.11.2020 (Python version included) Author V\u00e1clav Vavry\u010duk (vv@ig.cas.cz) Short description STRESSINVERSE is a Matlab or Python software package for an iterative joint inversion for stress and fault orientations from focal mechanisms. The Matlab code needs just the Matlab kernel and no toolboxes are required. Corresponding Python code requires matplotlib, numpy, scipy [&hellip;]\" \/>\n<meta property=\"og:url\" content=\"https:\/\/www.ig.cas.cz\/en\/stress-inverse\/\" \/>\n<meta property=\"og:site_name\" content=\"Dom\u016f\" \/>\n<meta property=\"article:publisher\" content=\"https:\/\/www.facebook.com\/GFUAVCR\/\" \/>\n<meta property=\"article:modified_time\" content=\"2021-01-21T20:17:18+00:00\" \/>\n<meta property=\"og:image\" content=\"https:\/\/www.ig.cas.cz\/wp-content\/uploads\/2018\/02\/zhcut.jpg\" \/>\n\t<meta property=\"og:image:width\" content=\"2496\" \/>\n\t<meta property=\"og:image:height\" content=\"260\" \/>\n\t<meta property=\"og:image:type\" content=\"image\/jpeg\" \/>\n<meta name=\"twitter:card\" content=\"summary_large_image\" \/>\n<meta name=\"twitter:label1\" content=\"Est. reading time\" \/>\n\t<meta name=\"twitter:data1\" content=\"9 minutes\" \/>\n<script type=\"application\/ld+json\" class=\"yoast-schema-graph\">{\"@context\":\"https:\/\/schema.org\",\"@graph\":[{\"@type\":\"WebPage\",\"@id\":\"https:\/\/www.ig.cas.cz\/en\/stress-inverse\/\",\"url\":\"https:\/\/www.ig.cas.cz\/en\/stress-inverse\/\",\"name\":\"STRESSINVERSE package: joint inversion for stress and fault orientations from focal mechanisms - Geofyzik\u00e1ln\u00ed \u00fastav Akademie v\u011bd \u010cR, v.v.i.\",\"isPartOf\":{\"@id\":\"https:\/\/www.ig.cas.cz\/#website\"},\"primaryImageOfPage\":{\"@id\":\"https:\/\/www.ig.cas.cz\/en\/stress-inverse\/#primaryimage\"},\"image\":{\"@id\":\"https:\/\/www.ig.cas.cz\/en\/stress-inverse\/#primaryimage\"},\"thumbnailUrl\":\"https:\/\/www.ig.cas.cz\/wp-content\/uploads\/2018\/02\/zhcut.jpg\",\"datePublished\":\"2018-03-07T19:14:31+00:00\",\"dateModified\":\"2021-01-21T20:17:18+00:00\",\"breadcrumb\":{\"@id\":\"https:\/\/www.ig.cas.cz\/en\/stress-inverse\/#breadcrumb\"},\"inLanguage\":\"en-US\",\"potentialAction\":[{\"@type\":\"ReadAction\",\"target\":[\"https:\/\/www.ig.cas.cz\/en\/stress-inverse\/\"]}]},{\"@type\":\"ImageObject\",\"inLanguage\":\"en-US\",\"@id\":\"https:\/\/www.ig.cas.cz\/en\/stress-inverse\/#primaryimage\",\"url\":\"https:\/\/www.ig.cas.cz\/wp-content\/uploads\/2018\/02\/zhcut.jpg\",\"contentUrl\":\"https:\/\/www.ig.cas.cz\/wp-content\/uploads\/2018\/02\/zhcut.jpg\",\"width\":2496,\"height\":260,\"caption\":\"OLYMPUS DIGITAL CAMERA\"},{\"@type\":\"BreadcrumbList\",\"@id\":\"https:\/\/www.ig.cas.cz\/en\/stress-inverse\/#breadcrumb\",\"itemListElement\":[{\"@type\":\"ListItem\",\"position\":1,\"name\":\"Dom\u016f\",\"item\":\"https:\/\/www.ig.cas.cz\/en\/\"},{\"@type\":\"ListItem\",\"position\":2,\"name\":\"STRESSINVERSE package: joint inversion for stress and fault orientations from focal mechanisms\"}]},{\"@type\":\"WebSite\",\"@id\":\"https:\/\/www.ig.cas.cz\/#website\",\"url\":\"https:\/\/www.ig.cas.cz\/\",\"name\":\"Dom\u016f\",\"description\":\"Geofyzik\u00e1ln\u00ed \u00fastav Akademie v\u011bd \u010cR, v.v.i.\",\"potentialAction\":[{\"@type\":\"SearchAction\",\"target\":{\"@type\":\"EntryPoint\",\"urlTemplate\":\"https:\/\/www.ig.cas.cz\/?s={search_term_string}\"},\"query-input\":{\"@type\":\"PropertyValueSpecification\",\"valueRequired\":true,\"valueName\":\"search_term_string\"}}],\"inLanguage\":\"en-US\"}]}<\/script>\n<!-- \/ Yoast SEO plugin. -->","yoast_head_json":{"title":"STRESSINVERSE package: joint inversion for stress and fault orientations from focal mechanisms - Geofyzik\u00e1ln\u00ed \u00fastav Akademie v\u011bd \u010cR, v.v.i.","robots":{"index":"index","follow":"follow","max-snippet":"max-snippet:-1","max-image-preview":"max-image-preview:large","max-video-preview":"max-video-preview:-1"},"canonical":"https:\/\/www.ig.cas.cz\/en\/stress-inverse\/","og_locale":"en_US","og_type":"article","og_title":"STRESSINVERSE package: joint inversion for stress and fault orientations from focal mechanisms - Geofyzik\u00e1ln\u00ed \u00fastav Akademie v\u011bd \u010cR, v.v.i.","og_description":"Version 1.1.3, last update 23.11.2020 (Python version included) Author V\u00e1clav Vavry\u010duk (vv@ig.cas.cz) Short description STRESSINVERSE is a Matlab or Python software package for an iterative joint inversion for stress and fault orientations from focal mechanisms. The Matlab code needs just the Matlab kernel and no toolboxes are required. Corresponding Python code requires matplotlib, numpy, scipy [&hellip;]","og_url":"https:\/\/www.ig.cas.cz\/en\/stress-inverse\/","og_site_name":"Dom\u016f","article_publisher":"https:\/\/www.facebook.com\/GFUAVCR\/","article_modified_time":"2021-01-21T20:17:18+00:00","og_image":[{"width":2496,"height":260,"url":"https:\/\/www.ig.cas.cz\/wp-content\/uploads\/2018\/02\/zhcut.jpg","type":"image\/jpeg"}],"twitter_card":"summary_large_image","twitter_misc":{"Est. reading time":"9 minutes"},"schema":{"@context":"https:\/\/schema.org","@graph":[{"@type":"WebPage","@id":"https:\/\/www.ig.cas.cz\/en\/stress-inverse\/","url":"https:\/\/www.ig.cas.cz\/en\/stress-inverse\/","name":"STRESSINVERSE package: joint inversion for stress and fault orientations from focal mechanisms - Geofyzik\u00e1ln\u00ed \u00fastav Akademie v\u011bd \u010cR, v.v.i.","isPartOf":{"@id":"https:\/\/www.ig.cas.cz\/#website"},"primaryImageOfPage":{"@id":"https:\/\/www.ig.cas.cz\/en\/stress-inverse\/#primaryimage"},"image":{"@id":"https:\/\/www.ig.cas.cz\/en\/stress-inverse\/#primaryimage"},"thumbnailUrl":"https:\/\/www.ig.cas.cz\/wp-content\/uploads\/2018\/02\/zhcut.jpg","datePublished":"2018-03-07T19:14:31+00:00","dateModified":"2021-01-21T20:17:18+00:00","breadcrumb":{"@id":"https:\/\/www.ig.cas.cz\/en\/stress-inverse\/#breadcrumb"},"inLanguage":"en-US","potentialAction":[{"@type":"ReadAction","target":["https:\/\/www.ig.cas.cz\/en\/stress-inverse\/"]}]},{"@type":"ImageObject","inLanguage":"en-US","@id":"https:\/\/www.ig.cas.cz\/en\/stress-inverse\/#primaryimage","url":"https:\/\/www.ig.cas.cz\/wp-content\/uploads\/2018\/02\/zhcut.jpg","contentUrl":"https:\/\/www.ig.cas.cz\/wp-content\/uploads\/2018\/02\/zhcut.jpg","width":2496,"height":260,"caption":"OLYMPUS DIGITAL CAMERA"},{"@type":"BreadcrumbList","@id":"https:\/\/www.ig.cas.cz\/en\/stress-inverse\/#breadcrumb","itemListElement":[{"@type":"ListItem","position":1,"name":"Dom\u016f","item":"https:\/\/www.ig.cas.cz\/en\/"},{"@type":"ListItem","position":2,"name":"STRESSINVERSE package: joint inversion for stress and fault orientations from focal mechanisms"}]},{"@type":"WebSite","@id":"https:\/\/www.ig.cas.cz\/#website","url":"https:\/\/www.ig.cas.cz\/","name":"Dom\u016f","description":"Geofyzik\u00e1ln\u00ed \u00fastav Akademie v\u011bd \u010cR, v.v.i.","potentialAction":[{"@type":"SearchAction","target":{"@type":"EntryPoint","urlTemplate":"https:\/\/www.ig.cas.cz\/?s={search_term_string}"},"query-input":{"@type":"PropertyValueSpecification","valueRequired":true,"valueName":"search_term_string"}}],"inLanguage":"en-US"}]}},"_links":{"self":[{"href":"https:\/\/www.ig.cas.cz\/en\/wp-json\/wp\/v2\/pages\/8993","targetHints":{"allow":["GET"]}}],"collection":[{"href":"https:\/\/www.ig.cas.cz\/en\/wp-json\/wp\/v2\/pages"}],"about":[{"href":"https:\/\/www.ig.cas.cz\/en\/wp-json\/wp\/v2\/types\/page"}],"author":[{"embeddable":true,"href":"https:\/\/www.ig.cas.cz\/en\/wp-json\/wp\/v2\/users\/9"}],"replies":[{"embeddable":true,"href":"https:\/\/www.ig.cas.cz\/en\/wp-json\/wp\/v2\/comments?post=8993"}],"version-history":[{"count":0,"href":"https:\/\/www.ig.cas.cz\/en\/wp-json\/wp\/v2\/pages\/8993\/revisions"}],"wp:featuredmedia":[{"embeddable":true,"href":"https:\/\/www.ig.cas.cz\/en\/wp-json\/wp\/v2\/media\/4969"}],"wp:attachment":[{"href":"https:\/\/www.ig.cas.cz\/en\/wp-json\/wp\/v2\/media?parent=8993"}],"wp:term":[{"taxonomy":"category","embeddable":true,"href":"https:\/\/www.ig.cas.cz\/en\/wp-json\/wp\/v2\/categories?post=8993"},{"taxonomy":"post_tag","embeddable":true,"href":"https:\/\/www.ig.cas.cz\/en\/wp-json\/wp\/v2\/tags?post=8993"}],"curies":[{"name":"wp","href":"https:\/\/api.w.org\/{rel}","templated":true}]}}