{"id":9162,"date":"2018-03-08T21:50:38","date_gmt":"2018-03-08T20:50:38","guid":{"rendered":"https:\/\/www.ig.cas.cz\/?page_id=9162"},"modified":"2024-01-04T19:54:48","modified_gmt":"2024-01-04T18:54:48","slug":"jana-doubravova","status":"publish","type":"page","link":"https:\/\/www.ig.cas.cz\/en\/contact\/staff\/jana-doubravova\/","title":{"rendered":"Jana Doubravov\u00e1"},"content":{"rendered":"<p>[et_pb_section fb_built=&#8221;1&#8243; _builder_version=&#8221;4.16&#8243; custom_padding=&#8221;0px|0px|0px|0px&#8221; global_colors_info=&#8221;{}&#8221;][et_pb_row column_structure=&#8221;2_3,1_3&#8243; _builder_version=&#8221;4.16&#8243; background_size=&#8221;initial&#8221; background_position=&#8221;top_left&#8221; background_repeat=&#8221;repeat&#8221; custom_padding=&#8221;15px|0px|0px|0px&#8221; global_colors_info=&#8221;{}&#8221;][et_pb_column type=&#8221;2_3&#8243; _builder_version=&#8221;4.16&#8243; custom_padding=&#8221;|||&#8221; global_colors_info=&#8221;{}&#8221; custom_padding__hover=&#8221;|||&#8221;][et_pb_text _builder_version=&#8221;4.16&#8243; global_colors_info=&#8221;{}&#8221;]<\/p>\n<h3><strong>Publications<\/strong><\/h3>\n<ul>\n<li>Fischer T., Hrubcov\u00e1 P., Salama A., <strong>Doubravov\u00e1 J.<\/strong>, \u00c1g\u00fastsd\u00f3ttir T., Gudnason E.\u00c1., Hor\u00e1lek J., Hersir G.P., 2022, Swarm seismicity illuminates stress transfer prior to the 2021 Fagradalsfjall eruption in Iceland,Earth and Planetary Science Letters,Volume 594 ,<a href=\"https:\/\/doi.org\/10.1016\/j.epsl.2022.117685\">https:\/\/doi.org\/10.1016\/j.epsl.2022.117685<\/a>.<\/li>\n<li>Vavry\u010duk, V., Adamov\u00e1, P., <strong>Doubravov\u00e1, J.<\/strong>, Hor\u00e1lek, J., 2022. Moment tensor catalogue of earthquakes in West Bohemia from 2008 to 2018, Earth System Science Data, 14, 2179-2194, doi: 10.5194\/essd-14-2179-2022.<\/li>\n<li>Hrubcov\u00e1, P., <strong>Doubravov\u00e1, J.<\/strong>, Vavry\u010duk, V., 2021,\u00a0<a href=\"https:\/\/www.sciencedirect.com\/science\/article\/pii\/S0012821X21001345\">Non-double-couple earthquakes in 2017 swarm in Reykjanes Peninsula, SW Iceland: Sensitive indicator of volcano-tectonic movements at slow-spreading rift<\/a>, Earth and Planetary Science Letters, Volume 563, doi: 10.1016\/j.epsl.2021.116875<\/li>\n<li>Vavry\u010duk, V., Adamov\u00e1, P., <strong>Doubravov\u00e1, J<\/strong>., Ren, Y., 2021. Mapping stress and fluids on faults by nonshear earthquakes, J. Geophys. Res.: Solid Earth, 126, e2020JB021287, doi: 10.1029\/2020JB021287.<\/li>\n<li>M. Bachura, T. Fischer, <strong>J. Doubravov\u00e1<\/strong>, J. Hor\u00e1lek, From earthquake swarm to a&nbsp;main shock\u2013aftershocks: the 2018 activity in West Bohemia\/Vogtland, <em>Geophysical Journal International<\/em>, Volume 224, Issue 3, March 2021, Pages 1835\u20131848,\u00a0<a href=\"https:\/\/doi.org\/10.1093\/gji\/ggaa523\">https:\/\/doi.org\/10.1093\/gji\/ggaa523<\/a><\/li>\n<li><strong>J. Doubravov\u00e1<\/strong>, J. Hor\u00e1lek, Single Layer Recurrent Neural Network for detection of local swarm-like earthquakes\u2014the application, Geophysical Journal International, Volume 219, Issue 1, October 2019, Pages 672\u2013689, <a href=\"https:\/\/doi.org\/10.1093\/gji\/ggz321\">https:\/\/doi.org\/10.1093\/gji\/ggz321<\/a><\/li>\n<li>V. Vavry\u010duk, P.&nbsp;Adamov\u00e1, <strong>J. Doubravov\u00e1<\/strong>, H. Jakoubkov\u00e1; Moment Tensor Inversion Based on the Principal Component Analysis of Waveforms: Method and Application to Microearthquakes in West Bohemia, Czech Republic. Seismological Research Letters ; 88 (5): 1303\u20131315.&nbsp;doi: <a href=\"https:\/\/doi.org\/10.1785\/0220170027\">https:\/\/doi.org\/10.1785\/0220170027<\/a><\/li>\n<li><strong>J. Doubravov\u00e1<\/strong>, J. Wiszniowski, J. Hor\u00e1lek, Single Layer Recurrent Neural Network for detection of swarm-like earthquakes in W-Bohemia\/Vogtland\u2014the method,Computers &amp; Geosciences,Volume 93,2016,Pages 138-149,ISSN 0098-3004,<a href=\"https:\/\/doi.org\/10.1016\/j.cageo.2016.05.011\">https:\/\/doi.org\/10.1016\/j.cageo.2016.05.011<\/a>.<\/li>\n<\/ul>\n<p>[\/et_pb_text][\/et_pb_column][et_pb_column type=&#8221;1_3&#8243; _builder_version=&#8221;4.16&#8243; custom_padding=&#8221;|||&#8221; global_colors_info=&#8221;{}&#8221; custom_padding__hover=&#8221;|||&#8221;][et_pb_image src=&#8221;https:\/\/www.ig.cas.cz\/wp-content\/uploads\/2018\/02\/doubravka.jpg&#8221; align=&#8221;center&#8221; align_tablet=&#8221;center&#8221; align_phone=&#8221;&#8221; align_last_edited=&#8221;on|desktop&#8221; _builder_version=&#8221;4.16&#8243; max_width=&#8221;88%&#8221; global_colors_info=&#8221;{}&#8221;][\/et_pb_image][et_pb_text _builder_version=&#8221;4.23.1&#8243; hover_enabled=&#8221;0&#8243; global_colors_info=&#8221;{}&#8221; sticky_enabled=&#8221;0&#8243;]<\/p>\n<h3 style=\"text-align: center;\">Ing. <strong>Jana Doubravov\u00e1,\u00a0<\/strong>Ph.D.<\/h3>\n<p style=\"text-align: center;\">researcher<br \/><a href=\"mailto:doubravka@ig.cas.cz\">doubravka<\/a><a href=\"mailto:doubravka@ig.cas.cz\">@ig.cas.cz<\/a><br \/><a style=\"font-size: 16px;\" href=\"https:\/\/orcid.org\/0000-0001-7715-0769\" target=\"orcid.widget\" rel=\"noopener noreferrer\"><img decoding=\"async\" src=\"https:\/\/orcid.org\/sites\/default\/files\/images\/orcid_16x16.png\" alt=\"ORCID iD icon\" \/>\u00a0ORCID<\/a><\/p>\n<p>[\/et_pb_text][\/et_pb_column][\/et_pb_row][\/et_pb_section]<\/p>\n","protected":false},"excerpt":{"rendered":"<p>Publications Fischer T., Hrubcov\u00e1 P., Salama A., Doubravov\u00e1 J., \u00c1g\u00fastsd\u00f3ttir T., Gudnason E.\u00c1., Hor\u00e1lek J., Hersir G.P., 2022, Swarm seismicity illuminates stress transfer prior to the 2021 Fagradalsfjall eruption in Iceland,Earth and Planetary Science Letters,Volume 594 ,https:\/\/doi.org\/10.1016\/j.epsl.2022.117685. Vavry\u010duk, V., Adamov\u00e1, P., Doubravov\u00e1, J., Hor\u00e1lek, J., 2022. Moment tensor catalogue of earthquakes in West Bohemia from [&hellip;]<\/p>\n","protected":false},"author":9,"featured_media":4969,"parent":416,"menu_order":0,"comment_status":"closed","ping_status":"closed","template":"","meta":{"_et_pb_use_builder":"on","_et_pb_old_content":"","_et_gb_content_width":"","footnotes":""},"categories":[],"tags":[127],"class_list":["post-9162","page","type-page","status-publish","has-post-thumbnail","hentry","tag-people-en"],"yoast_head":"<!-- This site is optimized with the Yoast SEO plugin v25.9 - https:\/\/yoast.com\/wordpress\/plugins\/seo\/ -->\n<title>Jana Doubravov\u00e1 - Geofyzik\u00e1ln\u00ed \u00fastav Akademie v\u011bd \u010cR, v.v.i.<\/title>\n<meta name=\"robots\" content=\"index, follow, max-snippet:-1, max-image-preview:large, max-video-preview:-1\" \/>\n<link rel=\"canonical\" href=\"https:\/\/www.ig.cas.cz\/en\/contact\/staff\/jana-doubravova\/\" \/>\n<meta property=\"og:locale\" content=\"en_US\" \/>\n<meta property=\"og:type\" content=\"article\" \/>\n<meta property=\"og:title\" content=\"Jana Doubravov\u00e1 - Geofyzik\u00e1ln\u00ed \u00fastav Akademie v\u011bd \u010cR, v.v.i.\" \/>\n<meta property=\"og:description\" content=\"Publications Fischer T., Hrubcov\u00e1 P., Salama A., Doubravov\u00e1 J., \u00c1g\u00fastsd\u00f3ttir T., Gudnason E.\u00c1., Hor\u00e1lek J., Hersir G.P., 2022, Swarm seismicity illuminates stress transfer prior to the 2021 Fagradalsfjall eruption in Iceland,Earth and Planetary Science Letters,Volume 594 ,https:\/\/doi.org\/10.1016\/j.epsl.2022.117685. Vavry\u010duk, V., Adamov\u00e1, P., Doubravov\u00e1, J., Hor\u00e1lek, J., 2022. Moment tensor catalogue of earthquakes in West Bohemia from [&hellip;]\" \/>\n<meta property=\"og:url\" content=\"https:\/\/www.ig.cas.cz\/en\/contact\/staff\/jana-doubravova\/\" \/>\n<meta property=\"og:site_name\" content=\"Dom\u016f\" \/>\n<meta property=\"article:publisher\" content=\"https:\/\/www.facebook.com\/GFUAVCR\/\" \/>\n<meta property=\"article:modified_time\" content=\"2024-01-04T18:54:48+00:00\" \/>\n<meta property=\"og:image\" content=\"https:\/\/www.ig.cas.cz\/wp-content\/uploads\/2018\/02\/zhcut.jpg\" \/>\n\t<meta property=\"og:image:width\" content=\"2496\" \/>\n\t<meta property=\"og:image:height\" content=\"260\" \/>\n\t<meta property=\"og:image:type\" content=\"image\/jpeg\" \/>\n<meta name=\"twitter:card\" content=\"summary_large_image\" \/>\n<meta name=\"twitter:label1\" content=\"Est. reading time\" \/>\n\t<meta name=\"twitter:data1\" content=\"2 minutes\" \/>\n<script type=\"application\/ld+json\" class=\"yoast-schema-graph\">{\"@context\":\"https:\/\/schema.org\",\"@graph\":[{\"@type\":\"WebPage\",\"@id\":\"https:\/\/www.ig.cas.cz\/en\/contact\/staff\/jana-doubravova\/\",\"url\":\"https:\/\/www.ig.cas.cz\/en\/contact\/staff\/jana-doubravova\/\",\"name\":\"Jana Doubravov\u00e1 - Geofyzik\u00e1ln\u00ed \u00fastav Akademie v\u011bd \u010cR, v.v.i.\",\"isPartOf\":{\"@id\":\"https:\/\/www.ig.cas.cz\/#website\"},\"primaryImageOfPage\":{\"@id\":\"https:\/\/www.ig.cas.cz\/en\/contact\/staff\/jana-doubravova\/#primaryimage\"},\"image\":{\"@id\":\"https:\/\/www.ig.cas.cz\/en\/contact\/staff\/jana-doubravova\/#primaryimage\"},\"thumbnailUrl\":\"https:\/\/www.ig.cas.cz\/wp-content\/uploads\/2018\/02\/zhcut.jpg\",\"datePublished\":\"2018-03-08T20:50:38+00:00\",\"dateModified\":\"2024-01-04T18:54:48+00:00\",\"breadcrumb\":{\"@id\":\"https:\/\/www.ig.cas.cz\/en\/contact\/staff\/jana-doubravova\/#breadcrumb\"},\"inLanguage\":\"en-US\",\"potentialAction\":[{\"@type\":\"ReadAction\",\"target\":[\"https:\/\/www.ig.cas.cz\/en\/contact\/staff\/jana-doubravova\/\"]}]},{\"@type\":\"ImageObject\",\"inLanguage\":\"en-US\",\"@id\":\"https:\/\/www.ig.cas.cz\/en\/contact\/staff\/jana-doubravova\/#primaryimage\",\"url\":\"https:\/\/www.ig.cas.cz\/wp-content\/uploads\/2018\/02\/zhcut.jpg\",\"contentUrl\":\"https:\/\/www.ig.cas.cz\/wp-content\/uploads\/2018\/02\/zhcut.jpg\",\"width\":2496,\"height\":260,\"caption\":\"OLYMPUS DIGITAL CAMERA\"},{\"@type\":\"BreadcrumbList\",\"@id\":\"https:\/\/www.ig.cas.cz\/en\/contact\/staff\/jana-doubravova\/#breadcrumb\",\"itemListElement\":[{\"@type\":\"ListItem\",\"position\":1,\"name\":\"Dom\u016f\",\"item\":\"https:\/\/www.ig.cas.cz\/en\/\"},{\"@type\":\"ListItem\",\"position\":2,\"name\":\"Contacts\",\"item\":\"https:\/\/www.ig.cas.cz\/en\/contact\/\"},{\"@type\":\"ListItem\",\"position\":3,\"name\":\"Staff\",\"item\":\"https:\/\/www.ig.cas.cz\/en\/contact\/staff\/\"},{\"@type\":\"ListItem\",\"position\":4,\"name\":\"Jana Doubravov\u00e1\"}]},{\"@type\":\"WebSite\",\"@id\":\"https:\/\/www.ig.cas.cz\/#website\",\"url\":\"https:\/\/www.ig.cas.cz\/\",\"name\":\"Dom\u016f\",\"description\":\"Geofyzik\u00e1ln\u00ed \u00fastav Akademie v\u011bd \u010cR, v.v.i.\",\"potentialAction\":[{\"@type\":\"SearchAction\",\"target\":{\"@type\":\"EntryPoint\",\"urlTemplate\":\"https:\/\/www.ig.cas.cz\/?s={search_term_string}\"},\"query-input\":{\"@type\":\"PropertyValueSpecification\",\"valueRequired\":true,\"valueName\":\"search_term_string\"}}],\"inLanguage\":\"en-US\"}]}<\/script>\n<!-- \/ Yoast SEO plugin. -->","yoast_head_json":{"title":"Jana Doubravov\u00e1 - Geofyzik\u00e1ln\u00ed \u00fastav Akademie v\u011bd \u010cR, v.v.i.","robots":{"index":"index","follow":"follow","max-snippet":"max-snippet:-1","max-image-preview":"max-image-preview:large","max-video-preview":"max-video-preview:-1"},"canonical":"https:\/\/www.ig.cas.cz\/en\/contact\/staff\/jana-doubravova\/","og_locale":"en_US","og_type":"article","og_title":"Jana Doubravov\u00e1 - Geofyzik\u00e1ln\u00ed \u00fastav Akademie v\u011bd \u010cR, v.v.i.","og_description":"Publications Fischer T., Hrubcov\u00e1 P., Salama A., Doubravov\u00e1 J., \u00c1g\u00fastsd\u00f3ttir T., Gudnason E.\u00c1., Hor\u00e1lek J., Hersir G.P., 2022, Swarm seismicity illuminates stress transfer prior to the 2021 Fagradalsfjall eruption in Iceland,Earth and Planetary Science Letters,Volume 594 ,https:\/\/doi.org\/10.1016\/j.epsl.2022.117685. Vavry\u010duk, V., Adamov\u00e1, P., Doubravov\u00e1, J., Hor\u00e1lek, J., 2022. Moment tensor catalogue of earthquakes in West Bohemia from [&hellip;]","og_url":"https:\/\/www.ig.cas.cz\/en\/contact\/staff\/jana-doubravova\/","og_site_name":"Dom\u016f","article_publisher":"https:\/\/www.facebook.com\/GFUAVCR\/","article_modified_time":"2024-01-04T18:54:48+00:00","og_image":[{"width":2496,"height":260,"url":"https:\/\/www.ig.cas.cz\/wp-content\/uploads\/2018\/02\/zhcut.jpg","type":"image\/jpeg"}],"twitter_card":"summary_large_image","twitter_misc":{"Est. reading time":"2 minutes"},"schema":{"@context":"https:\/\/schema.org","@graph":[{"@type":"WebPage","@id":"https:\/\/www.ig.cas.cz\/en\/contact\/staff\/jana-doubravova\/","url":"https:\/\/www.ig.cas.cz\/en\/contact\/staff\/jana-doubravova\/","name":"Jana Doubravov\u00e1 - Geofyzik\u00e1ln\u00ed \u00fastav Akademie v\u011bd \u010cR, v.v.i.","isPartOf":{"@id":"https:\/\/www.ig.cas.cz\/#website"},"primaryImageOfPage":{"@id":"https:\/\/www.ig.cas.cz\/en\/contact\/staff\/jana-doubravova\/#primaryimage"},"image":{"@id":"https:\/\/www.ig.cas.cz\/en\/contact\/staff\/jana-doubravova\/#primaryimage"},"thumbnailUrl":"https:\/\/www.ig.cas.cz\/wp-content\/uploads\/2018\/02\/zhcut.jpg","datePublished":"2018-03-08T20:50:38+00:00","dateModified":"2024-01-04T18:54:48+00:00","breadcrumb":{"@id":"https:\/\/www.ig.cas.cz\/en\/contact\/staff\/jana-doubravova\/#breadcrumb"},"inLanguage":"en-US","potentialAction":[{"@type":"ReadAction","target":["https:\/\/www.ig.cas.cz\/en\/contact\/staff\/jana-doubravova\/"]}]},{"@type":"ImageObject","inLanguage":"en-US","@id":"https:\/\/www.ig.cas.cz\/en\/contact\/staff\/jana-doubravova\/#primaryimage","url":"https:\/\/www.ig.cas.cz\/wp-content\/uploads\/2018\/02\/zhcut.jpg","contentUrl":"https:\/\/www.ig.cas.cz\/wp-content\/uploads\/2018\/02\/zhcut.jpg","width":2496,"height":260,"caption":"OLYMPUS DIGITAL CAMERA"},{"@type":"BreadcrumbList","@id":"https:\/\/www.ig.cas.cz\/en\/contact\/staff\/jana-doubravova\/#breadcrumb","itemListElement":[{"@type":"ListItem","position":1,"name":"Dom\u016f","item":"https:\/\/www.ig.cas.cz\/en\/"},{"@type":"ListItem","position":2,"name":"Contacts","item":"https:\/\/www.ig.cas.cz\/en\/contact\/"},{"@type":"ListItem","position":3,"name":"Staff","item":"https:\/\/www.ig.cas.cz\/en\/contact\/staff\/"},{"@type":"ListItem","position":4,"name":"Jana Doubravov\u00e1"}]},{"@type":"WebSite","@id":"https:\/\/www.ig.cas.cz\/#website","url":"https:\/\/www.ig.cas.cz\/","name":"Dom\u016f","description":"Geofyzik\u00e1ln\u00ed \u00fastav Akademie v\u011bd \u010cR, v.v.i.","potentialAction":[{"@type":"SearchAction","target":{"@type":"EntryPoint","urlTemplate":"https:\/\/www.ig.cas.cz\/?s={search_term_string}"},"query-input":{"@type":"PropertyValueSpecification","valueRequired":true,"valueName":"search_term_string"}}],"inLanguage":"en-US"}]}},"_links":{"self":[{"href":"https:\/\/www.ig.cas.cz\/en\/wp-json\/wp\/v2\/pages\/9162","targetHints":{"allow":["GET"]}}],"collection":[{"href":"https:\/\/www.ig.cas.cz\/en\/wp-json\/wp\/v2\/pages"}],"about":[{"href":"https:\/\/www.ig.cas.cz\/en\/wp-json\/wp\/v2\/types\/page"}],"author":[{"embeddable":true,"href":"https:\/\/www.ig.cas.cz\/en\/wp-json\/wp\/v2\/users\/9"}],"replies":[{"embeddable":true,"href":"https:\/\/www.ig.cas.cz\/en\/wp-json\/wp\/v2\/comments?post=9162"}],"version-history":[{"count":0,"href":"https:\/\/www.ig.cas.cz\/en\/wp-json\/wp\/v2\/pages\/9162\/revisions"}],"up":[{"embeddable":true,"href":"https:\/\/www.ig.cas.cz\/en\/wp-json\/wp\/v2\/pages\/416"}],"wp:featuredmedia":[{"embeddable":true,"href":"https:\/\/www.ig.cas.cz\/en\/wp-json\/wp\/v2\/media\/4969"}],"wp:attachment":[{"href":"https:\/\/www.ig.cas.cz\/en\/wp-json\/wp\/v2\/media?parent=9162"}],"wp:term":[{"taxonomy":"category","embeddable":true,"href":"https:\/\/www.ig.cas.cz\/en\/wp-json\/wp\/v2\/categories?post=9162"},{"taxonomy":"post_tag","embeddable":true,"href":"https:\/\/www.ig.cas.cz\/en\/wp-json\/wp\/v2\/tags?post=9162"}],"curies":[{"name":"wp","href":"https:\/\/api.w.org\/{rel}","templated":true}]}}