{"id":9190,"date":"2018-03-08T22:12:39","date_gmt":"2018-03-08T21:12:39","guid":{"rendered":"https:\/\/www.ig.cas.cz\/?page_id=9190"},"modified":"2024-01-30T09:28:49","modified_gmt":"2024-01-30T08:28:49","slug":"hana-grison","status":"publish","type":"page","link":"https:\/\/www.ig.cas.cz\/en\/contact\/staff\/hana-grison\/","title":{"rendered":"Hana Grison"},"content":{"rendered":"<p>[et_pb_section fb_built=&#8221;1&#8243; _builder_version=&#8221;4.16&#8243; custom_padding=&#8221;0px|0px|0px|0px&#8221; global_colors_info=&#8221;{}&#8221;][et_pb_row column_structure=&#8221;2_3,1_3&#8243; _builder_version=&#8221;4.16&#8243; background_size=&#8221;initial&#8221; background_position=&#8221;top_left&#8221; background_repeat=&#8221;repeat&#8221; custom_padding=&#8221;15px|0px|13px|0px&#8221; global_colors_info=&#8221;{}&#8221;][et_pb_column type=&#8221;2_3&#8243; _builder_version=&#8221;4.16&#8243; custom_padding=&#8221;|||&#8221; global_colors_info=&#8221;{}&#8221; custom_padding__hover=&#8221;|||&#8221;][et_pb_text _builder_version=&#8221;4.23.1&#8243; _module_preset=&#8221;default&#8221; global_colors_info=&#8221;{}&#8221;]<\/p>\n<p>Dr. <strong>Hana Grison<\/strong>, nee Fialov\u00e1, (1974) works as researcher at the Institute of Geophysics CAS since 2001. She partly completed her doctoral studies (2001-2005) in France, in the laboratories of LGIT (CNRS\/UJF) in Grenoble and in the laboratories of CEREGE (University of Aix-Marseille III). She obtained her Ph.D. degree at the Department of Applied Ecology, Faculty of Civil Engineering, Czech Technical University, Prague, defending Thesis entitled \u201cMagnetic Discrimination between Lithogenic and Athropogenic Minerals in Soils\u201d.<\/p>\n<p>She focuses on interdisciplinary research bringing together geophysicists, archaeologists, and soil scientists, including geochemists with the overall goal of maximising interpretation of proxy data for archaeological purposes. She also specializes in strongly magnetic soils, including their geochemical properties. The goal of this research is to contribute to a&nbsp;better understanding of soil-forming processes and to use this knowledge, for example, to detect pollution by atmospheric fallout from industrial combustion. She is developing a&nbsp;method of archaeomagnetic dating in the Czech Republic. In scope of the program of the Academy of Sciences Strategy AV21, she deals with the magnetic recording of lightning in rocks.<\/p>\n<p><strong>For a&nbsp;list of papers, click the ORCID link.<\/strong><\/p>\n<p><strong>Areas of interest<\/strong><br \/>Environmental magnetism: magnetometry of soils (magnetic mapping); magnetic and geochemical properties of soils; experimental methods of rock magnetism; magnetic properties of minerals (both natural and synthetic samples); atmospheric dust. Geoarchaeology: geophysical prospection, leaching and extraction methods; pedochemical analyses; X-ray diffraction, optical microscopy; scanning electron microscopy, etc.<\/p>\n<p>[\/et_pb_text][et_pb_text _builder_version=&#8221;4.23.1&#8243; _module_preset=&#8221;default&#8221; global_colors_info=&#8221;{}&#8221;]<\/p>\n<p><strong>Current projects<\/strong><\/p>\n<ul>\n<li>Mobility Plus (MPP) between CAS and FNRS (Belgium) (2023\u20132025)<br \/><em>Geophysical survey as a&nbsp;tool for assessing magnetomineralogical changes in soils at archaeological sites endangered by erosion<\/em> \u2013 main researcher<\/li>\n<li>Czech Science Foundation (CAS)-National Science Centre Poland (2024-2026)<br \/>T<em>he origin of iron minerals in soils with high permeability and determination of soil diagnostic horizons using magnetic proxies<\/em> \u2013 team member<\/li>\n<\/ul>\n<p>&nbsp;<\/p>\n<p><strong>Research projects<\/strong><\/p>\n<ul>\n<li>2018-2023: Management Committee Member of COST Action SAGA (The Soil Science &amp; Archaeo-Geophysics Alliance) from <a href=\"https:\/\/www.saga-cost.eu\/\" target=\"_blank\" rel=\"noopener\">https:\/\/www.saga-cost.eu\/<\/a><\/li>\n<li>2019-2022: main researcher of Inter COST Project \u201c<em>Application of Geophysical Approach in Archaeological Research and Prospection<\/em>\u201c supported by the program INTER-EXCELLENCE of the Ministry of Education, Youth and Sports of the Czech Republic (MEYS), grant No. LTC19029<\/li>\n<li>2013-2016: main researcher of Standard Project of the Czech Science Foundation (GACR), title: <em>Quantifying the effect of volcanic parent rock on the magnetic properties of soils<\/em><\/li>\n<li>2012-2015: team member of a&nbsp;Project of the Ministry of Agriculture, title: <em>Soil water regime within a&nbsp;sloping agricultural area<\/em><\/li>\n<li>2010-2013: team member of a&nbsp;Standard Project of GACR, title: <em>Magnetic speciation of atmospheric PM1, PM2.5 and PM10 collected at sites with different air quality<\/em><\/li>\n<li>2007-2010: team member of a&nbsp;Standard Project of the Grant Agency of the Academy of Sciences, title: <em>Long-term monitoring and analysis of dynamics of atmospherically deposited magnetic particles in soils<\/em><\/li>\n<li>2006-2008: main researcher of a&nbsp;Junior Project of GACR, title: <em>Determination and characterization of ultra-fine superparamagnetic particles in soils<\/em><\/li>\n<li>2001-2003: involved in the activities of a&nbsp;5thFP EU R&amp;D Project MAGPROX: <em>Screening and monitoring of anthropogenic pollution over central Europe by using MAGnetic PROXies<\/em><\/li>\n<\/ul>\n<p>[\/et_pb_text][\/et_pb_column][et_pb_column type=&#8221;1_3&#8243; _builder_version=&#8221;4.16&#8243; custom_padding=&#8221;|||&#8221; global_colors_info=&#8221;{}&#8221; custom_padding__hover=&#8221;|||&#8221;][et_pb_image src=&#8221;https:\/\/www.ig.cas.cz\/wp-content\/uploads\/2018\/02\/HK.jpg&#8221; align=&#8221;center&#8221; align_tablet=&#8221;center&#8221; align_phone=&#8221;&#8221; align_last_edited=&#8221;on|desktop&#8221; _builder_version=&#8221;4.16&#8243; max_width=&#8221;80%&#8221; global_colors_info=&#8221;{}&#8221;]&nbsp;<br \/>\n[\/et_pb_image][et_pb_text _builder_version=&#8221;4.23.1&#8243; hover_enabled=&#8221;0&#8243; global_colors_info=&#8221;{}&#8221; sticky_enabled=&#8221;0&#8243;]<\/p>\n<h3 style=\"text-align: center;\">Dr.\u00a0<strong>Hana Grison<\/strong><\/h3>\n<p style=\"text-align: center;\">researcher<br \/><a href=\"https:\/\/www.ig.cas.cz\/en\/research\/teams\/environmental-and-applied-geophysics\/\">Environmental and Applied Geophysics<\/a><br \/><a href=\"mailto:grison@ig.cas.cz\">grison@ig.cas.cz<\/a><br \/>+420&nbsp;267&nbsp;103&nbsp;332<br \/>office 120<br \/><a style=\"font-size: 16px; vertical-align: top;\" href=\"https:\/\/orcid.org\/0000-0002-0402-2026\" target=\"_blank\" rel=\"noopener noreferrer\"><img decoding=\"async\" style=\"width: 1em; margin-right: .5em;\" src=\"https:\/\/orcid.org\/sites\/default\/files\/images\/orcid_16x16.png\" alt=\"ORCID iD icon\" \/>ORCID<\/a><\/p>\n<p>[\/et_pb_text][\/et_pb_column][\/et_pb_row][\/et_pb_section]<\/p>\n","protected":false},"excerpt":{"rendered":"<p>Dr. Hana Grison, nee Fialov\u00e1, (1974) works as researcher at the Institute of Geophysics CAS since 2001. She partly completed her doctoral studies (2001-2005) in France, in the laboratories of LGIT (CNRS\/UJF) in Grenoble and in the laboratories of CEREGE (University of Aix-Marseille III). She obtained her Ph.D. degree at the Department of Applied Ecology, [&hellip;]<\/p>\n","protected":false},"author":4,"featured_media":3827,"parent":416,"menu_order":0,"comment_status":"closed","ping_status":"closed","template":"","meta":{"_et_pb_use_builder":"on","_et_pb_old_content":"","_et_gb_content_width":"","footnotes":""},"categories":[],"tags":[127],"class_list":["post-9190","page","type-page","status-publish","has-post-thumbnail","hentry","tag-people-en"],"yoast_head":"<!-- This site is optimized with the Yoast SEO plugin v25.9 - https:\/\/yoast.com\/wordpress\/plugins\/seo\/ -->\n<title>Hana Grison - Geofyzik\u00e1ln\u00ed \u00fastav Akademie v\u011bd \u010cR, v.v.i.<\/title>\n<meta name=\"robots\" content=\"index, follow, max-snippet:-1, max-image-preview:large, max-video-preview:-1\" \/>\n<link rel=\"canonical\" href=\"https:\/\/www.ig.cas.cz\/en\/contact\/staff\/hana-grison\/\" \/>\n<meta property=\"og:locale\" content=\"en_US\" \/>\n<meta property=\"og:type\" content=\"article\" \/>\n<meta property=\"og:title\" content=\"Hana Grison - Geofyzik\u00e1ln\u00ed \u00fastav Akademie v\u011bd \u010cR, v.v.i.\" \/>\n<meta property=\"og:description\" content=\"Dr. Hana Grison, nee Fialov\u00e1, (1974) works as researcher at the Institute of Geophysics CAS since 2001. She partly completed her doctoral studies (2001-2005) in France, in the laboratories of LGIT (CNRS\/UJF) in Grenoble and in the laboratories of CEREGE (University of Aix-Marseille III). She obtained her Ph.D. degree at the Department of Applied Ecology, [&hellip;]\" \/>\n<meta property=\"og:url\" content=\"https:\/\/www.ig.cas.cz\/en\/contact\/staff\/hana-grison\/\" \/>\n<meta property=\"og:site_name\" content=\"Dom\u016f\" \/>\n<meta property=\"article:publisher\" content=\"https:\/\/www.facebook.com\/GFUAVCR\/\" \/>\n<meta property=\"article:modified_time\" content=\"2024-01-30T08:28:49+00:00\" \/>\n<meta property=\"og:image\" content=\"https:\/\/www.ig.cas.cz\/wp-content\/uploads\/2018\/01\/mapa_geologicka.jpg\" \/>\n\t<meta property=\"og:image:width\" content=\"2500\" \/>\n\t<meta property=\"og:image:height\" content=\"260\" \/>\n\t<meta property=\"og:image:type\" content=\"image\/jpeg\" \/>\n<meta name=\"twitter:card\" content=\"summary_large_image\" \/>\n<meta name=\"twitter:label1\" content=\"Est. reading time\" \/>\n\t<meta name=\"twitter:data1\" content=\"4 minutes\" \/>\n<script type=\"application\/ld+json\" class=\"yoast-schema-graph\">{\"@context\":\"https:\/\/schema.org\",\"@graph\":[{\"@type\":\"WebPage\",\"@id\":\"https:\/\/www.ig.cas.cz\/en\/contact\/staff\/hana-grison\/\",\"url\":\"https:\/\/www.ig.cas.cz\/en\/contact\/staff\/hana-grison\/\",\"name\":\"Hana Grison - Geofyzik\u00e1ln\u00ed \u00fastav Akademie v\u011bd \u010cR, v.v.i.\",\"isPartOf\":{\"@id\":\"https:\/\/www.ig.cas.cz\/#website\"},\"primaryImageOfPage\":{\"@id\":\"https:\/\/www.ig.cas.cz\/en\/contact\/staff\/hana-grison\/#primaryimage\"},\"image\":{\"@id\":\"https:\/\/www.ig.cas.cz\/en\/contact\/staff\/hana-grison\/#primaryimage\"},\"thumbnailUrl\":\"https:\/\/www.ig.cas.cz\/wp-content\/uploads\/2018\/01\/mapa_geologicka.jpg\",\"datePublished\":\"2018-03-08T21:12:39+00:00\",\"dateModified\":\"2024-01-30T08:28:49+00:00\",\"breadcrumb\":{\"@id\":\"https:\/\/www.ig.cas.cz\/en\/contact\/staff\/hana-grison\/#breadcrumb\"},\"inLanguage\":\"en-US\",\"potentialAction\":[{\"@type\":\"ReadAction\",\"target\":[\"https:\/\/www.ig.cas.cz\/en\/contact\/staff\/hana-grison\/\"]}]},{\"@type\":\"ImageObject\",\"inLanguage\":\"en-US\",\"@id\":\"https:\/\/www.ig.cas.cz\/en\/contact\/staff\/hana-grison\/#primaryimage\",\"url\":\"https:\/\/www.ig.cas.cz\/wp-content\/uploads\/2018\/01\/mapa_geologicka.jpg\",\"contentUrl\":\"https:\/\/www.ig.cas.cz\/wp-content\/uploads\/2018\/01\/mapa_geologicka.jpg\",\"width\":2500,\"height\":260},{\"@type\":\"BreadcrumbList\",\"@id\":\"https:\/\/www.ig.cas.cz\/en\/contact\/staff\/hana-grison\/#breadcrumb\",\"itemListElement\":[{\"@type\":\"ListItem\",\"position\":1,\"name\":\"Dom\u016f\",\"item\":\"https:\/\/www.ig.cas.cz\/en\/\"},{\"@type\":\"ListItem\",\"position\":2,\"name\":\"Contacts\",\"item\":\"https:\/\/www.ig.cas.cz\/en\/contact\/\"},{\"@type\":\"ListItem\",\"position\":3,\"name\":\"Staff\",\"item\":\"https:\/\/www.ig.cas.cz\/en\/contact\/staff\/\"},{\"@type\":\"ListItem\",\"position\":4,\"name\":\"Hana Grison\"}]},{\"@type\":\"WebSite\",\"@id\":\"https:\/\/www.ig.cas.cz\/#website\",\"url\":\"https:\/\/www.ig.cas.cz\/\",\"name\":\"Dom\u016f\",\"description\":\"Geofyzik\u00e1ln\u00ed \u00fastav Akademie v\u011bd \u010cR, v.v.i.\",\"potentialAction\":[{\"@type\":\"SearchAction\",\"target\":{\"@type\":\"EntryPoint\",\"urlTemplate\":\"https:\/\/www.ig.cas.cz\/?s={search_term_string}\"},\"query-input\":{\"@type\":\"PropertyValueSpecification\",\"valueRequired\":true,\"valueName\":\"search_term_string\"}}],\"inLanguage\":\"en-US\"}]}<\/script>\n<!-- \/ Yoast SEO plugin. -->","yoast_head_json":{"title":"Hana Grison - Geofyzik\u00e1ln\u00ed \u00fastav Akademie v\u011bd \u010cR, v.v.i.","robots":{"index":"index","follow":"follow","max-snippet":"max-snippet:-1","max-image-preview":"max-image-preview:large","max-video-preview":"max-video-preview:-1"},"canonical":"https:\/\/www.ig.cas.cz\/en\/contact\/staff\/hana-grison\/","og_locale":"en_US","og_type":"article","og_title":"Hana Grison - Geofyzik\u00e1ln\u00ed \u00fastav Akademie v\u011bd \u010cR, v.v.i.","og_description":"Dr. Hana Grison, nee Fialov\u00e1, (1974) works as researcher at the Institute of Geophysics CAS since 2001. She partly completed her doctoral studies (2001-2005) in France, in the laboratories of LGIT (CNRS\/UJF) in Grenoble and in the laboratories of CEREGE (University of Aix-Marseille III). She obtained her Ph.D. degree at the Department of Applied Ecology, [&hellip;]","og_url":"https:\/\/www.ig.cas.cz\/en\/contact\/staff\/hana-grison\/","og_site_name":"Dom\u016f","article_publisher":"https:\/\/www.facebook.com\/GFUAVCR\/","article_modified_time":"2024-01-30T08:28:49+00:00","og_image":[{"width":2500,"height":260,"url":"https:\/\/www.ig.cas.cz\/wp-content\/uploads\/2018\/01\/mapa_geologicka.jpg","type":"image\/jpeg"}],"twitter_card":"summary_large_image","twitter_misc":{"Est. reading time":"4 minutes"},"schema":{"@context":"https:\/\/schema.org","@graph":[{"@type":"WebPage","@id":"https:\/\/www.ig.cas.cz\/en\/contact\/staff\/hana-grison\/","url":"https:\/\/www.ig.cas.cz\/en\/contact\/staff\/hana-grison\/","name":"Hana Grison - Geofyzik\u00e1ln\u00ed \u00fastav Akademie v\u011bd \u010cR, v.v.i.","isPartOf":{"@id":"https:\/\/www.ig.cas.cz\/#website"},"primaryImageOfPage":{"@id":"https:\/\/www.ig.cas.cz\/en\/contact\/staff\/hana-grison\/#primaryimage"},"image":{"@id":"https:\/\/www.ig.cas.cz\/en\/contact\/staff\/hana-grison\/#primaryimage"},"thumbnailUrl":"https:\/\/www.ig.cas.cz\/wp-content\/uploads\/2018\/01\/mapa_geologicka.jpg","datePublished":"2018-03-08T21:12:39+00:00","dateModified":"2024-01-30T08:28:49+00:00","breadcrumb":{"@id":"https:\/\/www.ig.cas.cz\/en\/contact\/staff\/hana-grison\/#breadcrumb"},"inLanguage":"en-US","potentialAction":[{"@type":"ReadAction","target":["https:\/\/www.ig.cas.cz\/en\/contact\/staff\/hana-grison\/"]}]},{"@type":"ImageObject","inLanguage":"en-US","@id":"https:\/\/www.ig.cas.cz\/en\/contact\/staff\/hana-grison\/#primaryimage","url":"https:\/\/www.ig.cas.cz\/wp-content\/uploads\/2018\/01\/mapa_geologicka.jpg","contentUrl":"https:\/\/www.ig.cas.cz\/wp-content\/uploads\/2018\/01\/mapa_geologicka.jpg","width":2500,"height":260},{"@type":"BreadcrumbList","@id":"https:\/\/www.ig.cas.cz\/en\/contact\/staff\/hana-grison\/#breadcrumb","itemListElement":[{"@type":"ListItem","position":1,"name":"Dom\u016f","item":"https:\/\/www.ig.cas.cz\/en\/"},{"@type":"ListItem","position":2,"name":"Contacts","item":"https:\/\/www.ig.cas.cz\/en\/contact\/"},{"@type":"ListItem","position":3,"name":"Staff","item":"https:\/\/www.ig.cas.cz\/en\/contact\/staff\/"},{"@type":"ListItem","position":4,"name":"Hana Grison"}]},{"@type":"WebSite","@id":"https:\/\/www.ig.cas.cz\/#website","url":"https:\/\/www.ig.cas.cz\/","name":"Dom\u016f","description":"Geofyzik\u00e1ln\u00ed \u00fastav Akademie v\u011bd \u010cR, v.v.i.","potentialAction":[{"@type":"SearchAction","target":{"@type":"EntryPoint","urlTemplate":"https:\/\/www.ig.cas.cz\/?s={search_term_string}"},"query-input":{"@type":"PropertyValueSpecification","valueRequired":true,"valueName":"search_term_string"}}],"inLanguage":"en-US"}]}},"_links":{"self":[{"href":"https:\/\/www.ig.cas.cz\/en\/wp-json\/wp\/v2\/pages\/9190","targetHints":{"allow":["GET"]}}],"collection":[{"href":"https:\/\/www.ig.cas.cz\/en\/wp-json\/wp\/v2\/pages"}],"about":[{"href":"https:\/\/www.ig.cas.cz\/en\/wp-json\/wp\/v2\/types\/page"}],"author":[{"embeddable":true,"href":"https:\/\/www.ig.cas.cz\/en\/wp-json\/wp\/v2\/users\/4"}],"replies":[{"embeddable":true,"href":"https:\/\/www.ig.cas.cz\/en\/wp-json\/wp\/v2\/comments?post=9190"}],"version-history":[{"count":0,"href":"https:\/\/www.ig.cas.cz\/en\/wp-json\/wp\/v2\/pages\/9190\/revisions"}],"up":[{"embeddable":true,"href":"https:\/\/www.ig.cas.cz\/en\/wp-json\/wp\/v2\/pages\/416"}],"wp:featuredmedia":[{"embeddable":true,"href":"https:\/\/www.ig.cas.cz\/en\/wp-json\/wp\/v2\/media\/3827"}],"wp:attachment":[{"href":"https:\/\/www.ig.cas.cz\/en\/wp-json\/wp\/v2\/media?parent=9190"}],"wp:term":[{"taxonomy":"category","embeddable":true,"href":"https:\/\/www.ig.cas.cz\/en\/wp-json\/wp\/v2\/categories?post=9190"},{"taxonomy":"post_tag","embeddable":true,"href":"https:\/\/www.ig.cas.cz\/en\/wp-json\/wp\/v2\/tags?post=9190"}],"curies":[{"name":"wp","href":"https:\/\/api.w.org\/{rel}","templated":true}]}}