{"id":9231,"date":"2018-03-09T08:55:56","date_gmt":"2018-03-09T07:55:56","guid":{"rendered":"https:\/\/www.ig.cas.cz\/?page_id=9231"},"modified":"2024-01-24T09:39:11","modified_gmt":"2024-01-24T08:39:11","slug":"jan-simkanin","status":"publish","type":"page","link":"https:\/\/www.ig.cas.cz\/en\/contact\/staff\/jan-simkanin\/","title":{"rendered":"J\u00e1n \u0160imkanin"},"content":{"rendered":"<p>[et_pb_section fb_built=&#8221;1&#8243; _builder_version=&#8221;4.16&#8243; custom_padding=&#8221;0px|0px|0px|0px&#8221; global_colors_info=&#8221;{}&#8221;][et_pb_row column_structure=&#8221;3_5,2_5&#8243; _builder_version=&#8221;4.16&#8243; background_size=&#8221;initial&#8221; background_position=&#8221;top_left&#8221; background_repeat=&#8221;repeat&#8221; custom_padding=&#8221;15px|0px|0px|0px&#8221; global_colors_info=&#8221;{}&#8221;][et_pb_column type=&#8221;3_5&#8243; _builder_version=&#8221;4.16&#8243; _module_preset=&#8221;default&#8221; global_colors_info=&#8221;{}&#8221;][et_pb_text _builder_version=&#8221;4.23.1&#8243; _module_preset=&#8221;default&#8221; hover_enabled=&#8221;0&#8243; global_colors_info=&#8221;{}&#8221; sticky_enabled=&#8221;0&#8243;]<\/p>\n<p style=\"text-align: justify;\">RNDr. J\u00e1n \u0160imkanin, PhD. (1972) has been working as a&nbsp;researcher at the Institute of Geophysics CAS since 2001. He investigates magnetoconvection in the Earth&#8217;s&nbsp;core and other planets, performs numerical modeling of Geodynamo and planetary hydromagnetic dynamos, and cosmic magnetohydrodynamics. He obtained title Mgr. (Msc.) after graduating from the Faculty of Mathematics and Physics at Comenius University in Bratislava (1990-1995), the degree of RNDr. after passing a&nbsp;rigorous examination at the Faculty of Mathematics and Physics at the same university (2000), and PhD degree after completing his doctoral studies in geophysics at the same faculty (1995-2001). He is a&nbsp;member of the Council for Foreign Relations of the ASCR (2013-2017 and 2017-2021), in 2011-2015 he was the Co-Chair of the working group I-1: Theory of Planetary Magnetic Fields and Geomagnetic Secular Variation of Division I&nbsp;&#8211; Internal Magnetic Fields of the International Association of Geomagnetism and Aeronomy (IAGA) and in 2015-2019 he was the Chair of the above-mentioned working group. In 2019-2023 he is the Chair of Division I&nbsp;&#8211; Internal Magnetic Fields of the International Association of Geomagnetism and Aeronomy (IAGA).<\/p>\n<p>&nbsp;<\/p>\n<p style=\"text-align: justify;\">J\u00e1n \u0160imkanin was one of the main organizers of the Conference On Natural Dynamos, Star\u00e1 Lesn\u00e1, Slovakia (2009) and the second Conference On Natural Dynamos, Valtice (2017). In 2002 he was awarded a&nbsp;postdoctoral fellowship from the Deutscher Akademischer Austausch Dienst (DAAD), and completed a&nbsp;postdoctoral fellowship at the Institute of Geophysics, Georg-August University, G\u00f6ttingen, Germany. In 2002, he was also awarded the Roman Herzog scholarship by the Alexander von Humboldt Foundation. He completed a&nbsp;postdoctoral fellowship based on a&nbsp;Humboldt Fellowship in 2003-2004 at the Institute of Geophysics, Georg-August University, G\u00f6ttingen, Germany. Cooperation with colleagues in G\u00f6ttingen continued in 2006, 2007, 2010 and 2014 (stays of 2-3 months) based on a&nbsp;Return scholarship from the Alexander von Humboldt Foundation.<\/p>\n<p>J\u00e1n \u0160imkanin collaborates on the project DRESDYN (DREsden Sodium facility for DYNamo and thermohydraulic studies), which is conducted at the Helmholtz-Zentrum Dresden-Rossendorf (HZDR) in Germany (F. Stefani and A. Giesecke). A&nbsp;large-scale water hydrodynamic experiment is scheduled in 2024, and a&nbsp;large-scale liquid sodium dynamo experiment in 2025.<\/p>\n<p>[\/et_pb_text][\/et_pb_column][et_pb_column type=&#8221;2_5&#8243; _builder_version=&#8221;4.16&#8243; custom_padding=&#8221;|||&#8221; global_colors_info=&#8221;{}&#8221; custom_padding__hover=&#8221;|||&#8221;][et_pb_image src=&#8221;https:\/\/www.ig.cas.cz\/wp-content\/uploads\/2018\/02\/JS.jpg&#8221; align=&#8221;center&#8221; align_tablet=&#8221;center&#8221; align_phone=&#8221;&#8221; align_last_edited=&#8221;on|desktop&#8221; _builder_version=&#8221;4.16&#8243; max_width=&#8221;80%&#8221; global_colors_info=&#8221;{}&#8221;]&nbsp;<br \/>\n[\/et_pb_image][et_pb_text _builder_version=&#8221;4.23.1&#8243; hover_enabled=&#8221;0&#8243; global_colors_info=&#8221;{}&#8221; sticky_enabled=&#8221;0&#8243;]<\/p>\n<h3 style=\"text-align: center;\"><strong>J\u00e1n \u0160imkanin<\/strong>, Ph.D.<\/h3>\n<p style=\"text-align: center;\">researcher<br \/>Volcanic and Magmatic Processes<br \/><a href=\"mailto:jano@ig.cas.cz\">jano@ig.cas.cz<\/a><br \/>+420&nbsp;267&nbsp;103&nbsp;342<br \/>office 130<br \/><a style=\"font-size: 16px; vertical-align: top;\" href=\"https:\/\/orcid.org\/0000-0002-1509-069X\" target=\"_blank\" rel=\"noopener noreferrer\"><img decoding=\"async\" style=\"width: 1em; margin-right: .5em;\" src=\"https:\/\/orcid.org\/sites\/default\/files\/images\/orcid_16x16.png\" alt=\"ORCID iD icon\" \/>ORCID<\/a><\/p>\n<p>&nbsp;<\/p>\n<p>[\/et_pb_text][\/et_pb_column][\/et_pb_row][\/et_pb_section]<\/p>\n","protected":false},"excerpt":{"rendered":"<p>RNDr. J\u00e1n \u0160imkanin, PhD. (1972) has been working as a&nbsp;researcher at the Institute of Geophysics CAS since 2001. He investigates magnetoconvection in the Earth&#8217;s&nbsp;core and other planets, performs numerical modeling of Geodynamo and planetary hydromagnetic dynamos, and cosmic magnetohydrodynamics. He obtained title Mgr. (Msc.) after graduating from the Faculty of Mathematics and Physics [&hellip;]<\/p>\n","protected":false},"author":4,"featured_media":12002,"parent":416,"menu_order":0,"comment_status":"closed","ping_status":"closed","template":"","meta":{"_et_pb_use_builder":"on","_et_pb_old_content":"","_et_gb_content_width":"","footnotes":""},"categories":[],"tags":[127],"class_list":["post-9231","page","type-page","status-publish","has-post-thumbnail","hentry","tag-people-en"],"yoast_head":"<!-- This site is optimized with the Yoast SEO plugin v25.9 - https:\/\/yoast.com\/wordpress\/plugins\/seo\/ -->\n<title>J\u00e1n \u0160imkanin - Geofyzik\u00e1ln\u00ed \u00fastav Akademie v\u011bd \u010cR, v.v.i.<\/title>\n<meta name=\"robots\" content=\"index, follow, max-snippet:-1, max-image-preview:large, max-video-preview:-1\" \/>\n<link rel=\"canonical\" href=\"https:\/\/www.ig.cas.cz\/en\/contact\/staff\/jan-simkanin\/\" \/>\n<meta property=\"og:locale\" content=\"en_US\" \/>\n<meta property=\"og:type\" content=\"article\" \/>\n<meta property=\"og:title\" content=\"J\u00e1n \u0160imkanin - Geofyzik\u00e1ln\u00ed \u00fastav Akademie v\u011bd \u010cR, v.v.i.\" \/>\n<meta property=\"og:description\" content=\"RNDr. J\u00e1n \u0160imkanin, PhD. (1972) has been working as a researcher at the Institute of Geophysics CAS since 2001. He investigates magnetoconvection in the Earth&#039;s core and other planets, performs numerical modeling of Geodynamo and planetary hydromagnetic dynamos, and cosmic magnetohydrodynamics. He obtained title Mgr. (Msc.) after graduating from the Faculty of Mathematics and Physics [&hellip;]\" \/>\n<meta property=\"og:url\" content=\"https:\/\/www.ig.cas.cz\/en\/contact\/staff\/jan-simkanin\/\" \/>\n<meta property=\"og:site_name\" content=\"Dom\u016f\" \/>\n<meta property=\"article:publisher\" content=\"https:\/\/www.facebook.com\/GFUAVCR\/\" \/>\n<meta property=\"article:modified_time\" content=\"2024-01-24T08:39:11+00:00\" \/>\n<meta property=\"og:image\" content=\"https:\/\/www.ig.cas.cz\/wp-content\/uploads\/2018\/01\/mapa_geologicka.jpg\" \/>\n\t<meta property=\"og:image:width\" content=\"2500\" \/>\n\t<meta property=\"og:image:height\" content=\"260\" \/>\n\t<meta property=\"og:image:type\" content=\"image\/jpeg\" \/>\n<meta name=\"twitter:card\" content=\"summary_large_image\" \/>\n<meta name=\"twitter:label1\" content=\"Est. reading time\" \/>\n\t<meta name=\"twitter:data1\" content=\"3 minutes\" \/>\n<script type=\"application\/ld+json\" class=\"yoast-schema-graph\">{\"@context\":\"https:\/\/schema.org\",\"@graph\":[{\"@type\":\"WebPage\",\"@id\":\"https:\/\/www.ig.cas.cz\/en\/contact\/staff\/jan-simkanin\/\",\"url\":\"https:\/\/www.ig.cas.cz\/en\/contact\/staff\/jan-simkanin\/\",\"name\":\"J\u00e1n \u0160imkanin - Geofyzik\u00e1ln\u00ed \u00fastav Akademie v\u011bd \u010cR, v.v.i.\",\"isPartOf\":{\"@id\":\"https:\/\/www.ig.cas.cz\/#website\"},\"primaryImageOfPage\":{\"@id\":\"https:\/\/www.ig.cas.cz\/en\/contact\/staff\/jan-simkanin\/#primaryimage\"},\"image\":{\"@id\":\"https:\/\/www.ig.cas.cz\/en\/contact\/staff\/jan-simkanin\/#primaryimage\"},\"thumbnailUrl\":\"https:\/\/www.ig.cas.cz\/wp-content\/uploads\/2018\/01\/mapa_geologicka.jpg\",\"datePublished\":\"2018-03-09T07:55:56+00:00\",\"dateModified\":\"2024-01-24T08:39:11+00:00\",\"breadcrumb\":{\"@id\":\"https:\/\/www.ig.cas.cz\/en\/contact\/staff\/jan-simkanin\/#breadcrumb\"},\"inLanguage\":\"en-US\",\"potentialAction\":[{\"@type\":\"ReadAction\",\"target\":[\"https:\/\/www.ig.cas.cz\/en\/contact\/staff\/jan-simkanin\/\"]}]},{\"@type\":\"ImageObject\",\"inLanguage\":\"en-US\",\"@id\":\"https:\/\/www.ig.cas.cz\/en\/contact\/staff\/jan-simkanin\/#primaryimage\",\"url\":\"https:\/\/www.ig.cas.cz\/wp-content\/uploads\/2018\/01\/mapa_geologicka.jpg\",\"contentUrl\":\"https:\/\/www.ig.cas.cz\/wp-content\/uploads\/2018\/01\/mapa_geologicka.jpg\",\"width\":2500,\"height\":260},{\"@type\":\"BreadcrumbList\",\"@id\":\"https:\/\/www.ig.cas.cz\/en\/contact\/staff\/jan-simkanin\/#breadcrumb\",\"itemListElement\":[{\"@type\":\"ListItem\",\"position\":1,\"name\":\"Dom\u016f\",\"item\":\"https:\/\/www.ig.cas.cz\/en\/\"},{\"@type\":\"ListItem\",\"position\":2,\"name\":\"Contacts\",\"item\":\"https:\/\/www.ig.cas.cz\/en\/contact\/\"},{\"@type\":\"ListItem\",\"position\":3,\"name\":\"Staff\",\"item\":\"https:\/\/www.ig.cas.cz\/en\/contact\/staff\/\"},{\"@type\":\"ListItem\",\"position\":4,\"name\":\"J\u00e1n \u0160imkanin\"}]},{\"@type\":\"WebSite\",\"@id\":\"https:\/\/www.ig.cas.cz\/#website\",\"url\":\"https:\/\/www.ig.cas.cz\/\",\"name\":\"Dom\u016f\",\"description\":\"Geofyzik\u00e1ln\u00ed \u00fastav Akademie v\u011bd \u010cR, v.v.i.\",\"potentialAction\":[{\"@type\":\"SearchAction\",\"target\":{\"@type\":\"EntryPoint\",\"urlTemplate\":\"https:\/\/www.ig.cas.cz\/?s={search_term_string}\"},\"query-input\":{\"@type\":\"PropertyValueSpecification\",\"valueRequired\":true,\"valueName\":\"search_term_string\"}}],\"inLanguage\":\"en-US\"}]}<\/script>\n<!-- \/ Yoast SEO plugin. -->","yoast_head_json":{"title":"J\u00e1n \u0160imkanin - Geofyzik\u00e1ln\u00ed \u00fastav Akademie v\u011bd \u010cR, v.v.i.","robots":{"index":"index","follow":"follow","max-snippet":"max-snippet:-1","max-image-preview":"max-image-preview:large","max-video-preview":"max-video-preview:-1"},"canonical":"https:\/\/www.ig.cas.cz\/en\/contact\/staff\/jan-simkanin\/","og_locale":"en_US","og_type":"article","og_title":"J\u00e1n \u0160imkanin - Geofyzik\u00e1ln\u00ed \u00fastav Akademie v\u011bd \u010cR, v.v.i.","og_description":"RNDr. J\u00e1n \u0160imkanin, PhD. (1972) has been working as a researcher at the Institute of Geophysics CAS since 2001. He investigates magnetoconvection in the Earth's core and other planets, performs numerical modeling of Geodynamo and planetary hydromagnetic dynamos, and cosmic magnetohydrodynamics. He obtained title Mgr. (Msc.) after graduating from the Faculty of Mathematics and Physics [&hellip;]","og_url":"https:\/\/www.ig.cas.cz\/en\/contact\/staff\/jan-simkanin\/","og_site_name":"Dom\u016f","article_publisher":"https:\/\/www.facebook.com\/GFUAVCR\/","article_modified_time":"2024-01-24T08:39:11+00:00","og_image":[{"width":2500,"height":260,"url":"https:\/\/www.ig.cas.cz\/wp-content\/uploads\/2018\/01\/mapa_geologicka.jpg","type":"image\/jpeg"}],"twitter_card":"summary_large_image","twitter_misc":{"Est. reading time":"3 minutes"},"schema":{"@context":"https:\/\/schema.org","@graph":[{"@type":"WebPage","@id":"https:\/\/www.ig.cas.cz\/en\/contact\/staff\/jan-simkanin\/","url":"https:\/\/www.ig.cas.cz\/en\/contact\/staff\/jan-simkanin\/","name":"J\u00e1n \u0160imkanin - Geofyzik\u00e1ln\u00ed \u00fastav Akademie v\u011bd \u010cR, v.v.i.","isPartOf":{"@id":"https:\/\/www.ig.cas.cz\/#website"},"primaryImageOfPage":{"@id":"https:\/\/www.ig.cas.cz\/en\/contact\/staff\/jan-simkanin\/#primaryimage"},"image":{"@id":"https:\/\/www.ig.cas.cz\/en\/contact\/staff\/jan-simkanin\/#primaryimage"},"thumbnailUrl":"https:\/\/www.ig.cas.cz\/wp-content\/uploads\/2018\/01\/mapa_geologicka.jpg","datePublished":"2018-03-09T07:55:56+00:00","dateModified":"2024-01-24T08:39:11+00:00","breadcrumb":{"@id":"https:\/\/www.ig.cas.cz\/en\/contact\/staff\/jan-simkanin\/#breadcrumb"},"inLanguage":"en-US","potentialAction":[{"@type":"ReadAction","target":["https:\/\/www.ig.cas.cz\/en\/contact\/staff\/jan-simkanin\/"]}]},{"@type":"ImageObject","inLanguage":"en-US","@id":"https:\/\/www.ig.cas.cz\/en\/contact\/staff\/jan-simkanin\/#primaryimage","url":"https:\/\/www.ig.cas.cz\/wp-content\/uploads\/2018\/01\/mapa_geologicka.jpg","contentUrl":"https:\/\/www.ig.cas.cz\/wp-content\/uploads\/2018\/01\/mapa_geologicka.jpg","width":2500,"height":260},{"@type":"BreadcrumbList","@id":"https:\/\/www.ig.cas.cz\/en\/contact\/staff\/jan-simkanin\/#breadcrumb","itemListElement":[{"@type":"ListItem","position":1,"name":"Dom\u016f","item":"https:\/\/www.ig.cas.cz\/en\/"},{"@type":"ListItem","position":2,"name":"Contacts","item":"https:\/\/www.ig.cas.cz\/en\/contact\/"},{"@type":"ListItem","position":3,"name":"Staff","item":"https:\/\/www.ig.cas.cz\/en\/contact\/staff\/"},{"@type":"ListItem","position":4,"name":"J\u00e1n \u0160imkanin"}]},{"@type":"WebSite","@id":"https:\/\/www.ig.cas.cz\/#website","url":"https:\/\/www.ig.cas.cz\/","name":"Dom\u016f","description":"Geofyzik\u00e1ln\u00ed \u00fastav Akademie v\u011bd \u010cR, v.v.i.","potentialAction":[{"@type":"SearchAction","target":{"@type":"EntryPoint","urlTemplate":"https:\/\/www.ig.cas.cz\/?s={search_term_string}"},"query-input":{"@type":"PropertyValueSpecification","valueRequired":true,"valueName":"search_term_string"}}],"inLanguage":"en-US"}]}},"_links":{"self":[{"href":"https:\/\/www.ig.cas.cz\/en\/wp-json\/wp\/v2\/pages\/9231","targetHints":{"allow":["GET"]}}],"collection":[{"href":"https:\/\/www.ig.cas.cz\/en\/wp-json\/wp\/v2\/pages"}],"about":[{"href":"https:\/\/www.ig.cas.cz\/en\/wp-json\/wp\/v2\/types\/page"}],"author":[{"embeddable":true,"href":"https:\/\/www.ig.cas.cz\/en\/wp-json\/wp\/v2\/users\/4"}],"replies":[{"embeddable":true,"href":"https:\/\/www.ig.cas.cz\/en\/wp-json\/wp\/v2\/comments?post=9231"}],"version-history":[{"count":0,"href":"https:\/\/www.ig.cas.cz\/en\/wp-json\/wp\/v2\/pages\/9231\/revisions"}],"up":[{"embeddable":true,"href":"https:\/\/www.ig.cas.cz\/en\/wp-json\/wp\/v2\/pages\/416"}],"wp:featuredmedia":[{"embeddable":true,"href":"https:\/\/www.ig.cas.cz\/en\/wp-json\/wp\/v2\/media\/12002"}],"wp:attachment":[{"href":"https:\/\/www.ig.cas.cz\/en\/wp-json\/wp\/v2\/media?parent=9231"}],"wp:term":[{"taxonomy":"category","embeddable":true,"href":"https:\/\/www.ig.cas.cz\/en\/wp-json\/wp\/v2\/categories?post=9231"},{"taxonomy":"post_tag","embeddable":true,"href":"https:\/\/www.ig.cas.cz\/en\/wp-json\/wp\/v2\/tags?post=9231"}],"curies":[{"name":"wp","href":"https:\/\/api.w.org\/{rel}","templated":true}]}}