{"id":9340,"date":"2018-03-09T10:23:21","date_gmt":"2018-03-09T09:23:21","guid":{"rendered":"https:\/\/www.ig.cas.cz\/?page_id=9340"},"modified":"2026-01-15T13:46:53","modified_gmt":"2026-01-15T12:46:53","slug":"radek-klanica","status":"publish","type":"page","link":"https:\/\/www.ig.cas.cz\/en\/contact\/staff\/radek-klanica\/","title":{"rendered":"Radek Klanica"},"content":{"rendered":"<p>[et_pb_section fb_built=&#8221;1&#8243; _builder_version=&#8221;4.16&#8243; custom_padding=&#8221;17px|0px|0px|0px||&#8221; global_colors_info=&#8221;{}&#8221;][et_pb_row column_structure=&#8221;2_3,1_3&#8243; _builder_version=&#8221;4.16&#8243; background_size=&#8221;initial&#8221; background_position=&#8221;top_left&#8221; background_repeat=&#8221;repeat&#8221; custom_padding=&#8221;15px|0px|0px|0px&#8221; global_colors_info=&#8221;{}&#8221;][et_pb_column type=&#8221;2_3&#8243; _builder_version=&#8221;4.16&#8243; custom_padding=&#8221;|||&#8221; global_colors_info=&#8221;{}&#8221; custom_padding__hover=&#8221;|||&#8221;][et_pb_text _builder_version=&#8221;4.27.4&#8243; global_colors_info=&#8221;{}&#8221;]<\/p>\n<p><strong>Radek Klanica<\/strong> has been working at the Institute of Geophysics of the Czech Academy of Sciences since 2014, focusing mainly on geoelectric methods \u2013 electrical resistivity tomography and the magnetotelluric method. He completed both his master\u2019s (2013\u20132015) and doctoral (2015\u20132019) studies within the Applied Geology program at the Faculty of Science, Charles University.<\/p>\n<p>He uses electrical resistivity tomography primarily to address archaeological questions related to settlement defensive features, such as ramparts or ditches. He also works on combining field geophysics, magnetic susceptibility, and geochemistry for archaeological and environmental purposes. In addition, he collaborates on applying electrical resistivity tomography to geological questions related to faults or volcanic structures. He combines the magnetotelluric method with shallow geophysical techniques for exploring the upper crust and also focuses on advanced processing of magnetotelluric data and 3D modeling.<\/p>\n<p>\u200b<\/p>\n<p>[\/et_pb_text][\/et_pb_column][et_pb_column type=&#8221;1_3&#8243; _builder_version=&#8221;4.16&#8243; custom_padding=&#8221;|||&#8221; global_colors_info=&#8221;{}&#8221; custom_padding__hover=&#8221;|||&#8221;][et_pb_image src=&#8221;https:\/\/www.ig.cas.cz\/wp-content\/uploads\/2018\/01\/Klanica.jpg&#8221; align=&#8221;center&#8221; align_tablet=&#8221;center&#8221; align_phone=&#8221;&#8221; align_last_edited=&#8221;on|desktop&#8221; _builder_version=&#8221;4.16&#8243; max_width=&#8221;88%&#8221; global_colors_info=&#8221;{}&#8221;]&nbsp;<br \/>\n[\/et_pb_image][et_pb_text _builder_version=&#8221;4.27.4&#8243; global_colors_info=&#8221;{}&#8221;]<\/p>\n<h3 style=\"text-align: center;\"><strong>Radek Klanica, <\/strong>Ph.D.<\/h3>\n<p style=\"text-align: center;\">Researcher<br \/><a href=\"https:\/\/www.ig.cas.cz\/en\/research\/teams\/environmental-and-applied-geophysics\/\">Environmental and Applied Geophysics<\/a><br \/><a href=\"mailto:rk@ig.cas.cz\">rk@ig.cas.cz<\/a><br \/>+420&nbsp;267&nbsp;103&nbsp;084<br \/>office 123<br \/><a style=\"font-size: 16px; vertical-align: top;\" href=\"https:\/\/orcid.org\/0000-0002-8302-7537\" target=\"_blank\" rel=\"noopener noreferrer\"><img decoding=\"async\" style=\"width: 1em; margin-right: .5em;\" src=\"https:\/\/orcid.org\/sites\/default\/files\/images\/orcid_16x16.png\" alt=\"ORCID iD icon\" \/>ORCID<\/a><\/p>\n<p>[\/et_pb_text][\/et_pb_column][\/et_pb_row][et_pb_row column_structure=&#8221;2_3,1_3&#8243; _builder_version=&#8221;4.16&#8243; custom_padding=&#8221;0px|0px|28.95px|0px&#8221; global_colors_info=&#8221;{}&#8221;][et_pb_column type=&#8221;2_3&#8243; _builder_version=&#8221;4.16&#8243; custom_padding=&#8221;|||&#8221; global_colors_info=&#8221;{}&#8221; custom_padding__hover=&#8221;|||&#8221;][et_pb_text _builder_version=&#8221;4.27.4&#8243; global_colors_info=&#8221;{}&#8221;]<\/p>\n<h3><strong>Selected publications<\/strong><\/h3>\n<ul>\n<li>\n<p>Ber\u00e1nek, R., Mrlina, J., <strong>Klanica, R.<\/strong>, Vo\u0161vrdov\u00e1 E. (2025) Complex Geophysical Survey of Historical Shallow Tin Mines in Abertamy-H\u0159ebe\u010dn\u00e1, UNESCO Site in Ore Mountains, Czechia. Geoheritage 17, 116. <a href=\"https:\/\/doi.org\/10.1007\/s12371-025-01163-9\">https:\/\/doi.org\/10.1007\/s12371-025-01163-9<\/a><\/p>\n<\/li>\n<li>\n<p><strong>Klanica, R.<\/strong>, \u0160tefan, I., Hasil, J., Ber\u00e1nek, R. (2024) Characterization of Stronghold Fortifications by 2D\/3D\/4D Electrical Resistivity Tomography: Major Push Towards Quantitative Interpretation. Pure and Applied Geophysics 181, 919-933. <a href=\"https:\/\/doi.org\/10.1007\/s00024-024-03427-x\">https:\/\/doi.org\/10.1007\/s00024-024-03427-x<\/a><\/p>\n<\/li>\n<li>\n<p>Hrubcov\u00e1, P., Fischer, T., Rapprich, V., Valenta, J., T\u00e1bo\u0159\u00edk, P., Mrlina, J., Dahm, T., Vylita, T., Ber\u00e1nek, R., <strong>Klanica, R.<\/strong>, Turjakov\u00e1, V. (2023) Two Small Volcanoes, One Inside the Other: Geophysical and Drilling Investigation of Bazina Maar in Western Eger Rift. Earth and Space Science 10, e2023EA003009. <a href=\"https:\/\/doi.org\/10.1029\/2023EA003009\">https:\/\/doi.org\/10.1029\/2023EA003009<\/a><\/p>\n<\/li>\n<li>\n<p>Grison, H., <strong>Klanica, R.<\/strong>, Stejskalov\u00e1, \u0160., \u0160teffl, J. (2022) Geoelectric, magnetic susceptibility, and geochemical survey as a&nbsp;tool to clarify the origin of Bronze Age water reservoirs at the \u0160t\u011bp\u00e1nov hillfort, Czechia. Catena 213, 106192. <a href=\"https:\/\/doi.org\/10.1016\/j.catena.2022.106192\">https:\/\/doi.org\/10.1016\/j.catena.2022.106192<\/a><\/p>\n<\/li>\n<li>\n<p><strong>Klanica, R.<\/strong>, Kadlec, J., T\u00e1bo\u0159\u00edk, P., Mrlina, J., Valenta, J., Kov\u00e1\u010dikov\u00e1, S., Hill, G.J. (2020) Hypogenic versus epigenic origin of deep underwater caves illustrated by the Hranice Abyss (Czech Republic) \u2013 the world\u2019s deepest freshwater cave. Journal of Geophysical Research: Earth Surface, 125, e2020JF005663. <a href=\"https:\/\/doi.org\/10.1029\/2020JF005663\">https:\/\/doi.org\/10.1029\/2020JF005663<\/a><\/p>\n<p>&nbsp;<\/p>\n<\/li>\n<\/ul>\n<p>[\/et_pb_text][\/et_pb_column][et_pb_column type=&#8221;1_3&#8243; _builder_version=&#8221;4.16&#8243; custom_padding=&#8221;|||&#8221; global_colors_info=&#8221;{}&#8221; custom_padding__hover=&#8221;|||&#8221;][et_pb_text _builder_version=&#8221;4.27.4&#8243; _module_preset=&#8221;default&#8221; global_colors_info=&#8221;{}&#8221;]<\/p>\n<p><strong>Current projects:<\/strong><\/p>\n<p>2026-2027: Time-Lapse Electrical Resistivity Tomography for cultural heritage exploration \u2013 MPP bilateral project Czech Academy of Sciences, Institute of Geophysics CAS \u2013 University of Bamgerg (Germany), Klanica et al. \u2013 principal investigator<\/p>\n<p>2024-2027: SYNERGYS &#8211; Energy Synergy Systems, European Union Operational Programme Just Transition, Charles University, Faculty of Science, Fischer et al. \u2013 team member<\/p>\n<p>[\/et_pb_text][\/et_pb_column][\/et_pb_row][\/et_pb_section]<\/p>\n","protected":false},"excerpt":{"rendered":"<p>Radek Klanica has been working at the Institute of Geophysics of the Czech Academy of Sciences since 2014, focusing mainly on geoelectric methods \u2013 electrical resistivity tomography and the magnetotelluric method. He completed both his master\u2019s (2013\u20132015) and doctoral (2015\u20132019) studies within the Applied Geology program at the Faculty of Science, Charles University. He uses [&hellip;]<\/p>\n","protected":false},"author":4,"featured_media":12002,"parent":416,"menu_order":0,"comment_status":"closed","ping_status":"closed","template":"","meta":{"_et_pb_use_builder":"on","_et_pb_old_content":"","_et_gb_content_width":"","footnotes":""},"categories":[],"tags":[127],"class_list":["post-9340","page","type-page","status-publish","has-post-thumbnail","hentry","tag-people-en"],"yoast_head":"<!-- This site is optimized with the Yoast SEO plugin v25.9 - https:\/\/yoast.com\/wordpress\/plugins\/seo\/ -->\n<title>Radek Klanica - Geofyzik\u00e1ln\u00ed \u00fastav Akademie v\u011bd \u010cR, v.v.i.<\/title>\n<meta name=\"robots\" content=\"index, follow, max-snippet:-1, max-image-preview:large, max-video-preview:-1\" \/>\n<link rel=\"canonical\" href=\"https:\/\/www.ig.cas.cz\/en\/contact\/staff\/radek-klanica\/\" \/>\n<meta property=\"og:locale\" content=\"en_US\" \/>\n<meta property=\"og:type\" content=\"article\" \/>\n<meta property=\"og:title\" content=\"Radek Klanica - Geofyzik\u00e1ln\u00ed \u00fastav Akademie v\u011bd \u010cR, v.v.i.\" \/>\n<meta property=\"og:description\" content=\"Radek Klanica has been working at the Institute of Geophysics of the Czech Academy of Sciences since 2014, focusing mainly on geoelectric methods \u2013 electrical resistivity tomography and the magnetotelluric method. He completed both his master\u2019s (2013\u20132015) and doctoral (2015\u20132019) studies within the Applied Geology program at the Faculty of Science, Charles University. He uses [&hellip;]\" \/>\n<meta property=\"og:url\" content=\"https:\/\/www.ig.cas.cz\/en\/contact\/staff\/radek-klanica\/\" \/>\n<meta property=\"og:site_name\" content=\"Dom\u016f\" \/>\n<meta property=\"article:publisher\" content=\"https:\/\/www.facebook.com\/GFUAVCR\/\" \/>\n<meta property=\"article:modified_time\" content=\"2026-01-15T12:46:53+00:00\" \/>\n<meta property=\"og:image\" content=\"https:\/\/www.ig.cas.cz\/wp-content\/uploads\/2018\/01\/mapa_geologicka.jpg\" \/>\n\t<meta property=\"og:image:width\" content=\"2500\" \/>\n\t<meta property=\"og:image:height\" content=\"260\" \/>\n\t<meta property=\"og:image:type\" content=\"image\/jpeg\" \/>\n<meta name=\"twitter:card\" content=\"summary_large_image\" \/>\n<meta name=\"twitter:label1\" content=\"Est. reading time\" \/>\n\t<meta name=\"twitter:data1\" content=\"3 minutes\" \/>\n<script type=\"application\/ld+json\" class=\"yoast-schema-graph\">{\"@context\":\"https:\/\/schema.org\",\"@graph\":[{\"@type\":\"WebPage\",\"@id\":\"https:\/\/www.ig.cas.cz\/en\/contact\/staff\/radek-klanica\/\",\"url\":\"https:\/\/www.ig.cas.cz\/en\/contact\/staff\/radek-klanica\/\",\"name\":\"Radek Klanica - Geofyzik\u00e1ln\u00ed \u00fastav Akademie v\u011bd \u010cR, v.v.i.\",\"isPartOf\":{\"@id\":\"https:\/\/www.ig.cas.cz\/#website\"},\"primaryImageOfPage\":{\"@id\":\"https:\/\/www.ig.cas.cz\/en\/contact\/staff\/radek-klanica\/#primaryimage\"},\"image\":{\"@id\":\"https:\/\/www.ig.cas.cz\/en\/contact\/staff\/radek-klanica\/#primaryimage\"},\"thumbnailUrl\":\"https:\/\/www.ig.cas.cz\/wp-content\/uploads\/2018\/01\/mapa_geologicka.jpg\",\"datePublished\":\"2018-03-09T09:23:21+00:00\",\"dateModified\":\"2026-01-15T12:46:53+00:00\",\"breadcrumb\":{\"@id\":\"https:\/\/www.ig.cas.cz\/en\/contact\/staff\/radek-klanica\/#breadcrumb\"},\"inLanguage\":\"en-US\",\"potentialAction\":[{\"@type\":\"ReadAction\",\"target\":[\"https:\/\/www.ig.cas.cz\/en\/contact\/staff\/radek-klanica\/\"]}]},{\"@type\":\"ImageObject\",\"inLanguage\":\"en-US\",\"@id\":\"https:\/\/www.ig.cas.cz\/en\/contact\/staff\/radek-klanica\/#primaryimage\",\"url\":\"https:\/\/www.ig.cas.cz\/wp-content\/uploads\/2018\/01\/mapa_geologicka.jpg\",\"contentUrl\":\"https:\/\/www.ig.cas.cz\/wp-content\/uploads\/2018\/01\/mapa_geologicka.jpg\",\"width\":2500,\"height\":260},{\"@type\":\"BreadcrumbList\",\"@id\":\"https:\/\/www.ig.cas.cz\/en\/contact\/staff\/radek-klanica\/#breadcrumb\",\"itemListElement\":[{\"@type\":\"ListItem\",\"position\":1,\"name\":\"Dom\u016f\",\"item\":\"https:\/\/www.ig.cas.cz\/en\/\"},{\"@type\":\"ListItem\",\"position\":2,\"name\":\"Contacts\",\"item\":\"https:\/\/www.ig.cas.cz\/en\/contact\/\"},{\"@type\":\"ListItem\",\"position\":3,\"name\":\"Staff\",\"item\":\"https:\/\/www.ig.cas.cz\/en\/contact\/staff\/\"},{\"@type\":\"ListItem\",\"position\":4,\"name\":\"Radek Klanica\"}]},{\"@type\":\"WebSite\",\"@id\":\"https:\/\/www.ig.cas.cz\/#website\",\"url\":\"https:\/\/www.ig.cas.cz\/\",\"name\":\"Dom\u016f\",\"description\":\"Geofyzik\u00e1ln\u00ed \u00fastav Akademie v\u011bd \u010cR, v.v.i.\",\"potentialAction\":[{\"@type\":\"SearchAction\",\"target\":{\"@type\":\"EntryPoint\",\"urlTemplate\":\"https:\/\/www.ig.cas.cz\/?s={search_term_string}\"},\"query-input\":{\"@type\":\"PropertyValueSpecification\",\"valueRequired\":true,\"valueName\":\"search_term_string\"}}],\"inLanguage\":\"en-US\"}]}<\/script>\n<!-- \/ Yoast SEO plugin. -->","yoast_head_json":{"title":"Radek Klanica - Geofyzik\u00e1ln\u00ed \u00fastav Akademie v\u011bd \u010cR, v.v.i.","robots":{"index":"index","follow":"follow","max-snippet":"max-snippet:-1","max-image-preview":"max-image-preview:large","max-video-preview":"max-video-preview:-1"},"canonical":"https:\/\/www.ig.cas.cz\/en\/contact\/staff\/radek-klanica\/","og_locale":"en_US","og_type":"article","og_title":"Radek Klanica - Geofyzik\u00e1ln\u00ed \u00fastav Akademie v\u011bd \u010cR, v.v.i.","og_description":"Radek Klanica has been working at the Institute of Geophysics of the Czech Academy of Sciences since 2014, focusing mainly on geoelectric methods \u2013 electrical resistivity tomography and the magnetotelluric method. He completed both his master\u2019s (2013\u20132015) and doctoral (2015\u20132019) studies within the Applied Geology program at the Faculty of Science, Charles University. He uses [&hellip;]","og_url":"https:\/\/www.ig.cas.cz\/en\/contact\/staff\/radek-klanica\/","og_site_name":"Dom\u016f","article_publisher":"https:\/\/www.facebook.com\/GFUAVCR\/","article_modified_time":"2026-01-15T12:46:53+00:00","og_image":[{"width":2500,"height":260,"url":"https:\/\/www.ig.cas.cz\/wp-content\/uploads\/2018\/01\/mapa_geologicka.jpg","type":"image\/jpeg"}],"twitter_card":"summary_large_image","twitter_misc":{"Est. reading time":"3 minutes"},"schema":{"@context":"https:\/\/schema.org","@graph":[{"@type":"WebPage","@id":"https:\/\/www.ig.cas.cz\/en\/contact\/staff\/radek-klanica\/","url":"https:\/\/www.ig.cas.cz\/en\/contact\/staff\/radek-klanica\/","name":"Radek Klanica - Geofyzik\u00e1ln\u00ed \u00fastav Akademie v\u011bd \u010cR, v.v.i.","isPartOf":{"@id":"https:\/\/www.ig.cas.cz\/#website"},"primaryImageOfPage":{"@id":"https:\/\/www.ig.cas.cz\/en\/contact\/staff\/radek-klanica\/#primaryimage"},"image":{"@id":"https:\/\/www.ig.cas.cz\/en\/contact\/staff\/radek-klanica\/#primaryimage"},"thumbnailUrl":"https:\/\/www.ig.cas.cz\/wp-content\/uploads\/2018\/01\/mapa_geologicka.jpg","datePublished":"2018-03-09T09:23:21+00:00","dateModified":"2026-01-15T12:46:53+00:00","breadcrumb":{"@id":"https:\/\/www.ig.cas.cz\/en\/contact\/staff\/radek-klanica\/#breadcrumb"},"inLanguage":"en-US","potentialAction":[{"@type":"ReadAction","target":["https:\/\/www.ig.cas.cz\/en\/contact\/staff\/radek-klanica\/"]}]},{"@type":"ImageObject","inLanguage":"en-US","@id":"https:\/\/www.ig.cas.cz\/en\/contact\/staff\/radek-klanica\/#primaryimage","url":"https:\/\/www.ig.cas.cz\/wp-content\/uploads\/2018\/01\/mapa_geologicka.jpg","contentUrl":"https:\/\/www.ig.cas.cz\/wp-content\/uploads\/2018\/01\/mapa_geologicka.jpg","width":2500,"height":260},{"@type":"BreadcrumbList","@id":"https:\/\/www.ig.cas.cz\/en\/contact\/staff\/radek-klanica\/#breadcrumb","itemListElement":[{"@type":"ListItem","position":1,"name":"Dom\u016f","item":"https:\/\/www.ig.cas.cz\/en\/"},{"@type":"ListItem","position":2,"name":"Contacts","item":"https:\/\/www.ig.cas.cz\/en\/contact\/"},{"@type":"ListItem","position":3,"name":"Staff","item":"https:\/\/www.ig.cas.cz\/en\/contact\/staff\/"},{"@type":"ListItem","position":4,"name":"Radek Klanica"}]},{"@type":"WebSite","@id":"https:\/\/www.ig.cas.cz\/#website","url":"https:\/\/www.ig.cas.cz\/","name":"Dom\u016f","description":"Geofyzik\u00e1ln\u00ed \u00fastav Akademie v\u011bd \u010cR, v.v.i.","potentialAction":[{"@type":"SearchAction","target":{"@type":"EntryPoint","urlTemplate":"https:\/\/www.ig.cas.cz\/?s={search_term_string}"},"query-input":{"@type":"PropertyValueSpecification","valueRequired":true,"valueName":"search_term_string"}}],"inLanguage":"en-US"}]}},"_links":{"self":[{"href":"https:\/\/www.ig.cas.cz\/en\/wp-json\/wp\/v2\/pages\/9340","targetHints":{"allow":["GET"]}}],"collection":[{"href":"https:\/\/www.ig.cas.cz\/en\/wp-json\/wp\/v2\/pages"}],"about":[{"href":"https:\/\/www.ig.cas.cz\/en\/wp-json\/wp\/v2\/types\/page"}],"author":[{"embeddable":true,"href":"https:\/\/www.ig.cas.cz\/en\/wp-json\/wp\/v2\/users\/4"}],"replies":[{"embeddable":true,"href":"https:\/\/www.ig.cas.cz\/en\/wp-json\/wp\/v2\/comments?post=9340"}],"version-history":[{"count":2,"href":"https:\/\/www.ig.cas.cz\/en\/wp-json\/wp\/v2\/pages\/9340\/revisions"}],"predecessor-version":[{"id":43186,"href":"https:\/\/www.ig.cas.cz\/en\/wp-json\/wp\/v2\/pages\/9340\/revisions\/43186"}],"up":[{"embeddable":true,"href":"https:\/\/www.ig.cas.cz\/en\/wp-json\/wp\/v2\/pages\/416"}],"wp:featuredmedia":[{"embeddable":true,"href":"https:\/\/www.ig.cas.cz\/en\/wp-json\/wp\/v2\/media\/12002"}],"wp:attachment":[{"href":"https:\/\/www.ig.cas.cz\/en\/wp-json\/wp\/v2\/media?parent=9340"}],"wp:term":[{"taxonomy":"category","embeddable":true,"href":"https:\/\/www.ig.cas.cz\/en\/wp-json\/wp\/v2\/categories?post=9340"},{"taxonomy":"post_tag","embeddable":true,"href":"https:\/\/www.ig.cas.cz\/en\/wp-json\/wp\/v2\/tags?post=9340"}],"curies":[{"name":"wp","href":"https:\/\/api.w.org\/{rel}","templated":true}]}}