{"id":9416,"date":"2018-03-10T08:16:13","date_gmt":"2018-03-10T07:16:13","guid":{"rendered":"https:\/\/www.ig.cas.cz\/?page_id=9416"},"modified":"2023-07-31T14:14:03","modified_gmt":"2023-07-31T12:14:03","slug":"josef-horalek","status":"publish","type":"page","link":"https:\/\/www.ig.cas.cz\/en\/contact\/staff\/josef-horalek\/","title":{"rendered":"Josef Hor\u00e1lek"},"content":{"rendered":"<p>[et_pb_section fb_built=&#8221;1&#8243; _builder_version=&#8221;3.22&#8243; custom_padding=&#8221;0px|0px|0px|0px&#8221;][et_pb_row _builder_version=&#8221;3.25&#8243; background_size=&#8221;initial&#8221; background_position=&#8221;top_left&#8221; background_repeat=&#8221;repeat&#8221; custom_padding=&#8221;15px|0px|0px|0px&#8221; column_structure=&#8221;2_3,1_3&#8243;][et_pb_column type=&#8221;2_3&#8243; _builder_version=&#8221;3.25&#8243; custom_padding=&#8221;|||&#8221; custom_padding__hover=&#8221;|||&#8221;][et_pb_text _builder_version=&#8221;3.27.4&#8243;]<\/p>\n<h3><b>Selected publications<\/b><\/h3>\n<ul>\n<li>Jakoubkov\u00e1, H., <strong>Hor\u00e1lek, J<\/strong>. and Fischer, T., 2018.&nbsp;2014 mainshock-aftershock activity versus earthquake swarms in West Bohemia, Czech Republic. Pure Appl. Geophys., 175, 109-131, doi: 10.1007\/s00024-017-1679-7.<br \/> Doubravov\u00e1, J., Wiszniowski, J. and Hor\u00e1lek, J., 2016. Single Layer Recurrent Neural Network for detection of swarm-like earthquakes in W-Bohemia\/Vogtland &#8211; the method. Computers&amp;Geosciences, 93, 138-149,<br \/> doi: 10.1016\/j.cageo.2016.05.011.<\/li>\n<li>J. Doubravov\u00e1, J. Wiszniowski, <strong>J. Hor\u00e1lek<\/strong>, Single Layer Recurrent Neural Network for detection of swarm-like earthquakes in W-Bohemia\/Vogtland\u2014the method,Computers &amp; Geosciences,Volume 93,2016,Pages 138-149,ISSN 0098-3004,<a href=\"https:\/\/doi.org\/10.1016\/j.cageo.2016.05.011\">https:\/\/doi.org\/10.1016\/j.cageo.2016.05.011<\/a>.<br \/> <strong>Hor\u00e1lek, J<\/strong>., Fischer, T., Einarsson, P.&nbsp;and Jakobsd\u00f3tir, SS., 2015. Earthquake swarms. Encyclopedia of Earthquake Engineering, Beer, M., Ioannis A. Kougioumtzoglou, I.A., Patelli, E., Siu-Kui Au, I. (Eds.), DOI 10.1007\/978-3-642-36197-5_294-1, Springer-Verlag Berlin Heidelberg 2021.<\/li>\n<li>\u010cerm\u00e1kov\u00e1, H. and<strong> Hor\u00e1lek, J.<\/strong>, 2015. The 2011 West Bohemia (Central Europe) earthquake swarm compared with the previous swarms of 2000 and 2008. J. Seismol.,19\/4,899-913,doi: 10.1007\/s10950-015-9502-3.<\/li>\n<li>Fischer, T., <strong>Hor\u00e1lek, J<\/strong>., Hrubcov\u00e1, P., Vavry\u010duk, V., Br\u00e4uer, K. and K\u00e4mpf, H. Intra-continental earthquake swarms in West-Bohemia and Vogtland: A&nbsp;review. Tectonophysics, 611, 1-27.&nbsp;doi:10.1016\/j.tecto.2013.11.001, 2014.<\/li>\n<li>Mrlina, J., Fischer, T., <strong>Hor\u00e1lek, J.<\/strong> and Seidl. M., 2014. Comment on &#8220;Crustal deformations in the epicentral area of the West Bohemia 2008 earthquake swarm in central Europe&#8221; by Schenk et al. (JGR 117 (2012), B07408). J. Geoph. Res., 119, 7865-7869.&nbsp;doi: 10.1002\/2013JB010918<\/li>\n<li><strong>Hor\u00e1lek, J.<\/strong> and \u0160\u00edlen\u00fd, J., 2013. Source mechanisms of the 2000 earthquake swarm in the West Bohemia\/ Vogtland region (Central Europe). Geophys. J. Int., 194, 979-999,\u00a0doi: 10.1093\/gji\/ggt138.<\/li>\n<li>R\u016f\u017eek, B. and<strong> Hor\u00e1lek, J<\/strong>, 2013. Three-dimensional seismic velocity model of the West Bohemia\/Vogtland seismoactive region. Geophys. J. Int., J. Int., 195, 1251\u20131266, doi: 0.1093\/gji\/ggt295.<\/li>\n<li><strong>Hor\u00e1lek, J.,<\/strong> Jechumt\u00e1lov\u00e1, Z., Dorbath, L. and \u0160\u00edlen\u00fd, J., 2010. Source mechanisms of micro-earthquakes induced in a&nbsp;fluid injection experiment at the HDR site Soultz-sous-For\u00eats (Alsace) in 2003 and their temporal and spatial variations. Geophys. J. Int., 181, 1547\u20131565, doi: 10.1111\/j.1365-246X.2010.04506.x.<\/li>\n<li><strong>Hor\u00e1lek, J.<\/strong> and Fischer, T., 2010. Intraplate earthquake swarms in West Bohemia\/Vogtland (Central Europe). J\u00f6kul, 60, 67-87.<\/li>\n<li>Fischer, T.,<strong> Hor\u00e1lek, J.<\/strong>, Mich\u00e1lek, J. and Bou\u0161kov\u00e1, A., 2010. The 2008-West Bohemia earthquake swarm in the light of the WEBNET network. J. Seismol J. Seismology, 14, 665-682, doi: 10.1007\/s10950-010-9189-4.<\/li>\n<li><strong>Hor\u00e1lek, J.<\/strong>, Fischer, T., Bou\u0161kov\u00e1, A., Mich\u00e1lek, J. and Hrubcov\u00e1, P., 2010. The West Bohemian 2008-earthquake swarm: when, where, what size and data. Stud. Geophys. Geod., 53, 351-358.<\/li>\n<\/ul>\n<p>[\/et_pb_text][\/et_pb_column][et_pb_column type=&#8221;1_3&#8243; _builder_version=&#8221;3.25&#8243; custom_padding=&#8221;|||&#8221; custom_padding__hover=&#8221;|||&#8221;][et_pb_image src=&#8221;https:\/\/www.ig.cas.cz\/wp-content\/uploads\/2018\/02\/19-p8270123.jpg&#8221; align=&#8221;center&#8221; align_tablet=&#8221;center&#8221; align_last_edited=&#8221;on|desktop&#8221; _builder_version=&#8221;3.23&#8243; max_width=&#8221;88%&#8221;][\/et_pb_image][et_pb_text _builder_version=&#8221;4.6.0&#8243; hover_enabled=&#8221;0&#8243; sticky_enabled=&#8221;0&#8243;]<\/p>\n<h3 style=\"text-align: center;\">Ing. <strong>Josef Hor\u00e1lek, <\/strong>Csc.<\/h3>\n<p style=\"text-align: center;\">researcher<br \/>(Department of Seismology)<\/p>\n<p><a href=\"https:\/\/orcid.org\/0000-0001-6813-4943\" target=\"orcid.widget\" rel=\"noopener noreferrer\"><img decoding=\"async\" src=\"https:\/\/orcid.org\/sites\/default\/files\/images\/orcid_16x16.png\" alt=\"ORCID iD icon\" \/>\u00a0ORCID<\/a><\/p>\n<p>[\/et_pb_text][\/et_pb_column][\/et_pb_row][\/et_pb_section]<\/p>\n","protected":false},"excerpt":{"rendered":"<p>Selected publications Jakoubkov\u00e1, H., Hor\u00e1lek, J. and Fischer, T., 2018.&nbsp;2014 mainshock-aftershock activity versus earthquake swarms in West Bohemia, Czech Republic. Pure Appl. Geophys., 175, 109-131, doi: 10.1007\/s00024-017-1679-7. Doubravov\u00e1, J., Wiszniowski, J. and Hor\u00e1lek, J., 2016. Single Layer Recurrent Neural Network for detection of swarm-like earthquakes in W-Bohemia\/Vogtland &#8211; the method. Computers&amp;Geosciences, 93, 138-149, doi: [&hellip;]<\/p>\n","protected":false},"author":9,"featured_media":12002,"parent":416,"menu_order":0,"comment_status":"closed","ping_status":"closed","template":"","meta":{"_et_pb_use_builder":"on","_et_pb_old_content":"","_et_gb_content_width":"","footnotes":""},"categories":[],"tags":[127],"class_list":["post-9416","page","type-page","status-publish","has-post-thumbnail","hentry","tag-people-en"],"yoast_head":"<!-- This site is optimized with the Yoast SEO plugin v25.9 - https:\/\/yoast.com\/wordpress\/plugins\/seo\/ -->\n<title>Josef Hor\u00e1lek - Geofyzik\u00e1ln\u00ed \u00fastav Akademie v\u011bd \u010cR, v.v.i.<\/title>\n<meta name=\"robots\" content=\"index, follow, max-snippet:-1, max-image-preview:large, max-video-preview:-1\" \/>\n<link rel=\"canonical\" href=\"https:\/\/www.ig.cas.cz\/en\/contact\/staff\/josef-horalek\/\" \/>\n<meta property=\"og:locale\" content=\"en_US\" \/>\n<meta property=\"og:type\" content=\"article\" \/>\n<meta property=\"og:title\" content=\"Josef Hor\u00e1lek - Geofyzik\u00e1ln\u00ed \u00fastav Akademie v\u011bd \u010cR, v.v.i.\" \/>\n<meta property=\"og:description\" content=\"Selected publications Jakoubkov\u00e1, H., Hor\u00e1lek, J. and Fischer, T., 2018. 2014 mainshock-aftershock activity versus earthquake swarms in West Bohemia, Czech Republic. Pure Appl. Geophys., 175, 109-131, doi: 10.1007\/s00024-017-1679-7. Doubravov\u00e1, J., Wiszniowski, J. and Hor\u00e1lek, J., 2016. Single Layer Recurrent Neural Network for detection of swarm-like earthquakes in W-Bohemia\/Vogtland - the method. Computers&amp;Geosciences, 93, 138-149, doi: [&hellip;]\" \/>\n<meta property=\"og:url\" content=\"https:\/\/www.ig.cas.cz\/en\/contact\/staff\/josef-horalek\/\" \/>\n<meta property=\"og:site_name\" content=\"Dom\u016f\" \/>\n<meta property=\"article:publisher\" content=\"https:\/\/www.facebook.com\/GFUAVCR\/\" \/>\n<meta property=\"article:modified_time\" content=\"2023-07-31T12:14:03+00:00\" \/>\n<meta property=\"og:image\" content=\"https:\/\/www.ig.cas.cz\/wp-content\/uploads\/2018\/01\/mapa_geologicka.jpg\" \/>\n\t<meta property=\"og:image:width\" content=\"2500\" \/>\n\t<meta property=\"og:image:height\" content=\"260\" \/>\n\t<meta property=\"og:image:type\" content=\"image\/jpeg\" \/>\n<meta name=\"twitter:card\" content=\"summary_large_image\" \/>\n<meta name=\"twitter:label1\" content=\"Est. reading time\" \/>\n\t<meta name=\"twitter:data1\" content=\"3 minutes\" \/>\n<script type=\"application\/ld+json\" class=\"yoast-schema-graph\">{\"@context\":\"https:\/\/schema.org\",\"@graph\":[{\"@type\":\"WebPage\",\"@id\":\"https:\/\/www.ig.cas.cz\/en\/contact\/staff\/josef-horalek\/\",\"url\":\"https:\/\/www.ig.cas.cz\/en\/contact\/staff\/josef-horalek\/\",\"name\":\"Josef Hor\u00e1lek - Geofyzik\u00e1ln\u00ed \u00fastav Akademie v\u011bd \u010cR, v.v.i.\",\"isPartOf\":{\"@id\":\"https:\/\/www.ig.cas.cz\/#website\"},\"primaryImageOfPage\":{\"@id\":\"https:\/\/www.ig.cas.cz\/en\/contact\/staff\/josef-horalek\/#primaryimage\"},\"image\":{\"@id\":\"https:\/\/www.ig.cas.cz\/en\/contact\/staff\/josef-horalek\/#primaryimage\"},\"thumbnailUrl\":\"https:\/\/www.ig.cas.cz\/wp-content\/uploads\/2018\/01\/mapa_geologicka.jpg\",\"datePublished\":\"2018-03-10T07:16:13+00:00\",\"dateModified\":\"2023-07-31T12:14:03+00:00\",\"breadcrumb\":{\"@id\":\"https:\/\/www.ig.cas.cz\/en\/contact\/staff\/josef-horalek\/#breadcrumb\"},\"inLanguage\":\"en-US\",\"potentialAction\":[{\"@type\":\"ReadAction\",\"target\":[\"https:\/\/www.ig.cas.cz\/en\/contact\/staff\/josef-horalek\/\"]}]},{\"@type\":\"ImageObject\",\"inLanguage\":\"en-US\",\"@id\":\"https:\/\/www.ig.cas.cz\/en\/contact\/staff\/josef-horalek\/#primaryimage\",\"url\":\"https:\/\/www.ig.cas.cz\/wp-content\/uploads\/2018\/01\/mapa_geologicka.jpg\",\"contentUrl\":\"https:\/\/www.ig.cas.cz\/wp-content\/uploads\/2018\/01\/mapa_geologicka.jpg\",\"width\":2500,\"height\":260},{\"@type\":\"BreadcrumbList\",\"@id\":\"https:\/\/www.ig.cas.cz\/en\/contact\/staff\/josef-horalek\/#breadcrumb\",\"itemListElement\":[{\"@type\":\"ListItem\",\"position\":1,\"name\":\"Dom\u016f\",\"item\":\"https:\/\/www.ig.cas.cz\/en\/\"},{\"@type\":\"ListItem\",\"position\":2,\"name\":\"Contacts\",\"item\":\"https:\/\/www.ig.cas.cz\/en\/contact\/\"},{\"@type\":\"ListItem\",\"position\":3,\"name\":\"Staff\",\"item\":\"https:\/\/www.ig.cas.cz\/en\/contact\/staff\/\"},{\"@type\":\"ListItem\",\"position\":4,\"name\":\"Josef Hor\u00e1lek\"}]},{\"@type\":\"WebSite\",\"@id\":\"https:\/\/www.ig.cas.cz\/#website\",\"url\":\"https:\/\/www.ig.cas.cz\/\",\"name\":\"Dom\u016f\",\"description\":\"Geofyzik\u00e1ln\u00ed \u00fastav Akademie v\u011bd \u010cR, v.v.i.\",\"potentialAction\":[{\"@type\":\"SearchAction\",\"target\":{\"@type\":\"EntryPoint\",\"urlTemplate\":\"https:\/\/www.ig.cas.cz\/?s={search_term_string}\"},\"query-input\":{\"@type\":\"PropertyValueSpecification\",\"valueRequired\":true,\"valueName\":\"search_term_string\"}}],\"inLanguage\":\"en-US\"}]}<\/script>\n<!-- \/ Yoast SEO plugin. -->","yoast_head_json":{"title":"Josef Hor\u00e1lek - Geofyzik\u00e1ln\u00ed \u00fastav Akademie v\u011bd \u010cR, v.v.i.","robots":{"index":"index","follow":"follow","max-snippet":"max-snippet:-1","max-image-preview":"max-image-preview:large","max-video-preview":"max-video-preview:-1"},"canonical":"https:\/\/www.ig.cas.cz\/en\/contact\/staff\/josef-horalek\/","og_locale":"en_US","og_type":"article","og_title":"Josef Hor\u00e1lek - Geofyzik\u00e1ln\u00ed \u00fastav Akademie v\u011bd \u010cR, v.v.i.","og_description":"Selected publications Jakoubkov\u00e1, H., Hor\u00e1lek, J. and Fischer, T., 2018. 2014 mainshock-aftershock activity versus earthquake swarms in West Bohemia, Czech Republic. Pure Appl. Geophys., 175, 109-131, doi: 10.1007\/s00024-017-1679-7. Doubravov\u00e1, J., Wiszniowski, J. and Hor\u00e1lek, J., 2016. Single Layer Recurrent Neural Network for detection of swarm-like earthquakes in W-Bohemia\/Vogtland - the method. Computers&amp;Geosciences, 93, 138-149, doi: [&hellip;]","og_url":"https:\/\/www.ig.cas.cz\/en\/contact\/staff\/josef-horalek\/","og_site_name":"Dom\u016f","article_publisher":"https:\/\/www.facebook.com\/GFUAVCR\/","article_modified_time":"2023-07-31T12:14:03+00:00","og_image":[{"width":2500,"height":260,"url":"https:\/\/www.ig.cas.cz\/wp-content\/uploads\/2018\/01\/mapa_geologicka.jpg","type":"image\/jpeg"}],"twitter_card":"summary_large_image","twitter_misc":{"Est. reading time":"3 minutes"},"schema":{"@context":"https:\/\/schema.org","@graph":[{"@type":"WebPage","@id":"https:\/\/www.ig.cas.cz\/en\/contact\/staff\/josef-horalek\/","url":"https:\/\/www.ig.cas.cz\/en\/contact\/staff\/josef-horalek\/","name":"Josef Hor\u00e1lek - Geofyzik\u00e1ln\u00ed \u00fastav Akademie v\u011bd \u010cR, v.v.i.","isPartOf":{"@id":"https:\/\/www.ig.cas.cz\/#website"},"primaryImageOfPage":{"@id":"https:\/\/www.ig.cas.cz\/en\/contact\/staff\/josef-horalek\/#primaryimage"},"image":{"@id":"https:\/\/www.ig.cas.cz\/en\/contact\/staff\/josef-horalek\/#primaryimage"},"thumbnailUrl":"https:\/\/www.ig.cas.cz\/wp-content\/uploads\/2018\/01\/mapa_geologicka.jpg","datePublished":"2018-03-10T07:16:13+00:00","dateModified":"2023-07-31T12:14:03+00:00","breadcrumb":{"@id":"https:\/\/www.ig.cas.cz\/en\/contact\/staff\/josef-horalek\/#breadcrumb"},"inLanguage":"en-US","potentialAction":[{"@type":"ReadAction","target":["https:\/\/www.ig.cas.cz\/en\/contact\/staff\/josef-horalek\/"]}]},{"@type":"ImageObject","inLanguage":"en-US","@id":"https:\/\/www.ig.cas.cz\/en\/contact\/staff\/josef-horalek\/#primaryimage","url":"https:\/\/www.ig.cas.cz\/wp-content\/uploads\/2018\/01\/mapa_geologicka.jpg","contentUrl":"https:\/\/www.ig.cas.cz\/wp-content\/uploads\/2018\/01\/mapa_geologicka.jpg","width":2500,"height":260},{"@type":"BreadcrumbList","@id":"https:\/\/www.ig.cas.cz\/en\/contact\/staff\/josef-horalek\/#breadcrumb","itemListElement":[{"@type":"ListItem","position":1,"name":"Dom\u016f","item":"https:\/\/www.ig.cas.cz\/en\/"},{"@type":"ListItem","position":2,"name":"Contacts","item":"https:\/\/www.ig.cas.cz\/en\/contact\/"},{"@type":"ListItem","position":3,"name":"Staff","item":"https:\/\/www.ig.cas.cz\/en\/contact\/staff\/"},{"@type":"ListItem","position":4,"name":"Josef Hor\u00e1lek"}]},{"@type":"WebSite","@id":"https:\/\/www.ig.cas.cz\/#website","url":"https:\/\/www.ig.cas.cz\/","name":"Dom\u016f","description":"Geofyzik\u00e1ln\u00ed \u00fastav Akademie v\u011bd \u010cR, v.v.i.","potentialAction":[{"@type":"SearchAction","target":{"@type":"EntryPoint","urlTemplate":"https:\/\/www.ig.cas.cz\/?s={search_term_string}"},"query-input":{"@type":"PropertyValueSpecification","valueRequired":true,"valueName":"search_term_string"}}],"inLanguage":"en-US"}]}},"_links":{"self":[{"href":"https:\/\/www.ig.cas.cz\/en\/wp-json\/wp\/v2\/pages\/9416","targetHints":{"allow":["GET"]}}],"collection":[{"href":"https:\/\/www.ig.cas.cz\/en\/wp-json\/wp\/v2\/pages"}],"about":[{"href":"https:\/\/www.ig.cas.cz\/en\/wp-json\/wp\/v2\/types\/page"}],"author":[{"embeddable":true,"href":"https:\/\/www.ig.cas.cz\/en\/wp-json\/wp\/v2\/users\/9"}],"replies":[{"embeddable":true,"href":"https:\/\/www.ig.cas.cz\/en\/wp-json\/wp\/v2\/comments?post=9416"}],"version-history":[{"count":0,"href":"https:\/\/www.ig.cas.cz\/en\/wp-json\/wp\/v2\/pages\/9416\/revisions"}],"up":[{"embeddable":true,"href":"https:\/\/www.ig.cas.cz\/en\/wp-json\/wp\/v2\/pages\/416"}],"wp:featuredmedia":[{"embeddable":true,"href":"https:\/\/www.ig.cas.cz\/en\/wp-json\/wp\/v2\/media\/12002"}],"wp:attachment":[{"href":"https:\/\/www.ig.cas.cz\/en\/wp-json\/wp\/v2\/media?parent=9416"}],"wp:term":[{"taxonomy":"category","embeddable":true,"href":"https:\/\/www.ig.cas.cz\/en\/wp-json\/wp\/v2\/categories?post=9416"},{"taxonomy":"post_tag","embeddable":true,"href":"https:\/\/www.ig.cas.cz\/en\/wp-json\/wp\/v2\/tags?post=9416"}],"curies":[{"name":"wp","href":"https:\/\/api.w.org\/{rel}","templated":true}]}}