{"id":9708,"date":"2018-03-20T16:26:00","date_gmt":"2018-03-20T15:26:00","guid":{"rendered":"https:\/\/www.ig.cas.cz\/?page_id=9708"},"modified":"2021-02-08T17:11:14","modified_gmt":"2021-02-08T16:11:14","slug":"steborice-steb","status":"publish","type":"page","link":"https:\/\/www.ig.cas.cz\/en\/observatories\/czech-regional-seismic-network\/steborice-steb\/","title":{"rendered":"St\u011bbo\u0159ice (STEB)"},"content":{"rendered":"<p>[et_pb_section fb_built=&#8221;1&#8243; admin_label=&#8221;section&#8221; _builder_version=&#8221;3.22&#8243; custom_padding=&#8221;21px|0px|26px|0px&#8221;][et_pb_row column_structure=&#8221;3_4,1_4&#8243; admin_label=&#8221;row&#8221; _builder_version=&#8221;3.25&#8243; background_size=&#8221;initial&#8221; background_position=&#8221;top_left&#8221; background_repeat=&#8221;repeat&#8221; custom_padding=&#8221;0px|0px|28.95px|0px&#8221;][et_pb_column type=&#8221;3_4&#8243; _builder_version=&#8221;3.25&#8243; custom_padding=&#8221;|||&#8221; custom_padding__hover=&#8221;|||&#8221;][et_pb_text _builder_version=&#8221;4.6.0&#8243; background_size=&#8221;initial&#8221; background_position=&#8221;top_left&#8221; background_repeat=&#8221;repeat&#8221; hover_enabled=&#8221;0&#8243; sticky_enabled=&#8221;0&#8243;]<\/p>\n<p><strong>Seismological station\u00a0St\u011bbo\u0159ice\u00a0(STEB)<\/strong> was established in 2010. It is operated by the Institute of Geonics in the Nov\u00fd Dv\u016fr arboretum. Station STEB is equipped with a&nbsp;short-period seismometer Lennartz LE-3D which is suitable for recording of near mining induced events in the Upper Silesian basin and local tectonic earthquakes in North Moravia and Silesia.\u00a0\u00a0Digital data are transferred since 2013 in real time to the Institute of Geophysics in Prague. Station STEB is part of local seismic network MONET.<\/p>\n<p>[\/et_pb_text][et_pb_code _builder_version=&#8221;4.6.0&#8243;]<\/p>\n<style><!-- [et_pb_line_break_holder] -->.buttonJ {<!-- [et_pb_line_break_holder] --> background-color: #3885bb; <!-- [et_pb_line_break_holder] --> border: none;<!-- [et_pb_line_break_holder] --> color: white;<!-- [et_pb_line_break_holder] --> padding: 15px 32px;<!-- [et_pb_line_break_holder] --> text-align: center;<!-- [et_pb_line_break_holder] --> text-decoration: none;<!-- [et_pb_line_break_holder] --> display: inline-block;<!-- [et_pb_line_break_holder] --> font-size: 14px;<!-- [et_pb_line_break_holder] --> font-weight: 700;<!-- [et_pb_line_break_holder] --> margin: 4px 2px;<!-- [et_pb_line_break_holder] --> cursor: pointer;<!-- [et_pb_line_break_holder] -->}<!-- [et_pb_line_break_holder] -->.wrapper {<!-- [et_pb_line_break_holder] --> text-align: center;<!-- [et_pb_line_break_holder] -->}<!-- [et_pb_line_break_holder] --><\/style>\n<p><!-- [et_pb_line_break_holder] --><!-- [et_pb_line_break_holder] --><!-- [et_pb_line_break_holder] --><!-- [et_pb_line_break_holder] -->Note<!-- [et_pb_line_break_holder] --><img decoding=\"async\" id=\"image\" src=\"http:\/\/czechgeo.cz\/plotfiles\/KHC\/2018_01_20.png\" name=\"image\" align=\"middle\" \/><!-- [et_pb_line_break_holder] --><!-- [et_pb_line_break_holder] --><\/p>\n<div class=\"wrapper\"><!-- [et_pb_line_break_holder] --><button class=\"buttonJ\" type=\"button\">P\u0158EDCHOZ\u00cd DEN<\/button><!-- [et_pb_line_break_holder] --><button class=\"buttonJ\" type=\"button\">N\u00c1SLEDUJ\u00cdC\u00cd DEN<\/button><!-- [et_pb_line_break_holder] --><\/div>\n<p><!-- [et_pb_line_break_holder] --><!-- [et_pb_line_break_holder] --><!-- [et_pb_line_break_holder] -->The picture refreshes every 10 minutes. Time is in Coordinated Universal Time (UTC) which differs from Central European Time by 1 hour in winter time and 2 hours in summer time. Amplitude scale of ground velocity is in nm\/s. <!-- [et_pb_line_break_holder] --><!-- [et_pb_line_break_holder] --><script><!-- [et_pb_line_break_holder] -->var pre='http:\/\/czechgeo.ig.cas.cz\/plotfiles\/gfu\/STEB\/';<!-- [et_pb_line_break_holder] -->var datum = new Date();<!-- [et_pb_line_break_holder] -->var y = datum.getFullYear();<!-- [et_pb_line_break_holder] -->var m = (\"0\"+(datum.getMonth()+1)).slice(-2);<!-- [et_pb_line_break_holder] -->var d = (\"0\"+datum.getDate()).slice(-2);<!-- [et_pb_line_break_holder] -->var adresa = pre+y+\"_\"+m+\"_\"+d+\".png\";<!-- [et_pb_line_break_holder] -->document.getElementById('image').src = adresa;<!-- [et_pb_line_break_holder] -->var off = 0;<!-- [et_pb_line_break_holder] -->var datum2=new Date();<!-- [et_pb_line_break_holder] -->var msinday=86400000;<!-- [et_pb_line_break_holder] --><!-- [et_pb_line_break_holder] -->str1= \"Denn\u00ed seismogram ze dne \"<!-- [et_pb_line_break_holder] -->document.getElementById(\"note1\").innerHTML=str1.concat(datum2.getDate(),\".\",(datum2.getMonth()+1),\".\",datum2.getFullYear());<!-- [et_pb_line_break_holder] --><!-- [et_pb_line_break_holder] -->function plusClick() {<!-- [et_pb_line_break_holder] --> if (off<10){ <!-- [et_pb_line_break_holder] --> off += 1;<!-- [et_pb_line_break_holder] --> datum2.setTime(datum.getTime()-86400000*off);<!-- [et_pb_line_break_holder] --> adresa = pre+datum2.getFullYear()+\"_\"+(\"0\"+(datum2.getMonth()+1)).slice(-2)+\"_\"+(\"0\"+datum2.getDate()).slice(-2)+\".png\";<!-- [et_pb_line_break_holder] --> document.getElementById('image').src = adresa;<!-- [et_pb_line_break_holder] -->document.getElementById(\"note1\").innerHTML=str1.concat(datum2.getDate(),\".\",(datum2.getMonth()+1),\".\",datum2.getFullYear());<!-- [et_pb_line_break_holder] --><!-- [et_pb_line_break_holder] --> }<!-- [et_pb_line_break_holder] --> else{<!-- [et_pb_line_break_holder] --> }<!-- [et_pb_line_break_holder] --> };<!-- [et_pb_line_break_holder] -->function minusClick() {<!-- [et_pb_line_break_holder] --> if (off>0){ <!-- [et_pb_line_break_holder] --> off -= 1;<!-- [et_pb_line_break_holder] --> datum2.setTime(datum.getTime()-86400000*off);<!-- [et_pb_line_break_holder] --> adresa = pre+datum2.getFullYear()+\"_\"+(\"0\"+(datum2.getMonth()+1)).slice(-2)+\"_\"+(\"0\"+datum2.getDate()).slice(-2)+\".png\";<!-- [et_pb_line_break_holder] --> document.getElementById('image').src = adresa;<!-- [et_pb_line_break_holder] -->document.getElementById(\"note1\").innerHTML=str1.concat(datum2.getDate(),\".\",(datum2.getMonth()+1),\".\",datum2.getFullYear());<!-- [et_pb_line_break_holder] --><!-- [et_pb_line_break_holder] --> }<!-- [et_pb_line_break_holder] --> else{<!-- [et_pb_line_break_holder] --> }<!-- [et_pb_line_break_holder] --> };<!-- [et_pb_line_break_holder] --><\/script>[\/et_pb_code][\/et_pb_column][et_pb_column type=&#8221;1_4&#8243; _builder_version=&#8221;3.25&#8243; custom_padding=&#8221;|||&#8221; custom_padding__hover=&#8221;|||&#8221;][et_pb_image src=&#8221;https:\/\/www.ig.cas.cz\/wp-content\/uploads\/2018\/01\/STEB_zamek.jpg&#8221; align_tablet=&#8221;center&#8221; align_phone=&#8221;&#8221; align_last_edited=&#8221;on|desktop&#8221; _builder_version=&#8221;3.23&#8243;][\/et_pb_image][et_pb_text _builder_version=&#8221;3.27.4&#8243;]<strong>Coordinates:<\/strong> 49.9344N 17.7739E<br \/>\n<strong>Altitude:<\/strong>\u00a0375&nbsp;m<br \/>\n<strong>Seismometer:<\/strong>\u00a0short-period\u00a0sensor Lennartz LE-3D<br \/>\n<strong>Recording system:<\/strong>\u00a0Gaia\u00a02<br \/>\n<strong>Sampling frequency:<\/strong> 20\/100 Hz<br \/>\n<strong>Dynamic range:<\/strong> 140 dB<br \/>\n<strong>Frequeny range:<\/strong> 0.02-3 s<br \/>\n<strong>Data format:<\/strong> miniSEED<br \/>\n<strong>Available data:<\/strong>\u00a0November 2013 &#8211; present<br \/>\n<strong>Operator:<\/strong>\u00a0Institute of Geonics CAS Ostrava<br \/>\n<strong>Contact person:<\/strong> Jana\u00a0Ru\u0161ajov\u00e1 &#8211; <a href=\"mailto:rusajova@ign.cas.cz\">rusajova@ign.cas.cz<\/a><br \/>\n[\/et_pb_text][\/et_pb_column][\/et_pb_row][\/et_pb_section]<\/p>\n","protected":false},"excerpt":{"rendered":"<p>Seismological station\u00a0St\u011bbo\u0159ice\u00a0(STEB) was established in 2010. It is operated by the Institute of Geonics in the Nov\u00fd Dv\u016fr arboretum. Station STEB is equipped with a&nbsp;short-period seismometer Lennartz LE-3D which is suitable for recording of near mining induced events in the Upper Silesian basin and local tectonic earthquakes in North Moravia and Silesia.\u00a0\u00a0Digital data are [&hellip;]<\/p>\n","protected":false},"author":10,"featured_media":4844,"parent":7585,"menu_order":0,"comment_status":"closed","ping_status":"closed","template":"","meta":{"_et_pb_use_builder":"on","_et_pb_old_content":"Seismologick\u00e1 stanice Pr\u016fhonice (PRU) byla zalo\u017eena v r. 1957. Nach\u00e1z\u00ed se v zadn\u00ed, klidn\u011bj\u0161\u00ed \u010d\u00e1sti pr\u016fhonick\u00e9ho parku v m\u011blk\u00e9m, um\u011ble vybudovan\u00e9m sklep\u011b. Seismometry jsou instalov\u00e1ny na masivn\u00edch betonov\u00fdch pil\u00ed\u0159\u00edch. Stanice je vybavena t\u0159\u00edslo\u017ekov\u00fdmi kr\u00e1tkoperiodick\u00fdmi p\u0159\u00edstroji, vhodn\u00fdmi hlavn\u011b pro registraci bl\u00edzk\u00fdch seismick\u00fdch jev\u016f a pr\u016fmyslov\u00fdch odpal\u016f, a \u0161irokop\u00e1smov\u00fdm seismometrem pro registraci vzd\u00e1len\u011bj\u0161\u00edch zem\u011bt\u0159esen\u00ed. Digit\u00e1ln\u00ed data jsou p\u0159en\u00e1\u0161ena v re\u00e1ln\u00e9m \u010dase optick\u00fdm kabelem a p\u0159es internet do Geofyzik\u00e1ln\u00edho \u00fastavu. Stanice je sou\u010d\u00e1st\u00ed \u010cesk\u00e9 region\u00e1ln\u00ed seismick\u00e9 s\u00edt\u011b.","_et_gb_content_width":"","footnotes":""},"categories":[],"tags":[],"class_list":["post-9708","page","type-page","status-publish","has-post-thumbnail","hentry"],"yoast_head":"<!-- This site is optimized with the Yoast SEO plugin v25.9 - https:\/\/yoast.com\/wordpress\/plugins\/seo\/ -->\n<title>St\u011bbo\u0159ice (STEB) - Geofyzik\u00e1ln\u00ed \u00fastav Akademie v\u011bd \u010cR, v.v.i.<\/title>\n<meta name=\"robots\" content=\"index, follow, max-snippet:-1, max-image-preview:large, max-video-preview:-1\" \/>\n<link rel=\"canonical\" href=\"https:\/\/www.ig.cas.cz\/en\/observatories\/czech-regional-seismic-network\/steborice-steb\/\" \/>\n<meta property=\"og:locale\" content=\"en_US\" \/>\n<meta property=\"og:type\" content=\"article\" \/>\n<meta property=\"og:title\" content=\"St\u011bbo\u0159ice (STEB) - Geofyzik\u00e1ln\u00ed \u00fastav Akademie v\u011bd \u010cR, v.v.i.\" \/>\n<meta property=\"og:description\" content=\"Seismological station\u00a0St\u011bbo\u0159ice\u00a0(STEB) was established in 2010. It is operated by the Institute of Geonics in the Nov\u00fd Dv\u016fr arboretum. Station STEB is equipped with a short-period seismometer Lennartz LE-3D which is suitable for recording of near mining induced events in the Upper Silesian basin and local tectonic earthquakes in North Moravia and Silesia.\u00a0\u00a0Digital data are [&hellip;]\" \/>\n<meta property=\"og:url\" content=\"https:\/\/www.ig.cas.cz\/en\/observatories\/czech-regional-seismic-network\/steborice-steb\/\" \/>\n<meta property=\"og:site_name\" content=\"Dom\u016f\" \/>\n<meta property=\"article:publisher\" content=\"https:\/\/www.facebook.com\/GFUAVCR\/\" \/>\n<meta property=\"article:modified_time\" content=\"2021-02-08T16:11:14+00:00\" \/>\n<meta property=\"og:image\" content=\"https:\/\/www.ig.cas.cz\/wp-content\/uploads\/2018\/01\/Q330.jpg\" \/>\n\t<meta property=\"og:image:width\" content=\"1994\" \/>\n\t<meta property=\"og:image:height\" content=\"261\" \/>\n\t<meta property=\"og:image:type\" content=\"image\/jpeg\" \/>\n<meta name=\"twitter:card\" content=\"summary_large_image\" \/>\n<meta name=\"twitter:label1\" content=\"Est. reading time\" \/>\n\t<meta name=\"twitter:data1\" content=\"2 minutes\" \/>\n<script type=\"application\/ld+json\" class=\"yoast-schema-graph\">{\"@context\":\"https:\/\/schema.org\",\"@graph\":[{\"@type\":\"WebPage\",\"@id\":\"https:\/\/www.ig.cas.cz\/en\/observatories\/czech-regional-seismic-network\/steborice-steb\/\",\"url\":\"https:\/\/www.ig.cas.cz\/en\/observatories\/czech-regional-seismic-network\/steborice-steb\/\",\"name\":\"St\u011bbo\u0159ice (STEB) - Geofyzik\u00e1ln\u00ed \u00fastav Akademie v\u011bd \u010cR, v.v.i.\",\"isPartOf\":{\"@id\":\"https:\/\/www.ig.cas.cz\/#website\"},\"primaryImageOfPage\":{\"@id\":\"https:\/\/www.ig.cas.cz\/en\/observatories\/czech-regional-seismic-network\/steborice-steb\/#primaryimage\"},\"image\":{\"@id\":\"https:\/\/www.ig.cas.cz\/en\/observatories\/czech-regional-seismic-network\/steborice-steb\/#primaryimage\"},\"thumbnailUrl\":\"https:\/\/www.ig.cas.cz\/wp-content\/uploads\/2018\/01\/Q330.jpg\",\"datePublished\":\"2018-03-20T15:26:00+00:00\",\"dateModified\":\"2021-02-08T16:11:14+00:00\",\"breadcrumb\":{\"@id\":\"https:\/\/www.ig.cas.cz\/en\/observatories\/czech-regional-seismic-network\/steborice-steb\/#breadcrumb\"},\"inLanguage\":\"en-US\",\"potentialAction\":[{\"@type\":\"ReadAction\",\"target\":[\"https:\/\/www.ig.cas.cz\/en\/observatories\/czech-regional-seismic-network\/steborice-steb\/\"]}]},{\"@type\":\"ImageObject\",\"inLanguage\":\"en-US\",\"@id\":\"https:\/\/www.ig.cas.cz\/en\/observatories\/czech-regional-seismic-network\/steborice-steb\/#primaryimage\",\"url\":\"https:\/\/www.ig.cas.cz\/wp-content\/uploads\/2018\/01\/Q330.jpg\",\"contentUrl\":\"https:\/\/www.ig.cas.cz\/wp-content\/uploads\/2018\/01\/Q330.jpg\",\"width\":1994,\"height\":261},{\"@type\":\"BreadcrumbList\",\"@id\":\"https:\/\/www.ig.cas.cz\/en\/observatories\/czech-regional-seismic-network\/steborice-steb\/#breadcrumb\",\"itemListElement\":[{\"@type\":\"ListItem\",\"position\":1,\"name\":\"Dom\u016f\",\"item\":\"https:\/\/www.ig.cas.cz\/en\/\"},{\"@type\":\"ListItem\",\"position\":2,\"name\":\"Observatories\",\"item\":\"https:\/\/www.ig.cas.cz\/en\/observatories\/\"},{\"@type\":\"ListItem\",\"position\":3,\"name\":\"Czech Regional Seismic Network\",\"item\":\"https:\/\/www.ig.cas.cz\/en\/observatories\/czech-regional-seismic-network\/\"},{\"@type\":\"ListItem\",\"position\":4,\"name\":\"St\u011bbo\u0159ice (STEB)\"}]},{\"@type\":\"WebSite\",\"@id\":\"https:\/\/www.ig.cas.cz\/#website\",\"url\":\"https:\/\/www.ig.cas.cz\/\",\"name\":\"Dom\u016f\",\"description\":\"Geofyzik\u00e1ln\u00ed \u00fastav Akademie v\u011bd \u010cR, v.v.i.\",\"potentialAction\":[{\"@type\":\"SearchAction\",\"target\":{\"@type\":\"EntryPoint\",\"urlTemplate\":\"https:\/\/www.ig.cas.cz\/?s={search_term_string}\"},\"query-input\":{\"@type\":\"PropertyValueSpecification\",\"valueRequired\":true,\"valueName\":\"search_term_string\"}}],\"inLanguage\":\"en-US\"}]}<\/script>\n<!-- \/ Yoast SEO plugin. -->","yoast_head_json":{"title":"St\u011bbo\u0159ice (STEB) - Geofyzik\u00e1ln\u00ed \u00fastav Akademie v\u011bd \u010cR, v.v.i.","robots":{"index":"index","follow":"follow","max-snippet":"max-snippet:-1","max-image-preview":"max-image-preview:large","max-video-preview":"max-video-preview:-1"},"canonical":"https:\/\/www.ig.cas.cz\/en\/observatories\/czech-regional-seismic-network\/steborice-steb\/","og_locale":"en_US","og_type":"article","og_title":"St\u011bbo\u0159ice (STEB) - Geofyzik\u00e1ln\u00ed \u00fastav Akademie v\u011bd \u010cR, v.v.i.","og_description":"Seismological station\u00a0St\u011bbo\u0159ice\u00a0(STEB) was established in 2010. It is operated by the Institute of Geonics in the Nov\u00fd Dv\u016fr arboretum. Station STEB is equipped with a short-period seismometer Lennartz LE-3D which is suitable for recording of near mining induced events in the Upper Silesian basin and local tectonic earthquakes in North Moravia and Silesia.\u00a0\u00a0Digital data are [&hellip;]","og_url":"https:\/\/www.ig.cas.cz\/en\/observatories\/czech-regional-seismic-network\/steborice-steb\/","og_site_name":"Dom\u016f","article_publisher":"https:\/\/www.facebook.com\/GFUAVCR\/","article_modified_time":"2021-02-08T16:11:14+00:00","og_image":[{"width":1994,"height":261,"url":"https:\/\/www.ig.cas.cz\/wp-content\/uploads\/2018\/01\/Q330.jpg","type":"image\/jpeg"}],"twitter_card":"summary_large_image","twitter_misc":{"Est. reading time":"2 minutes"},"schema":{"@context":"https:\/\/schema.org","@graph":[{"@type":"WebPage","@id":"https:\/\/www.ig.cas.cz\/en\/observatories\/czech-regional-seismic-network\/steborice-steb\/","url":"https:\/\/www.ig.cas.cz\/en\/observatories\/czech-regional-seismic-network\/steborice-steb\/","name":"St\u011bbo\u0159ice (STEB) - Geofyzik\u00e1ln\u00ed \u00fastav Akademie v\u011bd \u010cR, v.v.i.","isPartOf":{"@id":"https:\/\/www.ig.cas.cz\/#website"},"primaryImageOfPage":{"@id":"https:\/\/www.ig.cas.cz\/en\/observatories\/czech-regional-seismic-network\/steborice-steb\/#primaryimage"},"image":{"@id":"https:\/\/www.ig.cas.cz\/en\/observatories\/czech-regional-seismic-network\/steborice-steb\/#primaryimage"},"thumbnailUrl":"https:\/\/www.ig.cas.cz\/wp-content\/uploads\/2018\/01\/Q330.jpg","datePublished":"2018-03-20T15:26:00+00:00","dateModified":"2021-02-08T16:11:14+00:00","breadcrumb":{"@id":"https:\/\/www.ig.cas.cz\/en\/observatories\/czech-regional-seismic-network\/steborice-steb\/#breadcrumb"},"inLanguage":"en-US","potentialAction":[{"@type":"ReadAction","target":["https:\/\/www.ig.cas.cz\/en\/observatories\/czech-regional-seismic-network\/steborice-steb\/"]}]},{"@type":"ImageObject","inLanguage":"en-US","@id":"https:\/\/www.ig.cas.cz\/en\/observatories\/czech-regional-seismic-network\/steborice-steb\/#primaryimage","url":"https:\/\/www.ig.cas.cz\/wp-content\/uploads\/2018\/01\/Q330.jpg","contentUrl":"https:\/\/www.ig.cas.cz\/wp-content\/uploads\/2018\/01\/Q330.jpg","width":1994,"height":261},{"@type":"BreadcrumbList","@id":"https:\/\/www.ig.cas.cz\/en\/observatories\/czech-regional-seismic-network\/steborice-steb\/#breadcrumb","itemListElement":[{"@type":"ListItem","position":1,"name":"Dom\u016f","item":"https:\/\/www.ig.cas.cz\/en\/"},{"@type":"ListItem","position":2,"name":"Observatories","item":"https:\/\/www.ig.cas.cz\/en\/observatories\/"},{"@type":"ListItem","position":3,"name":"Czech Regional Seismic Network","item":"https:\/\/www.ig.cas.cz\/en\/observatories\/czech-regional-seismic-network\/"},{"@type":"ListItem","position":4,"name":"St\u011bbo\u0159ice (STEB)"}]},{"@type":"WebSite","@id":"https:\/\/www.ig.cas.cz\/#website","url":"https:\/\/www.ig.cas.cz\/","name":"Dom\u016f","description":"Geofyzik\u00e1ln\u00ed \u00fastav Akademie v\u011bd \u010cR, v.v.i.","potentialAction":[{"@type":"SearchAction","target":{"@type":"EntryPoint","urlTemplate":"https:\/\/www.ig.cas.cz\/?s={search_term_string}"},"query-input":{"@type":"PropertyValueSpecification","valueRequired":true,"valueName":"search_term_string"}}],"inLanguage":"en-US"}]}},"_links":{"self":[{"href":"https:\/\/www.ig.cas.cz\/en\/wp-json\/wp\/v2\/pages\/9708","targetHints":{"allow":["GET"]}}],"collection":[{"href":"https:\/\/www.ig.cas.cz\/en\/wp-json\/wp\/v2\/pages"}],"about":[{"href":"https:\/\/www.ig.cas.cz\/en\/wp-json\/wp\/v2\/types\/page"}],"author":[{"embeddable":true,"href":"https:\/\/www.ig.cas.cz\/en\/wp-json\/wp\/v2\/users\/10"}],"replies":[{"embeddable":true,"href":"https:\/\/www.ig.cas.cz\/en\/wp-json\/wp\/v2\/comments?post=9708"}],"version-history":[{"count":0,"href":"https:\/\/www.ig.cas.cz\/en\/wp-json\/wp\/v2\/pages\/9708\/revisions"}],"up":[{"embeddable":true,"href":"https:\/\/www.ig.cas.cz\/en\/wp-json\/wp\/v2\/pages\/7585"}],"wp:featuredmedia":[{"embeddable":true,"href":"https:\/\/www.ig.cas.cz\/en\/wp-json\/wp\/v2\/media\/4844"}],"wp:attachment":[{"href":"https:\/\/www.ig.cas.cz\/en\/wp-json\/wp\/v2\/media?parent=9708"}],"wp:term":[{"taxonomy":"category","embeddable":true,"href":"https:\/\/www.ig.cas.cz\/en\/wp-json\/wp\/v2\/categories?post=9708"},{"taxonomy":"post_tag","embeddable":true,"href":"https:\/\/www.ig.cas.cz\/en\/wp-json\/wp\/v2\/tags?post=9708"}],"curies":[{"name":"wp","href":"https:\/\/api.w.org\/{rel}","templated":true}]}}